{"id":67207,"date":"2022-05-20T02:23:54","date_gmt":"2022-05-20T00:23:59","guid":{"rendered":"https:\/\/www.gruppoliturgico.com\/prodotto\/chasuble-45\/"},"modified":"2022-05-20T10:12:31","modified_gmt":"2022-05-20T08:12:31","slug":"chasuble-45","status":"publish","type":"product","link":"https:\/\/www.gruppoliturgico.com\/fr\/produit\/chasuble-45\/","title":{"rendered":"chasuble"},"content":{"rendered":"<html><body><p>Confectionn\u00e9e dans un riche tissu blanc lam\u00e9 en or, tr\u00e8s l\u00e9ger et tr\u00e8s \u00e9l\u00e9gant.<br>\nOrn\u00e9e d\u2019un scapulaire tiss\u00e9 au m\u00e9tier, sur le davant comme sur le dos, et orn\u00e9 de cabochon de couleur.<br>\nUne pr\u00e9cieuse passementerie dor\u00e9e<br>\nDisponible en couleur blanche.<\/p>\n<\/body><\/html>","protected":false},"excerpt":{"rendered":"<p>Confectionn\u00e9e dans un riche tissu blanc lam\u00e9 en or, tr\u00e8s l\u00e9ger et tr\u00e8s \u00e9l\u00e9gant.<br \/>\nOrn\u00e9e d\u2019un scapulaire tiss\u00e9 au m\u00e9tier, sur le davant comme sur le dos, et orn\u00e9 de cabochon de couleur.<br \/>\nUne pr\u00e9cieuse passementerie dor\u00e9e<br \/>\nDisponible en couleur blanche.<\/p>\n","protected":false},"featured_media":128846,"template":"","meta":[],"product_cat":[12244],"product_tag":[],"yoast_head":"<!-- This site is optimized with the Yoast SEO plugin v20.4 - https:\/\/yoast.com\/wordpress\/plugins\/seo\/ -->\n<title>chasuble - solennelles et Laboratorio Gruppo Liturgico<\/title>\n<meta name=\"description\" content=\"Confectionn\u00e9e dans un riche tissu blanc lam\u00e9 en or, tr\u00e8s l\u00e9ger et tr\u00e8s \u00e9l\u00e9gant. Orn\u00e9e d\u2019un scapulaire tiss\u00e9 au m\u00e9tier, sur le davant comme sur le dos, et orn\u00e9 de cabochon de couleur. Une pr\u00e9cieuse passementerie dor\u00e9e  Disponible en couleur blanche.\" \/>\n<meta name=\"robots\" content=\"index, follow, max-snippet:-1, max-image-preview:large, max-video-preview:-1\" \/>\n<link rel=\"canonical\" href=\"https:\/\/www.gruppoliturgico.com\/fr\/produit\/chasuble-45\/\" \/>\n<meta property=\"og:locale\" content=\"fr_FR\" \/>\n<meta property=\"og:type\" content=\"article\" \/>\n<meta property=\"og:title\" content=\"chasuble - solennelles et Laboratorio Gruppo Liturgico\" \/>\n<meta property=\"og:description\" content=\"Confectionn\u00e9e dans un riche tissu blanc lam\u00e9 en or, tr\u00e8s l\u00e9ger et tr\u00e8s \u00e9l\u00e9gant. Orn\u00e9e d\u2019un scapulaire tiss\u00e9 au m\u00e9tier, sur le davant comme sur le dos, et orn\u00e9 de cabochon de couleur. Une pr\u00e9cieuse passementerie dor\u00e9e  Disponible en couleur blanche.\" \/>\n<meta property=\"og:url\" content=\"https:\/\/www.gruppoliturgico.com\/fr\/produit\/chasuble-45\/\" \/>\n<meta property=\"og:site_name\" content=\"Laboratorio Gruppo Liturgico\" \/>\n<meta property=\"article:modified_time\" content=\"2022-05-20T08:12:31+00:00\" \/>\n<meta property=\"og:image\" content=\"https:\/\/www.gruppoliturgico.com\/wp-content\/uploads\/2022\/05\/3446.jpg\" \/>\n\t<meta property=\"og:image:width\" content=\"1077\" \/>\n\t<meta property=\"og:image:height\" content=\"2000\" \/>\n\t<meta property=\"og:image:type\" content=\"image\/jpeg\" \/>\n<meta name=\"twitter:card\" content=\"summary_large_image\" \/>\n<script type=\"application\/ld+json\" class=\"yoast-schema-graph\">{\"@context\":\"https:\/\/schema.org\",\"@graph\":[{\"@type\":\"WebPage\",\"@id\":\"https:\/\/www.gruppoliturgico.com\/fr\/produit\/chasuble-45\/\",\"url\":\"https:\/\/www.gruppoliturgico.com\/fr\/produit\/chasuble-45\/\",\"name\":\"chasuble - solennelles et Laboratorio Gruppo Liturgico\",\"isPartOf\":{\"@id\":\"https:\/\/www.gruppoliturgico.com\/es\/#website\"},\"datePublished\":\"2022-05-20T00:23:59+00:00\",\"dateModified\":\"2022-05-20T08:12:31+00:00\",\"description\":\"Confectionn\u00e9e dans un riche tissu blanc lam\u00e9 en or, tr\u00e8s l\u00e9ger et tr\u00e8s \u00e9l\u00e9gant. Orn\u00e9e d\u2019un scapulaire tiss\u00e9 au m\u00e9tier, sur le davant comme sur le dos, et orn\u00e9 de cabochon de couleur. Une pr\u00e9cieuse passementerie dor\u00e9e Disponible en couleur blanche.\",\"breadcrumb\":{\"@id\":\"https:\/\/www.gruppoliturgico.com\/fr\/produit\/chasuble-45\/#breadcrumb\"},\"inLanguage\":\"fr-FR\",\"potentialAction\":[{\"@type\":\"ReadAction\",\"target\":[\"https:\/\/www.gruppoliturgico.com\/fr\/produit\/chasuble-45\/\"]}]},{\"@type\":\"BreadcrumbList\",\"@id\":\"https:\/\/www.gruppoliturgico.com\/fr\/produit\/chasuble-45\/#breadcrumb\",\"itemListElement\":[{\"@type\":\"ListItem\",\"position\":1,\"name\":\"Home\",\"item\":\"https:\/\/www.gruppoliturgico.com\/fr\/\"},{\"@type\":\"ListItem\",\"position\":2,\"name\":\"Boutique\",\"item\":\"https:\/\/www.gruppoliturgico.com\/fr\/boutique\/\"},{\"@type\":\"ListItem\",\"position\":3,\"name\":\"chasuble\"}]},{\"@type\":\"WebSite\",\"@id\":\"https:\/\/www.gruppoliturgico.com\/es\/#website\",\"url\":\"https:\/\/www.gruppoliturgico.com\/es\/\",\"name\":\"Laboratorio Gruppo Liturgico\",\"description\":\"Articoli Religiosi online\",\"publisher\":{\"@id\":\"https:\/\/www.gruppoliturgico.com\/es\/#organization\"},\"potentialAction\":[{\"@type\":\"SearchAction\",\"target\":{\"@type\":\"EntryPoint\",\"urlTemplate\":\"https:\/\/www.gruppoliturgico.com\/es\/?s={search_term_string}\"},\"query-input\":\"required name=search_term_string\"}],\"inLanguage\":\"fr-FR\"},{\"@type\":\"Organization\",\"@id\":\"https:\/\/www.gruppoliturgico.com\/es\/#organization\",\"name\":\"Laboratorio Gruppo Liturgico\",\"url\":\"https:\/\/www.gruppoliturgico.com\/es\/\",\"logo\":{\"@type\":\"ImageObject\",\"inLanguage\":\"fr-FR\",\"@id\":\"https:\/\/www.gruppoliturgico.com\/es\/#\/schema\/logo\/image\/\",\"url\":\"https:\/\/www.gruppoliturgico.com\/wp-content\/uploads\/2022\/02\/logo-laboratoriogruppoliturgico.png\",\"contentUrl\":\"https:\/\/www.gruppoliturgico.com\/wp-content\/uploads\/2022\/02\/logo-laboratoriogruppoliturgico.png\",\"width\":400,\"height\":114,\"caption\":\"Laboratorio Gruppo Liturgico\"},\"image\":{\"@id\":\"https:\/\/www.gruppoliturgico.com\/es\/#\/schema\/logo\/image\/\"}}]}<\/script>\n<!-- \/ Yoast SEO plugin. -->","yoast_head_json":{"title":"chasuble - solennelles et Laboratorio Gruppo Liturgico","description":"Confectionn\u00e9e dans un riche tissu blanc lam\u00e9 en or, tr\u00e8s l\u00e9ger et tr\u00e8s \u00e9l\u00e9gant. Orn\u00e9e d\u2019un scapulaire tiss\u00e9 au m\u00e9tier, sur le davant comme sur le dos, et orn\u00e9 de cabochon de couleur. Une pr\u00e9cieuse passementerie dor\u00e9e  Disponible en couleur blanche.","robots":{"index":"index","follow":"follow","max-snippet":"max-snippet:-1","max-image-preview":"max-image-preview:large","max-video-preview":"max-video-preview:-1"},"canonical":"https:\/\/www.gruppoliturgico.com\/fr\/produit\/chasuble-45\/","og_locale":"fr_FR","og_type":"article","og_title":"chasuble - solennelles et Laboratorio Gruppo Liturgico","og_description":"Confectionn\u00e9e dans un riche tissu blanc lam\u00e9 en or, tr\u00e8s l\u00e9ger et tr\u00e8s \u00e9l\u00e9gant. Orn\u00e9e d\u2019un scapulaire tiss\u00e9 au m\u00e9tier, sur le davant comme sur le dos, et orn\u00e9 de cabochon de couleur. Une pr\u00e9cieuse passementerie dor\u00e9e  Disponible en couleur blanche.","og_url":"https:\/\/www.gruppoliturgico.com\/fr\/produit\/chasuble-45\/","og_site_name":"Laboratorio Gruppo Liturgico","article_modified_time":"2022-05-20T08:12:31+00:00","og_image":[{"width":1077,"height":2000,"url":"https:\/\/www.gruppoliturgico.com\/wp-content\/uploads\/2022\/05\/3446.jpg","type":"image\/jpeg"}],"twitter_card":"summary_large_image","schema":{"@context":"https:\/\/schema.org","@graph":[{"@type":"WebPage","@id":"https:\/\/www.gruppoliturgico.com\/fr\/produit\/chasuble-45\/","url":"https:\/\/www.gruppoliturgico.com\/fr\/produit\/chasuble-45\/","name":"chasuble - solennelles et Laboratorio Gruppo Liturgico","isPartOf":{"@id":"https:\/\/www.gruppoliturgico.com\/es\/#website"},"datePublished":"2022-05-20T00:23:59+00:00","dateModified":"2022-05-20T08:12:31+00:00","description":"Confectionn\u00e9e dans un riche tissu blanc lam\u00e9 en or, tr\u00e8s l\u00e9ger et tr\u00e8s \u00e9l\u00e9gant. Orn\u00e9e d\u2019un scapulaire tiss\u00e9 au m\u00e9tier, sur le davant comme sur le dos, et orn\u00e9 de cabochon de couleur. Une pr\u00e9cieuse passementerie dor\u00e9e Disponible en couleur blanche.","breadcrumb":{"@id":"https:\/\/www.gruppoliturgico.com\/fr\/produit\/chasuble-45\/#breadcrumb"},"inLanguage":"fr-FR","potentialAction":[{"@type":"ReadAction","target":["https:\/\/www.gruppoliturgico.com\/fr\/produit\/chasuble-45\/"]}]},{"@type":"BreadcrumbList","@id":"https:\/\/www.gruppoliturgico.com\/fr\/produit\/chasuble-45\/#breadcrumb","itemListElement":[{"@type":"ListItem","position":1,"name":"Home","item":"https:\/\/www.gruppoliturgico.com\/fr\/"},{"@type":"ListItem","position":2,"name":"Boutique","item":"https:\/\/www.gruppoliturgico.com\/fr\/boutique\/"},{"@type":"ListItem","position":3,"name":"chasuble"}]},{"@type":"WebSite","@id":"https:\/\/www.gruppoliturgico.com\/es\/#website","url":"https:\/\/www.gruppoliturgico.com\/es\/","name":"Laboratorio Gruppo Liturgico","description":"Articoli Religiosi online","publisher":{"@id":"https:\/\/www.gruppoliturgico.com\/es\/#organization"},"potentialAction":[{"@type":"SearchAction","target":{"@type":"EntryPoint","urlTemplate":"https:\/\/www.gruppoliturgico.com\/es\/?s={search_term_string}"},"query-input":"required name=search_term_string"}],"inLanguage":"fr-FR"},{"@type":"Organization","@id":"https:\/\/www.gruppoliturgico.com\/es\/#organization","name":"Laboratorio Gruppo Liturgico","url":"https:\/\/www.gruppoliturgico.com\/es\/","logo":{"@type":"ImageObject","inLanguage":"fr-FR","@id":"https:\/\/www.gruppoliturgico.com\/es\/#\/schema\/logo\/image\/","url":"https:\/\/www.gruppoliturgico.com\/wp-content\/uploads\/2022\/02\/logo-laboratoriogruppoliturgico.png","contentUrl":"https:\/\/www.gruppoliturgico.com\/wp-content\/uploads\/2022\/02\/logo-laboratoriogruppoliturgico.png","width":400,"height":114,"caption":"Laboratorio Gruppo Liturgico"},"image":{"@id":"https:\/\/www.gruppoliturgico.com\/es\/#\/schema\/logo\/image\/"}}]}},"_links":{"self":[{"href":"https:\/\/www.gruppoliturgico.com\/fr\/wp-json\/wp\/v2\/product\/67207"}],"collection":[{"href":"https:\/\/www.gruppoliturgico.com\/fr\/wp-json\/wp\/v2\/product"}],"about":[{"href":"https:\/\/www.gruppoliturgico.com\/fr\/wp-json\/wp\/v2\/types\/product"}],"wp:featuredmedia":[{"embeddable":true,"href":"https:\/\/www.gruppoliturgico.com\/fr\/wp-json\/wp\/v2\/media\/128846"}],"wp:attachment":[{"href":"https:\/\/www.gruppoliturgico.com\/fr\/wp-json\/wp\/v2\/media?parent=67207"}],"wp:term":[{"taxonomy":"product_cat","embeddable":true,"href":"https:\/\/www.gruppoliturgico.com\/fr\/wp-json\/wp\/v2\/product_cat?post=67207"},{"taxonomy":"product_tag","embeddable":true,"href":"https:\/\/www.gruppoliturgico.com\/fr\/wp-json\/wp\/v2\/product_tag?post=67207"}],"curies":[{"name":"wp","href":"https:\/\/api.w.org\/{rel}","templated":true}]}}