{"id":67203,"date":"2022-05-20T02:23:44","date_gmt":"2022-05-20T00:23:49","guid":{"rendered":"https:\/\/www.gruppoliturgico.com\/prodotto\/crosse-13\/"},"modified":"2022-06-02T12:48:54","modified_gmt":"2022-06-02T10:48:54","slug":"crosse-13","status":"publish","type":"product","link":"https:\/\/www.gruppoliturgico.com\/fr\/produit\/crosse-13\/","title":{"rendered":"crosse"},"content":{"rendered":"<html><body><p>Tr\u00e8s belle crosse en laiton argent\u00e9 enti\u00e8rement cisel\u00e9e \u00e0 la main.<br>\nSymboles de feuilles d\u2019olivier.<br>\nHauteur cm 27.<br>\nComprenant le b\u00e2ton en bois ou en m\u00e9tal au choix de cm 150 d\u00e9montable en trois parties.<\/p>\n<\/body><\/html>","protected":false},"excerpt":{"rendered":"<p>Tr\u00e8s belle crosse en laiton argent\u00e9 enti\u00e8rement cisel\u00e9e \u00e0 la main.<br \/>\nSymboles de feuilles d\u2019olivier.<br \/>\nHauteur cm 27.<br \/>\nComprenant le b\u00e2ton en bois ou en m\u00e9tal au choix de cm 150 d\u00e9montable en trois parties.<\/p>\n","protected":false},"featured_media":77538,"template":"","meta":[],"product_cat":[12120],"product_tag":[],"yoast_head":"<!-- This site is optimized with the Yoast SEO plugin v20.4 - https:\/\/yoast.com\/wordpress\/plugins\/seo\/ -->\n<title>crosse - crosses et Laboratorio Gruppo Liturgico<\/title>\n<meta name=\"description\" content=\"Tr\u00e8s belle crosse en laiton argent\u00e9 enti\u00e8rement cisel\u00e9e \u00e0 la main.  Symboles de feuilles d\u2019olivier.  Hauteur cm 27.  Comprenant le b\u00e2ton en bois ou en m\u00e9tal au choix de cm 150 d\u00e9montable en trois parties.\" \/>\n<meta name=\"robots\" content=\"index, follow, max-snippet:-1, max-image-preview:large, max-video-preview:-1\" \/>\n<link rel=\"canonical\" href=\"https:\/\/www.gruppoliturgico.com\/fr\/produit\/crosse-13\/\" \/>\n<meta property=\"og:locale\" content=\"fr_FR\" \/>\n<meta property=\"og:type\" content=\"article\" \/>\n<meta property=\"og:title\" content=\"crosse - crosses et Laboratorio Gruppo Liturgico\" \/>\n<meta property=\"og:description\" content=\"Tr\u00e8s belle crosse en laiton argent\u00e9 enti\u00e8rement cisel\u00e9e \u00e0 la main.  Symboles de feuilles d\u2019olivier.  Hauteur cm 27.  Comprenant le b\u00e2ton en bois ou en m\u00e9tal au choix de cm 150 d\u00e9montable en trois parties.\" \/>\n<meta property=\"og:url\" content=\"https:\/\/www.gruppoliturgico.com\/fr\/produit\/crosse-13\/\" \/>\n<meta property=\"og:site_name\" content=\"Laboratorio Gruppo Liturgico\" \/>\n<meta property=\"article:modified_time\" content=\"2022-06-02T10:48:54+00:00\" \/>\n<meta property=\"og:image\" content=\"https:\/\/www.gruppoliturgico.com\/wp-content\/uploads\/2022\/05\/408.jpg\" \/>\n\t<meta property=\"og:image:width\" content=\"762\" \/>\n\t<meta property=\"og:image:height\" content=\"1500\" \/>\n\t<meta property=\"og:image:type\" content=\"image\/jpeg\" \/>\n<meta name=\"twitter:card\" content=\"summary_large_image\" \/>\n<script type=\"application\/ld+json\" class=\"yoast-schema-graph\">{\"@context\":\"https:\/\/schema.org\",\"@graph\":[{\"@type\":\"WebPage\",\"@id\":\"https:\/\/www.gruppoliturgico.com\/fr\/produit\/crosse-13\/\",\"url\":\"https:\/\/www.gruppoliturgico.com\/fr\/produit\/crosse-13\/\",\"name\":\"crosse - crosses et Laboratorio Gruppo Liturgico\",\"isPartOf\":{\"@id\":\"https:\/\/www.gruppoliturgico.com\/es\/#website\"},\"datePublished\":\"2022-05-20T00:23:49+00:00\",\"dateModified\":\"2022-06-02T10:48:54+00:00\",\"description\":\"Tr\u00e8s belle crosse en laiton argent\u00e9 enti\u00e8rement cisel\u00e9e \u00e0 la main. Symboles de feuilles d\u2019olivier. Hauteur cm 27. Comprenant le b\u00e2ton en bois ou en m\u00e9tal au choix de cm 150 d\u00e9montable en trois parties.\",\"breadcrumb\":{\"@id\":\"https:\/\/www.gruppoliturgico.com\/fr\/produit\/crosse-13\/#breadcrumb\"},\"inLanguage\":\"fr-FR\",\"potentialAction\":[{\"@type\":\"ReadAction\",\"target\":[\"https:\/\/www.gruppoliturgico.com\/fr\/produit\/crosse-13\/\"]}]},{\"@type\":\"BreadcrumbList\",\"@id\":\"https:\/\/www.gruppoliturgico.com\/fr\/produit\/crosse-13\/#breadcrumb\",\"itemListElement\":[{\"@type\":\"ListItem\",\"position\":1,\"name\":\"Home\",\"item\":\"https:\/\/www.gruppoliturgico.com\/fr\/\"},{\"@type\":\"ListItem\",\"position\":2,\"name\":\"Boutique\",\"item\":\"https:\/\/www.gruppoliturgico.com\/fr\/boutique\/\"},{\"@type\":\"ListItem\",\"position\":3,\"name\":\"crosse\"}]},{\"@type\":\"WebSite\",\"@id\":\"https:\/\/www.gruppoliturgico.com\/es\/#website\",\"url\":\"https:\/\/www.gruppoliturgico.com\/es\/\",\"name\":\"Laboratorio Gruppo Liturgico\",\"description\":\"Articoli Religiosi online\",\"publisher\":{\"@id\":\"https:\/\/www.gruppoliturgico.com\/es\/#organization\"},\"potentialAction\":[{\"@type\":\"SearchAction\",\"target\":{\"@type\":\"EntryPoint\",\"urlTemplate\":\"https:\/\/www.gruppoliturgico.com\/es\/?s={search_term_string}\"},\"query-input\":\"required name=search_term_string\"}],\"inLanguage\":\"fr-FR\"},{\"@type\":\"Organization\",\"@id\":\"https:\/\/www.gruppoliturgico.com\/es\/#organization\",\"name\":\"Laboratorio Gruppo Liturgico\",\"url\":\"https:\/\/www.gruppoliturgico.com\/es\/\",\"logo\":{\"@type\":\"ImageObject\",\"inLanguage\":\"fr-FR\",\"@id\":\"https:\/\/www.gruppoliturgico.com\/es\/#\/schema\/logo\/image\/\",\"url\":\"https:\/\/www.gruppoliturgico.com\/wp-content\/uploads\/2022\/02\/logo-laboratoriogruppoliturgico.png\",\"contentUrl\":\"https:\/\/www.gruppoliturgico.com\/wp-content\/uploads\/2022\/02\/logo-laboratoriogruppoliturgico.png\",\"width\":400,\"height\":114,\"caption\":\"Laboratorio Gruppo Liturgico\"},\"image\":{\"@id\":\"https:\/\/www.gruppoliturgico.com\/es\/#\/schema\/logo\/image\/\"}}]}<\/script>\n<!-- \/ Yoast SEO plugin. -->","yoast_head_json":{"title":"crosse - crosses et Laboratorio Gruppo Liturgico","description":"Tr\u00e8s belle crosse en laiton argent\u00e9 enti\u00e8rement cisel\u00e9e \u00e0 la main.  Symboles de feuilles d\u2019olivier.  Hauteur cm 27.  Comprenant le b\u00e2ton en bois ou en m\u00e9tal au choix de cm 150 d\u00e9montable en trois parties.","robots":{"index":"index","follow":"follow","max-snippet":"max-snippet:-1","max-image-preview":"max-image-preview:large","max-video-preview":"max-video-preview:-1"},"canonical":"https:\/\/www.gruppoliturgico.com\/fr\/produit\/crosse-13\/","og_locale":"fr_FR","og_type":"article","og_title":"crosse - crosses et Laboratorio Gruppo Liturgico","og_description":"Tr\u00e8s belle crosse en laiton argent\u00e9 enti\u00e8rement cisel\u00e9e \u00e0 la main.  Symboles de feuilles d\u2019olivier.  Hauteur cm 27.  Comprenant le b\u00e2ton en bois ou en m\u00e9tal au choix de cm 150 d\u00e9montable en trois parties.","og_url":"https:\/\/www.gruppoliturgico.com\/fr\/produit\/crosse-13\/","og_site_name":"Laboratorio Gruppo Liturgico","article_modified_time":"2022-06-02T10:48:54+00:00","og_image":[{"width":762,"height":1500,"url":"https:\/\/www.gruppoliturgico.com\/wp-content\/uploads\/2022\/05\/408.jpg","type":"image\/jpeg"}],"twitter_card":"summary_large_image","schema":{"@context":"https:\/\/schema.org","@graph":[{"@type":"WebPage","@id":"https:\/\/www.gruppoliturgico.com\/fr\/produit\/crosse-13\/","url":"https:\/\/www.gruppoliturgico.com\/fr\/produit\/crosse-13\/","name":"crosse - crosses et Laboratorio Gruppo Liturgico","isPartOf":{"@id":"https:\/\/www.gruppoliturgico.com\/es\/#website"},"datePublished":"2022-05-20T00:23:49+00:00","dateModified":"2022-06-02T10:48:54+00:00","description":"Tr\u00e8s belle crosse en laiton argent\u00e9 enti\u00e8rement cisel\u00e9e \u00e0 la main. Symboles de feuilles d\u2019olivier. Hauteur cm 27. Comprenant le b\u00e2ton en bois ou en m\u00e9tal au choix de cm 150 d\u00e9montable en trois parties.","breadcrumb":{"@id":"https:\/\/www.gruppoliturgico.com\/fr\/produit\/crosse-13\/#breadcrumb"},"inLanguage":"fr-FR","potentialAction":[{"@type":"ReadAction","target":["https:\/\/www.gruppoliturgico.com\/fr\/produit\/crosse-13\/"]}]},{"@type":"BreadcrumbList","@id":"https:\/\/www.gruppoliturgico.com\/fr\/produit\/crosse-13\/#breadcrumb","itemListElement":[{"@type":"ListItem","position":1,"name":"Home","item":"https:\/\/www.gruppoliturgico.com\/fr\/"},{"@type":"ListItem","position":2,"name":"Boutique","item":"https:\/\/www.gruppoliturgico.com\/fr\/boutique\/"},{"@type":"ListItem","position":3,"name":"crosse"}]},{"@type":"WebSite","@id":"https:\/\/www.gruppoliturgico.com\/es\/#website","url":"https:\/\/www.gruppoliturgico.com\/es\/","name":"Laboratorio Gruppo Liturgico","description":"Articoli Religiosi online","publisher":{"@id":"https:\/\/www.gruppoliturgico.com\/es\/#organization"},"potentialAction":[{"@type":"SearchAction","target":{"@type":"EntryPoint","urlTemplate":"https:\/\/www.gruppoliturgico.com\/es\/?s={search_term_string}"},"query-input":"required name=search_term_string"}],"inLanguage":"fr-FR"},{"@type":"Organization","@id":"https:\/\/www.gruppoliturgico.com\/es\/#organization","name":"Laboratorio Gruppo Liturgico","url":"https:\/\/www.gruppoliturgico.com\/es\/","logo":{"@type":"ImageObject","inLanguage":"fr-FR","@id":"https:\/\/www.gruppoliturgico.com\/es\/#\/schema\/logo\/image\/","url":"https:\/\/www.gruppoliturgico.com\/wp-content\/uploads\/2022\/02\/logo-laboratoriogruppoliturgico.png","contentUrl":"https:\/\/www.gruppoliturgico.com\/wp-content\/uploads\/2022\/02\/logo-laboratoriogruppoliturgico.png","width":400,"height":114,"caption":"Laboratorio Gruppo Liturgico"},"image":{"@id":"https:\/\/www.gruppoliturgico.com\/es\/#\/schema\/logo\/image\/"}}]}},"_links":{"self":[{"href":"https:\/\/www.gruppoliturgico.com\/fr\/wp-json\/wp\/v2\/product\/67203"}],"collection":[{"href":"https:\/\/www.gruppoliturgico.com\/fr\/wp-json\/wp\/v2\/product"}],"about":[{"href":"https:\/\/www.gruppoliturgico.com\/fr\/wp-json\/wp\/v2\/types\/product"}],"wp:featuredmedia":[{"embeddable":true,"href":"https:\/\/www.gruppoliturgico.com\/fr\/wp-json\/wp\/v2\/media\/77538"}],"wp:attachment":[{"href":"https:\/\/www.gruppoliturgico.com\/fr\/wp-json\/wp\/v2\/media?parent=67203"}],"wp:term":[{"taxonomy":"product_cat","embeddable":true,"href":"https:\/\/www.gruppoliturgico.com\/fr\/wp-json\/wp\/v2\/product_cat?post=67203"},{"taxonomy":"product_tag","embeddable":true,"href":"https:\/\/www.gruppoliturgico.com\/fr\/wp-json\/wp\/v2\/product_tag?post=67203"}],"curies":[{"name":"wp","href":"https:\/\/api.w.org\/{rel}","templated":true}]}}