{"id":67167,"date":"2022-05-20T02:21:59","date_gmt":"2022-05-20T00:22:04","guid":{"rendered":"https:\/\/www.gruppoliturgico.com\/prodotto\/christ-ressuscite-10\/"},"modified":"2022-05-20T10:10:37","modified_gmt":"2022-05-20T08:10:37","slug":"christ-ressuscite-10","status":"publish","type":"product","link":"https:\/\/www.gruppoliturgico.com\/fr\/produit\/christ-ressuscite-10\/","title":{"rendered":"Christ Ressuscit\u00e9"},"content":{"rendered":"<html><body><p>statue artistique de Christ Ressuscit\u00e9 en  fibre r\u00e9sine, d\u00e9cor\u00e9e \u00e0 la main avec couleurs \u00e0 l\u2019huile et nuances en or.<br>\nL\u2019ouvrage est compl\u00e9t\u00e9 par un panneau en bois \u00e0 forme de croix d\u00e9cor\u00e9 par des laquages.<br>\nSymboles en r\u00e9sine de verre Alpha et Om\u00e9ga d\u00e9cor\u00e9s et dor\u00e9s aux c\u00f4t\u00e9s.<\/p>\n<p>Dimensions:<br>\nPanneau cm 185<br>\nCorps de Christ cm 130<\/p>\n<\/body><\/html>","protected":false},"excerpt":{"rendered":"<p>statue artistique de Christ Ressuscit\u00e9 en  fibre r\u00e9sine, d\u00e9cor\u00e9e \u00e0 la main avec couleurs \u00e0 l\u2019huile et nuances en or.<br \/>\nL\u2019ouvrage est compl\u00e9t\u00e9 par un panneau en bois \u00e0 forme de croix d\u00e9cor\u00e9 par des laquages.<br \/>\nSymboles en r\u00e9sine de verre Alpha et Om\u00e9ga d\u00e9cor\u00e9s et dor\u00e9s aux c\u00f4t\u00e9s.<\/p>\n<p>Dimensions:<br \/>\nPanneau cm 185<br \/>\nCorps de Christ cm 130<\/p>\n","protected":false},"featured_media":134105,"template":"","meta":[],"product_cat":[12548],"product_tag":[],"yoast_head":"<!-- This site is optimized with the Yoast SEO plugin v20.4 - https:\/\/yoast.com\/wordpress\/plugins\/seo\/ -->\n<title>Christ Ressuscit\u00e9 - Christ Ressuscit\u00e9 et Laboratorio Gruppo Liturgico<\/title>\n<meta name=\"description\" content=\"statue artistique de Christ Ressuscit\u00e9 en fibre r\u00e9sine, d\u00e9cor\u00e9e \u00e0 la main avec couleurs \u00e0 l\u2019huile et nuances en or. L\u2019ouvrage est compl\u00e9t\u00e9 par un panneau en bois \u00e0 forme de croix d\u00e9cor\u00e9 par des laquages. Symboles en r\u00e9sine de verre Alpha et Om\u00e9ga d\u00e9cor\u00e9s et dor\u00e9s aux c\u00f4t\u00e9s.  Dimensions: Panneau cm 185 Corps de Christ cm 130\" \/>\n<meta name=\"robots\" content=\"index, follow, max-snippet:-1, max-image-preview:large, max-video-preview:-1\" \/>\n<link rel=\"canonical\" href=\"https:\/\/www.gruppoliturgico.com\/fr\/produit\/christ-ressuscite-10\/\" \/>\n<meta property=\"og:locale\" content=\"fr_FR\" \/>\n<meta property=\"og:type\" content=\"article\" \/>\n<meta property=\"og:title\" content=\"Christ Ressuscit\u00e9 - Christ Ressuscit\u00e9 et Laboratorio Gruppo Liturgico\" \/>\n<meta property=\"og:description\" content=\"statue artistique de Christ Ressuscit\u00e9 en fibre r\u00e9sine, d\u00e9cor\u00e9e \u00e0 la main avec couleurs \u00e0 l\u2019huile et nuances en or. L\u2019ouvrage est compl\u00e9t\u00e9 par un panneau en bois \u00e0 forme de croix d\u00e9cor\u00e9 par des laquages. Symboles en r\u00e9sine de verre Alpha et Om\u00e9ga d\u00e9cor\u00e9s et dor\u00e9s aux c\u00f4t\u00e9s.  Dimensions: Panneau cm 185 Corps de Christ cm 130\" \/>\n<meta property=\"og:url\" content=\"https:\/\/www.gruppoliturgico.com\/fr\/produit\/christ-ressuscite-10\/\" \/>\n<meta property=\"og:site_name\" content=\"Laboratorio Gruppo Liturgico\" \/>\n<meta property=\"article:modified_time\" content=\"2022-05-20T08:10:37+00:00\" \/>\n<meta property=\"og:image\" content=\"https:\/\/www.gruppoliturgico.com\/wp-content\/uploads\/2022\/05\/2267-nv-2.jpg\" \/>\n\t<meta property=\"og:image:width\" content=\"1170\" \/>\n\t<meta property=\"og:image:height\" content=\"2000\" \/>\n\t<meta property=\"og:image:type\" content=\"image\/jpeg\" \/>\n<meta name=\"twitter:card\" content=\"summary_large_image\" \/>\n<script type=\"application\/ld+json\" class=\"yoast-schema-graph\">{\"@context\":\"https:\/\/schema.org\",\"@graph\":[{\"@type\":\"WebPage\",\"@id\":\"https:\/\/www.gruppoliturgico.com\/fr\/produit\/christ-ressuscite-10\/\",\"url\":\"https:\/\/www.gruppoliturgico.com\/fr\/produit\/christ-ressuscite-10\/\",\"name\":\"Christ Ressuscit\u00e9 - Christ Ressuscit\u00e9 et Laboratorio Gruppo Liturgico\",\"isPartOf\":{\"@id\":\"https:\/\/www.gruppoliturgico.com\/es\/#website\"},\"datePublished\":\"2022-05-20T00:22:04+00:00\",\"dateModified\":\"2022-05-20T08:10:37+00:00\",\"description\":\"statue artistique de Christ Ressuscit\u00e9 en fibre r\u00e9sine, d\u00e9cor\u00e9e \u00e0 la main avec couleurs \u00e0 l\u2019huile et nuances en or. L\u2019ouvrage est compl\u00e9t\u00e9 par un panneau en bois \u00e0 forme de croix d\u00e9cor\u00e9 par des laquages. Symboles en r\u00e9sine de verre Alpha et Om\u00e9ga d\u00e9cor\u00e9s et dor\u00e9s aux c\u00f4t\u00e9s. Dimensions: Panneau cm 185 Corps de Christ cm 130\",\"breadcrumb\":{\"@id\":\"https:\/\/www.gruppoliturgico.com\/fr\/produit\/christ-ressuscite-10\/#breadcrumb\"},\"inLanguage\":\"fr-FR\",\"potentialAction\":[{\"@type\":\"ReadAction\",\"target\":[\"https:\/\/www.gruppoliturgico.com\/fr\/produit\/christ-ressuscite-10\/\"]}]},{\"@type\":\"BreadcrumbList\",\"@id\":\"https:\/\/www.gruppoliturgico.com\/fr\/produit\/christ-ressuscite-10\/#breadcrumb\",\"itemListElement\":[{\"@type\":\"ListItem\",\"position\":1,\"name\":\"Home\",\"item\":\"https:\/\/www.gruppoliturgico.com\/fr\/\"},{\"@type\":\"ListItem\",\"position\":2,\"name\":\"Boutique\",\"item\":\"https:\/\/www.gruppoliturgico.com\/fr\/boutique\/\"},{\"@type\":\"ListItem\",\"position\":3,\"name\":\"Christ Ressuscit\u00e9\"}]},{\"@type\":\"WebSite\",\"@id\":\"https:\/\/www.gruppoliturgico.com\/es\/#website\",\"url\":\"https:\/\/www.gruppoliturgico.com\/es\/\",\"name\":\"Laboratorio Gruppo Liturgico\",\"description\":\"Articoli Religiosi online\",\"publisher\":{\"@id\":\"https:\/\/www.gruppoliturgico.com\/es\/#organization\"},\"potentialAction\":[{\"@type\":\"SearchAction\",\"target\":{\"@type\":\"EntryPoint\",\"urlTemplate\":\"https:\/\/www.gruppoliturgico.com\/es\/?s={search_term_string}\"},\"query-input\":\"required name=search_term_string\"}],\"inLanguage\":\"fr-FR\"},{\"@type\":\"Organization\",\"@id\":\"https:\/\/www.gruppoliturgico.com\/es\/#organization\",\"name\":\"Laboratorio Gruppo Liturgico\",\"url\":\"https:\/\/www.gruppoliturgico.com\/es\/\",\"logo\":{\"@type\":\"ImageObject\",\"inLanguage\":\"fr-FR\",\"@id\":\"https:\/\/www.gruppoliturgico.com\/es\/#\/schema\/logo\/image\/\",\"url\":\"https:\/\/www.gruppoliturgico.com\/wp-content\/uploads\/2022\/02\/logo-laboratoriogruppoliturgico.png\",\"contentUrl\":\"https:\/\/www.gruppoliturgico.com\/wp-content\/uploads\/2022\/02\/logo-laboratoriogruppoliturgico.png\",\"width\":400,\"height\":114,\"caption\":\"Laboratorio Gruppo Liturgico\"},\"image\":{\"@id\":\"https:\/\/www.gruppoliturgico.com\/es\/#\/schema\/logo\/image\/\"}}]}<\/script>\n<!-- \/ Yoast SEO plugin. -->","yoast_head_json":{"title":"Christ Ressuscit\u00e9 - Christ Ressuscit\u00e9 et Laboratorio Gruppo Liturgico","description":"statue artistique de Christ Ressuscit\u00e9 en fibre r\u00e9sine, d\u00e9cor\u00e9e \u00e0 la main avec couleurs \u00e0 l\u2019huile et nuances en or. L\u2019ouvrage est compl\u00e9t\u00e9 par un panneau en bois \u00e0 forme de croix d\u00e9cor\u00e9 par des laquages. Symboles en r\u00e9sine de verre Alpha et Om\u00e9ga d\u00e9cor\u00e9s et dor\u00e9s aux c\u00f4t\u00e9s.  Dimensions: Panneau cm 185 Corps de Christ cm 130","robots":{"index":"index","follow":"follow","max-snippet":"max-snippet:-1","max-image-preview":"max-image-preview:large","max-video-preview":"max-video-preview:-1"},"canonical":"https:\/\/www.gruppoliturgico.com\/fr\/produit\/christ-ressuscite-10\/","og_locale":"fr_FR","og_type":"article","og_title":"Christ Ressuscit\u00e9 - Christ Ressuscit\u00e9 et Laboratorio Gruppo Liturgico","og_description":"statue artistique de Christ Ressuscit\u00e9 en fibre r\u00e9sine, d\u00e9cor\u00e9e \u00e0 la main avec couleurs \u00e0 l\u2019huile et nuances en or. L\u2019ouvrage est compl\u00e9t\u00e9 par un panneau en bois \u00e0 forme de croix d\u00e9cor\u00e9 par des laquages. Symboles en r\u00e9sine de verre Alpha et Om\u00e9ga d\u00e9cor\u00e9s et dor\u00e9s aux c\u00f4t\u00e9s.  Dimensions: Panneau cm 185 Corps de Christ cm 130","og_url":"https:\/\/www.gruppoliturgico.com\/fr\/produit\/christ-ressuscite-10\/","og_site_name":"Laboratorio Gruppo Liturgico","article_modified_time":"2022-05-20T08:10:37+00:00","og_image":[{"width":1170,"height":2000,"url":"https:\/\/www.gruppoliturgico.com\/wp-content\/uploads\/2022\/05\/2267-nv-2.jpg","type":"image\/jpeg"}],"twitter_card":"summary_large_image","schema":{"@context":"https:\/\/schema.org","@graph":[{"@type":"WebPage","@id":"https:\/\/www.gruppoliturgico.com\/fr\/produit\/christ-ressuscite-10\/","url":"https:\/\/www.gruppoliturgico.com\/fr\/produit\/christ-ressuscite-10\/","name":"Christ Ressuscit\u00e9 - Christ Ressuscit\u00e9 et Laboratorio Gruppo Liturgico","isPartOf":{"@id":"https:\/\/www.gruppoliturgico.com\/es\/#website"},"datePublished":"2022-05-20T00:22:04+00:00","dateModified":"2022-05-20T08:10:37+00:00","description":"statue artistique de Christ Ressuscit\u00e9 en fibre r\u00e9sine, d\u00e9cor\u00e9e \u00e0 la main avec couleurs \u00e0 l\u2019huile et nuances en or. L\u2019ouvrage est compl\u00e9t\u00e9 par un panneau en bois \u00e0 forme de croix d\u00e9cor\u00e9 par des laquages. Symboles en r\u00e9sine de verre Alpha et Om\u00e9ga d\u00e9cor\u00e9s et dor\u00e9s aux c\u00f4t\u00e9s. Dimensions: Panneau cm 185 Corps de Christ cm 130","breadcrumb":{"@id":"https:\/\/www.gruppoliturgico.com\/fr\/produit\/christ-ressuscite-10\/#breadcrumb"},"inLanguage":"fr-FR","potentialAction":[{"@type":"ReadAction","target":["https:\/\/www.gruppoliturgico.com\/fr\/produit\/christ-ressuscite-10\/"]}]},{"@type":"BreadcrumbList","@id":"https:\/\/www.gruppoliturgico.com\/fr\/produit\/christ-ressuscite-10\/#breadcrumb","itemListElement":[{"@type":"ListItem","position":1,"name":"Home","item":"https:\/\/www.gruppoliturgico.com\/fr\/"},{"@type":"ListItem","position":2,"name":"Boutique","item":"https:\/\/www.gruppoliturgico.com\/fr\/boutique\/"},{"@type":"ListItem","position":3,"name":"Christ Ressuscit\u00e9"}]},{"@type":"WebSite","@id":"https:\/\/www.gruppoliturgico.com\/es\/#website","url":"https:\/\/www.gruppoliturgico.com\/es\/","name":"Laboratorio Gruppo Liturgico","description":"Articoli Religiosi online","publisher":{"@id":"https:\/\/www.gruppoliturgico.com\/es\/#organization"},"potentialAction":[{"@type":"SearchAction","target":{"@type":"EntryPoint","urlTemplate":"https:\/\/www.gruppoliturgico.com\/es\/?s={search_term_string}"},"query-input":"required name=search_term_string"}],"inLanguage":"fr-FR"},{"@type":"Organization","@id":"https:\/\/www.gruppoliturgico.com\/es\/#organization","name":"Laboratorio Gruppo Liturgico","url":"https:\/\/www.gruppoliturgico.com\/es\/","logo":{"@type":"ImageObject","inLanguage":"fr-FR","@id":"https:\/\/www.gruppoliturgico.com\/es\/#\/schema\/logo\/image\/","url":"https:\/\/www.gruppoliturgico.com\/wp-content\/uploads\/2022\/02\/logo-laboratoriogruppoliturgico.png","contentUrl":"https:\/\/www.gruppoliturgico.com\/wp-content\/uploads\/2022\/02\/logo-laboratoriogruppoliturgico.png","width":400,"height":114,"caption":"Laboratorio Gruppo Liturgico"},"image":{"@id":"https:\/\/www.gruppoliturgico.com\/es\/#\/schema\/logo\/image\/"}}]}},"_links":{"self":[{"href":"https:\/\/www.gruppoliturgico.com\/fr\/wp-json\/wp\/v2\/product\/67167"}],"collection":[{"href":"https:\/\/www.gruppoliturgico.com\/fr\/wp-json\/wp\/v2\/product"}],"about":[{"href":"https:\/\/www.gruppoliturgico.com\/fr\/wp-json\/wp\/v2\/types\/product"}],"wp:featuredmedia":[{"embeddable":true,"href":"https:\/\/www.gruppoliturgico.com\/fr\/wp-json\/wp\/v2\/media\/134105"}],"wp:attachment":[{"href":"https:\/\/www.gruppoliturgico.com\/fr\/wp-json\/wp\/v2\/media?parent=67167"}],"wp:term":[{"taxonomy":"product_cat","embeddable":true,"href":"https:\/\/www.gruppoliturgico.com\/fr\/wp-json\/wp\/v2\/product_cat?post=67167"},{"taxonomy":"product_tag","embeddable":true,"href":"https:\/\/www.gruppoliturgico.com\/fr\/wp-json\/wp\/v2\/product_tag?post=67167"}],"curies":[{"name":"wp","href":"https:\/\/api.w.org\/{rel}","templated":true}]}}