{"id":67087,"date":"2022-05-20T02:18:24","date_gmt":"2022-05-20T00:18:28","guid":{"rendered":"https:\/\/www.gruppoliturgico.com\/prodotto\/jesus-misericordieux\/"},"modified":"2022-06-02T12:46:40","modified_gmt":"2022-06-02T10:46:40","slug":"jesus-misericordieux","status":"publish","type":"product","link":"https:\/\/www.gruppoliturgico.com\/fr\/produit\/jesus-misericordieux\/","title":{"rendered":"J\u00e9sus Mis\u00e9ricordieux"},"content":{"rendered":"<html><body><p>Sculpture en bois de tilleul d\u00e9cor\u00e9e \u00e0 la main avec des couleurs \u00e0 l\u2019huile en nuances pastel.<br>\nMod\u00e8le \u00e0 la base.<br>\nHauteurs disponibles de cm 60 \u00e0 cm 150<\/p>\n<p>D\u00e9lais de livraison en fonction de la hauteur choisie<\/p>\n<\/body><\/html>","protected":false},"excerpt":{"rendered":"<p>Sculpture en bois de tilleul d\u00e9cor\u00e9e \u00e0 la main avec des couleurs \u00e0 l&rsquo;huile en nuances pastel.<br \/>\nMod\u00e8le \u00e0 la base.<br \/>\nHauteurs disponibles de cm 60 \u00e0 cm 150<\/p>\n<p>D\u00e9lais de livraison en fonction de la hauteur choisie<\/p>\n","protected":false},"featured_media":134141,"template":"","meta":[],"product_cat":[12388],"product_tag":[],"yoast_head":"<!-- This site is optimized with the Yoast SEO plugin v20.4 - https:\/\/yoast.com\/wordpress\/plugins\/seo\/ -->\n<title>J\u00e9sus Mis\u00e9ricordieux - Jesus et Laboratorio Gruppo Liturgico<\/title>\n<meta name=\"description\" content=\"Sculpture en bois de tilleul d\u00e9cor\u00e9e \u00e0 la main avec des couleurs \u00e0 l&#039;huile en nuances pastel.  Mod\u00e8le \u00e0 la base. Hauteurs disponibles de cm 60 \u00e0 cm 150  D\u00e9lais de livraison en fonction de la hauteur choisie\" \/>\n<meta name=\"robots\" content=\"index, follow, max-snippet:-1, max-image-preview:large, max-video-preview:-1\" \/>\n<link rel=\"canonical\" href=\"https:\/\/www.gruppoliturgico.com\/fr\/produit\/jesus-misericordieux\/\" \/>\n<meta property=\"og:locale\" content=\"fr_FR\" \/>\n<meta property=\"og:type\" content=\"article\" \/>\n<meta property=\"og:title\" content=\"J\u00e9sus Mis\u00e9ricordieux - Jesus et Laboratorio Gruppo Liturgico\" \/>\n<meta property=\"og:description\" content=\"Sculpture en bois de tilleul d\u00e9cor\u00e9e \u00e0 la main avec des couleurs \u00e0 l&#039;huile en nuances pastel.  Mod\u00e8le \u00e0 la base. Hauteurs disponibles de cm 60 \u00e0 cm 150  D\u00e9lais de livraison en fonction de la hauteur choisie\" \/>\n<meta property=\"og:url\" content=\"https:\/\/www.gruppoliturgico.com\/fr\/produit\/jesus-misericordieux\/\" \/>\n<meta property=\"og:site_name\" content=\"Laboratorio Gruppo Liturgico\" \/>\n<meta property=\"article:modified_time\" content=\"2022-06-02T10:46:40+00:00\" \/>\n<meta property=\"og:image\" content=\"https:\/\/www.gruppoliturgico.com\/wp-content\/uploads\/2022\/05\/2163-nv-rit.jpg\" \/>\n\t<meta property=\"og:image:width\" content=\"1287\" \/>\n\t<meta property=\"og:image:height\" content=\"2000\" \/>\n\t<meta property=\"og:image:type\" content=\"image\/jpeg\" \/>\n<meta name=\"twitter:card\" content=\"summary_large_image\" \/>\n<script type=\"application\/ld+json\" class=\"yoast-schema-graph\">{\"@context\":\"https:\/\/schema.org\",\"@graph\":[{\"@type\":\"WebPage\",\"@id\":\"https:\/\/www.gruppoliturgico.com\/fr\/produit\/jesus-misericordieux\/\",\"url\":\"https:\/\/www.gruppoliturgico.com\/fr\/produit\/jesus-misericordieux\/\",\"name\":\"J\u00e9sus Mis\u00e9ricordieux - Jesus et Laboratorio Gruppo Liturgico\",\"isPartOf\":{\"@id\":\"https:\/\/www.gruppoliturgico.com\/es\/#website\"},\"datePublished\":\"2022-05-20T00:18:28+00:00\",\"dateModified\":\"2022-06-02T10:46:40+00:00\",\"description\":\"Sculpture en bois de tilleul d\u00e9cor\u00e9e \u00e0 la main avec des couleurs \u00e0 l'huile en nuances pastel. Mod\u00e8le \u00e0 la base. Hauteurs disponibles de cm 60 \u00e0 cm 150 D\u00e9lais de livraison en fonction de la hauteur choisie\",\"breadcrumb\":{\"@id\":\"https:\/\/www.gruppoliturgico.com\/fr\/produit\/jesus-misericordieux\/#breadcrumb\"},\"inLanguage\":\"fr-FR\",\"potentialAction\":[{\"@type\":\"ReadAction\",\"target\":[\"https:\/\/www.gruppoliturgico.com\/fr\/produit\/jesus-misericordieux\/\"]}]},{\"@type\":\"BreadcrumbList\",\"@id\":\"https:\/\/www.gruppoliturgico.com\/fr\/produit\/jesus-misericordieux\/#breadcrumb\",\"itemListElement\":[{\"@type\":\"ListItem\",\"position\":1,\"name\":\"Home\",\"item\":\"https:\/\/www.gruppoliturgico.com\/fr\/\"},{\"@type\":\"ListItem\",\"position\":2,\"name\":\"Boutique\",\"item\":\"https:\/\/www.gruppoliturgico.com\/fr\/boutique\/\"},{\"@type\":\"ListItem\",\"position\":3,\"name\":\"J\u00e9sus Mis\u00e9ricordieux\"}]},{\"@type\":\"WebSite\",\"@id\":\"https:\/\/www.gruppoliturgico.com\/es\/#website\",\"url\":\"https:\/\/www.gruppoliturgico.com\/es\/\",\"name\":\"Laboratorio Gruppo Liturgico\",\"description\":\"Articoli Religiosi online\",\"publisher\":{\"@id\":\"https:\/\/www.gruppoliturgico.com\/es\/#organization\"},\"potentialAction\":[{\"@type\":\"SearchAction\",\"target\":{\"@type\":\"EntryPoint\",\"urlTemplate\":\"https:\/\/www.gruppoliturgico.com\/es\/?s={search_term_string}\"},\"query-input\":\"required name=search_term_string\"}],\"inLanguage\":\"fr-FR\"},{\"@type\":\"Organization\",\"@id\":\"https:\/\/www.gruppoliturgico.com\/es\/#organization\",\"name\":\"Laboratorio Gruppo Liturgico\",\"url\":\"https:\/\/www.gruppoliturgico.com\/es\/\",\"logo\":{\"@type\":\"ImageObject\",\"inLanguage\":\"fr-FR\",\"@id\":\"https:\/\/www.gruppoliturgico.com\/es\/#\/schema\/logo\/image\/\",\"url\":\"https:\/\/www.gruppoliturgico.com\/wp-content\/uploads\/2022\/02\/logo-laboratoriogruppoliturgico.png\",\"contentUrl\":\"https:\/\/www.gruppoliturgico.com\/wp-content\/uploads\/2022\/02\/logo-laboratoriogruppoliturgico.png\",\"width\":400,\"height\":114,\"caption\":\"Laboratorio Gruppo Liturgico\"},\"image\":{\"@id\":\"https:\/\/www.gruppoliturgico.com\/es\/#\/schema\/logo\/image\/\"}}]}<\/script>\n<!-- \/ Yoast SEO plugin. -->","yoast_head_json":{"title":"J\u00e9sus Mis\u00e9ricordieux - Jesus et Laboratorio Gruppo Liturgico","description":"Sculpture en bois de tilleul d\u00e9cor\u00e9e \u00e0 la main avec des couleurs \u00e0 l'huile en nuances pastel.  Mod\u00e8le \u00e0 la base. Hauteurs disponibles de cm 60 \u00e0 cm 150  D\u00e9lais de livraison en fonction de la hauteur choisie","robots":{"index":"index","follow":"follow","max-snippet":"max-snippet:-1","max-image-preview":"max-image-preview:large","max-video-preview":"max-video-preview:-1"},"canonical":"https:\/\/www.gruppoliturgico.com\/fr\/produit\/jesus-misericordieux\/","og_locale":"fr_FR","og_type":"article","og_title":"J\u00e9sus Mis\u00e9ricordieux - Jesus et Laboratorio Gruppo Liturgico","og_description":"Sculpture en bois de tilleul d\u00e9cor\u00e9e \u00e0 la main avec des couleurs \u00e0 l'huile en nuances pastel.  Mod\u00e8le \u00e0 la base. Hauteurs disponibles de cm 60 \u00e0 cm 150  D\u00e9lais de livraison en fonction de la hauteur choisie","og_url":"https:\/\/www.gruppoliturgico.com\/fr\/produit\/jesus-misericordieux\/","og_site_name":"Laboratorio Gruppo Liturgico","article_modified_time":"2022-06-02T10:46:40+00:00","og_image":[{"width":1287,"height":2000,"url":"https:\/\/www.gruppoliturgico.com\/wp-content\/uploads\/2022\/05\/2163-nv-rit.jpg","type":"image\/jpeg"}],"twitter_card":"summary_large_image","schema":{"@context":"https:\/\/schema.org","@graph":[{"@type":"WebPage","@id":"https:\/\/www.gruppoliturgico.com\/fr\/produit\/jesus-misericordieux\/","url":"https:\/\/www.gruppoliturgico.com\/fr\/produit\/jesus-misericordieux\/","name":"J\u00e9sus Mis\u00e9ricordieux - Jesus et Laboratorio Gruppo Liturgico","isPartOf":{"@id":"https:\/\/www.gruppoliturgico.com\/es\/#website"},"datePublished":"2022-05-20T00:18:28+00:00","dateModified":"2022-06-02T10:46:40+00:00","description":"Sculpture en bois de tilleul d\u00e9cor\u00e9e \u00e0 la main avec des couleurs \u00e0 l'huile en nuances pastel. Mod\u00e8le \u00e0 la base. Hauteurs disponibles de cm 60 \u00e0 cm 150 D\u00e9lais de livraison en fonction de la hauteur choisie","breadcrumb":{"@id":"https:\/\/www.gruppoliturgico.com\/fr\/produit\/jesus-misericordieux\/#breadcrumb"},"inLanguage":"fr-FR","potentialAction":[{"@type":"ReadAction","target":["https:\/\/www.gruppoliturgico.com\/fr\/produit\/jesus-misericordieux\/"]}]},{"@type":"BreadcrumbList","@id":"https:\/\/www.gruppoliturgico.com\/fr\/produit\/jesus-misericordieux\/#breadcrumb","itemListElement":[{"@type":"ListItem","position":1,"name":"Home","item":"https:\/\/www.gruppoliturgico.com\/fr\/"},{"@type":"ListItem","position":2,"name":"Boutique","item":"https:\/\/www.gruppoliturgico.com\/fr\/boutique\/"},{"@type":"ListItem","position":3,"name":"J\u00e9sus Mis\u00e9ricordieux"}]},{"@type":"WebSite","@id":"https:\/\/www.gruppoliturgico.com\/es\/#website","url":"https:\/\/www.gruppoliturgico.com\/es\/","name":"Laboratorio Gruppo Liturgico","description":"Articoli Religiosi online","publisher":{"@id":"https:\/\/www.gruppoliturgico.com\/es\/#organization"},"potentialAction":[{"@type":"SearchAction","target":{"@type":"EntryPoint","urlTemplate":"https:\/\/www.gruppoliturgico.com\/es\/?s={search_term_string}"},"query-input":"required name=search_term_string"}],"inLanguage":"fr-FR"},{"@type":"Organization","@id":"https:\/\/www.gruppoliturgico.com\/es\/#organization","name":"Laboratorio Gruppo Liturgico","url":"https:\/\/www.gruppoliturgico.com\/es\/","logo":{"@type":"ImageObject","inLanguage":"fr-FR","@id":"https:\/\/www.gruppoliturgico.com\/es\/#\/schema\/logo\/image\/","url":"https:\/\/www.gruppoliturgico.com\/wp-content\/uploads\/2022\/02\/logo-laboratoriogruppoliturgico.png","contentUrl":"https:\/\/www.gruppoliturgico.com\/wp-content\/uploads\/2022\/02\/logo-laboratoriogruppoliturgico.png","width":400,"height":114,"caption":"Laboratorio Gruppo Liturgico"},"image":{"@id":"https:\/\/www.gruppoliturgico.com\/es\/#\/schema\/logo\/image\/"}}]}},"_links":{"self":[{"href":"https:\/\/www.gruppoliturgico.com\/fr\/wp-json\/wp\/v2\/product\/67087"}],"collection":[{"href":"https:\/\/www.gruppoliturgico.com\/fr\/wp-json\/wp\/v2\/product"}],"about":[{"href":"https:\/\/www.gruppoliturgico.com\/fr\/wp-json\/wp\/v2\/types\/product"}],"wp:featuredmedia":[{"embeddable":true,"href":"https:\/\/www.gruppoliturgico.com\/fr\/wp-json\/wp\/v2\/media\/134141"}],"wp:attachment":[{"href":"https:\/\/www.gruppoliturgico.com\/fr\/wp-json\/wp\/v2\/media?parent=67087"}],"wp:term":[{"taxonomy":"product_cat","embeddable":true,"href":"https:\/\/www.gruppoliturgico.com\/fr\/wp-json\/wp\/v2\/product_cat?post=67087"},{"taxonomy":"product_tag","embeddable":true,"href":"https:\/\/www.gruppoliturgico.com\/fr\/wp-json\/wp\/v2\/product_tag?post=67087"}],"curies":[{"name":"wp","href":"https:\/\/api.w.org\/{rel}","templated":true}]}}