{"id":67067,"date":"2022-05-20T02:17:36","date_gmt":"2022-05-20T00:17:41","guid":{"rendered":"https:\/\/www.gruppoliturgico.com\/prodotto\/st-joseph-et-lenfant\/"},"modified":"2022-06-02T12:46:05","modified_gmt":"2022-06-02T10:46:05","slug":"st-joseph-et-lenfant","status":"publish","type":"product","link":"https:\/\/www.gruppoliturgico.com\/fr\/produit\/st-joseph-et-lenfant\/","title":{"rendered":"St.Joseph et l&rsquo;Enfant"},"content":{"rendered":"<html><body><p>Statue sculpt\u00e9e en bois de tilleul et peinte \u00e0 la main.<br>\nUn ouvrage moderne et \u00e9l\u00e9gant \u00e0 l\u2019expression intense. <\/p>\n<p>Autres hauteurs disponibles sur demande<br>\nD\u00e9lais de livraison en fonction de la hauteur choisie.<\/p>\n<\/body><\/html>","protected":false},"excerpt":{"rendered":"<p>Statue sculpt\u00e9e en bois de tilleul et peinte \u00e0 la main.<br \/>\nUn ouvrage moderne et \u00e9l\u00e9gant \u00e0 l&rsquo;expression intense. <\/p>\n<p>Autres hauteurs disponibles sur demande<br \/>\nD\u00e9lais de livraison en fonction de la hauteur choisie.<\/p>\n","protected":false},"featured_media":134481,"template":"","meta":[],"product_cat":[12740],"product_tag":[],"yoast_head":"<!-- This site is optimized with the Yoast SEO plugin v20.4 - https:\/\/yoast.com\/wordpress\/plugins\/seo\/ -->\n<title>St.Joseph et l&#039;Enfant - Saint - hommes et Laboratorio Gruppo Liturgico<\/title>\n<meta name=\"description\" content=\"Statue sculpt\u00e9e en bois de tilleul et peinte \u00e0 la main.  Un ouvrage moderne et \u00e9l\u00e9gant \u00e0 l&#039;expression intense.   Autres hauteurs disponibles sur demande D\u00e9lais de livraison en fonction de la hauteur choisie.\" \/>\n<meta name=\"robots\" content=\"index, follow, max-snippet:-1, max-image-preview:large, max-video-preview:-1\" \/>\n<link rel=\"canonical\" href=\"https:\/\/www.gruppoliturgico.com\/fr\/produit\/st-joseph-et-lenfant\/\" \/>\n<meta property=\"og:locale\" content=\"fr_FR\" \/>\n<meta property=\"og:type\" content=\"article\" \/>\n<meta property=\"og:title\" content=\"St.Joseph et l&#039;Enfant - Saint - hommes et Laboratorio Gruppo Liturgico\" \/>\n<meta property=\"og:description\" content=\"Statue sculpt\u00e9e en bois de tilleul et peinte \u00e0 la main.  Un ouvrage moderne et \u00e9l\u00e9gant \u00e0 l&#039;expression intense.   Autres hauteurs disponibles sur demande D\u00e9lais de livraison en fonction de la hauteur choisie.\" \/>\n<meta property=\"og:url\" content=\"https:\/\/www.gruppoliturgico.com\/fr\/produit\/st-joseph-et-lenfant\/\" \/>\n<meta property=\"og:site_name\" content=\"Laboratorio Gruppo Liturgico\" \/>\n<meta property=\"article:modified_time\" content=\"2022-06-02T10:46:05+00:00\" \/>\n<meta property=\"og:image\" content=\"https:\/\/www.gruppoliturgico.com\/wp-content\/uploads\/2022\/05\/3346-nv-rit.jpg\" \/>\n\t<meta property=\"og:image:width\" content=\"410\" \/>\n\t<meta property=\"og:image:height\" content=\"820\" \/>\n\t<meta property=\"og:image:type\" content=\"image\/jpeg\" \/>\n<meta name=\"twitter:card\" content=\"summary_large_image\" \/>\n<script type=\"application\/ld+json\" class=\"yoast-schema-graph\">{\"@context\":\"https:\/\/schema.org\",\"@graph\":[{\"@type\":\"WebPage\",\"@id\":\"https:\/\/www.gruppoliturgico.com\/fr\/produit\/st-joseph-et-lenfant\/\",\"url\":\"https:\/\/www.gruppoliturgico.com\/fr\/produit\/st-joseph-et-lenfant\/\",\"name\":\"St.Joseph et l'Enfant - Saint - hommes et Laboratorio Gruppo Liturgico\",\"isPartOf\":{\"@id\":\"https:\/\/www.gruppoliturgico.com\/es\/#website\"},\"datePublished\":\"2022-05-20T00:17:41+00:00\",\"dateModified\":\"2022-06-02T10:46:05+00:00\",\"description\":\"Statue sculpt\u00e9e en bois de tilleul et peinte \u00e0 la main. Un ouvrage moderne et \u00e9l\u00e9gant \u00e0 l'expression intense. Autres hauteurs disponibles sur demande D\u00e9lais de livraison en fonction de la hauteur choisie.\",\"breadcrumb\":{\"@id\":\"https:\/\/www.gruppoliturgico.com\/fr\/produit\/st-joseph-et-lenfant\/#breadcrumb\"},\"inLanguage\":\"fr-FR\",\"potentialAction\":[{\"@type\":\"ReadAction\",\"target\":[\"https:\/\/www.gruppoliturgico.com\/fr\/produit\/st-joseph-et-lenfant\/\"]}]},{\"@type\":\"BreadcrumbList\",\"@id\":\"https:\/\/www.gruppoliturgico.com\/fr\/produit\/st-joseph-et-lenfant\/#breadcrumb\",\"itemListElement\":[{\"@type\":\"ListItem\",\"position\":1,\"name\":\"Home\",\"item\":\"https:\/\/www.gruppoliturgico.com\/fr\/\"},{\"@type\":\"ListItem\",\"position\":2,\"name\":\"Boutique\",\"item\":\"https:\/\/www.gruppoliturgico.com\/fr\/boutique\/\"},{\"@type\":\"ListItem\",\"position\":3,\"name\":\"St.Joseph et l&#8217;Enfant\"}]},{\"@type\":\"WebSite\",\"@id\":\"https:\/\/www.gruppoliturgico.com\/es\/#website\",\"url\":\"https:\/\/www.gruppoliturgico.com\/es\/\",\"name\":\"Laboratorio Gruppo Liturgico\",\"description\":\"Articoli Religiosi online\",\"publisher\":{\"@id\":\"https:\/\/www.gruppoliturgico.com\/es\/#organization\"},\"potentialAction\":[{\"@type\":\"SearchAction\",\"target\":{\"@type\":\"EntryPoint\",\"urlTemplate\":\"https:\/\/www.gruppoliturgico.com\/es\/?s={search_term_string}\"},\"query-input\":\"required name=search_term_string\"}],\"inLanguage\":\"fr-FR\"},{\"@type\":\"Organization\",\"@id\":\"https:\/\/www.gruppoliturgico.com\/es\/#organization\",\"name\":\"Laboratorio Gruppo Liturgico\",\"url\":\"https:\/\/www.gruppoliturgico.com\/es\/\",\"logo\":{\"@type\":\"ImageObject\",\"inLanguage\":\"fr-FR\",\"@id\":\"https:\/\/www.gruppoliturgico.com\/es\/#\/schema\/logo\/image\/\",\"url\":\"https:\/\/www.gruppoliturgico.com\/wp-content\/uploads\/2022\/02\/logo-laboratoriogruppoliturgico.png\",\"contentUrl\":\"https:\/\/www.gruppoliturgico.com\/wp-content\/uploads\/2022\/02\/logo-laboratoriogruppoliturgico.png\",\"width\":400,\"height\":114,\"caption\":\"Laboratorio Gruppo Liturgico\"},\"image\":{\"@id\":\"https:\/\/www.gruppoliturgico.com\/es\/#\/schema\/logo\/image\/\"}}]}<\/script>\n<!-- \/ Yoast SEO plugin. -->","yoast_head_json":{"title":"St.Joseph et l'Enfant - Saint - hommes et Laboratorio Gruppo Liturgico","description":"Statue sculpt\u00e9e en bois de tilleul et peinte \u00e0 la main.  Un ouvrage moderne et \u00e9l\u00e9gant \u00e0 l'expression intense.   Autres hauteurs disponibles sur demande D\u00e9lais de livraison en fonction de la hauteur choisie.","robots":{"index":"index","follow":"follow","max-snippet":"max-snippet:-1","max-image-preview":"max-image-preview:large","max-video-preview":"max-video-preview:-1"},"canonical":"https:\/\/www.gruppoliturgico.com\/fr\/produit\/st-joseph-et-lenfant\/","og_locale":"fr_FR","og_type":"article","og_title":"St.Joseph et l'Enfant - Saint - hommes et Laboratorio Gruppo Liturgico","og_description":"Statue sculpt\u00e9e en bois de tilleul et peinte \u00e0 la main.  Un ouvrage moderne et \u00e9l\u00e9gant \u00e0 l'expression intense.   Autres hauteurs disponibles sur demande D\u00e9lais de livraison en fonction de la hauteur choisie.","og_url":"https:\/\/www.gruppoliturgico.com\/fr\/produit\/st-joseph-et-lenfant\/","og_site_name":"Laboratorio Gruppo Liturgico","article_modified_time":"2022-06-02T10:46:05+00:00","og_image":[{"width":410,"height":820,"url":"https:\/\/www.gruppoliturgico.com\/wp-content\/uploads\/2022\/05\/3346-nv-rit.jpg","type":"image\/jpeg"}],"twitter_card":"summary_large_image","schema":{"@context":"https:\/\/schema.org","@graph":[{"@type":"WebPage","@id":"https:\/\/www.gruppoliturgico.com\/fr\/produit\/st-joseph-et-lenfant\/","url":"https:\/\/www.gruppoliturgico.com\/fr\/produit\/st-joseph-et-lenfant\/","name":"St.Joseph et l'Enfant - Saint - hommes et Laboratorio Gruppo Liturgico","isPartOf":{"@id":"https:\/\/www.gruppoliturgico.com\/es\/#website"},"datePublished":"2022-05-20T00:17:41+00:00","dateModified":"2022-06-02T10:46:05+00:00","description":"Statue sculpt\u00e9e en bois de tilleul et peinte \u00e0 la main. Un ouvrage moderne et \u00e9l\u00e9gant \u00e0 l'expression intense. Autres hauteurs disponibles sur demande D\u00e9lais de livraison en fonction de la hauteur choisie.","breadcrumb":{"@id":"https:\/\/www.gruppoliturgico.com\/fr\/produit\/st-joseph-et-lenfant\/#breadcrumb"},"inLanguage":"fr-FR","potentialAction":[{"@type":"ReadAction","target":["https:\/\/www.gruppoliturgico.com\/fr\/produit\/st-joseph-et-lenfant\/"]}]},{"@type":"BreadcrumbList","@id":"https:\/\/www.gruppoliturgico.com\/fr\/produit\/st-joseph-et-lenfant\/#breadcrumb","itemListElement":[{"@type":"ListItem","position":1,"name":"Home","item":"https:\/\/www.gruppoliturgico.com\/fr\/"},{"@type":"ListItem","position":2,"name":"Boutique","item":"https:\/\/www.gruppoliturgico.com\/fr\/boutique\/"},{"@type":"ListItem","position":3,"name":"St.Joseph et l&#8217;Enfant"}]},{"@type":"WebSite","@id":"https:\/\/www.gruppoliturgico.com\/es\/#website","url":"https:\/\/www.gruppoliturgico.com\/es\/","name":"Laboratorio Gruppo Liturgico","description":"Articoli Religiosi online","publisher":{"@id":"https:\/\/www.gruppoliturgico.com\/es\/#organization"},"potentialAction":[{"@type":"SearchAction","target":{"@type":"EntryPoint","urlTemplate":"https:\/\/www.gruppoliturgico.com\/es\/?s={search_term_string}"},"query-input":"required name=search_term_string"}],"inLanguage":"fr-FR"},{"@type":"Organization","@id":"https:\/\/www.gruppoliturgico.com\/es\/#organization","name":"Laboratorio Gruppo Liturgico","url":"https:\/\/www.gruppoliturgico.com\/es\/","logo":{"@type":"ImageObject","inLanguage":"fr-FR","@id":"https:\/\/www.gruppoliturgico.com\/es\/#\/schema\/logo\/image\/","url":"https:\/\/www.gruppoliturgico.com\/wp-content\/uploads\/2022\/02\/logo-laboratoriogruppoliturgico.png","contentUrl":"https:\/\/www.gruppoliturgico.com\/wp-content\/uploads\/2022\/02\/logo-laboratoriogruppoliturgico.png","width":400,"height":114,"caption":"Laboratorio Gruppo Liturgico"},"image":{"@id":"https:\/\/www.gruppoliturgico.com\/es\/#\/schema\/logo\/image\/"}}]}},"_links":{"self":[{"href":"https:\/\/www.gruppoliturgico.com\/fr\/wp-json\/wp\/v2\/product\/67067"}],"collection":[{"href":"https:\/\/www.gruppoliturgico.com\/fr\/wp-json\/wp\/v2\/product"}],"about":[{"href":"https:\/\/www.gruppoliturgico.com\/fr\/wp-json\/wp\/v2\/types\/product"}],"wp:featuredmedia":[{"embeddable":true,"href":"https:\/\/www.gruppoliturgico.com\/fr\/wp-json\/wp\/v2\/media\/134481"}],"wp:attachment":[{"href":"https:\/\/www.gruppoliturgico.com\/fr\/wp-json\/wp\/v2\/media?parent=67067"}],"wp:term":[{"taxonomy":"product_cat","embeddable":true,"href":"https:\/\/www.gruppoliturgico.com\/fr\/wp-json\/wp\/v2\/product_cat?post=67067"},{"taxonomy":"product_tag","embeddable":true,"href":"https:\/\/www.gruppoliturgico.com\/fr\/wp-json\/wp\/v2\/product_tag?post=67067"}],"curies":[{"name":"wp","href":"https:\/\/api.w.org\/{rel}","templated":true}]}}