{"id":67063,"date":"2022-05-20T02:17:25","date_gmt":"2022-05-20T00:17:30","guid":{"rendered":"https:\/\/www.gruppoliturgico.com\/prodotto\/ambon-16\/"},"modified":"2022-10-25T11:28:13","modified_gmt":"2022-10-25T09:28:13","slug":"ambon-16","status":"publish","type":"product","link":"https:\/\/www.gruppoliturgico.com\/fr\/produit\/ambon-16\/","title":{"rendered":"ambon"},"content":{"rendered":"<html><body><p>Ambon en bois massif enti\u00e8rement dor\u00e9 \u00e0 la feuille d\u2019or<br>\nLa colonne centrale est richement d\u00e9cor\u00e9e de frises baroques sculpt\u00e9es \u00e0 la main et dor\u00e9es \u00e0 la feuille d\u2019or.<br>\nSocle 32 x 25 cm<br>\nPupitre 32 x 48 cm<br>\nHauteur 125 cm<\/p>\n<\/body><\/html>","protected":false},"excerpt":{"rendered":"<p>Ambon en bois massif enti\u00e8rement dor\u00e9 \u00e0 la feuille d&rsquo;or<br \/>\nLa colonne centrale est richement d\u00e9cor\u00e9e de frises baroques sculpt\u00e9es \u00e0 la main et dor\u00e9es \u00e0 la feuille d&rsquo;or.<br \/>\nSocle 32 x 25 cm<br \/>\nPupitre 32 x 48 cm<br \/>\nHauteur 125 cm<\/p>\n","protected":false},"featured_media":131557,"template":"","meta":[],"product_cat":[12184],"product_tag":[],"yoast_head":"<!-- This site is optimized with the Yoast SEO plugin v20.4 - https:\/\/yoast.com\/wordpress\/plugins\/seo\/ -->\n<title>ambon - ambons et lutrins en bois et Laboratorio Gruppo Liturgico<\/title>\n<meta name=\"description\" content=\"Ambon en bois massif enti\u00e8rement dor\u00e9 \u00e0 la feuille d&#039;or La colonne centrale est richement d\u00e9cor\u00e9e de frises baroques sculpt\u00e9es \u00e0 la main et dor\u00e9es \u00e0 la feuille d&#039;or. Socle 32 x 25 cm Pupitre 32 x 48 cm Hauteur 125 cm\" \/>\n<meta name=\"robots\" content=\"index, follow, max-snippet:-1, max-image-preview:large, max-video-preview:-1\" \/>\n<link rel=\"canonical\" href=\"https:\/\/www.gruppoliturgico.com\/fr\/produit\/ambon-16\/\" \/>\n<meta property=\"og:locale\" content=\"fr_FR\" \/>\n<meta property=\"og:type\" content=\"article\" \/>\n<meta property=\"og:title\" content=\"ambon - ambons et lutrins en bois et Laboratorio Gruppo Liturgico\" \/>\n<meta property=\"og:description\" content=\"Ambon en bois massif enti\u00e8rement dor\u00e9 \u00e0 la feuille d&#039;or La colonne centrale est richement d\u00e9cor\u00e9e de frises baroques sculpt\u00e9es \u00e0 la main et dor\u00e9es \u00e0 la feuille d&#039;or. Socle 32 x 25 cm Pupitre 32 x 48 cm Hauteur 125 cm\" \/>\n<meta property=\"og:url\" content=\"https:\/\/www.gruppoliturgico.com\/fr\/produit\/ambon-16\/\" \/>\n<meta property=\"og:site_name\" content=\"Laboratorio Gruppo Liturgico\" \/>\n<meta property=\"article:modified_time\" content=\"2022-10-25T09:28:13+00:00\" \/>\n<meta property=\"og:image\" content=\"https:\/\/www.gruppoliturgico.com\/wp-content\/uploads\/2022\/05\/2517.leggio20ambone.jpg\" \/>\n\t<meta property=\"og:image:width\" content=\"687\" \/>\n\t<meta property=\"og:image:height\" content=\"1500\" \/>\n\t<meta property=\"og:image:type\" content=\"image\/jpeg\" \/>\n<meta name=\"twitter:card\" content=\"summary_large_image\" \/>\n<script type=\"application\/ld+json\" class=\"yoast-schema-graph\">{\"@context\":\"https:\/\/schema.org\",\"@graph\":[{\"@type\":\"WebPage\",\"@id\":\"https:\/\/www.gruppoliturgico.com\/fr\/produit\/ambon-16\/\",\"url\":\"https:\/\/www.gruppoliturgico.com\/fr\/produit\/ambon-16\/\",\"name\":\"ambon - ambons et lutrins en bois et Laboratorio Gruppo Liturgico\",\"isPartOf\":{\"@id\":\"https:\/\/www.gruppoliturgico.com\/es\/#website\"},\"datePublished\":\"2022-05-20T00:17:30+00:00\",\"dateModified\":\"2022-10-25T09:28:13+00:00\",\"description\":\"Ambon en bois massif enti\u00e8rement dor\u00e9 \u00e0 la feuille d'or La colonne centrale est richement d\u00e9cor\u00e9e de frises baroques sculpt\u00e9es \u00e0 la main et dor\u00e9es \u00e0 la feuille d'or. Socle 32 x 25 cm Pupitre 32 x 48 cm Hauteur 125 cm\",\"breadcrumb\":{\"@id\":\"https:\/\/www.gruppoliturgico.com\/fr\/produit\/ambon-16\/#breadcrumb\"},\"inLanguage\":\"fr-FR\",\"potentialAction\":[{\"@type\":\"ReadAction\",\"target\":[\"https:\/\/www.gruppoliturgico.com\/fr\/produit\/ambon-16\/\"]}]},{\"@type\":\"BreadcrumbList\",\"@id\":\"https:\/\/www.gruppoliturgico.com\/fr\/produit\/ambon-16\/#breadcrumb\",\"itemListElement\":[{\"@type\":\"ListItem\",\"position\":1,\"name\":\"Home\",\"item\":\"https:\/\/www.gruppoliturgico.com\/fr\/\"},{\"@type\":\"ListItem\",\"position\":2,\"name\":\"Boutique\",\"item\":\"https:\/\/www.gruppoliturgico.com\/fr\/boutique\/\"},{\"@type\":\"ListItem\",\"position\":3,\"name\":\"ambon\"}]},{\"@type\":\"WebSite\",\"@id\":\"https:\/\/www.gruppoliturgico.com\/es\/#website\",\"url\":\"https:\/\/www.gruppoliturgico.com\/es\/\",\"name\":\"Laboratorio Gruppo Liturgico\",\"description\":\"Articoli Religiosi online\",\"publisher\":{\"@id\":\"https:\/\/www.gruppoliturgico.com\/es\/#organization\"},\"potentialAction\":[{\"@type\":\"SearchAction\",\"target\":{\"@type\":\"EntryPoint\",\"urlTemplate\":\"https:\/\/www.gruppoliturgico.com\/es\/?s={search_term_string}\"},\"query-input\":\"required name=search_term_string\"}],\"inLanguage\":\"fr-FR\"},{\"@type\":\"Organization\",\"@id\":\"https:\/\/www.gruppoliturgico.com\/es\/#organization\",\"name\":\"Laboratorio Gruppo Liturgico\",\"url\":\"https:\/\/www.gruppoliturgico.com\/es\/\",\"logo\":{\"@type\":\"ImageObject\",\"inLanguage\":\"fr-FR\",\"@id\":\"https:\/\/www.gruppoliturgico.com\/es\/#\/schema\/logo\/image\/\",\"url\":\"https:\/\/www.gruppoliturgico.com\/wp-content\/uploads\/2022\/02\/logo-laboratoriogruppoliturgico.png\",\"contentUrl\":\"https:\/\/www.gruppoliturgico.com\/wp-content\/uploads\/2022\/02\/logo-laboratoriogruppoliturgico.png\",\"width\":400,\"height\":114,\"caption\":\"Laboratorio Gruppo Liturgico\"},\"image\":{\"@id\":\"https:\/\/www.gruppoliturgico.com\/es\/#\/schema\/logo\/image\/\"}}]}<\/script>\n<!-- \/ Yoast SEO plugin. -->","yoast_head_json":{"title":"ambon - ambons et lutrins en bois et Laboratorio Gruppo Liturgico","description":"Ambon en bois massif enti\u00e8rement dor\u00e9 \u00e0 la feuille d'or La colonne centrale est richement d\u00e9cor\u00e9e de frises baroques sculpt\u00e9es \u00e0 la main et dor\u00e9es \u00e0 la feuille d'or. Socle 32 x 25 cm Pupitre 32 x 48 cm Hauteur 125 cm","robots":{"index":"index","follow":"follow","max-snippet":"max-snippet:-1","max-image-preview":"max-image-preview:large","max-video-preview":"max-video-preview:-1"},"canonical":"https:\/\/www.gruppoliturgico.com\/fr\/produit\/ambon-16\/","og_locale":"fr_FR","og_type":"article","og_title":"ambon - ambons et lutrins en bois et Laboratorio Gruppo Liturgico","og_description":"Ambon en bois massif enti\u00e8rement dor\u00e9 \u00e0 la feuille d'or La colonne centrale est richement d\u00e9cor\u00e9e de frises baroques sculpt\u00e9es \u00e0 la main et dor\u00e9es \u00e0 la feuille d'or. Socle 32 x 25 cm Pupitre 32 x 48 cm Hauteur 125 cm","og_url":"https:\/\/www.gruppoliturgico.com\/fr\/produit\/ambon-16\/","og_site_name":"Laboratorio Gruppo Liturgico","article_modified_time":"2022-10-25T09:28:13+00:00","og_image":[{"width":687,"height":1500,"url":"https:\/\/www.gruppoliturgico.com\/wp-content\/uploads\/2022\/05\/2517.leggio20ambone.jpg","type":"image\/jpeg"}],"twitter_card":"summary_large_image","schema":{"@context":"https:\/\/schema.org","@graph":[{"@type":"WebPage","@id":"https:\/\/www.gruppoliturgico.com\/fr\/produit\/ambon-16\/","url":"https:\/\/www.gruppoliturgico.com\/fr\/produit\/ambon-16\/","name":"ambon - ambons et lutrins en bois et Laboratorio Gruppo Liturgico","isPartOf":{"@id":"https:\/\/www.gruppoliturgico.com\/es\/#website"},"datePublished":"2022-05-20T00:17:30+00:00","dateModified":"2022-10-25T09:28:13+00:00","description":"Ambon en bois massif enti\u00e8rement dor\u00e9 \u00e0 la feuille d'or La colonne centrale est richement d\u00e9cor\u00e9e de frises baroques sculpt\u00e9es \u00e0 la main et dor\u00e9es \u00e0 la feuille d'or. Socle 32 x 25 cm Pupitre 32 x 48 cm Hauteur 125 cm","breadcrumb":{"@id":"https:\/\/www.gruppoliturgico.com\/fr\/produit\/ambon-16\/#breadcrumb"},"inLanguage":"fr-FR","potentialAction":[{"@type":"ReadAction","target":["https:\/\/www.gruppoliturgico.com\/fr\/produit\/ambon-16\/"]}]},{"@type":"BreadcrumbList","@id":"https:\/\/www.gruppoliturgico.com\/fr\/produit\/ambon-16\/#breadcrumb","itemListElement":[{"@type":"ListItem","position":1,"name":"Home","item":"https:\/\/www.gruppoliturgico.com\/fr\/"},{"@type":"ListItem","position":2,"name":"Boutique","item":"https:\/\/www.gruppoliturgico.com\/fr\/boutique\/"},{"@type":"ListItem","position":3,"name":"ambon"}]},{"@type":"WebSite","@id":"https:\/\/www.gruppoliturgico.com\/es\/#website","url":"https:\/\/www.gruppoliturgico.com\/es\/","name":"Laboratorio Gruppo Liturgico","description":"Articoli Religiosi online","publisher":{"@id":"https:\/\/www.gruppoliturgico.com\/es\/#organization"},"potentialAction":[{"@type":"SearchAction","target":{"@type":"EntryPoint","urlTemplate":"https:\/\/www.gruppoliturgico.com\/es\/?s={search_term_string}"},"query-input":"required name=search_term_string"}],"inLanguage":"fr-FR"},{"@type":"Organization","@id":"https:\/\/www.gruppoliturgico.com\/es\/#organization","name":"Laboratorio Gruppo Liturgico","url":"https:\/\/www.gruppoliturgico.com\/es\/","logo":{"@type":"ImageObject","inLanguage":"fr-FR","@id":"https:\/\/www.gruppoliturgico.com\/es\/#\/schema\/logo\/image\/","url":"https:\/\/www.gruppoliturgico.com\/wp-content\/uploads\/2022\/02\/logo-laboratoriogruppoliturgico.png","contentUrl":"https:\/\/www.gruppoliturgico.com\/wp-content\/uploads\/2022\/02\/logo-laboratoriogruppoliturgico.png","width":400,"height":114,"caption":"Laboratorio Gruppo Liturgico"},"image":{"@id":"https:\/\/www.gruppoliturgico.com\/es\/#\/schema\/logo\/image\/"}}]}},"_links":{"self":[{"href":"https:\/\/www.gruppoliturgico.com\/fr\/wp-json\/wp\/v2\/product\/67063"}],"collection":[{"href":"https:\/\/www.gruppoliturgico.com\/fr\/wp-json\/wp\/v2\/product"}],"about":[{"href":"https:\/\/www.gruppoliturgico.com\/fr\/wp-json\/wp\/v2\/types\/product"}],"wp:featuredmedia":[{"embeddable":true,"href":"https:\/\/www.gruppoliturgico.com\/fr\/wp-json\/wp\/v2\/media\/131557"}],"wp:attachment":[{"href":"https:\/\/www.gruppoliturgico.com\/fr\/wp-json\/wp\/v2\/media?parent=67063"}],"wp:term":[{"taxonomy":"product_cat","embeddable":true,"href":"https:\/\/www.gruppoliturgico.com\/fr\/wp-json\/wp\/v2\/product_cat?post=67063"},{"taxonomy":"product_tag","embeddable":true,"href":"https:\/\/www.gruppoliturgico.com\/fr\/wp-json\/wp\/v2\/product_tag?post=67063"}],"curies":[{"name":"wp","href":"https:\/\/api.w.org\/{rel}","templated":true}]}}