{"id":67043,"date":"2022-05-20T02:16:31","date_gmt":"2022-05-20T00:16:36","guid":{"rendered":"https:\/\/www.gruppoliturgico.com\/prodotto\/reliquaire-5\/"},"modified":"2022-10-12T11:36:01","modified_gmt":"2022-10-12T09:36:01","slug":"reliquaire-5","status":"publish","type":"product","link":"https:\/\/www.gruppoliturgico.com\/fr\/produit\/reliquaire-5\/","title":{"rendered":"reliquaire"},"content":{"rendered":"<html><body><p>Reliquaire enti\u00e8rement en fusion de bronze avec ciseaux.<br>\nCet article se caract\u00e9rise par la partie sup\u00e9rieure amovible de sa base, ce qui permet de pr\u00e9senter plus ais\u00e9ment la relique aux fid\u00e8les.<br>\nDimension de la boite \u00e0 reliques cm 6 x 5.<br>\nHauteur cm 53. <\/p>\n<\/body><\/html>","protected":false},"excerpt":{"rendered":"<p>Reliquaire enti\u00e8rement en fusion de bronze avec ciseaux.<br \/>\nCet article se caract\u00e9rise par la partie sup\u00e9rieure amovible de sa base, ce qui permet de pr\u00e9senter plus ais\u00e9ment la relique aux fid\u00e8les.<br \/>\nDimension de la boite \u00e0 reliques cm 6 x 5.<br \/>\nHauteur cm 53. <\/p>\n","protected":false},"featured_media":77378,"template":"","meta":[],"product_cat":[11692],"product_tag":[],"yoast_head":"<!-- This site is optimized with the Yoast SEO plugin v20.4 - https:\/\/yoast.com\/wordpress\/plugins\/seo\/ -->\n<title>reliquaire - reliquaires et Laboratorio Gruppo Liturgico<\/title>\n<meta name=\"description\" content=\"Reliquaire enti\u00e8rement en fusion de bronze avec ciseaux.  Cet article se caract\u00e9rise par la partie sup\u00e9rieure amovible de sa base, ce qui permet de pr\u00e9senter plus ais\u00e9ment la relique aux fid\u00e8les. Dimension de la boite \u00e0 reliques cm 6 x 5. Hauteur cm 53.\" \/>\n<meta name=\"robots\" content=\"index, follow, max-snippet:-1, max-image-preview:large, max-video-preview:-1\" \/>\n<link rel=\"canonical\" href=\"https:\/\/www.gruppoliturgico.com\/fr\/produit\/reliquaire-5\/\" \/>\n<meta property=\"og:locale\" content=\"fr_FR\" \/>\n<meta property=\"og:type\" content=\"article\" \/>\n<meta property=\"og:title\" content=\"reliquaire - reliquaires et Laboratorio Gruppo Liturgico\" \/>\n<meta property=\"og:description\" content=\"Reliquaire enti\u00e8rement en fusion de bronze avec ciseaux.  Cet article se caract\u00e9rise par la partie sup\u00e9rieure amovible de sa base, ce qui permet de pr\u00e9senter plus ais\u00e9ment la relique aux fid\u00e8les. Dimension de la boite \u00e0 reliques cm 6 x 5. Hauteur cm 53.\" \/>\n<meta property=\"og:url\" content=\"https:\/\/www.gruppoliturgico.com\/fr\/produit\/reliquaire-5\/\" \/>\n<meta property=\"og:site_name\" content=\"Laboratorio Gruppo Liturgico\" \/>\n<meta property=\"article:modified_time\" content=\"2022-10-12T09:36:01+00:00\" \/>\n<meta property=\"og:image\" content=\"https:\/\/www.gruppoliturgico.com\/wp-content\/uploads\/2022\/05\/3084.jpg\" \/>\n\t<meta property=\"og:image:width\" content=\"623\" \/>\n\t<meta property=\"og:image:height\" content=\"1500\" \/>\n\t<meta property=\"og:image:type\" content=\"image\/jpeg\" \/>\n<meta name=\"twitter:card\" content=\"summary_large_image\" \/>\n<script type=\"application\/ld+json\" class=\"yoast-schema-graph\">{\"@context\":\"https:\/\/schema.org\",\"@graph\":[{\"@type\":\"WebPage\",\"@id\":\"https:\/\/www.gruppoliturgico.com\/fr\/produit\/reliquaire-5\/\",\"url\":\"https:\/\/www.gruppoliturgico.com\/fr\/produit\/reliquaire-5\/\",\"name\":\"reliquaire - reliquaires et Laboratorio Gruppo Liturgico\",\"isPartOf\":{\"@id\":\"https:\/\/www.gruppoliturgico.com\/es\/#website\"},\"datePublished\":\"2022-05-20T00:16:36+00:00\",\"dateModified\":\"2022-10-12T09:36:01+00:00\",\"description\":\"Reliquaire enti\u00e8rement en fusion de bronze avec ciseaux. Cet article se caract\u00e9rise par la partie sup\u00e9rieure amovible de sa base, ce qui permet de pr\u00e9senter plus ais\u00e9ment la relique aux fid\u00e8les. Dimension de la boite \u00e0 reliques cm 6 x 5. Hauteur cm 53.\",\"breadcrumb\":{\"@id\":\"https:\/\/www.gruppoliturgico.com\/fr\/produit\/reliquaire-5\/#breadcrumb\"},\"inLanguage\":\"fr-FR\",\"potentialAction\":[{\"@type\":\"ReadAction\",\"target\":[\"https:\/\/www.gruppoliturgico.com\/fr\/produit\/reliquaire-5\/\"]}]},{\"@type\":\"BreadcrumbList\",\"@id\":\"https:\/\/www.gruppoliturgico.com\/fr\/produit\/reliquaire-5\/#breadcrumb\",\"itemListElement\":[{\"@type\":\"ListItem\",\"position\":1,\"name\":\"Home\",\"item\":\"https:\/\/www.gruppoliturgico.com\/fr\/\"},{\"@type\":\"ListItem\",\"position\":2,\"name\":\"Boutique\",\"item\":\"https:\/\/www.gruppoliturgico.com\/fr\/boutique\/\"},{\"@type\":\"ListItem\",\"position\":3,\"name\":\"reliquaire\"}]},{\"@type\":\"WebSite\",\"@id\":\"https:\/\/www.gruppoliturgico.com\/es\/#website\",\"url\":\"https:\/\/www.gruppoliturgico.com\/es\/\",\"name\":\"Laboratorio Gruppo Liturgico\",\"description\":\"Articoli Religiosi online\",\"publisher\":{\"@id\":\"https:\/\/www.gruppoliturgico.com\/es\/#organization\"},\"potentialAction\":[{\"@type\":\"SearchAction\",\"target\":{\"@type\":\"EntryPoint\",\"urlTemplate\":\"https:\/\/www.gruppoliturgico.com\/es\/?s={search_term_string}\"},\"query-input\":\"required name=search_term_string\"}],\"inLanguage\":\"fr-FR\"},{\"@type\":\"Organization\",\"@id\":\"https:\/\/www.gruppoliturgico.com\/es\/#organization\",\"name\":\"Laboratorio Gruppo Liturgico\",\"url\":\"https:\/\/www.gruppoliturgico.com\/es\/\",\"logo\":{\"@type\":\"ImageObject\",\"inLanguage\":\"fr-FR\",\"@id\":\"https:\/\/www.gruppoliturgico.com\/es\/#\/schema\/logo\/image\/\",\"url\":\"https:\/\/www.gruppoliturgico.com\/wp-content\/uploads\/2022\/02\/logo-laboratoriogruppoliturgico.png\",\"contentUrl\":\"https:\/\/www.gruppoliturgico.com\/wp-content\/uploads\/2022\/02\/logo-laboratoriogruppoliturgico.png\",\"width\":400,\"height\":114,\"caption\":\"Laboratorio Gruppo Liturgico\"},\"image\":{\"@id\":\"https:\/\/www.gruppoliturgico.com\/es\/#\/schema\/logo\/image\/\"}}]}<\/script>\n<!-- \/ Yoast SEO plugin. -->","yoast_head_json":{"title":"reliquaire - reliquaires et Laboratorio Gruppo Liturgico","description":"Reliquaire enti\u00e8rement en fusion de bronze avec ciseaux.  Cet article se caract\u00e9rise par la partie sup\u00e9rieure amovible de sa base, ce qui permet de pr\u00e9senter plus ais\u00e9ment la relique aux fid\u00e8les. Dimension de la boite \u00e0 reliques cm 6 x 5. Hauteur cm 53.","robots":{"index":"index","follow":"follow","max-snippet":"max-snippet:-1","max-image-preview":"max-image-preview:large","max-video-preview":"max-video-preview:-1"},"canonical":"https:\/\/www.gruppoliturgico.com\/fr\/produit\/reliquaire-5\/","og_locale":"fr_FR","og_type":"article","og_title":"reliquaire - reliquaires et Laboratorio Gruppo Liturgico","og_description":"Reliquaire enti\u00e8rement en fusion de bronze avec ciseaux.  Cet article se caract\u00e9rise par la partie sup\u00e9rieure amovible de sa base, ce qui permet de pr\u00e9senter plus ais\u00e9ment la relique aux fid\u00e8les. Dimension de la boite \u00e0 reliques cm 6 x 5. Hauteur cm 53.","og_url":"https:\/\/www.gruppoliturgico.com\/fr\/produit\/reliquaire-5\/","og_site_name":"Laboratorio Gruppo Liturgico","article_modified_time":"2022-10-12T09:36:01+00:00","og_image":[{"width":623,"height":1500,"url":"https:\/\/www.gruppoliturgico.com\/wp-content\/uploads\/2022\/05\/3084.jpg","type":"image\/jpeg"}],"twitter_card":"summary_large_image","schema":{"@context":"https:\/\/schema.org","@graph":[{"@type":"WebPage","@id":"https:\/\/www.gruppoliturgico.com\/fr\/produit\/reliquaire-5\/","url":"https:\/\/www.gruppoliturgico.com\/fr\/produit\/reliquaire-5\/","name":"reliquaire - reliquaires et Laboratorio Gruppo Liturgico","isPartOf":{"@id":"https:\/\/www.gruppoliturgico.com\/es\/#website"},"datePublished":"2022-05-20T00:16:36+00:00","dateModified":"2022-10-12T09:36:01+00:00","description":"Reliquaire enti\u00e8rement en fusion de bronze avec ciseaux. Cet article se caract\u00e9rise par la partie sup\u00e9rieure amovible de sa base, ce qui permet de pr\u00e9senter plus ais\u00e9ment la relique aux fid\u00e8les. Dimension de la boite \u00e0 reliques cm 6 x 5. Hauteur cm 53.","breadcrumb":{"@id":"https:\/\/www.gruppoliturgico.com\/fr\/produit\/reliquaire-5\/#breadcrumb"},"inLanguage":"fr-FR","potentialAction":[{"@type":"ReadAction","target":["https:\/\/www.gruppoliturgico.com\/fr\/produit\/reliquaire-5\/"]}]},{"@type":"BreadcrumbList","@id":"https:\/\/www.gruppoliturgico.com\/fr\/produit\/reliquaire-5\/#breadcrumb","itemListElement":[{"@type":"ListItem","position":1,"name":"Home","item":"https:\/\/www.gruppoliturgico.com\/fr\/"},{"@type":"ListItem","position":2,"name":"Boutique","item":"https:\/\/www.gruppoliturgico.com\/fr\/boutique\/"},{"@type":"ListItem","position":3,"name":"reliquaire"}]},{"@type":"WebSite","@id":"https:\/\/www.gruppoliturgico.com\/es\/#website","url":"https:\/\/www.gruppoliturgico.com\/es\/","name":"Laboratorio Gruppo Liturgico","description":"Articoli Religiosi online","publisher":{"@id":"https:\/\/www.gruppoliturgico.com\/es\/#organization"},"potentialAction":[{"@type":"SearchAction","target":{"@type":"EntryPoint","urlTemplate":"https:\/\/www.gruppoliturgico.com\/es\/?s={search_term_string}"},"query-input":"required name=search_term_string"}],"inLanguage":"fr-FR"},{"@type":"Organization","@id":"https:\/\/www.gruppoliturgico.com\/es\/#organization","name":"Laboratorio Gruppo Liturgico","url":"https:\/\/www.gruppoliturgico.com\/es\/","logo":{"@type":"ImageObject","inLanguage":"fr-FR","@id":"https:\/\/www.gruppoliturgico.com\/es\/#\/schema\/logo\/image\/","url":"https:\/\/www.gruppoliturgico.com\/wp-content\/uploads\/2022\/02\/logo-laboratoriogruppoliturgico.png","contentUrl":"https:\/\/www.gruppoliturgico.com\/wp-content\/uploads\/2022\/02\/logo-laboratoriogruppoliturgico.png","width":400,"height":114,"caption":"Laboratorio Gruppo Liturgico"},"image":{"@id":"https:\/\/www.gruppoliturgico.com\/es\/#\/schema\/logo\/image\/"}}]}},"_links":{"self":[{"href":"https:\/\/www.gruppoliturgico.com\/fr\/wp-json\/wp\/v2\/product\/67043"}],"collection":[{"href":"https:\/\/www.gruppoliturgico.com\/fr\/wp-json\/wp\/v2\/product"}],"about":[{"href":"https:\/\/www.gruppoliturgico.com\/fr\/wp-json\/wp\/v2\/types\/product"}],"wp:featuredmedia":[{"embeddable":true,"href":"https:\/\/www.gruppoliturgico.com\/fr\/wp-json\/wp\/v2\/media\/77378"}],"wp:attachment":[{"href":"https:\/\/www.gruppoliturgico.com\/fr\/wp-json\/wp\/v2\/media?parent=67043"}],"wp:term":[{"taxonomy":"product_cat","embeddable":true,"href":"https:\/\/www.gruppoliturgico.com\/fr\/wp-json\/wp\/v2\/product_cat?post=67043"},{"taxonomy":"product_tag","embeddable":true,"href":"https:\/\/www.gruppoliturgico.com\/fr\/wp-json\/wp\/v2\/product_tag?post=67043"}],"curies":[{"name":"wp","href":"https:\/\/api.w.org\/{rel}","templated":true}]}}