{"id":66991,"date":"2022-05-20T02:13:53","date_gmt":"2022-05-20T00:13:58","guid":{"rendered":"https:\/\/www.gruppoliturgico.com\/prodotto\/calice-26\/"},"modified":"2022-09-21T11:02:37","modified_gmt":"2022-09-21T09:02:37","slug":"calice-26","status":"publish","type":"product","link":"https:\/\/www.gruppoliturgico.com\/fr\/produit\/calice-26\/","title":{"rendered":"calice"},"content":{"rendered":"<html><body><p>Calice enti\u00e8rement en argent cisel\u00e9 \u00e0 la main.<br>\nDe forme traditionnelle, sobre et tr\u00e8s \u00e9l\u00e9gante, il se distingue pour les nombreuses am\u00e9thystes ornementales.<br>\nIl est fourni complet d\u2019\u00e9crin rigide rembourr\u00e9 et rev\u00eatu en velours.<br>\nHauteur cm 27. <\/p>\n<\/body><\/html>","protected":false},"excerpt":{"rendered":"<p>Calice enti\u00e8rement en argent cisel\u00e9 \u00e0 la main.<br \/>\nDe forme traditionnelle, sobre et tr\u00e8s \u00e9l\u00e9gante, il se distingue pour les nombreuses am\u00e9thystes ornementales.<br \/>\nIl est fourni complet d&rsquo;\u00e9crin rigide rembourr\u00e9 et rev\u00eatu en velours.<br \/>\nHauteur cm 27. <\/p>\n","protected":false},"featured_media":123741,"template":"","meta":[],"product_cat":[12020],"product_tag":[],"yoast_head":"<!-- This site is optimized with the Yoast SEO plugin v20.4 - https:\/\/yoast.com\/wordpress\/plugins\/seo\/ -->\n<title>calice - en argent massif et Laboratorio Gruppo Liturgico<\/title>\n<meta name=\"description\" content=\"Calice enti\u00e8rement en argent cisel\u00e9 \u00e0 la main. De forme traditionnelle, sobre et tr\u00e8s \u00e9l\u00e9gante, il se distingue pour les nombreuses am\u00e9thystes ornementales.  Il est fourni complet d&#039;\u00e9crin rigide rembourr\u00e9 et rev\u00eatu en velours. Hauteur cm 27.\" \/>\n<meta name=\"robots\" content=\"index, follow, max-snippet:-1, max-image-preview:large, max-video-preview:-1\" \/>\n<link rel=\"canonical\" href=\"https:\/\/www.gruppoliturgico.com\/fr\/produit\/calice-26\/\" \/>\n<meta property=\"og:locale\" content=\"fr_FR\" \/>\n<meta property=\"og:type\" content=\"article\" \/>\n<meta property=\"og:title\" content=\"calice - en argent massif et Laboratorio Gruppo Liturgico\" \/>\n<meta property=\"og:description\" content=\"Calice enti\u00e8rement en argent cisel\u00e9 \u00e0 la main. De forme traditionnelle, sobre et tr\u00e8s \u00e9l\u00e9gante, il se distingue pour les nombreuses am\u00e9thystes ornementales.  Il est fourni complet d&#039;\u00e9crin rigide rembourr\u00e9 et rev\u00eatu en velours. Hauteur cm 27.\" \/>\n<meta property=\"og:url\" content=\"https:\/\/www.gruppoliturgico.com\/fr\/produit\/calice-26\/\" \/>\n<meta property=\"og:site_name\" content=\"Laboratorio Gruppo Liturgico\" \/>\n<meta property=\"article:modified_time\" content=\"2022-09-21T09:02:37+00:00\" \/>\n<meta property=\"og:image\" content=\"https:\/\/www.gruppoliturgico.com\/wp-content\/uploads\/2022\/05\/1986.uff_.jpg\" \/>\n\t<meta property=\"og:image:width\" content=\"878\" \/>\n\t<meta property=\"og:image:height\" content=\"1500\" \/>\n\t<meta property=\"og:image:type\" content=\"image\/jpeg\" \/>\n<meta name=\"twitter:card\" content=\"summary_large_image\" \/>\n<script type=\"application\/ld+json\" class=\"yoast-schema-graph\">{\"@context\":\"https:\/\/schema.org\",\"@graph\":[{\"@type\":\"WebPage\",\"@id\":\"https:\/\/www.gruppoliturgico.com\/fr\/produit\/calice-26\/\",\"url\":\"https:\/\/www.gruppoliturgico.com\/fr\/produit\/calice-26\/\",\"name\":\"calice - en argent massif et Laboratorio Gruppo Liturgico\",\"isPartOf\":{\"@id\":\"https:\/\/www.gruppoliturgico.com\/es\/#website\"},\"datePublished\":\"2022-05-20T00:13:58+00:00\",\"dateModified\":\"2022-09-21T09:02:37+00:00\",\"description\":\"Calice enti\u00e8rement en argent cisel\u00e9 \u00e0 la main. De forme traditionnelle, sobre et tr\u00e8s \u00e9l\u00e9gante, il se distingue pour les nombreuses am\u00e9thystes ornementales. Il est fourni complet d'\u00e9crin rigide rembourr\u00e9 et rev\u00eatu en velours. Hauteur cm 27.\",\"breadcrumb\":{\"@id\":\"https:\/\/www.gruppoliturgico.com\/fr\/produit\/calice-26\/#breadcrumb\"},\"inLanguage\":\"fr-FR\",\"potentialAction\":[{\"@type\":\"ReadAction\",\"target\":[\"https:\/\/www.gruppoliturgico.com\/fr\/produit\/calice-26\/\"]}]},{\"@type\":\"BreadcrumbList\",\"@id\":\"https:\/\/www.gruppoliturgico.com\/fr\/produit\/calice-26\/#breadcrumb\",\"itemListElement\":[{\"@type\":\"ListItem\",\"position\":1,\"name\":\"Home\",\"item\":\"https:\/\/www.gruppoliturgico.com\/fr\/\"},{\"@type\":\"ListItem\",\"position\":2,\"name\":\"Boutique\",\"item\":\"https:\/\/www.gruppoliturgico.com\/fr\/boutique\/\"},{\"@type\":\"ListItem\",\"position\":3,\"name\":\"calice\"}]},{\"@type\":\"WebSite\",\"@id\":\"https:\/\/www.gruppoliturgico.com\/es\/#website\",\"url\":\"https:\/\/www.gruppoliturgico.com\/es\/\",\"name\":\"Laboratorio Gruppo Liturgico\",\"description\":\"Articoli Religiosi online\",\"publisher\":{\"@id\":\"https:\/\/www.gruppoliturgico.com\/es\/#organization\"},\"potentialAction\":[{\"@type\":\"SearchAction\",\"target\":{\"@type\":\"EntryPoint\",\"urlTemplate\":\"https:\/\/www.gruppoliturgico.com\/es\/?s={search_term_string}\"},\"query-input\":\"required name=search_term_string\"}],\"inLanguage\":\"fr-FR\"},{\"@type\":\"Organization\",\"@id\":\"https:\/\/www.gruppoliturgico.com\/es\/#organization\",\"name\":\"Laboratorio Gruppo Liturgico\",\"url\":\"https:\/\/www.gruppoliturgico.com\/es\/\",\"logo\":{\"@type\":\"ImageObject\",\"inLanguage\":\"fr-FR\",\"@id\":\"https:\/\/www.gruppoliturgico.com\/es\/#\/schema\/logo\/image\/\",\"url\":\"https:\/\/www.gruppoliturgico.com\/wp-content\/uploads\/2022\/02\/logo-laboratoriogruppoliturgico.png\",\"contentUrl\":\"https:\/\/www.gruppoliturgico.com\/wp-content\/uploads\/2022\/02\/logo-laboratoriogruppoliturgico.png\",\"width\":400,\"height\":114,\"caption\":\"Laboratorio Gruppo Liturgico\"},\"image\":{\"@id\":\"https:\/\/www.gruppoliturgico.com\/es\/#\/schema\/logo\/image\/\"}}]}<\/script>\n<!-- \/ Yoast SEO plugin. -->","yoast_head_json":{"title":"calice - en argent massif et Laboratorio Gruppo Liturgico","description":"Calice enti\u00e8rement en argent cisel\u00e9 \u00e0 la main. De forme traditionnelle, sobre et tr\u00e8s \u00e9l\u00e9gante, il se distingue pour les nombreuses am\u00e9thystes ornementales.  Il est fourni complet d'\u00e9crin rigide rembourr\u00e9 et rev\u00eatu en velours. Hauteur cm 27.","robots":{"index":"index","follow":"follow","max-snippet":"max-snippet:-1","max-image-preview":"max-image-preview:large","max-video-preview":"max-video-preview:-1"},"canonical":"https:\/\/www.gruppoliturgico.com\/fr\/produit\/calice-26\/","og_locale":"fr_FR","og_type":"article","og_title":"calice - en argent massif et Laboratorio Gruppo Liturgico","og_description":"Calice enti\u00e8rement en argent cisel\u00e9 \u00e0 la main. De forme traditionnelle, sobre et tr\u00e8s \u00e9l\u00e9gante, il se distingue pour les nombreuses am\u00e9thystes ornementales.  Il est fourni complet d'\u00e9crin rigide rembourr\u00e9 et rev\u00eatu en velours. Hauteur cm 27.","og_url":"https:\/\/www.gruppoliturgico.com\/fr\/produit\/calice-26\/","og_site_name":"Laboratorio Gruppo Liturgico","article_modified_time":"2022-09-21T09:02:37+00:00","og_image":[{"width":878,"height":1500,"url":"https:\/\/www.gruppoliturgico.com\/wp-content\/uploads\/2022\/05\/1986.uff_.jpg","type":"image\/jpeg"}],"twitter_card":"summary_large_image","schema":{"@context":"https:\/\/schema.org","@graph":[{"@type":"WebPage","@id":"https:\/\/www.gruppoliturgico.com\/fr\/produit\/calice-26\/","url":"https:\/\/www.gruppoliturgico.com\/fr\/produit\/calice-26\/","name":"calice - en argent massif et Laboratorio Gruppo Liturgico","isPartOf":{"@id":"https:\/\/www.gruppoliturgico.com\/es\/#website"},"datePublished":"2022-05-20T00:13:58+00:00","dateModified":"2022-09-21T09:02:37+00:00","description":"Calice enti\u00e8rement en argent cisel\u00e9 \u00e0 la main. De forme traditionnelle, sobre et tr\u00e8s \u00e9l\u00e9gante, il se distingue pour les nombreuses am\u00e9thystes ornementales. Il est fourni complet d'\u00e9crin rigide rembourr\u00e9 et rev\u00eatu en velours. Hauteur cm 27.","breadcrumb":{"@id":"https:\/\/www.gruppoliturgico.com\/fr\/produit\/calice-26\/#breadcrumb"},"inLanguage":"fr-FR","potentialAction":[{"@type":"ReadAction","target":["https:\/\/www.gruppoliturgico.com\/fr\/produit\/calice-26\/"]}]},{"@type":"BreadcrumbList","@id":"https:\/\/www.gruppoliturgico.com\/fr\/produit\/calice-26\/#breadcrumb","itemListElement":[{"@type":"ListItem","position":1,"name":"Home","item":"https:\/\/www.gruppoliturgico.com\/fr\/"},{"@type":"ListItem","position":2,"name":"Boutique","item":"https:\/\/www.gruppoliturgico.com\/fr\/boutique\/"},{"@type":"ListItem","position":3,"name":"calice"}]},{"@type":"WebSite","@id":"https:\/\/www.gruppoliturgico.com\/es\/#website","url":"https:\/\/www.gruppoliturgico.com\/es\/","name":"Laboratorio Gruppo Liturgico","description":"Articoli Religiosi online","publisher":{"@id":"https:\/\/www.gruppoliturgico.com\/es\/#organization"},"potentialAction":[{"@type":"SearchAction","target":{"@type":"EntryPoint","urlTemplate":"https:\/\/www.gruppoliturgico.com\/es\/?s={search_term_string}"},"query-input":"required name=search_term_string"}],"inLanguage":"fr-FR"},{"@type":"Organization","@id":"https:\/\/www.gruppoliturgico.com\/es\/#organization","name":"Laboratorio Gruppo Liturgico","url":"https:\/\/www.gruppoliturgico.com\/es\/","logo":{"@type":"ImageObject","inLanguage":"fr-FR","@id":"https:\/\/www.gruppoliturgico.com\/es\/#\/schema\/logo\/image\/","url":"https:\/\/www.gruppoliturgico.com\/wp-content\/uploads\/2022\/02\/logo-laboratoriogruppoliturgico.png","contentUrl":"https:\/\/www.gruppoliturgico.com\/wp-content\/uploads\/2022\/02\/logo-laboratoriogruppoliturgico.png","width":400,"height":114,"caption":"Laboratorio Gruppo Liturgico"},"image":{"@id":"https:\/\/www.gruppoliturgico.com\/es\/#\/schema\/logo\/image\/"}}]}},"_links":{"self":[{"href":"https:\/\/www.gruppoliturgico.com\/fr\/wp-json\/wp\/v2\/product\/66991"}],"collection":[{"href":"https:\/\/www.gruppoliturgico.com\/fr\/wp-json\/wp\/v2\/product"}],"about":[{"href":"https:\/\/www.gruppoliturgico.com\/fr\/wp-json\/wp\/v2\/types\/product"}],"wp:featuredmedia":[{"embeddable":true,"href":"https:\/\/www.gruppoliturgico.com\/fr\/wp-json\/wp\/v2\/media\/123741"}],"wp:attachment":[{"href":"https:\/\/www.gruppoliturgico.com\/fr\/wp-json\/wp\/v2\/media?parent=66991"}],"wp:term":[{"taxonomy":"product_cat","embeddable":true,"href":"https:\/\/www.gruppoliturgico.com\/fr\/wp-json\/wp\/v2\/product_cat?post=66991"},{"taxonomy":"product_tag","embeddable":true,"href":"https:\/\/www.gruppoliturgico.com\/fr\/wp-json\/wp\/v2\/product_tag?post=66991"}],"curies":[{"name":"wp","href":"https:\/\/api.w.org\/{rel}","templated":true}]}}