{"id":66867,"date":"2022-05-20T02:07:00","date_gmt":"2022-05-20T00:07:17","guid":{"rendered":"https:\/\/www.gruppoliturgico.com\/prodotto\/crucifix-4\/"},"modified":"2024-06-25T15:21:44","modified_gmt":"2024-06-25T13:21:44","slug":"crucifix-4","status":"publish","type":"product","link":"https:\/\/www.gruppoliturgico.com\/fr\/produit\/crucifix-4\/","title":{"rendered":"Crucifix"},"content":{"rendered":"<html><body><p>Crucifix r\u00e9alis\u00e9 par l\u2019atelier d\u2019Art des moniales de l\u2019ordre de Bethl\u00e9em.<br>\nR\u00e9alis\u00e9 en pierre des Pyr\u00e9n\u00e9es reconstitu\u00e9e et en r\u00e9sine, il est enti\u00e8rement d\u00e9cor\u00e9 \u00e0 la main.<br>\nUn travail magnifique et tr\u00e8s expressif.<br>\nDimensions cm 31 x 21,5<\/p>\n<\/body><\/html>","protected":false},"excerpt":{"rendered":"<p>Crucifix r\u00e9alis\u00e9 par l&rsquo;atelier d&rsquo;Art des moniales de l&rsquo;ordre de Bethl\u00e9em.<br \/>\nR\u00e9alis\u00e9 en pierre des Pyr\u00e9n\u00e9es reconstitu\u00e9e et en r\u00e9sine, il est enti\u00e8rement d\u00e9cor\u00e9 \u00e0 la main.<br \/>\nUn travail magnifique et tr\u00e8s expressif.<br \/>\nDimensions cm 31 x 21,5<\/p>\n","protected":false},"featured_media":138252,"template":"","meta":[],"product_cat":[11988,12464],"product_tag":[],"yoast_head":"<!-- This site is optimized with the Yoast SEO plugin v20.4 - https:\/\/yoast.com\/wordpress\/plugins\/seo\/ -->\n<title>Crucifix - cr\u00e9ations artistiques Soeurs de Bethl\u00e9em, Crucifix du Monast\u00e8re de Bethl\u00e9em et Laboratorio Gruppo Liturgico<\/title>\n<meta name=\"description\" content=\"Crucifix r\u00e9alis\u00e9 par l&#039;atelier d&#039;Art des moniales de l&#039;ordre de Bethl\u00e9em. R\u00e9alis\u00e9 en pierre des Pyr\u00e9n\u00e9es reconstitu\u00e9e et en r\u00e9sine, il est enti\u00e8rement d\u00e9cor\u00e9 \u00e0 la main. Un travail magnifique et tr\u00e8s expressif. Dimensions cm 31 x 21,5\" \/>\n<meta name=\"robots\" content=\"index, follow, max-snippet:-1, max-image-preview:large, max-video-preview:-1\" \/>\n<link rel=\"canonical\" href=\"https:\/\/www.gruppoliturgico.com\/fr\/produit\/crucifix-4\/\" \/>\n<meta property=\"og:locale\" content=\"fr_FR\" \/>\n<meta property=\"og:type\" content=\"article\" \/>\n<meta property=\"og:title\" content=\"Crucifix - cr\u00e9ations artistiques Soeurs de Bethl\u00e9em, Crucifix du Monast\u00e8re de Bethl\u00e9em et Laboratorio Gruppo Liturgico\" \/>\n<meta property=\"og:description\" content=\"Crucifix r\u00e9alis\u00e9 par l&#039;atelier d&#039;Art des moniales de l&#039;ordre de Bethl\u00e9em. R\u00e9alis\u00e9 en pierre des Pyr\u00e9n\u00e9es reconstitu\u00e9e et en r\u00e9sine, il est enti\u00e8rement d\u00e9cor\u00e9 \u00e0 la main. Un travail magnifique et tr\u00e8s expressif. Dimensions cm 31 x 21,5\" \/>\n<meta property=\"og:url\" content=\"https:\/\/www.gruppoliturgico.com\/fr\/produit\/crucifix-4\/\" \/>\n<meta property=\"og:site_name\" content=\"Laboratorio Gruppo Liturgico\" \/>\n<meta property=\"article:modified_time\" content=\"2024-06-25T13:21:44+00:00\" \/>\n<meta property=\"og:image\" content=\"https:\/\/www.gruppoliturgico.com\/wp-content\/uploads\/2022\/05\/3078.jpg\" \/>\n\t<meta property=\"og:image:width\" content=\"1455\" \/>\n\t<meta property=\"og:image:height\" content=\"2000\" \/>\n\t<meta property=\"og:image:type\" content=\"image\/jpeg\" \/>\n<meta name=\"twitter:card\" content=\"summary_large_image\" \/>\n<script type=\"application\/ld+json\" class=\"yoast-schema-graph\">{\"@context\":\"https:\/\/schema.org\",\"@graph\":[{\"@type\":\"WebPage\",\"@id\":\"https:\/\/www.gruppoliturgico.com\/fr\/produit\/crucifix-4\/\",\"url\":\"https:\/\/www.gruppoliturgico.com\/fr\/produit\/crucifix-4\/\",\"name\":\"Crucifix - cr\u00e9ations artistiques Soeurs de Bethl\u00e9em, Crucifix du Monast\u00e8re de Bethl\u00e9em et Laboratorio Gruppo Liturgico\",\"isPartOf\":{\"@id\":\"https:\/\/www.gruppoliturgico.com\/es\/#website\"},\"datePublished\":\"2022-05-20T00:07:17+00:00\",\"dateModified\":\"2024-06-25T13:21:44+00:00\",\"description\":\"Crucifix r\u00e9alis\u00e9 par l'atelier d'Art des moniales de l'ordre de Bethl\u00e9em. R\u00e9alis\u00e9 en pierre des Pyr\u00e9n\u00e9es reconstitu\u00e9e et en r\u00e9sine, il est enti\u00e8rement d\u00e9cor\u00e9 \u00e0 la main. Un travail magnifique et tr\u00e8s expressif. Dimensions cm 31 x 21,5\",\"breadcrumb\":{\"@id\":\"https:\/\/www.gruppoliturgico.com\/fr\/produit\/crucifix-4\/#breadcrumb\"},\"inLanguage\":\"fr-FR\",\"potentialAction\":[{\"@type\":\"ReadAction\",\"target\":[\"https:\/\/www.gruppoliturgico.com\/fr\/produit\/crucifix-4\/\"]}]},{\"@type\":\"BreadcrumbList\",\"@id\":\"https:\/\/www.gruppoliturgico.com\/fr\/produit\/crucifix-4\/#breadcrumb\",\"itemListElement\":[{\"@type\":\"ListItem\",\"position\":1,\"name\":\"Home\",\"item\":\"https:\/\/www.gruppoliturgico.com\/fr\/\"},{\"@type\":\"ListItem\",\"position\":2,\"name\":\"Boutique\",\"item\":\"https:\/\/www.gruppoliturgico.com\/fr\/boutique\/\"},{\"@type\":\"ListItem\",\"position\":3,\"name\":\"Crucifix\"}]},{\"@type\":\"WebSite\",\"@id\":\"https:\/\/www.gruppoliturgico.com\/es\/#website\",\"url\":\"https:\/\/www.gruppoliturgico.com\/es\/\",\"name\":\"Laboratorio Gruppo Liturgico\",\"description\":\"Articoli Religiosi online\",\"publisher\":{\"@id\":\"https:\/\/www.gruppoliturgico.com\/es\/#organization\"},\"potentialAction\":[{\"@type\":\"SearchAction\",\"target\":{\"@type\":\"EntryPoint\",\"urlTemplate\":\"https:\/\/www.gruppoliturgico.com\/es\/?s={search_term_string}\"},\"query-input\":\"required name=search_term_string\"}],\"inLanguage\":\"fr-FR\"},{\"@type\":\"Organization\",\"@id\":\"https:\/\/www.gruppoliturgico.com\/es\/#organization\",\"name\":\"Laboratorio Gruppo Liturgico\",\"url\":\"https:\/\/www.gruppoliturgico.com\/es\/\",\"logo\":{\"@type\":\"ImageObject\",\"inLanguage\":\"fr-FR\",\"@id\":\"https:\/\/www.gruppoliturgico.com\/es\/#\/schema\/logo\/image\/\",\"url\":\"https:\/\/www.gruppoliturgico.com\/wp-content\/uploads\/2022\/02\/logo-laboratoriogruppoliturgico.png\",\"contentUrl\":\"https:\/\/www.gruppoliturgico.com\/wp-content\/uploads\/2022\/02\/logo-laboratoriogruppoliturgico.png\",\"width\":400,\"height\":114,\"caption\":\"Laboratorio Gruppo Liturgico\"},\"image\":{\"@id\":\"https:\/\/www.gruppoliturgico.com\/es\/#\/schema\/logo\/image\/\"}}]}<\/script>\n<!-- \/ Yoast SEO plugin. -->","yoast_head_json":{"title":"Crucifix - cr\u00e9ations artistiques Soeurs de Bethl\u00e9em, Crucifix du Monast\u00e8re de Bethl\u00e9em et Laboratorio Gruppo Liturgico","description":"Crucifix r\u00e9alis\u00e9 par l'atelier d'Art des moniales de l'ordre de Bethl\u00e9em. R\u00e9alis\u00e9 en pierre des Pyr\u00e9n\u00e9es reconstitu\u00e9e et en r\u00e9sine, il est enti\u00e8rement d\u00e9cor\u00e9 \u00e0 la main. Un travail magnifique et tr\u00e8s expressif. Dimensions cm 31 x 21,5","robots":{"index":"index","follow":"follow","max-snippet":"max-snippet:-1","max-image-preview":"max-image-preview:large","max-video-preview":"max-video-preview:-1"},"canonical":"https:\/\/www.gruppoliturgico.com\/fr\/produit\/crucifix-4\/","og_locale":"fr_FR","og_type":"article","og_title":"Crucifix - cr\u00e9ations artistiques Soeurs de Bethl\u00e9em, Crucifix du Monast\u00e8re de Bethl\u00e9em et Laboratorio Gruppo Liturgico","og_description":"Crucifix r\u00e9alis\u00e9 par l'atelier d'Art des moniales de l'ordre de Bethl\u00e9em. R\u00e9alis\u00e9 en pierre des Pyr\u00e9n\u00e9es reconstitu\u00e9e et en r\u00e9sine, il est enti\u00e8rement d\u00e9cor\u00e9 \u00e0 la main. Un travail magnifique et tr\u00e8s expressif. Dimensions cm 31 x 21,5","og_url":"https:\/\/www.gruppoliturgico.com\/fr\/produit\/crucifix-4\/","og_site_name":"Laboratorio Gruppo Liturgico","article_modified_time":"2024-06-25T13:21:44+00:00","og_image":[{"width":1455,"height":2000,"url":"https:\/\/www.gruppoliturgico.com\/wp-content\/uploads\/2022\/05\/3078.jpg","type":"image\/jpeg"}],"twitter_card":"summary_large_image","schema":{"@context":"https:\/\/schema.org","@graph":[{"@type":"WebPage","@id":"https:\/\/www.gruppoliturgico.com\/fr\/produit\/crucifix-4\/","url":"https:\/\/www.gruppoliturgico.com\/fr\/produit\/crucifix-4\/","name":"Crucifix - cr\u00e9ations artistiques Soeurs de Bethl\u00e9em, Crucifix du Monast\u00e8re de Bethl\u00e9em et Laboratorio Gruppo Liturgico","isPartOf":{"@id":"https:\/\/www.gruppoliturgico.com\/es\/#website"},"datePublished":"2022-05-20T00:07:17+00:00","dateModified":"2024-06-25T13:21:44+00:00","description":"Crucifix r\u00e9alis\u00e9 par l'atelier d'Art des moniales de l'ordre de Bethl\u00e9em. R\u00e9alis\u00e9 en pierre des Pyr\u00e9n\u00e9es reconstitu\u00e9e et en r\u00e9sine, il est enti\u00e8rement d\u00e9cor\u00e9 \u00e0 la main. Un travail magnifique et tr\u00e8s expressif. Dimensions cm 31 x 21,5","breadcrumb":{"@id":"https:\/\/www.gruppoliturgico.com\/fr\/produit\/crucifix-4\/#breadcrumb"},"inLanguage":"fr-FR","potentialAction":[{"@type":"ReadAction","target":["https:\/\/www.gruppoliturgico.com\/fr\/produit\/crucifix-4\/"]}]},{"@type":"BreadcrumbList","@id":"https:\/\/www.gruppoliturgico.com\/fr\/produit\/crucifix-4\/#breadcrumb","itemListElement":[{"@type":"ListItem","position":1,"name":"Home","item":"https:\/\/www.gruppoliturgico.com\/fr\/"},{"@type":"ListItem","position":2,"name":"Boutique","item":"https:\/\/www.gruppoliturgico.com\/fr\/boutique\/"},{"@type":"ListItem","position":3,"name":"Crucifix"}]},{"@type":"WebSite","@id":"https:\/\/www.gruppoliturgico.com\/es\/#website","url":"https:\/\/www.gruppoliturgico.com\/es\/","name":"Laboratorio Gruppo Liturgico","description":"Articoli Religiosi online","publisher":{"@id":"https:\/\/www.gruppoliturgico.com\/es\/#organization"},"potentialAction":[{"@type":"SearchAction","target":{"@type":"EntryPoint","urlTemplate":"https:\/\/www.gruppoliturgico.com\/es\/?s={search_term_string}"},"query-input":"required name=search_term_string"}],"inLanguage":"fr-FR"},{"@type":"Organization","@id":"https:\/\/www.gruppoliturgico.com\/es\/#organization","name":"Laboratorio Gruppo Liturgico","url":"https:\/\/www.gruppoliturgico.com\/es\/","logo":{"@type":"ImageObject","inLanguage":"fr-FR","@id":"https:\/\/www.gruppoliturgico.com\/es\/#\/schema\/logo\/image\/","url":"https:\/\/www.gruppoliturgico.com\/wp-content\/uploads\/2022\/02\/logo-laboratoriogruppoliturgico.png","contentUrl":"https:\/\/www.gruppoliturgico.com\/wp-content\/uploads\/2022\/02\/logo-laboratoriogruppoliturgico.png","width":400,"height":114,"caption":"Laboratorio Gruppo Liturgico"},"image":{"@id":"https:\/\/www.gruppoliturgico.com\/es\/#\/schema\/logo\/image\/"}}]}},"_links":{"self":[{"href":"https:\/\/www.gruppoliturgico.com\/fr\/wp-json\/wp\/v2\/product\/66867"}],"collection":[{"href":"https:\/\/www.gruppoliturgico.com\/fr\/wp-json\/wp\/v2\/product"}],"about":[{"href":"https:\/\/www.gruppoliturgico.com\/fr\/wp-json\/wp\/v2\/types\/product"}],"wp:featuredmedia":[{"embeddable":true,"href":"https:\/\/www.gruppoliturgico.com\/fr\/wp-json\/wp\/v2\/media\/138252"}],"wp:attachment":[{"href":"https:\/\/www.gruppoliturgico.com\/fr\/wp-json\/wp\/v2\/media?parent=66867"}],"wp:term":[{"taxonomy":"product_cat","embeddable":true,"href":"https:\/\/www.gruppoliturgico.com\/fr\/wp-json\/wp\/v2\/product_cat?post=66867"},{"taxonomy":"product_tag","embeddable":true,"href":"https:\/\/www.gruppoliturgico.com\/fr\/wp-json\/wp\/v2\/product_tag?post=66867"}],"curies":[{"name":"wp","href":"https:\/\/api.w.org\/{rel}","templated":true}]}}