{"id":66819,"date":"2022-05-20T02:04:39","date_gmt":"2022-05-20T00:04:45","guid":{"rendered":"https:\/\/www.gruppoliturgico.com\/prodotto\/crucifix-en-bois-13\/"},"modified":"2022-08-10T11:36:04","modified_gmt":"2022-08-10T09:36:04","slug":"crucifix-en-bois-13","status":"publish","type":"product","link":"https:\/\/www.gruppoliturgico.com\/fr\/produit\/crucifix-en-bois-13\/","title":{"rendered":"crucifix"},"content":{"rendered":"<html><body><p>Merveilleux ouvrage en bois de tilleul sculpt\u00e9 et d\u00e9cor\u00e9 \u00e0 la main.<br>\nIl est fourni avec une croix lin\u00e9aire en bois.<\/p>\n<p>Hauteurs disponibles de cm 60 \u00e0 cm 150.<br>\nAutres hauteurs disponibles sur demande.<\/p>\n<\/body><\/html>","protected":false},"excerpt":{"rendered":"<p>Merveilleux ouvrage en bois de tilleul sculpt\u00e9 et d\u00e9cor\u00e9 \u00e0 la main.<br \/>\nIl est fourni avec une croix lin\u00e9aire en bois.<\/p>\n<p>Hauteurs disponibles de cm 60 \u00e0 cm 150.<br \/>\nAutres hauteurs disponibles sur demande.<\/p>\n","protected":false},"featured_media":134932,"template":"","meta":[],"product_cat":[11592],"product_tag":[],"yoast_head":"<!-- This site is optimized with the Yoast SEO plugin v20.4 - https:\/\/yoast.com\/wordpress\/plugins\/seo\/ -->\n<title>crucifix - crucifix en bois sculpt\u00e9 et Laboratorio Gruppo Liturgico<\/title>\n<meta name=\"description\" content=\"Merveilleux ouvrage en bois de tilleul sculpt\u00e9 et d\u00e9cor\u00e9 \u00e0 la main. Il est fourni avec une croix lin\u00e9aire en bois.  Hauteurs disponibles de cm 60 \u00e0 cm 150. Autres hauteurs disponibles sur demande.\" \/>\n<meta name=\"robots\" content=\"index, follow, max-snippet:-1, max-image-preview:large, max-video-preview:-1\" \/>\n<link rel=\"canonical\" href=\"https:\/\/www.gruppoliturgico.com\/fr\/produit\/crucifix-en-bois-13\/\" \/>\n<meta property=\"og:locale\" content=\"fr_FR\" \/>\n<meta property=\"og:type\" content=\"article\" \/>\n<meta property=\"og:title\" content=\"crucifix - crucifix en bois sculpt\u00e9 et Laboratorio Gruppo Liturgico\" \/>\n<meta property=\"og:description\" content=\"Merveilleux ouvrage en bois de tilleul sculpt\u00e9 et d\u00e9cor\u00e9 \u00e0 la main. Il est fourni avec une croix lin\u00e9aire en bois.  Hauteurs disponibles de cm 60 \u00e0 cm 150. Autres hauteurs disponibles sur demande.\" \/>\n<meta property=\"og:url\" content=\"https:\/\/www.gruppoliturgico.com\/fr\/produit\/crucifix-en-bois-13\/\" \/>\n<meta property=\"og:site_name\" content=\"Laboratorio Gruppo Liturgico\" \/>\n<meta property=\"article:modified_time\" content=\"2022-08-10T09:36:04+00:00\" \/>\n<meta property=\"og:image\" content=\"https:\/\/www.gruppoliturgico.com\/wp-content\/uploads\/2022\/05\/2523-nv-rit.jpg\" \/>\n\t<meta property=\"og:image:width\" content=\"1083\" \/>\n\t<meta property=\"og:image:height\" content=\"2000\" \/>\n\t<meta property=\"og:image:type\" content=\"image\/jpeg\" \/>\n<meta name=\"twitter:card\" content=\"summary_large_image\" \/>\n<script type=\"application\/ld+json\" class=\"yoast-schema-graph\">{\"@context\":\"https:\/\/schema.org\",\"@graph\":[{\"@type\":\"WebPage\",\"@id\":\"https:\/\/www.gruppoliturgico.com\/fr\/produit\/crucifix-en-bois-13\/\",\"url\":\"https:\/\/www.gruppoliturgico.com\/fr\/produit\/crucifix-en-bois-13\/\",\"name\":\"crucifix - crucifix en bois sculpt\u00e9 et Laboratorio Gruppo Liturgico\",\"isPartOf\":{\"@id\":\"https:\/\/www.gruppoliturgico.com\/es\/#website\"},\"datePublished\":\"2022-05-20T00:04:45+00:00\",\"dateModified\":\"2022-08-10T09:36:04+00:00\",\"description\":\"Merveilleux ouvrage en bois de tilleul sculpt\u00e9 et d\u00e9cor\u00e9 \u00e0 la main. Il est fourni avec une croix lin\u00e9aire en bois. Hauteurs disponibles de cm 60 \u00e0 cm 150. Autres hauteurs disponibles sur demande.\",\"breadcrumb\":{\"@id\":\"https:\/\/www.gruppoliturgico.com\/fr\/produit\/crucifix-en-bois-13\/#breadcrumb\"},\"inLanguage\":\"fr-FR\",\"potentialAction\":[{\"@type\":\"ReadAction\",\"target\":[\"https:\/\/www.gruppoliturgico.com\/fr\/produit\/crucifix-en-bois-13\/\"]}]},{\"@type\":\"BreadcrumbList\",\"@id\":\"https:\/\/www.gruppoliturgico.com\/fr\/produit\/crucifix-en-bois-13\/#breadcrumb\",\"itemListElement\":[{\"@type\":\"ListItem\",\"position\":1,\"name\":\"Home\",\"item\":\"https:\/\/www.gruppoliturgico.com\/fr\/\"},{\"@type\":\"ListItem\",\"position\":2,\"name\":\"Boutique\",\"item\":\"https:\/\/www.gruppoliturgico.com\/fr\/boutique\/\"},{\"@type\":\"ListItem\",\"position\":3,\"name\":\"crucifix\"}]},{\"@type\":\"WebSite\",\"@id\":\"https:\/\/www.gruppoliturgico.com\/es\/#website\",\"url\":\"https:\/\/www.gruppoliturgico.com\/es\/\",\"name\":\"Laboratorio Gruppo Liturgico\",\"description\":\"Articoli Religiosi online\",\"publisher\":{\"@id\":\"https:\/\/www.gruppoliturgico.com\/es\/#organization\"},\"potentialAction\":[{\"@type\":\"SearchAction\",\"target\":{\"@type\":\"EntryPoint\",\"urlTemplate\":\"https:\/\/www.gruppoliturgico.com\/es\/?s={search_term_string}\"},\"query-input\":\"required name=search_term_string\"}],\"inLanguage\":\"fr-FR\"},{\"@type\":\"Organization\",\"@id\":\"https:\/\/www.gruppoliturgico.com\/es\/#organization\",\"name\":\"Laboratorio Gruppo Liturgico\",\"url\":\"https:\/\/www.gruppoliturgico.com\/es\/\",\"logo\":{\"@type\":\"ImageObject\",\"inLanguage\":\"fr-FR\",\"@id\":\"https:\/\/www.gruppoliturgico.com\/es\/#\/schema\/logo\/image\/\",\"url\":\"https:\/\/www.gruppoliturgico.com\/wp-content\/uploads\/2022\/02\/logo-laboratoriogruppoliturgico.png\",\"contentUrl\":\"https:\/\/www.gruppoliturgico.com\/wp-content\/uploads\/2022\/02\/logo-laboratoriogruppoliturgico.png\",\"width\":400,\"height\":114,\"caption\":\"Laboratorio Gruppo Liturgico\"},\"image\":{\"@id\":\"https:\/\/www.gruppoliturgico.com\/es\/#\/schema\/logo\/image\/\"}}]}<\/script>\n<!-- \/ Yoast SEO plugin. -->","yoast_head_json":{"title":"crucifix - crucifix en bois sculpt\u00e9 et Laboratorio Gruppo Liturgico","description":"Merveilleux ouvrage en bois de tilleul sculpt\u00e9 et d\u00e9cor\u00e9 \u00e0 la main. Il est fourni avec une croix lin\u00e9aire en bois.  Hauteurs disponibles de cm 60 \u00e0 cm 150. Autres hauteurs disponibles sur demande.","robots":{"index":"index","follow":"follow","max-snippet":"max-snippet:-1","max-image-preview":"max-image-preview:large","max-video-preview":"max-video-preview:-1"},"canonical":"https:\/\/www.gruppoliturgico.com\/fr\/produit\/crucifix-en-bois-13\/","og_locale":"fr_FR","og_type":"article","og_title":"crucifix - crucifix en bois sculpt\u00e9 et Laboratorio Gruppo Liturgico","og_description":"Merveilleux ouvrage en bois de tilleul sculpt\u00e9 et d\u00e9cor\u00e9 \u00e0 la main. Il est fourni avec une croix lin\u00e9aire en bois.  Hauteurs disponibles de cm 60 \u00e0 cm 150. Autres hauteurs disponibles sur demande.","og_url":"https:\/\/www.gruppoliturgico.com\/fr\/produit\/crucifix-en-bois-13\/","og_site_name":"Laboratorio Gruppo Liturgico","article_modified_time":"2022-08-10T09:36:04+00:00","og_image":[{"width":1083,"height":2000,"url":"https:\/\/www.gruppoliturgico.com\/wp-content\/uploads\/2022\/05\/2523-nv-rit.jpg","type":"image\/jpeg"}],"twitter_card":"summary_large_image","schema":{"@context":"https:\/\/schema.org","@graph":[{"@type":"WebPage","@id":"https:\/\/www.gruppoliturgico.com\/fr\/produit\/crucifix-en-bois-13\/","url":"https:\/\/www.gruppoliturgico.com\/fr\/produit\/crucifix-en-bois-13\/","name":"crucifix - crucifix en bois sculpt\u00e9 et Laboratorio Gruppo Liturgico","isPartOf":{"@id":"https:\/\/www.gruppoliturgico.com\/es\/#website"},"datePublished":"2022-05-20T00:04:45+00:00","dateModified":"2022-08-10T09:36:04+00:00","description":"Merveilleux ouvrage en bois de tilleul sculpt\u00e9 et d\u00e9cor\u00e9 \u00e0 la main. Il est fourni avec une croix lin\u00e9aire en bois. Hauteurs disponibles de cm 60 \u00e0 cm 150. Autres hauteurs disponibles sur demande.","breadcrumb":{"@id":"https:\/\/www.gruppoliturgico.com\/fr\/produit\/crucifix-en-bois-13\/#breadcrumb"},"inLanguage":"fr-FR","potentialAction":[{"@type":"ReadAction","target":["https:\/\/www.gruppoliturgico.com\/fr\/produit\/crucifix-en-bois-13\/"]}]},{"@type":"BreadcrumbList","@id":"https:\/\/www.gruppoliturgico.com\/fr\/produit\/crucifix-en-bois-13\/#breadcrumb","itemListElement":[{"@type":"ListItem","position":1,"name":"Home","item":"https:\/\/www.gruppoliturgico.com\/fr\/"},{"@type":"ListItem","position":2,"name":"Boutique","item":"https:\/\/www.gruppoliturgico.com\/fr\/boutique\/"},{"@type":"ListItem","position":3,"name":"crucifix"}]},{"@type":"WebSite","@id":"https:\/\/www.gruppoliturgico.com\/es\/#website","url":"https:\/\/www.gruppoliturgico.com\/es\/","name":"Laboratorio Gruppo Liturgico","description":"Articoli Religiosi online","publisher":{"@id":"https:\/\/www.gruppoliturgico.com\/es\/#organization"},"potentialAction":[{"@type":"SearchAction","target":{"@type":"EntryPoint","urlTemplate":"https:\/\/www.gruppoliturgico.com\/es\/?s={search_term_string}"},"query-input":"required name=search_term_string"}],"inLanguage":"fr-FR"},{"@type":"Organization","@id":"https:\/\/www.gruppoliturgico.com\/es\/#organization","name":"Laboratorio Gruppo Liturgico","url":"https:\/\/www.gruppoliturgico.com\/es\/","logo":{"@type":"ImageObject","inLanguage":"fr-FR","@id":"https:\/\/www.gruppoliturgico.com\/es\/#\/schema\/logo\/image\/","url":"https:\/\/www.gruppoliturgico.com\/wp-content\/uploads\/2022\/02\/logo-laboratoriogruppoliturgico.png","contentUrl":"https:\/\/www.gruppoliturgico.com\/wp-content\/uploads\/2022\/02\/logo-laboratoriogruppoliturgico.png","width":400,"height":114,"caption":"Laboratorio Gruppo Liturgico"},"image":{"@id":"https:\/\/www.gruppoliturgico.com\/es\/#\/schema\/logo\/image\/"}}]}},"_links":{"self":[{"href":"https:\/\/www.gruppoliturgico.com\/fr\/wp-json\/wp\/v2\/product\/66819"}],"collection":[{"href":"https:\/\/www.gruppoliturgico.com\/fr\/wp-json\/wp\/v2\/product"}],"about":[{"href":"https:\/\/www.gruppoliturgico.com\/fr\/wp-json\/wp\/v2\/types\/product"}],"wp:featuredmedia":[{"embeddable":true,"href":"https:\/\/www.gruppoliturgico.com\/fr\/wp-json\/wp\/v2\/media\/134932"}],"wp:attachment":[{"href":"https:\/\/www.gruppoliturgico.com\/fr\/wp-json\/wp\/v2\/media?parent=66819"}],"wp:term":[{"taxonomy":"product_cat","embeddable":true,"href":"https:\/\/www.gruppoliturgico.com\/fr\/wp-json\/wp\/v2\/product_cat?post=66819"},{"taxonomy":"product_tag","embeddable":true,"href":"https:\/\/www.gruppoliturgico.com\/fr\/wp-json\/wp\/v2\/product_tag?post=66819"}],"curies":[{"name":"wp","href":"https:\/\/api.w.org\/{rel}","templated":true}]}}