{"id":66815,"date":"2022-05-20T02:04:00","date_gmt":"2022-05-20T00:04:32","guid":{"rendered":"https:\/\/www.gruppoliturgico.com\/prodotto\/chasuble-44\/"},"modified":"2022-09-13T15:01:55","modified_gmt":"2022-09-13T13:01:55","slug":"chasuble-44","status":"publish","type":"product","link":"https:\/\/www.gruppoliturgico.com\/fr\/produit\/chasuble-44\/","title":{"rendered":"chasuble"},"content":{"rendered":"<html><body><p>Chasuble r\u00e9alis\u00e9e avec un tissu lamin\u00e9 or fin et doux, compos\u00e9 de fibres naturelles, viscose, lin, soie et 15% polyester.<br>\nPr\u00e9cieuses broderies sur les galons avant et arri\u00e8re et sur le col.<br>\nPierres ornementales.<br>\nAvec riche \u00e9tole avec broderie, franges dor\u00e9es nou\u00e9es \u00e0 la main.<br>\nDisponible dans les coloris Liturgiques.<\/p>\n<\/body><\/html>","protected":false},"excerpt":{"rendered":"<p>Chasuble r\u00e9alis\u00e9e avec un tissu lamin\u00e9 or fin et doux, compos\u00e9 de fibres naturelles, viscose, lin, soie et 15% polyester.<br \/>\nPr\u00e9cieuses broderies sur les galons avant et arri\u00e8re et sur le col.<br \/>\nPierres ornementales.<br \/>\nAvec riche \u00e9tole avec broderie, franges dor\u00e9es nou\u00e9es \u00e0 la main.<br \/>\nDisponible dans les coloris Liturgiques. <\/p>\n","protected":false},"featured_media":129054,"template":"","meta":[],"product_cat":[12244,12248],"product_tag":[],"yoast_head":"<!-- This site is optimized with the Yoast SEO plugin v20.4 - https:\/\/yoast.com\/wordpress\/plugins\/seo\/ -->\n<title>chasuble - solennelles, broderie traditionnelles et Laboratorio Gruppo Liturgico<\/title>\n<meta name=\"description\" content=\"Chasuble r\u00e9alis\u00e9e avec un tissu lamin\u00e9 or fin et doux, compos\u00e9 de fibres naturelles, viscose, lin, soie et 15% polyester. Pr\u00e9cieuses broderies sur les galons avant et arri\u00e8re et sur le col.  Pierres ornementales. Avec riche \u00e9tole avec broderie, franges dor\u00e9es nou\u00e9es \u00e0 la main.  Disponible dans les coloris Liturgiques.\" \/>\n<meta name=\"robots\" content=\"index, follow, max-snippet:-1, max-image-preview:large, max-video-preview:-1\" \/>\n<link rel=\"canonical\" href=\"https:\/\/www.gruppoliturgico.com\/fr\/produit\/chasuble-44\/\" \/>\n<meta property=\"og:locale\" content=\"fr_FR\" \/>\n<meta property=\"og:type\" content=\"article\" \/>\n<meta property=\"og:title\" content=\"chasuble - solennelles, broderie traditionnelles et Laboratorio Gruppo Liturgico\" \/>\n<meta property=\"og:description\" content=\"Chasuble r\u00e9alis\u00e9e avec un tissu lamin\u00e9 or fin et doux, compos\u00e9 de fibres naturelles, viscose, lin, soie et 15% polyester. Pr\u00e9cieuses broderies sur les galons avant et arri\u00e8re et sur le col.  Pierres ornementales. Avec riche \u00e9tole avec broderie, franges dor\u00e9es nou\u00e9es \u00e0 la main.  Disponible dans les coloris Liturgiques.\" \/>\n<meta property=\"og:url\" content=\"https:\/\/www.gruppoliturgico.com\/fr\/produit\/chasuble-44\/\" \/>\n<meta property=\"og:site_name\" content=\"Laboratorio Gruppo Liturgico\" \/>\n<meta property=\"article:modified_time\" content=\"2022-09-13T13:01:55+00:00\" \/>\n<meta property=\"og:image\" content=\"https:\/\/www.gruppoliturgico.com\/wp-content\/uploads\/2022\/05\/3851-bianco_inPixio.jpg\" \/>\n\t<meta property=\"og:image:width\" content=\"1073\" \/>\n\t<meta property=\"og:image:height\" content=\"2000\" \/>\n\t<meta property=\"og:image:type\" content=\"image\/jpeg\" \/>\n<meta name=\"twitter:card\" content=\"summary_large_image\" \/>\n<script type=\"application\/ld+json\" class=\"yoast-schema-graph\">{\"@context\":\"https:\/\/schema.org\",\"@graph\":[{\"@type\":\"WebPage\",\"@id\":\"https:\/\/www.gruppoliturgico.com\/fr\/produit\/chasuble-44\/\",\"url\":\"https:\/\/www.gruppoliturgico.com\/fr\/produit\/chasuble-44\/\",\"name\":\"chasuble - solennelles, broderie traditionnelles et Laboratorio Gruppo Liturgico\",\"isPartOf\":{\"@id\":\"https:\/\/www.gruppoliturgico.com\/es\/#website\"},\"datePublished\":\"2022-05-20T00:04:32+00:00\",\"dateModified\":\"2022-09-13T13:01:55+00:00\",\"description\":\"Chasuble r\u00e9alis\u00e9e avec un tissu lamin\u00e9 or fin et doux, compos\u00e9 de fibres naturelles, viscose, lin, soie et 15% polyester. Pr\u00e9cieuses broderies sur les galons avant et arri\u00e8re et sur le col. Pierres ornementales. Avec riche \u00e9tole avec broderie, franges dor\u00e9es nou\u00e9es \u00e0 la main. Disponible dans les coloris Liturgiques.\",\"breadcrumb\":{\"@id\":\"https:\/\/www.gruppoliturgico.com\/fr\/produit\/chasuble-44\/#breadcrumb\"},\"inLanguage\":\"fr-FR\",\"potentialAction\":[{\"@type\":\"ReadAction\",\"target\":[\"https:\/\/www.gruppoliturgico.com\/fr\/produit\/chasuble-44\/\"]}]},{\"@type\":\"BreadcrumbList\",\"@id\":\"https:\/\/www.gruppoliturgico.com\/fr\/produit\/chasuble-44\/#breadcrumb\",\"itemListElement\":[{\"@type\":\"ListItem\",\"position\":1,\"name\":\"Home\",\"item\":\"https:\/\/www.gruppoliturgico.com\/fr\/\"},{\"@type\":\"ListItem\",\"position\":2,\"name\":\"Boutique\",\"item\":\"https:\/\/www.gruppoliturgico.com\/fr\/boutique\/\"},{\"@type\":\"ListItem\",\"position\":3,\"name\":\"chasuble\"}]},{\"@type\":\"WebSite\",\"@id\":\"https:\/\/www.gruppoliturgico.com\/es\/#website\",\"url\":\"https:\/\/www.gruppoliturgico.com\/es\/\",\"name\":\"Laboratorio Gruppo Liturgico\",\"description\":\"Articoli Religiosi online\",\"publisher\":{\"@id\":\"https:\/\/www.gruppoliturgico.com\/es\/#organization\"},\"potentialAction\":[{\"@type\":\"SearchAction\",\"target\":{\"@type\":\"EntryPoint\",\"urlTemplate\":\"https:\/\/www.gruppoliturgico.com\/es\/?s={search_term_string}\"},\"query-input\":\"required name=search_term_string\"}],\"inLanguage\":\"fr-FR\"},{\"@type\":\"Organization\",\"@id\":\"https:\/\/www.gruppoliturgico.com\/es\/#organization\",\"name\":\"Laboratorio Gruppo Liturgico\",\"url\":\"https:\/\/www.gruppoliturgico.com\/es\/\",\"logo\":{\"@type\":\"ImageObject\",\"inLanguage\":\"fr-FR\",\"@id\":\"https:\/\/www.gruppoliturgico.com\/es\/#\/schema\/logo\/image\/\",\"url\":\"https:\/\/www.gruppoliturgico.com\/wp-content\/uploads\/2022\/02\/logo-laboratoriogruppoliturgico.png\",\"contentUrl\":\"https:\/\/www.gruppoliturgico.com\/wp-content\/uploads\/2022\/02\/logo-laboratoriogruppoliturgico.png\",\"width\":400,\"height\":114,\"caption\":\"Laboratorio Gruppo Liturgico\"},\"image\":{\"@id\":\"https:\/\/www.gruppoliturgico.com\/es\/#\/schema\/logo\/image\/\"}}]}<\/script>\n<!-- \/ Yoast SEO plugin. -->","yoast_head_json":{"title":"chasuble - solennelles, broderie traditionnelles et Laboratorio Gruppo Liturgico","description":"Chasuble r\u00e9alis\u00e9e avec un tissu lamin\u00e9 or fin et doux, compos\u00e9 de fibres naturelles, viscose, lin, soie et 15% polyester. Pr\u00e9cieuses broderies sur les galons avant et arri\u00e8re et sur le col.  Pierres ornementales. Avec riche \u00e9tole avec broderie, franges dor\u00e9es nou\u00e9es \u00e0 la main.  Disponible dans les coloris Liturgiques.","robots":{"index":"index","follow":"follow","max-snippet":"max-snippet:-1","max-image-preview":"max-image-preview:large","max-video-preview":"max-video-preview:-1"},"canonical":"https:\/\/www.gruppoliturgico.com\/fr\/produit\/chasuble-44\/","og_locale":"fr_FR","og_type":"article","og_title":"chasuble - solennelles, broderie traditionnelles et Laboratorio Gruppo Liturgico","og_description":"Chasuble r\u00e9alis\u00e9e avec un tissu lamin\u00e9 or fin et doux, compos\u00e9 de fibres naturelles, viscose, lin, soie et 15% polyester. Pr\u00e9cieuses broderies sur les galons avant et arri\u00e8re et sur le col.  Pierres ornementales. Avec riche \u00e9tole avec broderie, franges dor\u00e9es nou\u00e9es \u00e0 la main.  Disponible dans les coloris Liturgiques.","og_url":"https:\/\/www.gruppoliturgico.com\/fr\/produit\/chasuble-44\/","og_site_name":"Laboratorio Gruppo Liturgico","article_modified_time":"2022-09-13T13:01:55+00:00","og_image":[{"width":1073,"height":2000,"url":"https:\/\/www.gruppoliturgico.com\/wp-content\/uploads\/2022\/05\/3851-bianco_inPixio.jpg","type":"image\/jpeg"}],"twitter_card":"summary_large_image","schema":{"@context":"https:\/\/schema.org","@graph":[{"@type":"WebPage","@id":"https:\/\/www.gruppoliturgico.com\/fr\/produit\/chasuble-44\/","url":"https:\/\/www.gruppoliturgico.com\/fr\/produit\/chasuble-44\/","name":"chasuble - solennelles, broderie traditionnelles et Laboratorio Gruppo Liturgico","isPartOf":{"@id":"https:\/\/www.gruppoliturgico.com\/es\/#website"},"datePublished":"2022-05-20T00:04:32+00:00","dateModified":"2022-09-13T13:01:55+00:00","description":"Chasuble r\u00e9alis\u00e9e avec un tissu lamin\u00e9 or fin et doux, compos\u00e9 de fibres naturelles, viscose, lin, soie et 15% polyester. Pr\u00e9cieuses broderies sur les galons avant et arri\u00e8re et sur le col. Pierres ornementales. Avec riche \u00e9tole avec broderie, franges dor\u00e9es nou\u00e9es \u00e0 la main. Disponible dans les coloris Liturgiques.","breadcrumb":{"@id":"https:\/\/www.gruppoliturgico.com\/fr\/produit\/chasuble-44\/#breadcrumb"},"inLanguage":"fr-FR","potentialAction":[{"@type":"ReadAction","target":["https:\/\/www.gruppoliturgico.com\/fr\/produit\/chasuble-44\/"]}]},{"@type":"BreadcrumbList","@id":"https:\/\/www.gruppoliturgico.com\/fr\/produit\/chasuble-44\/#breadcrumb","itemListElement":[{"@type":"ListItem","position":1,"name":"Home","item":"https:\/\/www.gruppoliturgico.com\/fr\/"},{"@type":"ListItem","position":2,"name":"Boutique","item":"https:\/\/www.gruppoliturgico.com\/fr\/boutique\/"},{"@type":"ListItem","position":3,"name":"chasuble"}]},{"@type":"WebSite","@id":"https:\/\/www.gruppoliturgico.com\/es\/#website","url":"https:\/\/www.gruppoliturgico.com\/es\/","name":"Laboratorio Gruppo Liturgico","description":"Articoli Religiosi online","publisher":{"@id":"https:\/\/www.gruppoliturgico.com\/es\/#organization"},"potentialAction":[{"@type":"SearchAction","target":{"@type":"EntryPoint","urlTemplate":"https:\/\/www.gruppoliturgico.com\/es\/?s={search_term_string}"},"query-input":"required name=search_term_string"}],"inLanguage":"fr-FR"},{"@type":"Organization","@id":"https:\/\/www.gruppoliturgico.com\/es\/#organization","name":"Laboratorio Gruppo Liturgico","url":"https:\/\/www.gruppoliturgico.com\/es\/","logo":{"@type":"ImageObject","inLanguage":"fr-FR","@id":"https:\/\/www.gruppoliturgico.com\/es\/#\/schema\/logo\/image\/","url":"https:\/\/www.gruppoliturgico.com\/wp-content\/uploads\/2022\/02\/logo-laboratoriogruppoliturgico.png","contentUrl":"https:\/\/www.gruppoliturgico.com\/wp-content\/uploads\/2022\/02\/logo-laboratoriogruppoliturgico.png","width":400,"height":114,"caption":"Laboratorio Gruppo Liturgico"},"image":{"@id":"https:\/\/www.gruppoliturgico.com\/es\/#\/schema\/logo\/image\/"}}]}},"_links":{"self":[{"href":"https:\/\/www.gruppoliturgico.com\/fr\/wp-json\/wp\/v2\/product\/66815"}],"collection":[{"href":"https:\/\/www.gruppoliturgico.com\/fr\/wp-json\/wp\/v2\/product"}],"about":[{"href":"https:\/\/www.gruppoliturgico.com\/fr\/wp-json\/wp\/v2\/types\/product"}],"wp:featuredmedia":[{"embeddable":true,"href":"https:\/\/www.gruppoliturgico.com\/fr\/wp-json\/wp\/v2\/media\/129054"}],"wp:attachment":[{"href":"https:\/\/www.gruppoliturgico.com\/fr\/wp-json\/wp\/v2\/media?parent=66815"}],"wp:term":[{"taxonomy":"product_cat","embeddable":true,"href":"https:\/\/www.gruppoliturgico.com\/fr\/wp-json\/wp\/v2\/product_cat?post=66815"},{"taxonomy":"product_tag","embeddable":true,"href":"https:\/\/www.gruppoliturgico.com\/fr\/wp-json\/wp\/v2\/product_tag?post=66815"}],"curies":[{"name":"wp","href":"https:\/\/api.w.org\/{rel}","templated":true}]}}