{"id":66783,"date":"2022-05-20T02:02:51","date_gmt":"2022-05-20T00:02:58","guid":{"rendered":"https:\/\/www.gruppoliturgico.com\/prodotto\/jesus-mort-cm-165\/"},"modified":"2022-10-29T17:39:48","modified_gmt":"2022-10-29T15:39:48","slug":"jesus-mort-cm-165","status":"publish","type":"product","link":"https:\/\/www.gruppoliturgico.com\/fr\/produit\/jesus-mort-cm-165\/","title":{"rendered":"J\u00e9sus Mort cm 165"},"content":{"rendered":"<html><body><p>Statue en fibre r\u00e9sine, peinte \u00e0 la main avec des couleurs \u00e0 l\u2019huile.<br>\nLe corps de J\u00e9sus Mort est plac\u00e9 sur une chaise \u00e0 porteurs avec laquelle il forme une structure unique.<br>\nDimensions cm 165 x 68 x 45.<\/p>\n<\/body><\/html>","protected":false},"excerpt":{"rendered":"<p>Statue en fibre r\u00e9sine, peinte \u00e0 la main avec des couleurs \u00e0 l\u2019huile.<br \/>\nLe corps de J\u00e9sus Mort est plac\u00e9 sur une chaise \u00e0 porteurs avec laquelle il forme une structure unique.<br \/>\nDimensions cm 165 x 68 x 45.<\/p>\n","protected":false},"featured_media":77118,"template":"","meta":[],"product_cat":[12552],"product_tag":[],"yoast_head":"<!-- This site is optimized with the Yoast SEO plugin v20.4 - https:\/\/yoast.com\/wordpress\/plugins\/seo\/ -->\n<title>J\u00e9sus Mort cm 165 - J\u00e9sus Mort et Laboratorio Gruppo Liturgico<\/title>\n<meta name=\"description\" content=\"Statue en fibre r\u00e9sine, peinte \u00e0 la main avec des couleurs \u00e0 l\u2019huile. Le corps de J\u00e9sus Mort est plac\u00e9 sur une chaise \u00e0 porteurs avec laquelle il forme une structure unique. Dimensions cm 165 x 68 x 45.\" \/>\n<meta name=\"robots\" content=\"index, follow, max-snippet:-1, max-image-preview:large, max-video-preview:-1\" \/>\n<link rel=\"canonical\" href=\"https:\/\/www.gruppoliturgico.com\/fr\/produit\/jesus-mort-cm-165\/\" \/>\n<meta property=\"og:locale\" content=\"fr_FR\" \/>\n<meta property=\"og:type\" content=\"article\" \/>\n<meta property=\"og:title\" content=\"J\u00e9sus Mort cm 165 - J\u00e9sus Mort et Laboratorio Gruppo Liturgico\" \/>\n<meta property=\"og:description\" content=\"Statue en fibre r\u00e9sine, peinte \u00e0 la main avec des couleurs \u00e0 l\u2019huile. Le corps de J\u00e9sus Mort est plac\u00e9 sur une chaise \u00e0 porteurs avec laquelle il forme une structure unique. Dimensions cm 165 x 68 x 45.\" \/>\n<meta property=\"og:url\" content=\"https:\/\/www.gruppoliturgico.com\/fr\/produit\/jesus-mort-cm-165\/\" \/>\n<meta property=\"og:site_name\" content=\"Laboratorio Gruppo Liturgico\" \/>\n<meta property=\"article:modified_time\" content=\"2022-10-29T15:39:48+00:00\" \/>\n<meta property=\"og:image\" content=\"https:\/\/www.gruppoliturgico.com\/wp-content\/uploads\/2022\/05\/cristo20morto20cm2016520x206820x2045_1.jpg\" \/>\n\t<meta property=\"og:image:width\" content=\"1500\" \/>\n\t<meta property=\"og:image:height\" content=\"695\" \/>\n\t<meta property=\"og:image:type\" content=\"image\/jpeg\" \/>\n<meta name=\"twitter:card\" content=\"summary_large_image\" \/>\n<script type=\"application\/ld+json\" class=\"yoast-schema-graph\">{\"@context\":\"https:\/\/schema.org\",\"@graph\":[{\"@type\":\"WebPage\",\"@id\":\"https:\/\/www.gruppoliturgico.com\/fr\/produit\/jesus-mort-cm-165\/\",\"url\":\"https:\/\/www.gruppoliturgico.com\/fr\/produit\/jesus-mort-cm-165\/\",\"name\":\"J\u00e9sus Mort cm 165 - J\u00e9sus Mort et Laboratorio Gruppo Liturgico\",\"isPartOf\":{\"@id\":\"https:\/\/www.gruppoliturgico.com\/es\/#website\"},\"datePublished\":\"2022-05-20T00:02:58+00:00\",\"dateModified\":\"2022-10-29T15:39:48+00:00\",\"description\":\"Statue en fibre r\u00e9sine, peinte \u00e0 la main avec des couleurs \u00e0 l\u2019huile. Le corps de J\u00e9sus Mort est plac\u00e9 sur une chaise \u00e0 porteurs avec laquelle il forme une structure unique. Dimensions cm 165 x 68 x 45.\",\"breadcrumb\":{\"@id\":\"https:\/\/www.gruppoliturgico.com\/fr\/produit\/jesus-mort-cm-165\/#breadcrumb\"},\"inLanguage\":\"fr-FR\",\"potentialAction\":[{\"@type\":\"ReadAction\",\"target\":[\"https:\/\/www.gruppoliturgico.com\/fr\/produit\/jesus-mort-cm-165\/\"]}]},{\"@type\":\"BreadcrumbList\",\"@id\":\"https:\/\/www.gruppoliturgico.com\/fr\/produit\/jesus-mort-cm-165\/#breadcrumb\",\"itemListElement\":[{\"@type\":\"ListItem\",\"position\":1,\"name\":\"Home\",\"item\":\"https:\/\/www.gruppoliturgico.com\/fr\/\"},{\"@type\":\"ListItem\",\"position\":2,\"name\":\"Boutique\",\"item\":\"https:\/\/www.gruppoliturgico.com\/fr\/boutique\/\"},{\"@type\":\"ListItem\",\"position\":3,\"name\":\"J\u00e9sus Mort cm 165\"}]},{\"@type\":\"WebSite\",\"@id\":\"https:\/\/www.gruppoliturgico.com\/es\/#website\",\"url\":\"https:\/\/www.gruppoliturgico.com\/es\/\",\"name\":\"Laboratorio Gruppo Liturgico\",\"description\":\"Articoli Religiosi online\",\"publisher\":{\"@id\":\"https:\/\/www.gruppoliturgico.com\/es\/#organization\"},\"potentialAction\":[{\"@type\":\"SearchAction\",\"target\":{\"@type\":\"EntryPoint\",\"urlTemplate\":\"https:\/\/www.gruppoliturgico.com\/es\/?s={search_term_string}\"},\"query-input\":\"required name=search_term_string\"}],\"inLanguage\":\"fr-FR\"},{\"@type\":\"Organization\",\"@id\":\"https:\/\/www.gruppoliturgico.com\/es\/#organization\",\"name\":\"Laboratorio Gruppo Liturgico\",\"url\":\"https:\/\/www.gruppoliturgico.com\/es\/\",\"logo\":{\"@type\":\"ImageObject\",\"inLanguage\":\"fr-FR\",\"@id\":\"https:\/\/www.gruppoliturgico.com\/es\/#\/schema\/logo\/image\/\",\"url\":\"https:\/\/www.gruppoliturgico.com\/wp-content\/uploads\/2022\/02\/logo-laboratoriogruppoliturgico.png\",\"contentUrl\":\"https:\/\/www.gruppoliturgico.com\/wp-content\/uploads\/2022\/02\/logo-laboratoriogruppoliturgico.png\",\"width\":400,\"height\":114,\"caption\":\"Laboratorio Gruppo Liturgico\"},\"image\":{\"@id\":\"https:\/\/www.gruppoliturgico.com\/es\/#\/schema\/logo\/image\/\"}}]}<\/script>\n<!-- \/ Yoast SEO plugin. -->","yoast_head_json":{"title":"J\u00e9sus Mort cm 165 - J\u00e9sus Mort et Laboratorio Gruppo Liturgico","description":"Statue en fibre r\u00e9sine, peinte \u00e0 la main avec des couleurs \u00e0 l\u2019huile. Le corps de J\u00e9sus Mort est plac\u00e9 sur une chaise \u00e0 porteurs avec laquelle il forme une structure unique. Dimensions cm 165 x 68 x 45.","robots":{"index":"index","follow":"follow","max-snippet":"max-snippet:-1","max-image-preview":"max-image-preview:large","max-video-preview":"max-video-preview:-1"},"canonical":"https:\/\/www.gruppoliturgico.com\/fr\/produit\/jesus-mort-cm-165\/","og_locale":"fr_FR","og_type":"article","og_title":"J\u00e9sus Mort cm 165 - J\u00e9sus Mort et Laboratorio Gruppo Liturgico","og_description":"Statue en fibre r\u00e9sine, peinte \u00e0 la main avec des couleurs \u00e0 l\u2019huile. Le corps de J\u00e9sus Mort est plac\u00e9 sur une chaise \u00e0 porteurs avec laquelle il forme une structure unique. Dimensions cm 165 x 68 x 45.","og_url":"https:\/\/www.gruppoliturgico.com\/fr\/produit\/jesus-mort-cm-165\/","og_site_name":"Laboratorio Gruppo Liturgico","article_modified_time":"2022-10-29T15:39:48+00:00","og_image":[{"width":1500,"height":695,"url":"https:\/\/www.gruppoliturgico.com\/wp-content\/uploads\/2022\/05\/cristo20morto20cm2016520x206820x2045_1.jpg","type":"image\/jpeg"}],"twitter_card":"summary_large_image","schema":{"@context":"https:\/\/schema.org","@graph":[{"@type":"WebPage","@id":"https:\/\/www.gruppoliturgico.com\/fr\/produit\/jesus-mort-cm-165\/","url":"https:\/\/www.gruppoliturgico.com\/fr\/produit\/jesus-mort-cm-165\/","name":"J\u00e9sus Mort cm 165 - J\u00e9sus Mort et Laboratorio Gruppo Liturgico","isPartOf":{"@id":"https:\/\/www.gruppoliturgico.com\/es\/#website"},"datePublished":"2022-05-20T00:02:58+00:00","dateModified":"2022-10-29T15:39:48+00:00","description":"Statue en fibre r\u00e9sine, peinte \u00e0 la main avec des couleurs \u00e0 l\u2019huile. Le corps de J\u00e9sus Mort est plac\u00e9 sur une chaise \u00e0 porteurs avec laquelle il forme une structure unique. Dimensions cm 165 x 68 x 45.","breadcrumb":{"@id":"https:\/\/www.gruppoliturgico.com\/fr\/produit\/jesus-mort-cm-165\/#breadcrumb"},"inLanguage":"fr-FR","potentialAction":[{"@type":"ReadAction","target":["https:\/\/www.gruppoliturgico.com\/fr\/produit\/jesus-mort-cm-165\/"]}]},{"@type":"BreadcrumbList","@id":"https:\/\/www.gruppoliturgico.com\/fr\/produit\/jesus-mort-cm-165\/#breadcrumb","itemListElement":[{"@type":"ListItem","position":1,"name":"Home","item":"https:\/\/www.gruppoliturgico.com\/fr\/"},{"@type":"ListItem","position":2,"name":"Boutique","item":"https:\/\/www.gruppoliturgico.com\/fr\/boutique\/"},{"@type":"ListItem","position":3,"name":"J\u00e9sus Mort cm 165"}]},{"@type":"WebSite","@id":"https:\/\/www.gruppoliturgico.com\/es\/#website","url":"https:\/\/www.gruppoliturgico.com\/es\/","name":"Laboratorio Gruppo Liturgico","description":"Articoli Religiosi online","publisher":{"@id":"https:\/\/www.gruppoliturgico.com\/es\/#organization"},"potentialAction":[{"@type":"SearchAction","target":{"@type":"EntryPoint","urlTemplate":"https:\/\/www.gruppoliturgico.com\/es\/?s={search_term_string}"},"query-input":"required name=search_term_string"}],"inLanguage":"fr-FR"},{"@type":"Organization","@id":"https:\/\/www.gruppoliturgico.com\/es\/#organization","name":"Laboratorio Gruppo Liturgico","url":"https:\/\/www.gruppoliturgico.com\/es\/","logo":{"@type":"ImageObject","inLanguage":"fr-FR","@id":"https:\/\/www.gruppoliturgico.com\/es\/#\/schema\/logo\/image\/","url":"https:\/\/www.gruppoliturgico.com\/wp-content\/uploads\/2022\/02\/logo-laboratoriogruppoliturgico.png","contentUrl":"https:\/\/www.gruppoliturgico.com\/wp-content\/uploads\/2022\/02\/logo-laboratoriogruppoliturgico.png","width":400,"height":114,"caption":"Laboratorio Gruppo Liturgico"},"image":{"@id":"https:\/\/www.gruppoliturgico.com\/es\/#\/schema\/logo\/image\/"}}]}},"_links":{"self":[{"href":"https:\/\/www.gruppoliturgico.com\/fr\/wp-json\/wp\/v2\/product\/66783"}],"collection":[{"href":"https:\/\/www.gruppoliturgico.com\/fr\/wp-json\/wp\/v2\/product"}],"about":[{"href":"https:\/\/www.gruppoliturgico.com\/fr\/wp-json\/wp\/v2\/types\/product"}],"wp:featuredmedia":[{"embeddable":true,"href":"https:\/\/www.gruppoliturgico.com\/fr\/wp-json\/wp\/v2\/media\/77118"}],"wp:attachment":[{"href":"https:\/\/www.gruppoliturgico.com\/fr\/wp-json\/wp\/v2\/media?parent=66783"}],"wp:term":[{"taxonomy":"product_cat","embeddable":true,"href":"https:\/\/www.gruppoliturgico.com\/fr\/wp-json\/wp\/v2\/product_cat?post=66783"},{"taxonomy":"product_tag","embeddable":true,"href":"https:\/\/www.gruppoliturgico.com\/fr\/wp-json\/wp\/v2\/product_tag?post=66783"}],"curies":[{"name":"wp","href":"https:\/\/api.w.org\/{rel}","templated":true}]}}