{"id":66759,"date":"2022-05-20T02:01:41","date_gmt":"2022-05-20T00:01:48","guid":{"rendered":"https:\/\/www.gruppoliturgico.com\/prodotto\/etole-24\/"},"modified":"2022-08-24T16:48:00","modified_gmt":"2022-08-24T14:48:00","slug":"etole-24","status":"publish","type":"product","link":"https:\/\/www.gruppoliturgico.com\/fr\/produit\/etole-24\/","title":{"rendered":"\u00e9tole"},"content":{"rendered":"<html><body><p>Etole en tissu m\u00e9tis dans une d\u00e9licate nuance de bleu.<br>\nLe tissu et la broderie sont r\u00e9alis\u00e9s \u00e0 la main avec un m\u00e9tier \u00e0 tisser.<br>\nD\u2019un c\u00f4t\u00e9 on retrouve la broderie de Notre-Dame de Lourdes de l\u2019autre un symbole marial.<\/p>\n<\/body><\/html>","protected":false},"excerpt":{"rendered":"<p>Etole en tissu m\u00e9tis dans une d\u00e9licate nuance de bleu.<br \/>\nLe tissu et la broderie sont r\u00e9alis\u00e9s \u00e0 la main avec un m\u00e9tier \u00e0 tisser.<br \/>\nD&rsquo;un c\u00f4t\u00e9 on retrouve la broderie de Notre-Dame de Lourdes de l&rsquo;autre un symbole marial.<\/p>\n","protected":false},"featured_media":77094,"template":"","meta":[],"product_cat":[12316],"product_tag":[15301],"yoast_head":"<!-- This site is optimized with the Yoast SEO plugin v20.4 - https:\/\/yoast.com\/wordpress\/plugins\/seo\/ -->\n<title>\u00e9tole - mariales et Laboratorio Gruppo Liturgico<\/title>\n<meta name=\"description\" content=\"Etole en tissu m\u00e9tis dans une d\u00e9licate nuance de bleu. Le tissu et la broderie sont r\u00e9alis\u00e9s \u00e0 la main avec un m\u00e9tier \u00e0 tisser. D&#039;un c\u00f4t\u00e9 on retrouve la broderie de Notre-Dame de Lourdes de l&#039;autre un symbole marial.\" \/>\n<meta name=\"robots\" content=\"index, follow, max-snippet:-1, max-image-preview:large, max-video-preview:-1\" \/>\n<link rel=\"canonical\" href=\"https:\/\/www.gruppoliturgico.com\/fr\/produit\/etole-24\/\" \/>\n<meta property=\"og:locale\" content=\"fr_FR\" \/>\n<meta property=\"og:type\" content=\"article\" \/>\n<meta property=\"og:title\" content=\"\u00e9tole - mariales et Laboratorio Gruppo Liturgico\" \/>\n<meta property=\"og:description\" content=\"Etole en tissu m\u00e9tis dans une d\u00e9licate nuance de bleu. Le tissu et la broderie sont r\u00e9alis\u00e9s \u00e0 la main avec un m\u00e9tier \u00e0 tisser. D&#039;un c\u00f4t\u00e9 on retrouve la broderie de Notre-Dame de Lourdes de l&#039;autre un symbole marial.\" \/>\n<meta property=\"og:url\" content=\"https:\/\/www.gruppoliturgico.com\/fr\/produit\/etole-24\/\" \/>\n<meta property=\"og:site_name\" content=\"Laboratorio Gruppo Liturgico\" \/>\n<meta property=\"article:modified_time\" content=\"2022-08-24T14:48:00+00:00\" \/>\n<meta property=\"og:image\" content=\"https:\/\/www.gruppoliturgico.com\/wp-content\/uploads\/2022\/05\/1169_0.jpg\" \/>\n\t<meta property=\"og:image:width\" content=\"391\" \/>\n\t<meta property=\"og:image:height\" content=\"1500\" \/>\n\t<meta property=\"og:image:type\" content=\"image\/jpeg\" \/>\n<meta name=\"twitter:card\" content=\"summary_large_image\" \/>\n<meta name=\"twitter:label1\" content=\"Dur\u00e9e de lecture estim\u00e9e\" \/>\n\t<meta name=\"twitter:data1\" content=\"1 minute\" \/>\n<script type=\"application\/ld+json\" class=\"yoast-schema-graph\">{\"@context\":\"https:\/\/schema.org\",\"@graph\":[{\"@type\":\"WebPage\",\"@id\":\"https:\/\/www.gruppoliturgico.com\/fr\/produit\/etole-24\/\",\"url\":\"https:\/\/www.gruppoliturgico.com\/fr\/produit\/etole-24\/\",\"name\":\"\u00e9tole - mariales et Laboratorio Gruppo Liturgico\",\"isPartOf\":{\"@id\":\"https:\/\/www.gruppoliturgico.com\/es\/#website\"},\"datePublished\":\"2022-05-20T00:01:48+00:00\",\"dateModified\":\"2022-08-24T14:48:00+00:00\",\"description\":\"Etole en tissu m\u00e9tis dans une d\u00e9licate nuance de bleu. Le tissu et la broderie sont r\u00e9alis\u00e9s \u00e0 la main avec un m\u00e9tier \u00e0 tisser. D'un c\u00f4t\u00e9 on retrouve la broderie de Notre-Dame de Lourdes de l'autre un symbole marial.\",\"breadcrumb\":{\"@id\":\"https:\/\/www.gruppoliturgico.com\/fr\/produit\/etole-24\/#breadcrumb\"},\"inLanguage\":\"fr-FR\",\"potentialAction\":[{\"@type\":\"ReadAction\",\"target\":[\"https:\/\/www.gruppoliturgico.com\/fr\/produit\/etole-24\/\"]}]},{\"@type\":\"BreadcrumbList\",\"@id\":\"https:\/\/www.gruppoliturgico.com\/fr\/produit\/etole-24\/#breadcrumb\",\"itemListElement\":[{\"@type\":\"ListItem\",\"position\":1,\"name\":\"Home\",\"item\":\"https:\/\/www.gruppoliturgico.com\/fr\/\"},{\"@type\":\"ListItem\",\"position\":2,\"name\":\"Boutique\",\"item\":\"https:\/\/www.gruppoliturgico.com\/fr\/boutique\/\"},{\"@type\":\"ListItem\",\"position\":3,\"name\":\"\u00e9tole\"}]},{\"@type\":\"WebSite\",\"@id\":\"https:\/\/www.gruppoliturgico.com\/es\/#website\",\"url\":\"https:\/\/www.gruppoliturgico.com\/es\/\",\"name\":\"Laboratorio Gruppo Liturgico\",\"description\":\"Articoli Religiosi online\",\"publisher\":{\"@id\":\"https:\/\/www.gruppoliturgico.com\/es\/#organization\"},\"potentialAction\":[{\"@type\":\"SearchAction\",\"target\":{\"@type\":\"EntryPoint\",\"urlTemplate\":\"https:\/\/www.gruppoliturgico.com\/es\/?s={search_term_string}\"},\"query-input\":\"required name=search_term_string\"}],\"inLanguage\":\"fr-FR\"},{\"@type\":\"Organization\",\"@id\":\"https:\/\/www.gruppoliturgico.com\/es\/#organization\",\"name\":\"Laboratorio Gruppo Liturgico\",\"url\":\"https:\/\/www.gruppoliturgico.com\/es\/\",\"logo\":{\"@type\":\"ImageObject\",\"inLanguage\":\"fr-FR\",\"@id\":\"https:\/\/www.gruppoliturgico.com\/es\/#\/schema\/logo\/image\/\",\"url\":\"https:\/\/www.gruppoliturgico.com\/wp-content\/uploads\/2022\/02\/logo-laboratoriogruppoliturgico.png\",\"contentUrl\":\"https:\/\/www.gruppoliturgico.com\/wp-content\/uploads\/2022\/02\/logo-laboratoriogruppoliturgico.png\",\"width\":400,\"height\":114,\"caption\":\"Laboratorio Gruppo Liturgico\"},\"image\":{\"@id\":\"https:\/\/www.gruppoliturgico.com\/es\/#\/schema\/logo\/image\/\"}}]}<\/script>\n<!-- \/ Yoast SEO plugin. -->","yoast_head_json":{"title":"\u00e9tole - mariales et Laboratorio Gruppo Liturgico","description":"Etole en tissu m\u00e9tis dans une d\u00e9licate nuance de bleu. Le tissu et la broderie sont r\u00e9alis\u00e9s \u00e0 la main avec un m\u00e9tier \u00e0 tisser. D'un c\u00f4t\u00e9 on retrouve la broderie de Notre-Dame de Lourdes de l'autre un symbole marial.","robots":{"index":"index","follow":"follow","max-snippet":"max-snippet:-1","max-image-preview":"max-image-preview:large","max-video-preview":"max-video-preview:-1"},"canonical":"https:\/\/www.gruppoliturgico.com\/fr\/produit\/etole-24\/","og_locale":"fr_FR","og_type":"article","og_title":"\u00e9tole - mariales et Laboratorio Gruppo Liturgico","og_description":"Etole en tissu m\u00e9tis dans une d\u00e9licate nuance de bleu. Le tissu et la broderie sont r\u00e9alis\u00e9s \u00e0 la main avec un m\u00e9tier \u00e0 tisser. D'un c\u00f4t\u00e9 on retrouve la broderie de Notre-Dame de Lourdes de l'autre un symbole marial.","og_url":"https:\/\/www.gruppoliturgico.com\/fr\/produit\/etole-24\/","og_site_name":"Laboratorio Gruppo Liturgico","article_modified_time":"2022-08-24T14:48:00+00:00","og_image":[{"width":391,"height":1500,"url":"https:\/\/www.gruppoliturgico.com\/wp-content\/uploads\/2022\/05\/1169_0.jpg","type":"image\/jpeg"}],"twitter_card":"summary_large_image","twitter_misc":{"Dur\u00e9e de lecture estim\u00e9e":"1 minute"},"schema":{"@context":"https:\/\/schema.org","@graph":[{"@type":"WebPage","@id":"https:\/\/www.gruppoliturgico.com\/fr\/produit\/etole-24\/","url":"https:\/\/www.gruppoliturgico.com\/fr\/produit\/etole-24\/","name":"\u00e9tole - mariales et Laboratorio Gruppo Liturgico","isPartOf":{"@id":"https:\/\/www.gruppoliturgico.com\/es\/#website"},"datePublished":"2022-05-20T00:01:48+00:00","dateModified":"2022-08-24T14:48:00+00:00","description":"Etole en tissu m\u00e9tis dans une d\u00e9licate nuance de bleu. Le tissu et la broderie sont r\u00e9alis\u00e9s \u00e0 la main avec un m\u00e9tier \u00e0 tisser. D'un c\u00f4t\u00e9 on retrouve la broderie de Notre-Dame de Lourdes de l'autre un symbole marial.","breadcrumb":{"@id":"https:\/\/www.gruppoliturgico.com\/fr\/produit\/etole-24\/#breadcrumb"},"inLanguage":"fr-FR","potentialAction":[{"@type":"ReadAction","target":["https:\/\/www.gruppoliturgico.com\/fr\/produit\/etole-24\/"]}]},{"@type":"BreadcrumbList","@id":"https:\/\/www.gruppoliturgico.com\/fr\/produit\/etole-24\/#breadcrumb","itemListElement":[{"@type":"ListItem","position":1,"name":"Home","item":"https:\/\/www.gruppoliturgico.com\/fr\/"},{"@type":"ListItem","position":2,"name":"Boutique","item":"https:\/\/www.gruppoliturgico.com\/fr\/boutique\/"},{"@type":"ListItem","position":3,"name":"\u00e9tole"}]},{"@type":"WebSite","@id":"https:\/\/www.gruppoliturgico.com\/es\/#website","url":"https:\/\/www.gruppoliturgico.com\/es\/","name":"Laboratorio Gruppo Liturgico","description":"Articoli Religiosi online","publisher":{"@id":"https:\/\/www.gruppoliturgico.com\/es\/#organization"},"potentialAction":[{"@type":"SearchAction","target":{"@type":"EntryPoint","urlTemplate":"https:\/\/www.gruppoliturgico.com\/es\/?s={search_term_string}"},"query-input":"required name=search_term_string"}],"inLanguage":"fr-FR"},{"@type":"Organization","@id":"https:\/\/www.gruppoliturgico.com\/es\/#organization","name":"Laboratorio Gruppo Liturgico","url":"https:\/\/www.gruppoliturgico.com\/es\/","logo":{"@type":"ImageObject","inLanguage":"fr-FR","@id":"https:\/\/www.gruppoliturgico.com\/es\/#\/schema\/logo\/image\/","url":"https:\/\/www.gruppoliturgico.com\/wp-content\/uploads\/2022\/02\/logo-laboratoriogruppoliturgico.png","contentUrl":"https:\/\/www.gruppoliturgico.com\/wp-content\/uploads\/2022\/02\/logo-laboratoriogruppoliturgico.png","width":400,"height":114,"caption":"Laboratorio Gruppo Liturgico"},"image":{"@id":"https:\/\/www.gruppoliturgico.com\/es\/#\/schema\/logo\/image\/"}}]}},"_links":{"self":[{"href":"https:\/\/www.gruppoliturgico.com\/fr\/wp-json\/wp\/v2\/product\/66759"}],"collection":[{"href":"https:\/\/www.gruppoliturgico.com\/fr\/wp-json\/wp\/v2\/product"}],"about":[{"href":"https:\/\/www.gruppoliturgico.com\/fr\/wp-json\/wp\/v2\/types\/product"}],"wp:featuredmedia":[{"embeddable":true,"href":"https:\/\/www.gruppoliturgico.com\/fr\/wp-json\/wp\/v2\/media\/77094"}],"wp:attachment":[{"href":"https:\/\/www.gruppoliturgico.com\/fr\/wp-json\/wp\/v2\/media?parent=66759"}],"wp:term":[{"taxonomy":"product_cat","embeddable":true,"href":"https:\/\/www.gruppoliturgico.com\/fr\/wp-json\/wp\/v2\/product_cat?post=66759"},{"taxonomy":"product_tag","embeddable":true,"href":"https:\/\/www.gruppoliturgico.com\/fr\/wp-json\/wp\/v2\/product_tag?post=66759"}],"curies":[{"name":"wp","href":"https:\/\/api.w.org\/{rel}","templated":true}]}}