{"id":66695,"date":"2022-05-20T01:58:25","date_gmt":"2022-05-19T23:58:31","guid":{"rendered":"https:\/\/www.gruppoliturgico.com\/prodotto\/chasuble-romaine-10\/"},"modified":"2022-05-20T09:45:02","modified_gmt":"2022-05-20T07:45:02","slug":"chasuble-romaine-10","status":"publish","type":"product","link":"https:\/\/www.gruppoliturgico.com\/fr\/produit\/chasuble-romaine-10\/","title":{"rendered":"Chasuble romaine"},"content":{"rendered":"<html><body><p>confectionn\u00e9e avec un tissu jacquard original.<br>\nLe tissage particulier de ce tissu est obtenu sur un m\u00e9tier sp\u00e9cial pour mettre en \u00e9vidence les d\u00e9corations dor\u00e9es, du type arabesque.<br>\nCompl\u00e8te d\u2019\u00e9tole.<\/p>\n<\/body><\/html>","protected":false},"excerpt":{"rendered":"<p>confectionn\u00e9e avec un tissu jacquard original.<br \/>\nLe tissage particulier de ce tissu est obtenu sur un m\u00e9tier sp\u00e9cial pour mettre en \u00e9vidence les d\u00e9corations dor\u00e9es, du type arabesque.<br \/>\nCompl\u00e8te d&rsquo;\u00e9tole.<\/p>\n","protected":false},"featured_media":137164,"template":"","meta":[],"product_cat":[],"product_tag":[],"yoast_head":"<!-- This site is optimized with the Yoast SEO plugin v20.4 - https:\/\/yoast.com\/wordpress\/plugins\/seo\/ -->\n<title>Chasuble romaine - et Laboratorio Gruppo Liturgico<\/title>\n<meta name=\"description\" content=\"confectionn\u00e9e avec un tissu jacquard original.  Le tissage particulier de ce tissu est obtenu sur un m\u00e9tier sp\u00e9cial pour mettre en \u00e9vidence les d\u00e9corations dor\u00e9es, du type arabesque. Compl\u00e8te d&#039;\u00e9tole.\" \/>\n<meta name=\"robots\" content=\"index, follow, max-snippet:-1, max-image-preview:large, max-video-preview:-1\" \/>\n<link rel=\"canonical\" href=\"https:\/\/www.gruppoliturgico.com\/fr\/produit\/chasuble-romaine-10\/\" \/>\n<meta property=\"og:locale\" content=\"fr_FR\" \/>\n<meta property=\"og:type\" content=\"article\" \/>\n<meta property=\"og:title\" content=\"Chasuble romaine - et Laboratorio Gruppo Liturgico\" \/>\n<meta property=\"og:description\" content=\"confectionn\u00e9e avec un tissu jacquard original.  Le tissage particulier de ce tissu est obtenu sur un m\u00e9tier sp\u00e9cial pour mettre en \u00e9vidence les d\u00e9corations dor\u00e9es, du type arabesque. Compl\u00e8te d&#039;\u00e9tole.\" \/>\n<meta property=\"og:url\" content=\"https:\/\/www.gruppoliturgico.com\/fr\/produit\/chasuble-romaine-10\/\" \/>\n<meta property=\"og:site_name\" content=\"Laboratorio Gruppo Liturgico\" \/>\n<meta property=\"article:modified_time\" content=\"2022-05-20T07:45:02+00:00\" \/>\n<meta property=\"og:image\" content=\"https:\/\/www.gruppoliturgico.com\/wp-content\/uploads\/2022\/05\/340320rosa_2.jpg\" \/>\n\t<meta property=\"og:image:width\" content=\"1022\" \/>\n\t<meta property=\"og:image:height\" content=\"1500\" \/>\n\t<meta property=\"og:image:type\" content=\"image\/jpeg\" \/>\n<meta name=\"twitter:card\" content=\"summary_large_image\" \/>\n<script type=\"application\/ld+json\" class=\"yoast-schema-graph\">{\"@context\":\"https:\/\/schema.org\",\"@graph\":[{\"@type\":\"WebPage\",\"@id\":\"https:\/\/www.gruppoliturgico.com\/fr\/produit\/chasuble-romaine-10\/\",\"url\":\"https:\/\/www.gruppoliturgico.com\/fr\/produit\/chasuble-romaine-10\/\",\"name\":\"Chasuble romaine - et Laboratorio Gruppo Liturgico\",\"isPartOf\":{\"@id\":\"https:\/\/www.gruppoliturgico.com\/es\/#website\"},\"datePublished\":\"2022-05-19T23:58:31+00:00\",\"dateModified\":\"2022-05-20T07:45:02+00:00\",\"description\":\"confectionn\u00e9e avec un tissu jacquard original. Le tissage particulier de ce tissu est obtenu sur un m\u00e9tier sp\u00e9cial pour mettre en \u00e9vidence les d\u00e9corations dor\u00e9es, du type arabesque. Compl\u00e8te d'\u00e9tole.\",\"breadcrumb\":{\"@id\":\"https:\/\/www.gruppoliturgico.com\/fr\/produit\/chasuble-romaine-10\/#breadcrumb\"},\"inLanguage\":\"fr-FR\",\"potentialAction\":[{\"@type\":\"ReadAction\",\"target\":[\"https:\/\/www.gruppoliturgico.com\/fr\/produit\/chasuble-romaine-10\/\"]}]},{\"@type\":\"BreadcrumbList\",\"@id\":\"https:\/\/www.gruppoliturgico.com\/fr\/produit\/chasuble-romaine-10\/#breadcrumb\",\"itemListElement\":[{\"@type\":\"ListItem\",\"position\":1,\"name\":\"Home\",\"item\":\"https:\/\/www.gruppoliturgico.com\/fr\/\"},{\"@type\":\"ListItem\",\"position\":2,\"name\":\"Boutique\",\"item\":\"https:\/\/www.gruppoliturgico.com\/fr\/boutique\/\"},{\"@type\":\"ListItem\",\"position\":3,\"name\":\"Chasuble romaine\"}]},{\"@type\":\"WebSite\",\"@id\":\"https:\/\/www.gruppoliturgico.com\/es\/#website\",\"url\":\"https:\/\/www.gruppoliturgico.com\/es\/\",\"name\":\"Laboratorio Gruppo Liturgico\",\"description\":\"Articoli Religiosi online\",\"publisher\":{\"@id\":\"https:\/\/www.gruppoliturgico.com\/es\/#organization\"},\"potentialAction\":[{\"@type\":\"SearchAction\",\"target\":{\"@type\":\"EntryPoint\",\"urlTemplate\":\"https:\/\/www.gruppoliturgico.com\/es\/?s={search_term_string}\"},\"query-input\":\"required name=search_term_string\"}],\"inLanguage\":\"fr-FR\"},{\"@type\":\"Organization\",\"@id\":\"https:\/\/www.gruppoliturgico.com\/es\/#organization\",\"name\":\"Laboratorio Gruppo Liturgico\",\"url\":\"https:\/\/www.gruppoliturgico.com\/es\/\",\"logo\":{\"@type\":\"ImageObject\",\"inLanguage\":\"fr-FR\",\"@id\":\"https:\/\/www.gruppoliturgico.com\/es\/#\/schema\/logo\/image\/\",\"url\":\"https:\/\/www.gruppoliturgico.com\/wp-content\/uploads\/2022\/02\/logo-laboratoriogruppoliturgico.png\",\"contentUrl\":\"https:\/\/www.gruppoliturgico.com\/wp-content\/uploads\/2022\/02\/logo-laboratoriogruppoliturgico.png\",\"width\":400,\"height\":114,\"caption\":\"Laboratorio Gruppo Liturgico\"},\"image\":{\"@id\":\"https:\/\/www.gruppoliturgico.com\/es\/#\/schema\/logo\/image\/\"}}]}<\/script>\n<!-- \/ Yoast SEO plugin. -->","yoast_head_json":{"title":"Chasuble romaine - et Laboratorio Gruppo Liturgico","description":"confectionn\u00e9e avec un tissu jacquard original.  Le tissage particulier de ce tissu est obtenu sur un m\u00e9tier sp\u00e9cial pour mettre en \u00e9vidence les d\u00e9corations dor\u00e9es, du type arabesque. Compl\u00e8te d'\u00e9tole.","robots":{"index":"index","follow":"follow","max-snippet":"max-snippet:-1","max-image-preview":"max-image-preview:large","max-video-preview":"max-video-preview:-1"},"canonical":"https:\/\/www.gruppoliturgico.com\/fr\/produit\/chasuble-romaine-10\/","og_locale":"fr_FR","og_type":"article","og_title":"Chasuble romaine - et Laboratorio Gruppo Liturgico","og_description":"confectionn\u00e9e avec un tissu jacquard original.  Le tissage particulier de ce tissu est obtenu sur un m\u00e9tier sp\u00e9cial pour mettre en \u00e9vidence les d\u00e9corations dor\u00e9es, du type arabesque. Compl\u00e8te d'\u00e9tole.","og_url":"https:\/\/www.gruppoliturgico.com\/fr\/produit\/chasuble-romaine-10\/","og_site_name":"Laboratorio Gruppo Liturgico","article_modified_time":"2022-05-20T07:45:02+00:00","og_image":[{"width":1022,"height":1500,"url":"https:\/\/www.gruppoliturgico.com\/wp-content\/uploads\/2022\/05\/340320rosa_2.jpg","type":"image\/jpeg"}],"twitter_card":"summary_large_image","schema":{"@context":"https:\/\/schema.org","@graph":[{"@type":"WebPage","@id":"https:\/\/www.gruppoliturgico.com\/fr\/produit\/chasuble-romaine-10\/","url":"https:\/\/www.gruppoliturgico.com\/fr\/produit\/chasuble-romaine-10\/","name":"Chasuble romaine - et Laboratorio Gruppo Liturgico","isPartOf":{"@id":"https:\/\/www.gruppoliturgico.com\/es\/#website"},"datePublished":"2022-05-19T23:58:31+00:00","dateModified":"2022-05-20T07:45:02+00:00","description":"confectionn\u00e9e avec un tissu jacquard original. Le tissage particulier de ce tissu est obtenu sur un m\u00e9tier sp\u00e9cial pour mettre en \u00e9vidence les d\u00e9corations dor\u00e9es, du type arabesque. Compl\u00e8te d'\u00e9tole.","breadcrumb":{"@id":"https:\/\/www.gruppoliturgico.com\/fr\/produit\/chasuble-romaine-10\/#breadcrumb"},"inLanguage":"fr-FR","potentialAction":[{"@type":"ReadAction","target":["https:\/\/www.gruppoliturgico.com\/fr\/produit\/chasuble-romaine-10\/"]}]},{"@type":"BreadcrumbList","@id":"https:\/\/www.gruppoliturgico.com\/fr\/produit\/chasuble-romaine-10\/#breadcrumb","itemListElement":[{"@type":"ListItem","position":1,"name":"Home","item":"https:\/\/www.gruppoliturgico.com\/fr\/"},{"@type":"ListItem","position":2,"name":"Boutique","item":"https:\/\/www.gruppoliturgico.com\/fr\/boutique\/"},{"@type":"ListItem","position":3,"name":"Chasuble romaine"}]},{"@type":"WebSite","@id":"https:\/\/www.gruppoliturgico.com\/es\/#website","url":"https:\/\/www.gruppoliturgico.com\/es\/","name":"Laboratorio Gruppo Liturgico","description":"Articoli Religiosi online","publisher":{"@id":"https:\/\/www.gruppoliturgico.com\/es\/#organization"},"potentialAction":[{"@type":"SearchAction","target":{"@type":"EntryPoint","urlTemplate":"https:\/\/www.gruppoliturgico.com\/es\/?s={search_term_string}"},"query-input":"required name=search_term_string"}],"inLanguage":"fr-FR"},{"@type":"Organization","@id":"https:\/\/www.gruppoliturgico.com\/es\/#organization","name":"Laboratorio Gruppo Liturgico","url":"https:\/\/www.gruppoliturgico.com\/es\/","logo":{"@type":"ImageObject","inLanguage":"fr-FR","@id":"https:\/\/www.gruppoliturgico.com\/es\/#\/schema\/logo\/image\/","url":"https:\/\/www.gruppoliturgico.com\/wp-content\/uploads\/2022\/02\/logo-laboratoriogruppoliturgico.png","contentUrl":"https:\/\/www.gruppoliturgico.com\/wp-content\/uploads\/2022\/02\/logo-laboratoriogruppoliturgico.png","width":400,"height":114,"caption":"Laboratorio Gruppo Liturgico"},"image":{"@id":"https:\/\/www.gruppoliturgico.com\/es\/#\/schema\/logo\/image\/"}}]}},"_links":{"self":[{"href":"https:\/\/www.gruppoliturgico.com\/fr\/wp-json\/wp\/v2\/product\/66695"}],"collection":[{"href":"https:\/\/www.gruppoliturgico.com\/fr\/wp-json\/wp\/v2\/product"}],"about":[{"href":"https:\/\/www.gruppoliturgico.com\/fr\/wp-json\/wp\/v2\/types\/product"}],"wp:featuredmedia":[{"embeddable":true,"href":"https:\/\/www.gruppoliturgico.com\/fr\/wp-json\/wp\/v2\/media\/137164"}],"wp:attachment":[{"href":"https:\/\/www.gruppoliturgico.com\/fr\/wp-json\/wp\/v2\/media?parent=66695"}],"wp:term":[{"taxonomy":"product_cat","embeddable":true,"href":"https:\/\/www.gruppoliturgico.com\/fr\/wp-json\/wp\/v2\/product_cat?post=66695"},{"taxonomy":"product_tag","embeddable":true,"href":"https:\/\/www.gruppoliturgico.com\/fr\/wp-json\/wp\/v2\/product_tag?post=66695"}],"curies":[{"name":"wp","href":"https:\/\/api.w.org\/{rel}","templated":true}]}}