{"id":66623,"date":"2022-05-20T01:54:40","date_gmt":"2022-05-19T23:54:46","guid":{"rendered":"https:\/\/www.gruppoliturgico.com\/prodotto\/corps-de-jesus-crucifix\/"},"modified":"2024-02-05T16:49:27","modified_gmt":"2024-02-05T15:49:27","slug":"corps-de-jesus-crucifix","status":"publish","type":"product","link":"https:\/\/www.gruppoliturgico.com\/fr\/produit\/corps-de-jesus-crucifix\/","title":{"rendered":"Corps de Jesus crucifix cm 70"},"content":{"rendered":"<html><body><p>ouvrage en r\u00e9sine enti\u00e8rement d\u00e9cor\u00e9 \u00e0 la main.<br>\nDimensions<br>\nCorps cm 70<\/p>\n<\/body><\/html>","protected":false},"excerpt":{"rendered":"<p>ouvrage en r\u00e9sine enti\u00e8rement d\u00e9cor\u00e9 \u00e0 la main.<br \/>\nDimensions<br \/>\nCorps cm 70<\/p>\n","protected":false},"featured_media":133362,"template":"","meta":[],"product_cat":[15312],"product_tag":[],"yoast_head":"<!-- This site is optimized with the Yoast SEO plugin v20.4 - https:\/\/yoast.com\/wordpress\/plugins\/seo\/ -->\n<title>Corps de Jesus crucifix cm 70 - Crucifix en fibre resine et Laboratorio Gruppo Liturgico<\/title>\n<meta name=\"description\" content=\"ouvrage en r\u00e9sine enti\u00e8rement d\u00e9cor\u00e9 \u00e0 la main. Dimensions Corps cm 70\" \/>\n<meta name=\"robots\" content=\"index, follow, max-snippet:-1, max-image-preview:large, max-video-preview:-1\" \/>\n<link rel=\"canonical\" href=\"https:\/\/www.gruppoliturgico.com\/fr\/produit\/corps-de-jesus-crucifix\/\" \/>\n<meta property=\"og:locale\" content=\"fr_FR\" \/>\n<meta property=\"og:type\" content=\"article\" \/>\n<meta property=\"og:title\" content=\"Corps de Jesus crucifix cm 70 - Crucifix en fibre resine et Laboratorio Gruppo Liturgico\" \/>\n<meta property=\"og:description\" content=\"ouvrage en r\u00e9sine enti\u00e8rement d\u00e9cor\u00e9 \u00e0 la main. Dimensions Corps cm 70\" \/>\n<meta property=\"og:url\" content=\"https:\/\/www.gruppoliturgico.com\/fr\/produit\/corps-de-jesus-crucifix\/\" \/>\n<meta property=\"og:site_name\" content=\"Laboratorio Gruppo Liturgico\" \/>\n<meta property=\"article:modified_time\" content=\"2024-02-05T15:49:27+00:00\" \/>\n<meta property=\"og:image\" content=\"https:\/\/www.gruppoliturgico.com\/wp-content\/uploads\/2022\/05\/cm.7020Art.020-7020Tipo20M.jpg\" \/>\n\t<meta property=\"og:image:width\" content=\"1276\" \/>\n\t<meta property=\"og:image:height\" content=\"1500\" \/>\n\t<meta property=\"og:image:type\" content=\"image\/jpeg\" \/>\n<meta name=\"twitter:card\" content=\"summary_large_image\" \/>\n<script type=\"application\/ld+json\" class=\"yoast-schema-graph\">{\"@context\":\"https:\/\/schema.org\",\"@graph\":[{\"@type\":\"WebPage\",\"@id\":\"https:\/\/www.gruppoliturgico.com\/fr\/produit\/corps-de-jesus-crucifix\/\",\"url\":\"https:\/\/www.gruppoliturgico.com\/fr\/produit\/corps-de-jesus-crucifix\/\",\"name\":\"Corps de Jesus crucifix cm 70 - Crucifix en fibre resine et Laboratorio Gruppo Liturgico\",\"isPartOf\":{\"@id\":\"https:\/\/www.gruppoliturgico.com\/es\/#website\"},\"datePublished\":\"2022-05-19T23:54:46+00:00\",\"dateModified\":\"2024-02-05T15:49:27+00:00\",\"description\":\"ouvrage en r\u00e9sine enti\u00e8rement d\u00e9cor\u00e9 \u00e0 la main. Dimensions Corps cm 70\",\"breadcrumb\":{\"@id\":\"https:\/\/www.gruppoliturgico.com\/fr\/produit\/corps-de-jesus-crucifix\/#breadcrumb\"},\"inLanguage\":\"fr-FR\",\"potentialAction\":[{\"@type\":\"ReadAction\",\"target\":[\"https:\/\/www.gruppoliturgico.com\/fr\/produit\/corps-de-jesus-crucifix\/\"]}]},{\"@type\":\"BreadcrumbList\",\"@id\":\"https:\/\/www.gruppoliturgico.com\/fr\/produit\/corps-de-jesus-crucifix\/#breadcrumb\",\"itemListElement\":[{\"@type\":\"ListItem\",\"position\":1,\"name\":\"Home\",\"item\":\"https:\/\/www.gruppoliturgico.com\/fr\/\"},{\"@type\":\"ListItem\",\"position\":2,\"name\":\"Boutique\",\"item\":\"https:\/\/www.gruppoliturgico.com\/fr\/boutique\/\"},{\"@type\":\"ListItem\",\"position\":3,\"name\":\"Corps de Jesus crucifix cm 70\"}]},{\"@type\":\"WebSite\",\"@id\":\"https:\/\/www.gruppoliturgico.com\/es\/#website\",\"url\":\"https:\/\/www.gruppoliturgico.com\/es\/\",\"name\":\"Laboratorio Gruppo Liturgico\",\"description\":\"Articoli Religiosi online\",\"publisher\":{\"@id\":\"https:\/\/www.gruppoliturgico.com\/es\/#organization\"},\"potentialAction\":[{\"@type\":\"SearchAction\",\"target\":{\"@type\":\"EntryPoint\",\"urlTemplate\":\"https:\/\/www.gruppoliturgico.com\/es\/?s={search_term_string}\"},\"query-input\":\"required name=search_term_string\"}],\"inLanguage\":\"fr-FR\"},{\"@type\":\"Organization\",\"@id\":\"https:\/\/www.gruppoliturgico.com\/es\/#organization\",\"name\":\"Laboratorio Gruppo Liturgico\",\"url\":\"https:\/\/www.gruppoliturgico.com\/es\/\",\"logo\":{\"@type\":\"ImageObject\",\"inLanguage\":\"fr-FR\",\"@id\":\"https:\/\/www.gruppoliturgico.com\/es\/#\/schema\/logo\/image\/\",\"url\":\"https:\/\/www.gruppoliturgico.com\/wp-content\/uploads\/2022\/02\/logo-laboratoriogruppoliturgico.png\",\"contentUrl\":\"https:\/\/www.gruppoliturgico.com\/wp-content\/uploads\/2022\/02\/logo-laboratoriogruppoliturgico.png\",\"width\":400,\"height\":114,\"caption\":\"Laboratorio Gruppo Liturgico\"},\"image\":{\"@id\":\"https:\/\/www.gruppoliturgico.com\/es\/#\/schema\/logo\/image\/\"}}]}<\/script>\n<!-- \/ Yoast SEO plugin. -->","yoast_head_json":{"title":"Corps de Jesus crucifix cm 70 - Crucifix en fibre resine et Laboratorio Gruppo Liturgico","description":"ouvrage en r\u00e9sine enti\u00e8rement d\u00e9cor\u00e9 \u00e0 la main. Dimensions Corps cm 70","robots":{"index":"index","follow":"follow","max-snippet":"max-snippet:-1","max-image-preview":"max-image-preview:large","max-video-preview":"max-video-preview:-1"},"canonical":"https:\/\/www.gruppoliturgico.com\/fr\/produit\/corps-de-jesus-crucifix\/","og_locale":"fr_FR","og_type":"article","og_title":"Corps de Jesus crucifix cm 70 - Crucifix en fibre resine et Laboratorio Gruppo Liturgico","og_description":"ouvrage en r\u00e9sine enti\u00e8rement d\u00e9cor\u00e9 \u00e0 la main. Dimensions Corps cm 70","og_url":"https:\/\/www.gruppoliturgico.com\/fr\/produit\/corps-de-jesus-crucifix\/","og_site_name":"Laboratorio Gruppo Liturgico","article_modified_time":"2024-02-05T15:49:27+00:00","og_image":[{"width":1276,"height":1500,"url":"https:\/\/www.gruppoliturgico.com\/wp-content\/uploads\/2022\/05\/cm.7020Art.020-7020Tipo20M.jpg","type":"image\/jpeg"}],"twitter_card":"summary_large_image","schema":{"@context":"https:\/\/schema.org","@graph":[{"@type":"WebPage","@id":"https:\/\/www.gruppoliturgico.com\/fr\/produit\/corps-de-jesus-crucifix\/","url":"https:\/\/www.gruppoliturgico.com\/fr\/produit\/corps-de-jesus-crucifix\/","name":"Corps de Jesus crucifix cm 70 - Crucifix en fibre resine et Laboratorio Gruppo Liturgico","isPartOf":{"@id":"https:\/\/www.gruppoliturgico.com\/es\/#website"},"datePublished":"2022-05-19T23:54:46+00:00","dateModified":"2024-02-05T15:49:27+00:00","description":"ouvrage en r\u00e9sine enti\u00e8rement d\u00e9cor\u00e9 \u00e0 la main. Dimensions Corps cm 70","breadcrumb":{"@id":"https:\/\/www.gruppoliturgico.com\/fr\/produit\/corps-de-jesus-crucifix\/#breadcrumb"},"inLanguage":"fr-FR","potentialAction":[{"@type":"ReadAction","target":["https:\/\/www.gruppoliturgico.com\/fr\/produit\/corps-de-jesus-crucifix\/"]}]},{"@type":"BreadcrumbList","@id":"https:\/\/www.gruppoliturgico.com\/fr\/produit\/corps-de-jesus-crucifix\/#breadcrumb","itemListElement":[{"@type":"ListItem","position":1,"name":"Home","item":"https:\/\/www.gruppoliturgico.com\/fr\/"},{"@type":"ListItem","position":2,"name":"Boutique","item":"https:\/\/www.gruppoliturgico.com\/fr\/boutique\/"},{"@type":"ListItem","position":3,"name":"Corps de Jesus crucifix cm 70"}]},{"@type":"WebSite","@id":"https:\/\/www.gruppoliturgico.com\/es\/#website","url":"https:\/\/www.gruppoliturgico.com\/es\/","name":"Laboratorio Gruppo Liturgico","description":"Articoli Religiosi online","publisher":{"@id":"https:\/\/www.gruppoliturgico.com\/es\/#organization"},"potentialAction":[{"@type":"SearchAction","target":{"@type":"EntryPoint","urlTemplate":"https:\/\/www.gruppoliturgico.com\/es\/?s={search_term_string}"},"query-input":"required name=search_term_string"}],"inLanguage":"fr-FR"},{"@type":"Organization","@id":"https:\/\/www.gruppoliturgico.com\/es\/#organization","name":"Laboratorio Gruppo Liturgico","url":"https:\/\/www.gruppoliturgico.com\/es\/","logo":{"@type":"ImageObject","inLanguage":"fr-FR","@id":"https:\/\/www.gruppoliturgico.com\/es\/#\/schema\/logo\/image\/","url":"https:\/\/www.gruppoliturgico.com\/wp-content\/uploads\/2022\/02\/logo-laboratoriogruppoliturgico.png","contentUrl":"https:\/\/www.gruppoliturgico.com\/wp-content\/uploads\/2022\/02\/logo-laboratoriogruppoliturgico.png","width":400,"height":114,"caption":"Laboratorio Gruppo Liturgico"},"image":{"@id":"https:\/\/www.gruppoliturgico.com\/es\/#\/schema\/logo\/image\/"}}]}},"_links":{"self":[{"href":"https:\/\/www.gruppoliturgico.com\/fr\/wp-json\/wp\/v2\/product\/66623"}],"collection":[{"href":"https:\/\/www.gruppoliturgico.com\/fr\/wp-json\/wp\/v2\/product"}],"about":[{"href":"https:\/\/www.gruppoliturgico.com\/fr\/wp-json\/wp\/v2\/types\/product"}],"wp:featuredmedia":[{"embeddable":true,"href":"https:\/\/www.gruppoliturgico.com\/fr\/wp-json\/wp\/v2\/media\/133362"}],"wp:attachment":[{"href":"https:\/\/www.gruppoliturgico.com\/fr\/wp-json\/wp\/v2\/media?parent=66623"}],"wp:term":[{"taxonomy":"product_cat","embeddable":true,"href":"https:\/\/www.gruppoliturgico.com\/fr\/wp-json\/wp\/v2\/product_cat?post=66623"},{"taxonomy":"product_tag","embeddable":true,"href":"https:\/\/www.gruppoliturgico.com\/fr\/wp-json\/wp\/v2\/product_tag?post=66623"}],"curies":[{"name":"wp","href":"https:\/\/api.w.org\/{rel}","templated":true}]}}