{"id":66591,"date":"2022-05-20T01:53:08","date_gmt":"2022-05-19T23:53:14","guid":{"rendered":"https:\/\/www.gruppoliturgico.com\/prodotto\/crucifix-en-bois-11\/"},"modified":"2022-11-03T17:37:51","modified_gmt":"2022-11-03T16:37:51","slug":"crucifix-en-bois-11","status":"publish","type":"product","link":"https:\/\/www.gruppoliturgico.com\/fr\/produit\/crucifix-en-bois-11\/","title":{"rendered":"crucifix"},"content":{"rendered":"<html><body><p>Crucifix en bois massif, vrai exemple de haut artisanat artistique, en style byzantin du XI si\u00e8cle, rappelle l\u2019ouvrage de Cimabue.<br>\nLes encoignures qui repr\u00e9sentent la Vierge et Saint jean constituent un exemple d\u2019 habilit\u00e9 dans l\u2019art sculptural.<br>\nPeint \u00e0 la main avec des couleurs \u00e0 l\u2019huile.<br>\nDimensions<br>\nCorps en bois sculpt\u00e9 cm 130<br>\nCroix cm 215 x 175<\/p>\n<\/body><\/html>","protected":false},"excerpt":{"rendered":"<p>Crucifix en bois massif, vrai exemple de haut artisanat artistique, en style byzantin du XI si\u00e8cle, rappelle l&rsquo;ouvrage de Cimabue.<br \/>\nLes encoignures qui repr\u00e9sentent la Vierge et Saint jean constituent un exemple d&rsquo; habilit\u00e9 dans l&rsquo;art sculptural.<br \/>\nPeint \u00e0 la main avec des couleurs \u00e0 l&rsquo;huile.<br \/>\nDimensions<br \/>\nCorps en bois sculpt\u00e9 cm 130<br \/>\nCroix cm 215 x 175<\/p>\n","protected":false},"featured_media":141585,"template":"","meta":[],"product_cat":[11592],"product_tag":[],"yoast_head":"<!-- This site is optimized with the Yoast SEO plugin v20.4 - https:\/\/yoast.com\/wordpress\/plugins\/seo\/ -->\n<title>crucifix - crucifix en bois sculpt\u00e9 et Laboratorio Gruppo Liturgico<\/title>\n<meta name=\"description\" content=\"Crucifix en bois massif, vrai exemple de haut artisanat artistique, en style byzantin du XI si\u00e8cle, rappelle l&#039;ouvrage de Cimabue. Les encoignures qui repr\u00e9sentent la Vierge et Saint jean constituent un exemple d&#039; habilit\u00e9 dans l&#039;art sculptural. Peint \u00e0 la main avec des couleurs \u00e0 l&#039;huile. Dimensions Corps en bois sculpt\u00e9 cm 130 Croix cm 215 x 175\" \/>\n<meta name=\"robots\" content=\"index, follow, max-snippet:-1, max-image-preview:large, max-video-preview:-1\" \/>\n<link rel=\"canonical\" href=\"https:\/\/www.gruppoliturgico.com\/fr\/produit\/crucifix-en-bois-11\/\" \/>\n<meta property=\"og:locale\" content=\"fr_FR\" \/>\n<meta property=\"og:type\" content=\"article\" \/>\n<meta property=\"og:title\" content=\"crucifix - crucifix en bois sculpt\u00e9 et Laboratorio Gruppo Liturgico\" \/>\n<meta property=\"og:description\" content=\"Crucifix en bois massif, vrai exemple de haut artisanat artistique, en style byzantin du XI si\u00e8cle, rappelle l&#039;ouvrage de Cimabue. Les encoignures qui repr\u00e9sentent la Vierge et Saint jean constituent un exemple d&#039; habilit\u00e9 dans l&#039;art sculptural. Peint \u00e0 la main avec des couleurs \u00e0 l&#039;huile. Dimensions Corps en bois sculpt\u00e9 cm 130 Croix cm 215 x 175\" \/>\n<meta property=\"og:url\" content=\"https:\/\/www.gruppoliturgico.com\/fr\/produit\/crucifix-en-bois-11\/\" \/>\n<meta property=\"og:site_name\" content=\"Laboratorio Gruppo Liturgico\" \/>\n<meta property=\"article:modified_time\" content=\"2022-11-03T16:37:51+00:00\" \/>\n<meta property=\"og:image\" content=\"https:\/\/www.gruppoliturgico.com\/wp-content\/uploads\/2022\/05\/1966-nv-rit-2.jpg\" \/>\n\t<meta property=\"og:image:width\" content=\"1243\" \/>\n\t<meta property=\"og:image:height\" content=\"2000\" \/>\n\t<meta property=\"og:image:type\" content=\"image\/jpeg\" \/>\n<meta name=\"twitter:card\" content=\"summary_large_image\" \/>\n<script type=\"application\/ld+json\" class=\"yoast-schema-graph\">{\"@context\":\"https:\/\/schema.org\",\"@graph\":[{\"@type\":\"WebPage\",\"@id\":\"https:\/\/www.gruppoliturgico.com\/fr\/produit\/crucifix-en-bois-11\/\",\"url\":\"https:\/\/www.gruppoliturgico.com\/fr\/produit\/crucifix-en-bois-11\/\",\"name\":\"crucifix - crucifix en bois sculpt\u00e9 et Laboratorio Gruppo Liturgico\",\"isPartOf\":{\"@id\":\"https:\/\/www.gruppoliturgico.com\/es\/#website\"},\"datePublished\":\"2022-05-19T23:53:14+00:00\",\"dateModified\":\"2022-11-03T16:37:51+00:00\",\"description\":\"Crucifix en bois massif, vrai exemple de haut artisanat artistique, en style byzantin du XI si\u00e8cle, rappelle l'ouvrage de Cimabue. Les encoignures qui repr\u00e9sentent la Vierge et Saint jean constituent un exemple d' habilit\u00e9 dans l'art sculptural. Peint \u00e0 la main avec des couleurs \u00e0 l'huile. Dimensions Corps en bois sculpt\u00e9 cm 130 Croix cm 215 x 175\",\"breadcrumb\":{\"@id\":\"https:\/\/www.gruppoliturgico.com\/fr\/produit\/crucifix-en-bois-11\/#breadcrumb\"},\"inLanguage\":\"fr-FR\",\"potentialAction\":[{\"@type\":\"ReadAction\",\"target\":[\"https:\/\/www.gruppoliturgico.com\/fr\/produit\/crucifix-en-bois-11\/\"]}]},{\"@type\":\"BreadcrumbList\",\"@id\":\"https:\/\/www.gruppoliturgico.com\/fr\/produit\/crucifix-en-bois-11\/#breadcrumb\",\"itemListElement\":[{\"@type\":\"ListItem\",\"position\":1,\"name\":\"Home\",\"item\":\"https:\/\/www.gruppoliturgico.com\/fr\/\"},{\"@type\":\"ListItem\",\"position\":2,\"name\":\"Boutique\",\"item\":\"https:\/\/www.gruppoliturgico.com\/fr\/boutique\/\"},{\"@type\":\"ListItem\",\"position\":3,\"name\":\"crucifix\"}]},{\"@type\":\"WebSite\",\"@id\":\"https:\/\/www.gruppoliturgico.com\/es\/#website\",\"url\":\"https:\/\/www.gruppoliturgico.com\/es\/\",\"name\":\"Laboratorio Gruppo Liturgico\",\"description\":\"Articoli Religiosi online\",\"publisher\":{\"@id\":\"https:\/\/www.gruppoliturgico.com\/es\/#organization\"},\"potentialAction\":[{\"@type\":\"SearchAction\",\"target\":{\"@type\":\"EntryPoint\",\"urlTemplate\":\"https:\/\/www.gruppoliturgico.com\/es\/?s={search_term_string}\"},\"query-input\":\"required name=search_term_string\"}],\"inLanguage\":\"fr-FR\"},{\"@type\":\"Organization\",\"@id\":\"https:\/\/www.gruppoliturgico.com\/es\/#organization\",\"name\":\"Laboratorio Gruppo Liturgico\",\"url\":\"https:\/\/www.gruppoliturgico.com\/es\/\",\"logo\":{\"@type\":\"ImageObject\",\"inLanguage\":\"fr-FR\",\"@id\":\"https:\/\/www.gruppoliturgico.com\/es\/#\/schema\/logo\/image\/\",\"url\":\"https:\/\/www.gruppoliturgico.com\/wp-content\/uploads\/2022\/02\/logo-laboratoriogruppoliturgico.png\",\"contentUrl\":\"https:\/\/www.gruppoliturgico.com\/wp-content\/uploads\/2022\/02\/logo-laboratoriogruppoliturgico.png\",\"width\":400,\"height\":114,\"caption\":\"Laboratorio Gruppo Liturgico\"},\"image\":{\"@id\":\"https:\/\/www.gruppoliturgico.com\/es\/#\/schema\/logo\/image\/\"}}]}<\/script>\n<!-- \/ Yoast SEO plugin. -->","yoast_head_json":{"title":"crucifix - crucifix en bois sculpt\u00e9 et Laboratorio Gruppo Liturgico","description":"Crucifix en bois massif, vrai exemple de haut artisanat artistique, en style byzantin du XI si\u00e8cle, rappelle l'ouvrage de Cimabue. Les encoignures qui repr\u00e9sentent la Vierge et Saint jean constituent un exemple d' habilit\u00e9 dans l'art sculptural. Peint \u00e0 la main avec des couleurs \u00e0 l'huile. Dimensions Corps en bois sculpt\u00e9 cm 130 Croix cm 215 x 175","robots":{"index":"index","follow":"follow","max-snippet":"max-snippet:-1","max-image-preview":"max-image-preview:large","max-video-preview":"max-video-preview:-1"},"canonical":"https:\/\/www.gruppoliturgico.com\/fr\/produit\/crucifix-en-bois-11\/","og_locale":"fr_FR","og_type":"article","og_title":"crucifix - crucifix en bois sculpt\u00e9 et Laboratorio Gruppo Liturgico","og_description":"Crucifix en bois massif, vrai exemple de haut artisanat artistique, en style byzantin du XI si\u00e8cle, rappelle l'ouvrage de Cimabue. Les encoignures qui repr\u00e9sentent la Vierge et Saint jean constituent un exemple d' habilit\u00e9 dans l'art sculptural. Peint \u00e0 la main avec des couleurs \u00e0 l'huile. Dimensions Corps en bois sculpt\u00e9 cm 130 Croix cm 215 x 175","og_url":"https:\/\/www.gruppoliturgico.com\/fr\/produit\/crucifix-en-bois-11\/","og_site_name":"Laboratorio Gruppo Liturgico","article_modified_time":"2022-11-03T16:37:51+00:00","og_image":[{"width":1243,"height":2000,"url":"https:\/\/www.gruppoliturgico.com\/wp-content\/uploads\/2022\/05\/1966-nv-rit-2.jpg","type":"image\/jpeg"}],"twitter_card":"summary_large_image","schema":{"@context":"https:\/\/schema.org","@graph":[{"@type":"WebPage","@id":"https:\/\/www.gruppoliturgico.com\/fr\/produit\/crucifix-en-bois-11\/","url":"https:\/\/www.gruppoliturgico.com\/fr\/produit\/crucifix-en-bois-11\/","name":"crucifix - crucifix en bois sculpt\u00e9 et Laboratorio Gruppo Liturgico","isPartOf":{"@id":"https:\/\/www.gruppoliturgico.com\/es\/#website"},"datePublished":"2022-05-19T23:53:14+00:00","dateModified":"2022-11-03T16:37:51+00:00","description":"Crucifix en bois massif, vrai exemple de haut artisanat artistique, en style byzantin du XI si\u00e8cle, rappelle l'ouvrage de Cimabue. Les encoignures qui repr\u00e9sentent la Vierge et Saint jean constituent un exemple d' habilit\u00e9 dans l'art sculptural. Peint \u00e0 la main avec des couleurs \u00e0 l'huile. Dimensions Corps en bois sculpt\u00e9 cm 130 Croix cm 215 x 175","breadcrumb":{"@id":"https:\/\/www.gruppoliturgico.com\/fr\/produit\/crucifix-en-bois-11\/#breadcrumb"},"inLanguage":"fr-FR","potentialAction":[{"@type":"ReadAction","target":["https:\/\/www.gruppoliturgico.com\/fr\/produit\/crucifix-en-bois-11\/"]}]},{"@type":"BreadcrumbList","@id":"https:\/\/www.gruppoliturgico.com\/fr\/produit\/crucifix-en-bois-11\/#breadcrumb","itemListElement":[{"@type":"ListItem","position":1,"name":"Home","item":"https:\/\/www.gruppoliturgico.com\/fr\/"},{"@type":"ListItem","position":2,"name":"Boutique","item":"https:\/\/www.gruppoliturgico.com\/fr\/boutique\/"},{"@type":"ListItem","position":3,"name":"crucifix"}]},{"@type":"WebSite","@id":"https:\/\/www.gruppoliturgico.com\/es\/#website","url":"https:\/\/www.gruppoliturgico.com\/es\/","name":"Laboratorio Gruppo Liturgico","description":"Articoli Religiosi online","publisher":{"@id":"https:\/\/www.gruppoliturgico.com\/es\/#organization"},"potentialAction":[{"@type":"SearchAction","target":{"@type":"EntryPoint","urlTemplate":"https:\/\/www.gruppoliturgico.com\/es\/?s={search_term_string}"},"query-input":"required name=search_term_string"}],"inLanguage":"fr-FR"},{"@type":"Organization","@id":"https:\/\/www.gruppoliturgico.com\/es\/#organization","name":"Laboratorio Gruppo Liturgico","url":"https:\/\/www.gruppoliturgico.com\/es\/","logo":{"@type":"ImageObject","inLanguage":"fr-FR","@id":"https:\/\/www.gruppoliturgico.com\/es\/#\/schema\/logo\/image\/","url":"https:\/\/www.gruppoliturgico.com\/wp-content\/uploads\/2022\/02\/logo-laboratoriogruppoliturgico.png","contentUrl":"https:\/\/www.gruppoliturgico.com\/wp-content\/uploads\/2022\/02\/logo-laboratoriogruppoliturgico.png","width":400,"height":114,"caption":"Laboratorio Gruppo Liturgico"},"image":{"@id":"https:\/\/www.gruppoliturgico.com\/es\/#\/schema\/logo\/image\/"}}]}},"_links":{"self":[{"href":"https:\/\/www.gruppoliturgico.com\/fr\/wp-json\/wp\/v2\/product\/66591"}],"collection":[{"href":"https:\/\/www.gruppoliturgico.com\/fr\/wp-json\/wp\/v2\/product"}],"about":[{"href":"https:\/\/www.gruppoliturgico.com\/fr\/wp-json\/wp\/v2\/types\/product"}],"wp:featuredmedia":[{"embeddable":true,"href":"https:\/\/www.gruppoliturgico.com\/fr\/wp-json\/wp\/v2\/media\/141585"}],"wp:attachment":[{"href":"https:\/\/www.gruppoliturgico.com\/fr\/wp-json\/wp\/v2\/media?parent=66591"}],"wp:term":[{"taxonomy":"product_cat","embeddable":true,"href":"https:\/\/www.gruppoliturgico.com\/fr\/wp-json\/wp\/v2\/product_cat?post=66591"},{"taxonomy":"product_tag","embeddable":true,"href":"https:\/\/www.gruppoliturgico.com\/fr\/wp-json\/wp\/v2\/product_tag?post=66591"}],"curies":[{"name":"wp","href":"https:\/\/api.w.org\/{rel}","templated":true}]}}