{"id":66491,"date":"2022-05-20T01:48:33","date_gmt":"2022-05-19T23:48:37","guid":{"rendered":"https:\/\/www.gruppoliturgico.com\/prodotto\/mitre-3\/"},"modified":"2022-06-02T12:35:41","modified_gmt":"2022-06-02T10:35:41","slug":"mitre-3","status":"publish","type":"product","link":"https:\/\/www.gruppoliturgico.com\/fr\/produit\/mitre-3\/","title":{"rendered":"Mitre"},"content":{"rendered":"<html><body><p>Mitre prestigieuse avec broderies r\u00e9alis\u00e9es sur tissu dupion couleur sur couleur.<br>\nSa broderie particuli\u00e8re est r\u00e9alis\u00e9e avec plusieurs types de fil\u00e9s et elle est enrichie de strass perl\u00e9s de deux tonalit\u00e9s appliqu\u00e9es \u00e0 la main.<br>\nLors de la commande, veuillez indiquer le tour de t\u00eate<\/p>\n<\/body><\/html>","protected":false},"excerpt":{"rendered":"<p>Mitre prestigieuse avec broderies r\u00e9alis\u00e9es sur tissu dupion couleur sur couleur.<br \/>\nSa broderie particuli\u00e8re est r\u00e9alis\u00e9e avec plusieurs types de fil\u00e9s et elle est enrichie de strass perl\u00e9s de deux tonalit\u00e9s appliqu\u00e9es \u00e0 la main.<br \/>\nLors de la commande, veuillez indiquer le tour de t\u00eate<\/p>\n","protected":false},"featured_media":135467,"template":"","meta":[],"product_cat":[11964],"product_tag":[],"yoast_head":"<!-- This site is optimized with the Yoast SEO plugin v20.4 - https:\/\/yoast.com\/wordpress\/plugins\/seo\/ -->\n<title>Mitre - mitres et Laboratorio Gruppo Liturgico<\/title>\n<meta name=\"description\" content=\"Mitre prestigieuse avec broderies r\u00e9alis\u00e9es sur tissu dupion couleur sur couleur.  Sa broderie particuli\u00e8re est r\u00e9alis\u00e9e avec plusieurs types de fil\u00e9s et elle est enrichie de strass perl\u00e9s de deux tonalit\u00e9s appliqu\u00e9es \u00e0 la main. Lors de la commande, veuillez indiquer le tour de t\u00eate\" \/>\n<meta name=\"robots\" content=\"index, follow, max-snippet:-1, max-image-preview:large, max-video-preview:-1\" \/>\n<link rel=\"canonical\" href=\"https:\/\/www.gruppoliturgico.com\/fr\/produit\/mitre-3\/\" \/>\n<meta property=\"og:locale\" content=\"fr_FR\" \/>\n<meta property=\"og:type\" content=\"article\" \/>\n<meta property=\"og:title\" content=\"Mitre - mitres et Laboratorio Gruppo Liturgico\" \/>\n<meta property=\"og:description\" content=\"Mitre prestigieuse avec broderies r\u00e9alis\u00e9es sur tissu dupion couleur sur couleur.  Sa broderie particuli\u00e8re est r\u00e9alis\u00e9e avec plusieurs types de fil\u00e9s et elle est enrichie de strass perl\u00e9s de deux tonalit\u00e9s appliqu\u00e9es \u00e0 la main. Lors de la commande, veuillez indiquer le tour de t\u00eate\" \/>\n<meta property=\"og:url\" content=\"https:\/\/www.gruppoliturgico.com\/fr\/produit\/mitre-3\/\" \/>\n<meta property=\"og:site_name\" content=\"Laboratorio Gruppo Liturgico\" \/>\n<meta property=\"article:modified_time\" content=\"2022-06-02T10:35:41+00:00\" \/>\n<meta property=\"og:image\" content=\"https:\/\/www.gruppoliturgico.com\/wp-content\/uploads\/2022\/05\/3094_1.jpg\" \/>\n\t<meta property=\"og:image:width\" content=\"1500\" \/>\n\t<meta property=\"og:image:height\" content=\"1255\" \/>\n\t<meta property=\"og:image:type\" content=\"image\/jpeg\" \/>\n<meta name=\"twitter:card\" content=\"summary_large_image\" \/>\n<script type=\"application\/ld+json\" class=\"yoast-schema-graph\">{\"@context\":\"https:\/\/schema.org\",\"@graph\":[{\"@type\":\"WebPage\",\"@id\":\"https:\/\/www.gruppoliturgico.com\/fr\/produit\/mitre-3\/\",\"url\":\"https:\/\/www.gruppoliturgico.com\/fr\/produit\/mitre-3\/\",\"name\":\"Mitre - mitres et Laboratorio Gruppo Liturgico\",\"isPartOf\":{\"@id\":\"https:\/\/www.gruppoliturgico.com\/es\/#website\"},\"datePublished\":\"2022-05-19T23:48:37+00:00\",\"dateModified\":\"2022-06-02T10:35:41+00:00\",\"description\":\"Mitre prestigieuse avec broderies r\u00e9alis\u00e9es sur tissu dupion couleur sur couleur. Sa broderie particuli\u00e8re est r\u00e9alis\u00e9e avec plusieurs types de fil\u00e9s et elle est enrichie de strass perl\u00e9s de deux tonalit\u00e9s appliqu\u00e9es \u00e0 la main. Lors de la commande, veuillez indiquer le tour de t\u00eate\",\"breadcrumb\":{\"@id\":\"https:\/\/www.gruppoliturgico.com\/fr\/produit\/mitre-3\/#breadcrumb\"},\"inLanguage\":\"fr-FR\",\"potentialAction\":[{\"@type\":\"ReadAction\",\"target\":[\"https:\/\/www.gruppoliturgico.com\/fr\/produit\/mitre-3\/\"]}]},{\"@type\":\"BreadcrumbList\",\"@id\":\"https:\/\/www.gruppoliturgico.com\/fr\/produit\/mitre-3\/#breadcrumb\",\"itemListElement\":[{\"@type\":\"ListItem\",\"position\":1,\"name\":\"Home\",\"item\":\"https:\/\/www.gruppoliturgico.com\/fr\/\"},{\"@type\":\"ListItem\",\"position\":2,\"name\":\"Boutique\",\"item\":\"https:\/\/www.gruppoliturgico.com\/fr\/boutique\/\"},{\"@type\":\"ListItem\",\"position\":3,\"name\":\"Mitre\"}]},{\"@type\":\"WebSite\",\"@id\":\"https:\/\/www.gruppoliturgico.com\/es\/#website\",\"url\":\"https:\/\/www.gruppoliturgico.com\/es\/\",\"name\":\"Laboratorio Gruppo Liturgico\",\"description\":\"Articoli Religiosi online\",\"publisher\":{\"@id\":\"https:\/\/www.gruppoliturgico.com\/es\/#organization\"},\"potentialAction\":[{\"@type\":\"SearchAction\",\"target\":{\"@type\":\"EntryPoint\",\"urlTemplate\":\"https:\/\/www.gruppoliturgico.com\/es\/?s={search_term_string}\"},\"query-input\":\"required name=search_term_string\"}],\"inLanguage\":\"fr-FR\"},{\"@type\":\"Organization\",\"@id\":\"https:\/\/www.gruppoliturgico.com\/es\/#organization\",\"name\":\"Laboratorio Gruppo Liturgico\",\"url\":\"https:\/\/www.gruppoliturgico.com\/es\/\",\"logo\":{\"@type\":\"ImageObject\",\"inLanguage\":\"fr-FR\",\"@id\":\"https:\/\/www.gruppoliturgico.com\/es\/#\/schema\/logo\/image\/\",\"url\":\"https:\/\/www.gruppoliturgico.com\/wp-content\/uploads\/2022\/02\/logo-laboratoriogruppoliturgico.png\",\"contentUrl\":\"https:\/\/www.gruppoliturgico.com\/wp-content\/uploads\/2022\/02\/logo-laboratoriogruppoliturgico.png\",\"width\":400,\"height\":114,\"caption\":\"Laboratorio Gruppo Liturgico\"},\"image\":{\"@id\":\"https:\/\/www.gruppoliturgico.com\/es\/#\/schema\/logo\/image\/\"}}]}<\/script>\n<!-- \/ Yoast SEO plugin. -->","yoast_head_json":{"title":"Mitre - mitres et Laboratorio Gruppo Liturgico","description":"Mitre prestigieuse avec broderies r\u00e9alis\u00e9es sur tissu dupion couleur sur couleur.  Sa broderie particuli\u00e8re est r\u00e9alis\u00e9e avec plusieurs types de fil\u00e9s et elle est enrichie de strass perl\u00e9s de deux tonalit\u00e9s appliqu\u00e9es \u00e0 la main. Lors de la commande, veuillez indiquer le tour de t\u00eate","robots":{"index":"index","follow":"follow","max-snippet":"max-snippet:-1","max-image-preview":"max-image-preview:large","max-video-preview":"max-video-preview:-1"},"canonical":"https:\/\/www.gruppoliturgico.com\/fr\/produit\/mitre-3\/","og_locale":"fr_FR","og_type":"article","og_title":"Mitre - mitres et Laboratorio Gruppo Liturgico","og_description":"Mitre prestigieuse avec broderies r\u00e9alis\u00e9es sur tissu dupion couleur sur couleur.  Sa broderie particuli\u00e8re est r\u00e9alis\u00e9e avec plusieurs types de fil\u00e9s et elle est enrichie de strass perl\u00e9s de deux tonalit\u00e9s appliqu\u00e9es \u00e0 la main. Lors de la commande, veuillez indiquer le tour de t\u00eate","og_url":"https:\/\/www.gruppoliturgico.com\/fr\/produit\/mitre-3\/","og_site_name":"Laboratorio Gruppo Liturgico","article_modified_time":"2022-06-02T10:35:41+00:00","og_image":[{"width":1500,"height":1255,"url":"https:\/\/www.gruppoliturgico.com\/wp-content\/uploads\/2022\/05\/3094_1.jpg","type":"image\/jpeg"}],"twitter_card":"summary_large_image","schema":{"@context":"https:\/\/schema.org","@graph":[{"@type":"WebPage","@id":"https:\/\/www.gruppoliturgico.com\/fr\/produit\/mitre-3\/","url":"https:\/\/www.gruppoliturgico.com\/fr\/produit\/mitre-3\/","name":"Mitre - mitres et Laboratorio Gruppo Liturgico","isPartOf":{"@id":"https:\/\/www.gruppoliturgico.com\/es\/#website"},"datePublished":"2022-05-19T23:48:37+00:00","dateModified":"2022-06-02T10:35:41+00:00","description":"Mitre prestigieuse avec broderies r\u00e9alis\u00e9es sur tissu dupion couleur sur couleur. Sa broderie particuli\u00e8re est r\u00e9alis\u00e9e avec plusieurs types de fil\u00e9s et elle est enrichie de strass perl\u00e9s de deux tonalit\u00e9s appliqu\u00e9es \u00e0 la main. Lors de la commande, veuillez indiquer le tour de t\u00eate","breadcrumb":{"@id":"https:\/\/www.gruppoliturgico.com\/fr\/produit\/mitre-3\/#breadcrumb"},"inLanguage":"fr-FR","potentialAction":[{"@type":"ReadAction","target":["https:\/\/www.gruppoliturgico.com\/fr\/produit\/mitre-3\/"]}]},{"@type":"BreadcrumbList","@id":"https:\/\/www.gruppoliturgico.com\/fr\/produit\/mitre-3\/#breadcrumb","itemListElement":[{"@type":"ListItem","position":1,"name":"Home","item":"https:\/\/www.gruppoliturgico.com\/fr\/"},{"@type":"ListItem","position":2,"name":"Boutique","item":"https:\/\/www.gruppoliturgico.com\/fr\/boutique\/"},{"@type":"ListItem","position":3,"name":"Mitre"}]},{"@type":"WebSite","@id":"https:\/\/www.gruppoliturgico.com\/es\/#website","url":"https:\/\/www.gruppoliturgico.com\/es\/","name":"Laboratorio Gruppo Liturgico","description":"Articoli Religiosi online","publisher":{"@id":"https:\/\/www.gruppoliturgico.com\/es\/#organization"},"potentialAction":[{"@type":"SearchAction","target":{"@type":"EntryPoint","urlTemplate":"https:\/\/www.gruppoliturgico.com\/es\/?s={search_term_string}"},"query-input":"required name=search_term_string"}],"inLanguage":"fr-FR"},{"@type":"Organization","@id":"https:\/\/www.gruppoliturgico.com\/es\/#organization","name":"Laboratorio Gruppo Liturgico","url":"https:\/\/www.gruppoliturgico.com\/es\/","logo":{"@type":"ImageObject","inLanguage":"fr-FR","@id":"https:\/\/www.gruppoliturgico.com\/es\/#\/schema\/logo\/image\/","url":"https:\/\/www.gruppoliturgico.com\/wp-content\/uploads\/2022\/02\/logo-laboratoriogruppoliturgico.png","contentUrl":"https:\/\/www.gruppoliturgico.com\/wp-content\/uploads\/2022\/02\/logo-laboratoriogruppoliturgico.png","width":400,"height":114,"caption":"Laboratorio Gruppo Liturgico"},"image":{"@id":"https:\/\/www.gruppoliturgico.com\/es\/#\/schema\/logo\/image\/"}}]}},"_links":{"self":[{"href":"https:\/\/www.gruppoliturgico.com\/fr\/wp-json\/wp\/v2\/product\/66491"}],"collection":[{"href":"https:\/\/www.gruppoliturgico.com\/fr\/wp-json\/wp\/v2\/product"}],"about":[{"href":"https:\/\/www.gruppoliturgico.com\/fr\/wp-json\/wp\/v2\/types\/product"}],"wp:featuredmedia":[{"embeddable":true,"href":"https:\/\/www.gruppoliturgico.com\/fr\/wp-json\/wp\/v2\/media\/135467"}],"wp:attachment":[{"href":"https:\/\/www.gruppoliturgico.com\/fr\/wp-json\/wp\/v2\/media?parent=66491"}],"wp:term":[{"taxonomy":"product_cat","embeddable":true,"href":"https:\/\/www.gruppoliturgico.com\/fr\/wp-json\/wp\/v2\/product_cat?post=66491"},{"taxonomy":"product_tag","embeddable":true,"href":"https:\/\/www.gruppoliturgico.com\/fr\/wp-json\/wp\/v2\/product_tag?post=66491"}],"curies":[{"name":"wp","href":"https:\/\/api.w.org\/{rel}","templated":true}]}}