{"id":66367,"date":"2022-05-20T01:42:00","date_gmt":"2022-05-19T23:42:40","guid":{"rendered":"https:\/\/www.gruppoliturgico.com\/prodotto\/voile-de-ciboire\/"},"modified":"2022-08-30T17:23:37","modified_gmt":"2022-08-30T15:23:37","slug":"voile-de-ciboire","status":"publish","type":"product","link":"https:\/\/www.gruppoliturgico.com\/fr\/produit\/voile-de-ciboire\/","title":{"rendered":"voile de ciboire"},"content":{"rendered":"<html><body><p>Voile de ciboire en tissu damass\u00e9 orn\u00e9 de frange en or.<br>\nOuvert il est \u00e0 forme de c\u0153ur dont le c\u00f4t\u00e9 mesure cm 22 plus la frange<br>\nDisponibles dans les coloris liturgiques.<\/p>\n<\/body><\/html>","protected":false},"excerpt":{"rendered":"<p>Voile de ciboire en tissu damass\u00e9 orn\u00e9 de frange en or.<br \/>\nOuvert il est \u00e0 forme de c\u0153ur dont le c\u00f4t\u00e9 mesure cm 22 plus la frange<br \/>\nDisponibles dans les coloris liturgiques.<\/p>\n","protected":false},"featured_media":96165,"template":"","meta":[],"product_cat":[12220],"product_tag":[],"yoast_head":"<!-- This site is optimized with the Yoast SEO plugin v20.4 - https:\/\/yoast.com\/wordpress\/plugins\/seo\/ -->\n<title>voile de ciboire - voile de ciboire et Laboratorio Gruppo Liturgico<\/title>\n<meta name=\"description\" content=\"Voile de ciboire en tissu damass\u00e9 orn\u00e9 de frange en or. Ouvert il est \u00e0 forme de c\u0153ur dont le c\u00f4t\u00e9 mesure cm 22 plus la frange Disponibles dans les coloris liturgiques.\" \/>\n<meta name=\"robots\" content=\"index, follow, max-snippet:-1, max-image-preview:large, max-video-preview:-1\" \/>\n<link rel=\"canonical\" href=\"https:\/\/www.gruppoliturgico.com\/fr\/produit\/voile-de-ciboire\/\" \/>\n<meta property=\"og:locale\" content=\"fr_FR\" \/>\n<meta property=\"og:type\" content=\"article\" \/>\n<meta property=\"og:title\" content=\"voile de ciboire - voile de ciboire et Laboratorio Gruppo Liturgico\" \/>\n<meta property=\"og:description\" content=\"Voile de ciboire en tissu damass\u00e9 orn\u00e9 de frange en or. Ouvert il est \u00e0 forme de c\u0153ur dont le c\u00f4t\u00e9 mesure cm 22 plus la frange Disponibles dans les coloris liturgiques.\" \/>\n<meta property=\"og:url\" content=\"https:\/\/www.gruppoliturgico.com\/fr\/produit\/voile-de-ciboire\/\" \/>\n<meta property=\"og:site_name\" content=\"Laboratorio Gruppo Liturgico\" \/>\n<meta property=\"article:modified_time\" content=\"2022-08-30T15:23:37+00:00\" \/>\n<meta property=\"og:image\" content=\"https:\/\/www.gruppoliturgico.com\/wp-content\/uploads\/2022\/06\/1875-b.jpg\" \/>\n\t<meta property=\"og:image:width\" content=\"683\" \/>\n\t<meta property=\"og:image:height\" content=\"750\" \/>\n\t<meta property=\"og:image:type\" content=\"image\/jpeg\" \/>\n<meta name=\"twitter:card\" content=\"summary_large_image\" \/>\n<meta name=\"twitter:label1\" content=\"Dur\u00e9e de lecture estim\u00e9e\" \/>\n\t<meta name=\"twitter:data1\" content=\"1 minute\" \/>\n<script type=\"application\/ld+json\" class=\"yoast-schema-graph\">{\"@context\":\"https:\/\/schema.org\",\"@graph\":[{\"@type\":\"WebPage\",\"@id\":\"https:\/\/www.gruppoliturgico.com\/fr\/produit\/voile-de-ciboire\/\",\"url\":\"https:\/\/www.gruppoliturgico.com\/fr\/produit\/voile-de-ciboire\/\",\"name\":\"voile de ciboire - voile de ciboire et Laboratorio Gruppo Liturgico\",\"isPartOf\":{\"@id\":\"https:\/\/www.gruppoliturgico.com\/es\/#website\"},\"datePublished\":\"2022-05-19T23:42:40+00:00\",\"dateModified\":\"2022-08-30T15:23:37+00:00\",\"description\":\"Voile de ciboire en tissu damass\u00e9 orn\u00e9 de frange en or. Ouvert il est \u00e0 forme de c\u0153ur dont le c\u00f4t\u00e9 mesure cm 22 plus la frange Disponibles dans les coloris liturgiques.\",\"breadcrumb\":{\"@id\":\"https:\/\/www.gruppoliturgico.com\/fr\/produit\/voile-de-ciboire\/#breadcrumb\"},\"inLanguage\":\"fr-FR\",\"potentialAction\":[{\"@type\":\"ReadAction\",\"target\":[\"https:\/\/www.gruppoliturgico.com\/fr\/produit\/voile-de-ciboire\/\"]}]},{\"@type\":\"BreadcrumbList\",\"@id\":\"https:\/\/www.gruppoliturgico.com\/fr\/produit\/voile-de-ciboire\/#breadcrumb\",\"itemListElement\":[{\"@type\":\"ListItem\",\"position\":1,\"name\":\"Home\",\"item\":\"https:\/\/www.gruppoliturgico.com\/fr\/\"},{\"@type\":\"ListItem\",\"position\":2,\"name\":\"Boutique\",\"item\":\"https:\/\/www.gruppoliturgico.com\/fr\/boutique\/\"},{\"@type\":\"ListItem\",\"position\":3,\"name\":\"voile de ciboire\"}]},{\"@type\":\"WebSite\",\"@id\":\"https:\/\/www.gruppoliturgico.com\/es\/#website\",\"url\":\"https:\/\/www.gruppoliturgico.com\/es\/\",\"name\":\"Laboratorio Gruppo Liturgico\",\"description\":\"Articoli Religiosi online\",\"publisher\":{\"@id\":\"https:\/\/www.gruppoliturgico.com\/es\/#organization\"},\"potentialAction\":[{\"@type\":\"SearchAction\",\"target\":{\"@type\":\"EntryPoint\",\"urlTemplate\":\"https:\/\/www.gruppoliturgico.com\/es\/?s={search_term_string}\"},\"query-input\":\"required name=search_term_string\"}],\"inLanguage\":\"fr-FR\"},{\"@type\":\"Organization\",\"@id\":\"https:\/\/www.gruppoliturgico.com\/es\/#organization\",\"name\":\"Laboratorio Gruppo Liturgico\",\"url\":\"https:\/\/www.gruppoliturgico.com\/es\/\",\"logo\":{\"@type\":\"ImageObject\",\"inLanguage\":\"fr-FR\",\"@id\":\"https:\/\/www.gruppoliturgico.com\/es\/#\/schema\/logo\/image\/\",\"url\":\"https:\/\/www.gruppoliturgico.com\/wp-content\/uploads\/2022\/02\/logo-laboratoriogruppoliturgico.png\",\"contentUrl\":\"https:\/\/www.gruppoliturgico.com\/wp-content\/uploads\/2022\/02\/logo-laboratoriogruppoliturgico.png\",\"width\":400,\"height\":114,\"caption\":\"Laboratorio Gruppo Liturgico\"},\"image\":{\"@id\":\"https:\/\/www.gruppoliturgico.com\/es\/#\/schema\/logo\/image\/\"}}]}<\/script>\n<!-- \/ Yoast SEO plugin. -->","yoast_head_json":{"title":"voile de ciboire - voile de ciboire et Laboratorio Gruppo Liturgico","description":"Voile de ciboire en tissu damass\u00e9 orn\u00e9 de frange en or. Ouvert il est \u00e0 forme de c\u0153ur dont le c\u00f4t\u00e9 mesure cm 22 plus la frange Disponibles dans les coloris liturgiques.","robots":{"index":"index","follow":"follow","max-snippet":"max-snippet:-1","max-image-preview":"max-image-preview:large","max-video-preview":"max-video-preview:-1"},"canonical":"https:\/\/www.gruppoliturgico.com\/fr\/produit\/voile-de-ciboire\/","og_locale":"fr_FR","og_type":"article","og_title":"voile de ciboire - voile de ciboire et Laboratorio Gruppo Liturgico","og_description":"Voile de ciboire en tissu damass\u00e9 orn\u00e9 de frange en or. Ouvert il est \u00e0 forme de c\u0153ur dont le c\u00f4t\u00e9 mesure cm 22 plus la frange Disponibles dans les coloris liturgiques.","og_url":"https:\/\/www.gruppoliturgico.com\/fr\/produit\/voile-de-ciboire\/","og_site_name":"Laboratorio Gruppo Liturgico","article_modified_time":"2022-08-30T15:23:37+00:00","og_image":[{"width":683,"height":750,"url":"https:\/\/www.gruppoliturgico.com\/wp-content\/uploads\/2022\/06\/1875-b.jpg","type":"image\/jpeg"}],"twitter_card":"summary_large_image","twitter_misc":{"Dur\u00e9e de lecture estim\u00e9e":"1 minute"},"schema":{"@context":"https:\/\/schema.org","@graph":[{"@type":"WebPage","@id":"https:\/\/www.gruppoliturgico.com\/fr\/produit\/voile-de-ciboire\/","url":"https:\/\/www.gruppoliturgico.com\/fr\/produit\/voile-de-ciboire\/","name":"voile de ciboire - voile de ciboire et Laboratorio Gruppo Liturgico","isPartOf":{"@id":"https:\/\/www.gruppoliturgico.com\/es\/#website"},"datePublished":"2022-05-19T23:42:40+00:00","dateModified":"2022-08-30T15:23:37+00:00","description":"Voile de ciboire en tissu damass\u00e9 orn\u00e9 de frange en or. Ouvert il est \u00e0 forme de c\u0153ur dont le c\u00f4t\u00e9 mesure cm 22 plus la frange Disponibles dans les coloris liturgiques.","breadcrumb":{"@id":"https:\/\/www.gruppoliturgico.com\/fr\/produit\/voile-de-ciboire\/#breadcrumb"},"inLanguage":"fr-FR","potentialAction":[{"@type":"ReadAction","target":["https:\/\/www.gruppoliturgico.com\/fr\/produit\/voile-de-ciboire\/"]}]},{"@type":"BreadcrumbList","@id":"https:\/\/www.gruppoliturgico.com\/fr\/produit\/voile-de-ciboire\/#breadcrumb","itemListElement":[{"@type":"ListItem","position":1,"name":"Home","item":"https:\/\/www.gruppoliturgico.com\/fr\/"},{"@type":"ListItem","position":2,"name":"Boutique","item":"https:\/\/www.gruppoliturgico.com\/fr\/boutique\/"},{"@type":"ListItem","position":3,"name":"voile de ciboire"}]},{"@type":"WebSite","@id":"https:\/\/www.gruppoliturgico.com\/es\/#website","url":"https:\/\/www.gruppoliturgico.com\/es\/","name":"Laboratorio Gruppo Liturgico","description":"Articoli Religiosi online","publisher":{"@id":"https:\/\/www.gruppoliturgico.com\/es\/#organization"},"potentialAction":[{"@type":"SearchAction","target":{"@type":"EntryPoint","urlTemplate":"https:\/\/www.gruppoliturgico.com\/es\/?s={search_term_string}"},"query-input":"required name=search_term_string"}],"inLanguage":"fr-FR"},{"@type":"Organization","@id":"https:\/\/www.gruppoliturgico.com\/es\/#organization","name":"Laboratorio Gruppo Liturgico","url":"https:\/\/www.gruppoliturgico.com\/es\/","logo":{"@type":"ImageObject","inLanguage":"fr-FR","@id":"https:\/\/www.gruppoliturgico.com\/es\/#\/schema\/logo\/image\/","url":"https:\/\/www.gruppoliturgico.com\/wp-content\/uploads\/2022\/02\/logo-laboratoriogruppoliturgico.png","contentUrl":"https:\/\/www.gruppoliturgico.com\/wp-content\/uploads\/2022\/02\/logo-laboratoriogruppoliturgico.png","width":400,"height":114,"caption":"Laboratorio Gruppo Liturgico"},"image":{"@id":"https:\/\/www.gruppoliturgico.com\/es\/#\/schema\/logo\/image\/"}}]}},"_links":{"self":[{"href":"https:\/\/www.gruppoliturgico.com\/fr\/wp-json\/wp\/v2\/product\/66367"}],"collection":[{"href":"https:\/\/www.gruppoliturgico.com\/fr\/wp-json\/wp\/v2\/product"}],"about":[{"href":"https:\/\/www.gruppoliturgico.com\/fr\/wp-json\/wp\/v2\/types\/product"}],"wp:featuredmedia":[{"embeddable":true,"href":"https:\/\/www.gruppoliturgico.com\/fr\/wp-json\/wp\/v2\/media\/96165"}],"wp:attachment":[{"href":"https:\/\/www.gruppoliturgico.com\/fr\/wp-json\/wp\/v2\/media?parent=66367"}],"wp:term":[{"taxonomy":"product_cat","embeddable":true,"href":"https:\/\/www.gruppoliturgico.com\/fr\/wp-json\/wp\/v2\/product_cat?post=66367"},{"taxonomy":"product_tag","embeddable":true,"href":"https:\/\/www.gruppoliturgico.com\/fr\/wp-json\/wp\/v2\/product_tag?post=66367"}],"curies":[{"name":"wp","href":"https:\/\/api.w.org\/{rel}","templated":true}]}}