{"id":66347,"date":"2022-05-20T01:41:23","date_gmt":"2022-05-19T23:41:30","guid":{"rendered":"https:\/\/www.gruppoliturgico.com\/prodotto\/croix-de-procession-avec-support-2\/"},"modified":"2022-09-30T11:23:08","modified_gmt":"2022-09-30T09:23:08","slug":"croix-de-procession-avec-support-2","status":"publish","type":"product","link":"https:\/\/www.gruppoliturgico.com\/fr\/produit\/croix-de-procession-avec-support-2\/","title":{"rendered":"croix de procession avec support"},"content":{"rendered":"<html><body><p>Croix de procession, avec support, en style romantique en laiton argent\u00e9, tr\u00e8s travaill\u00e9e avec des d\u00e9corations g\u00e9om\u00e9triques<br>\nLe corps de J\u00e9sus est en fusion dor\u00e9e.<br>\nCompl\u00e8te de hampe et de support.<br>\nDimensions<br>\nCroix cm 37 x 23<br>\nHampe cm 150<\/p>\n<\/body><\/html>","protected":false},"excerpt":{"rendered":"<p>Croix de procession, avec support, en style romantique en laiton argent\u00e9, tr\u00e8s travaill\u00e9e avec des d\u00e9corations g\u00e9om\u00e9triques<br \/>\nLe corps de J\u00e9sus est en fusion dor\u00e9e.<br \/>\nCompl\u00e8te de hampe et de support.<br \/>\nDimensions<br \/>\nCroix cm 37 x 23<br \/>\nHampe cm 150<\/p>\n","protected":false},"featured_media":132526,"template":"","meta":[],"product_cat":[11668],"product_tag":[],"yoast_head":"<!-- This site is optimized with the Yoast SEO plugin v20.4 - https:\/\/yoast.com\/wordpress\/plugins\/seo\/ -->\n<title>croix de procession avec support - croix de procession et Laboratorio Gruppo Liturgico<\/title>\n<meta name=\"description\" content=\"Croix de procession, avec support, en style romantique en laiton argent\u00e9, tr\u00e8s travaill\u00e9e avec des d\u00e9corations g\u00e9om\u00e9triques Le corps de J\u00e9sus est en fusion dor\u00e9e.  Compl\u00e8te de hampe et de support. Dimensions  Croix cm 37 x 23 Hampe cm 150\" \/>\n<meta name=\"robots\" content=\"index, follow, max-snippet:-1, max-image-preview:large, max-video-preview:-1\" \/>\n<link rel=\"canonical\" href=\"https:\/\/www.gruppoliturgico.com\/fr\/produit\/croix-de-procession-avec-support-2\/\" \/>\n<meta property=\"og:locale\" content=\"fr_FR\" \/>\n<meta property=\"og:type\" content=\"article\" \/>\n<meta property=\"og:title\" content=\"croix de procession avec support - croix de procession et Laboratorio Gruppo Liturgico\" \/>\n<meta property=\"og:description\" content=\"Croix de procession, avec support, en style romantique en laiton argent\u00e9, tr\u00e8s travaill\u00e9e avec des d\u00e9corations g\u00e9om\u00e9triques Le corps de J\u00e9sus est en fusion dor\u00e9e.  Compl\u00e8te de hampe et de support. Dimensions  Croix cm 37 x 23 Hampe cm 150\" \/>\n<meta property=\"og:url\" content=\"https:\/\/www.gruppoliturgico.com\/fr\/produit\/croix-de-procession-avec-support-2\/\" \/>\n<meta property=\"og:site_name\" content=\"Laboratorio Gruppo Liturgico\" \/>\n<meta property=\"article:modified_time\" content=\"2022-09-30T09:23:08+00:00\" \/>\n<meta property=\"og:image\" content=\"https:\/\/www.gruppoliturgico.com\/wp-content\/uploads\/2022\/05\/1903-nv.jpg\" \/>\n\t<meta property=\"og:image:width\" content=\"1145\" \/>\n\t<meta property=\"og:image:height\" content=\"2000\" \/>\n\t<meta property=\"og:image:type\" content=\"image\/jpeg\" \/>\n<meta name=\"twitter:card\" content=\"summary_large_image\" \/>\n<script type=\"application\/ld+json\" class=\"yoast-schema-graph\">{\"@context\":\"https:\/\/schema.org\",\"@graph\":[{\"@type\":\"WebPage\",\"@id\":\"https:\/\/www.gruppoliturgico.com\/fr\/produit\/croix-de-procession-avec-support-2\/\",\"url\":\"https:\/\/www.gruppoliturgico.com\/fr\/produit\/croix-de-procession-avec-support-2\/\",\"name\":\"croix de procession avec support - croix de procession et Laboratorio Gruppo Liturgico\",\"isPartOf\":{\"@id\":\"https:\/\/www.gruppoliturgico.com\/es\/#website\"},\"datePublished\":\"2022-05-19T23:41:30+00:00\",\"dateModified\":\"2022-09-30T09:23:08+00:00\",\"description\":\"Croix de procession, avec support, en style romantique en laiton argent\u00e9, tr\u00e8s travaill\u00e9e avec des d\u00e9corations g\u00e9om\u00e9triques Le corps de J\u00e9sus est en fusion dor\u00e9e. Compl\u00e8te de hampe et de support. Dimensions Croix cm 37 x 23 Hampe cm 150\",\"breadcrumb\":{\"@id\":\"https:\/\/www.gruppoliturgico.com\/fr\/produit\/croix-de-procession-avec-support-2\/#breadcrumb\"},\"inLanguage\":\"fr-FR\",\"potentialAction\":[{\"@type\":\"ReadAction\",\"target\":[\"https:\/\/www.gruppoliturgico.com\/fr\/produit\/croix-de-procession-avec-support-2\/\"]}]},{\"@type\":\"BreadcrumbList\",\"@id\":\"https:\/\/www.gruppoliturgico.com\/fr\/produit\/croix-de-procession-avec-support-2\/#breadcrumb\",\"itemListElement\":[{\"@type\":\"ListItem\",\"position\":1,\"name\":\"Home\",\"item\":\"https:\/\/www.gruppoliturgico.com\/fr\/\"},{\"@type\":\"ListItem\",\"position\":2,\"name\":\"Boutique\",\"item\":\"https:\/\/www.gruppoliturgico.com\/fr\/boutique\/\"},{\"@type\":\"ListItem\",\"position\":3,\"name\":\"croix de procession avec support\"}]},{\"@type\":\"WebSite\",\"@id\":\"https:\/\/www.gruppoliturgico.com\/es\/#website\",\"url\":\"https:\/\/www.gruppoliturgico.com\/es\/\",\"name\":\"Laboratorio Gruppo Liturgico\",\"description\":\"Articoli Religiosi online\",\"publisher\":{\"@id\":\"https:\/\/www.gruppoliturgico.com\/es\/#organization\"},\"potentialAction\":[{\"@type\":\"SearchAction\",\"target\":{\"@type\":\"EntryPoint\",\"urlTemplate\":\"https:\/\/www.gruppoliturgico.com\/es\/?s={search_term_string}\"},\"query-input\":\"required name=search_term_string\"}],\"inLanguage\":\"fr-FR\"},{\"@type\":\"Organization\",\"@id\":\"https:\/\/www.gruppoliturgico.com\/es\/#organization\",\"name\":\"Laboratorio Gruppo Liturgico\",\"url\":\"https:\/\/www.gruppoliturgico.com\/es\/\",\"logo\":{\"@type\":\"ImageObject\",\"inLanguage\":\"fr-FR\",\"@id\":\"https:\/\/www.gruppoliturgico.com\/es\/#\/schema\/logo\/image\/\",\"url\":\"https:\/\/www.gruppoliturgico.com\/wp-content\/uploads\/2022\/02\/logo-laboratoriogruppoliturgico.png\",\"contentUrl\":\"https:\/\/www.gruppoliturgico.com\/wp-content\/uploads\/2022\/02\/logo-laboratoriogruppoliturgico.png\",\"width\":400,\"height\":114,\"caption\":\"Laboratorio Gruppo Liturgico\"},\"image\":{\"@id\":\"https:\/\/www.gruppoliturgico.com\/es\/#\/schema\/logo\/image\/\"}}]}<\/script>\n<!-- \/ Yoast SEO plugin. -->","yoast_head_json":{"title":"croix de procession avec support - croix de procession et Laboratorio Gruppo Liturgico","description":"Croix de procession, avec support, en style romantique en laiton argent\u00e9, tr\u00e8s travaill\u00e9e avec des d\u00e9corations g\u00e9om\u00e9triques Le corps de J\u00e9sus est en fusion dor\u00e9e.  Compl\u00e8te de hampe et de support. Dimensions  Croix cm 37 x 23 Hampe cm 150","robots":{"index":"index","follow":"follow","max-snippet":"max-snippet:-1","max-image-preview":"max-image-preview:large","max-video-preview":"max-video-preview:-1"},"canonical":"https:\/\/www.gruppoliturgico.com\/fr\/produit\/croix-de-procession-avec-support-2\/","og_locale":"fr_FR","og_type":"article","og_title":"croix de procession avec support - croix de procession et Laboratorio Gruppo Liturgico","og_description":"Croix de procession, avec support, en style romantique en laiton argent\u00e9, tr\u00e8s travaill\u00e9e avec des d\u00e9corations g\u00e9om\u00e9triques Le corps de J\u00e9sus est en fusion dor\u00e9e.  Compl\u00e8te de hampe et de support. Dimensions  Croix cm 37 x 23 Hampe cm 150","og_url":"https:\/\/www.gruppoliturgico.com\/fr\/produit\/croix-de-procession-avec-support-2\/","og_site_name":"Laboratorio Gruppo Liturgico","article_modified_time":"2022-09-30T09:23:08+00:00","og_image":[{"width":1145,"height":2000,"url":"https:\/\/www.gruppoliturgico.com\/wp-content\/uploads\/2022\/05\/1903-nv.jpg","type":"image\/jpeg"}],"twitter_card":"summary_large_image","schema":{"@context":"https:\/\/schema.org","@graph":[{"@type":"WebPage","@id":"https:\/\/www.gruppoliturgico.com\/fr\/produit\/croix-de-procession-avec-support-2\/","url":"https:\/\/www.gruppoliturgico.com\/fr\/produit\/croix-de-procession-avec-support-2\/","name":"croix de procession avec support - croix de procession et Laboratorio Gruppo Liturgico","isPartOf":{"@id":"https:\/\/www.gruppoliturgico.com\/es\/#website"},"datePublished":"2022-05-19T23:41:30+00:00","dateModified":"2022-09-30T09:23:08+00:00","description":"Croix de procession, avec support, en style romantique en laiton argent\u00e9, tr\u00e8s travaill\u00e9e avec des d\u00e9corations g\u00e9om\u00e9triques Le corps de J\u00e9sus est en fusion dor\u00e9e. Compl\u00e8te de hampe et de support. Dimensions Croix cm 37 x 23 Hampe cm 150","breadcrumb":{"@id":"https:\/\/www.gruppoliturgico.com\/fr\/produit\/croix-de-procession-avec-support-2\/#breadcrumb"},"inLanguage":"fr-FR","potentialAction":[{"@type":"ReadAction","target":["https:\/\/www.gruppoliturgico.com\/fr\/produit\/croix-de-procession-avec-support-2\/"]}]},{"@type":"BreadcrumbList","@id":"https:\/\/www.gruppoliturgico.com\/fr\/produit\/croix-de-procession-avec-support-2\/#breadcrumb","itemListElement":[{"@type":"ListItem","position":1,"name":"Home","item":"https:\/\/www.gruppoliturgico.com\/fr\/"},{"@type":"ListItem","position":2,"name":"Boutique","item":"https:\/\/www.gruppoliturgico.com\/fr\/boutique\/"},{"@type":"ListItem","position":3,"name":"croix de procession avec support"}]},{"@type":"WebSite","@id":"https:\/\/www.gruppoliturgico.com\/es\/#website","url":"https:\/\/www.gruppoliturgico.com\/es\/","name":"Laboratorio Gruppo Liturgico","description":"Articoli Religiosi online","publisher":{"@id":"https:\/\/www.gruppoliturgico.com\/es\/#organization"},"potentialAction":[{"@type":"SearchAction","target":{"@type":"EntryPoint","urlTemplate":"https:\/\/www.gruppoliturgico.com\/es\/?s={search_term_string}"},"query-input":"required name=search_term_string"}],"inLanguage":"fr-FR"},{"@type":"Organization","@id":"https:\/\/www.gruppoliturgico.com\/es\/#organization","name":"Laboratorio Gruppo Liturgico","url":"https:\/\/www.gruppoliturgico.com\/es\/","logo":{"@type":"ImageObject","inLanguage":"fr-FR","@id":"https:\/\/www.gruppoliturgico.com\/es\/#\/schema\/logo\/image\/","url":"https:\/\/www.gruppoliturgico.com\/wp-content\/uploads\/2022\/02\/logo-laboratoriogruppoliturgico.png","contentUrl":"https:\/\/www.gruppoliturgico.com\/wp-content\/uploads\/2022\/02\/logo-laboratoriogruppoliturgico.png","width":400,"height":114,"caption":"Laboratorio Gruppo Liturgico"},"image":{"@id":"https:\/\/www.gruppoliturgico.com\/es\/#\/schema\/logo\/image\/"}}]}},"_links":{"self":[{"href":"https:\/\/www.gruppoliturgico.com\/fr\/wp-json\/wp\/v2\/product\/66347"}],"collection":[{"href":"https:\/\/www.gruppoliturgico.com\/fr\/wp-json\/wp\/v2\/product"}],"about":[{"href":"https:\/\/www.gruppoliturgico.com\/fr\/wp-json\/wp\/v2\/types\/product"}],"wp:featuredmedia":[{"embeddable":true,"href":"https:\/\/www.gruppoliturgico.com\/fr\/wp-json\/wp\/v2\/media\/132526"}],"wp:attachment":[{"href":"https:\/\/www.gruppoliturgico.com\/fr\/wp-json\/wp\/v2\/media?parent=66347"}],"wp:term":[{"taxonomy":"product_cat","embeddable":true,"href":"https:\/\/www.gruppoliturgico.com\/fr\/wp-json\/wp\/v2\/product_cat?post=66347"},{"taxonomy":"product_tag","embeddable":true,"href":"https:\/\/www.gruppoliturgico.com\/fr\/wp-json\/wp\/v2\/product_tag?post=66347"}],"curies":[{"name":"wp","href":"https:\/\/api.w.org\/{rel}","templated":true}]}}