{"id":66331,"date":"2022-05-20T01:40:31","date_gmt":"2022-05-19T23:40:37","guid":{"rendered":"https:\/\/www.gruppoliturgico.com\/prodotto\/ostensoir-9\/"},"modified":"2022-05-20T09:26:19","modified_gmt":"2022-05-20T07:26:19","slug":"ostensoir-9","status":"publish","type":"product","link":"https:\/\/www.gruppoliturgico.com\/fr\/produit\/ostensoir-9\/","title":{"rendered":"ostensoir"},"content":{"rendered":"<html><body><p>En laiton dor\u00e9 avec des parties en bronze fondu.<br>\nA la forme simple, il pr\u00e9sente de l\u00e9g\u00e8res gravures dans le pied et sur le soleil de cm 25 orn\u00e9e de fusions argent\u00e9es.<br>\nIl peut accueillir une hostie au diam\u00e8tre de cm 7,5.<\/p>\n<p>Hauteur cm 42<\/p>\n<\/body><\/html>","protected":false},"excerpt":{"rendered":"<p>En laiton dor\u00e9 avec des parties en bronze fondu.<br \/>\nA la forme simple, il pr\u00e9sente de l\u00e9g\u00e8res gravures dans le pied et sur le soleil de cm 25 orn\u00e9e de fusions argent\u00e9es.<br \/>\nIl peut accueillir une hostie au diam\u00e8tre de cm 7,5.<\/p>\n<p>Hauteur cm 42<\/p>\n","protected":false},"featured_media":137563,"template":"","meta":[],"product_cat":[12064],"product_tag":[],"yoast_head":"<!-- This site is optimized with the Yoast SEO plugin v20.4 - https:\/\/yoast.com\/wordpress\/plugins\/seo\/ -->\n<title>ostensoir - ostensoirs et Laboratorio Gruppo Liturgico<\/title>\n<meta name=\"description\" content=\"En laiton dor\u00e9 avec des parties en bronze fondu.  A la forme simple, il pr\u00e9sente de l\u00e9g\u00e8res gravures dans le pied et sur le soleil de cm 25 orn\u00e9e de fusions argent\u00e9es.  Il peut accueillir une hostie au diam\u00e8tre de cm 7,5.  Hauteur cm 42\" \/>\n<meta name=\"robots\" content=\"index, follow, max-snippet:-1, max-image-preview:large, max-video-preview:-1\" \/>\n<link rel=\"canonical\" href=\"https:\/\/www.gruppoliturgico.com\/fr\/produit\/ostensoir-9\/\" \/>\n<meta property=\"og:locale\" content=\"fr_FR\" \/>\n<meta property=\"og:type\" content=\"article\" \/>\n<meta property=\"og:title\" content=\"ostensoir - ostensoirs et Laboratorio Gruppo Liturgico\" \/>\n<meta property=\"og:description\" content=\"En laiton dor\u00e9 avec des parties en bronze fondu.  A la forme simple, il pr\u00e9sente de l\u00e9g\u00e8res gravures dans le pied et sur le soleil de cm 25 orn\u00e9e de fusions argent\u00e9es.  Il peut accueillir une hostie au diam\u00e8tre de cm 7,5.  Hauteur cm 42\" \/>\n<meta property=\"og:url\" content=\"https:\/\/www.gruppoliturgico.com\/fr\/produit\/ostensoir-9\/\" \/>\n<meta property=\"og:site_name\" content=\"Laboratorio Gruppo Liturgico\" \/>\n<meta property=\"article:modified_time\" content=\"2022-05-20T07:26:19+00:00\" \/>\n<meta property=\"og:image\" content=\"https:\/\/www.gruppoliturgico.com\/wp-content\/uploads\/2022\/05\/1893_1.jpg\" \/>\n\t<meta property=\"og:image:width\" content=\"765\" \/>\n\t<meta property=\"og:image:height\" content=\"1500\" \/>\n\t<meta property=\"og:image:type\" content=\"image\/jpeg\" \/>\n<meta name=\"twitter:card\" content=\"summary_large_image\" \/>\n<script type=\"application\/ld+json\" class=\"yoast-schema-graph\">{\"@context\":\"https:\/\/schema.org\",\"@graph\":[{\"@type\":\"WebPage\",\"@id\":\"https:\/\/www.gruppoliturgico.com\/fr\/produit\/ostensoir-9\/\",\"url\":\"https:\/\/www.gruppoliturgico.com\/fr\/produit\/ostensoir-9\/\",\"name\":\"ostensoir - ostensoirs et Laboratorio Gruppo Liturgico\",\"isPartOf\":{\"@id\":\"https:\/\/www.gruppoliturgico.com\/es\/#website\"},\"datePublished\":\"2022-05-19T23:40:37+00:00\",\"dateModified\":\"2022-05-20T07:26:19+00:00\",\"description\":\"En laiton dor\u00e9 avec des parties en bronze fondu. A la forme simple, il pr\u00e9sente de l\u00e9g\u00e8res gravures dans le pied et sur le soleil de cm 25 orn\u00e9e de fusions argent\u00e9es. Il peut accueillir une hostie au diam\u00e8tre de cm 7,5. Hauteur cm 42\",\"breadcrumb\":{\"@id\":\"https:\/\/www.gruppoliturgico.com\/fr\/produit\/ostensoir-9\/#breadcrumb\"},\"inLanguage\":\"fr-FR\",\"potentialAction\":[{\"@type\":\"ReadAction\",\"target\":[\"https:\/\/www.gruppoliturgico.com\/fr\/produit\/ostensoir-9\/\"]}]},{\"@type\":\"BreadcrumbList\",\"@id\":\"https:\/\/www.gruppoliturgico.com\/fr\/produit\/ostensoir-9\/#breadcrumb\",\"itemListElement\":[{\"@type\":\"ListItem\",\"position\":1,\"name\":\"Home\",\"item\":\"https:\/\/www.gruppoliturgico.com\/fr\/\"},{\"@type\":\"ListItem\",\"position\":2,\"name\":\"Boutique\",\"item\":\"https:\/\/www.gruppoliturgico.com\/fr\/boutique\/\"},{\"@type\":\"ListItem\",\"position\":3,\"name\":\"ostensoir\"}]},{\"@type\":\"WebSite\",\"@id\":\"https:\/\/www.gruppoliturgico.com\/es\/#website\",\"url\":\"https:\/\/www.gruppoliturgico.com\/es\/\",\"name\":\"Laboratorio Gruppo Liturgico\",\"description\":\"Articoli Religiosi online\",\"publisher\":{\"@id\":\"https:\/\/www.gruppoliturgico.com\/es\/#organization\"},\"potentialAction\":[{\"@type\":\"SearchAction\",\"target\":{\"@type\":\"EntryPoint\",\"urlTemplate\":\"https:\/\/www.gruppoliturgico.com\/es\/?s={search_term_string}\"},\"query-input\":\"required name=search_term_string\"}],\"inLanguage\":\"fr-FR\"},{\"@type\":\"Organization\",\"@id\":\"https:\/\/www.gruppoliturgico.com\/es\/#organization\",\"name\":\"Laboratorio Gruppo Liturgico\",\"url\":\"https:\/\/www.gruppoliturgico.com\/es\/\",\"logo\":{\"@type\":\"ImageObject\",\"inLanguage\":\"fr-FR\",\"@id\":\"https:\/\/www.gruppoliturgico.com\/es\/#\/schema\/logo\/image\/\",\"url\":\"https:\/\/www.gruppoliturgico.com\/wp-content\/uploads\/2022\/02\/logo-laboratoriogruppoliturgico.png\",\"contentUrl\":\"https:\/\/www.gruppoliturgico.com\/wp-content\/uploads\/2022\/02\/logo-laboratoriogruppoliturgico.png\",\"width\":400,\"height\":114,\"caption\":\"Laboratorio Gruppo Liturgico\"},\"image\":{\"@id\":\"https:\/\/www.gruppoliturgico.com\/es\/#\/schema\/logo\/image\/\"}}]}<\/script>\n<!-- \/ Yoast SEO plugin. -->","yoast_head_json":{"title":"ostensoir - ostensoirs et Laboratorio Gruppo Liturgico","description":"En laiton dor\u00e9 avec des parties en bronze fondu.  A la forme simple, il pr\u00e9sente de l\u00e9g\u00e8res gravures dans le pied et sur le soleil de cm 25 orn\u00e9e de fusions argent\u00e9es.  Il peut accueillir une hostie au diam\u00e8tre de cm 7,5.  Hauteur cm 42","robots":{"index":"index","follow":"follow","max-snippet":"max-snippet:-1","max-image-preview":"max-image-preview:large","max-video-preview":"max-video-preview:-1"},"canonical":"https:\/\/www.gruppoliturgico.com\/fr\/produit\/ostensoir-9\/","og_locale":"fr_FR","og_type":"article","og_title":"ostensoir - ostensoirs et Laboratorio Gruppo Liturgico","og_description":"En laiton dor\u00e9 avec des parties en bronze fondu.  A la forme simple, il pr\u00e9sente de l\u00e9g\u00e8res gravures dans le pied et sur le soleil de cm 25 orn\u00e9e de fusions argent\u00e9es.  Il peut accueillir une hostie au diam\u00e8tre de cm 7,5.  Hauteur cm 42","og_url":"https:\/\/www.gruppoliturgico.com\/fr\/produit\/ostensoir-9\/","og_site_name":"Laboratorio Gruppo Liturgico","article_modified_time":"2022-05-20T07:26:19+00:00","og_image":[{"width":765,"height":1500,"url":"https:\/\/www.gruppoliturgico.com\/wp-content\/uploads\/2022\/05\/1893_1.jpg","type":"image\/jpeg"}],"twitter_card":"summary_large_image","schema":{"@context":"https:\/\/schema.org","@graph":[{"@type":"WebPage","@id":"https:\/\/www.gruppoliturgico.com\/fr\/produit\/ostensoir-9\/","url":"https:\/\/www.gruppoliturgico.com\/fr\/produit\/ostensoir-9\/","name":"ostensoir - ostensoirs et Laboratorio Gruppo Liturgico","isPartOf":{"@id":"https:\/\/www.gruppoliturgico.com\/es\/#website"},"datePublished":"2022-05-19T23:40:37+00:00","dateModified":"2022-05-20T07:26:19+00:00","description":"En laiton dor\u00e9 avec des parties en bronze fondu. A la forme simple, il pr\u00e9sente de l\u00e9g\u00e8res gravures dans le pied et sur le soleil de cm 25 orn\u00e9e de fusions argent\u00e9es. Il peut accueillir une hostie au diam\u00e8tre de cm 7,5. Hauteur cm 42","breadcrumb":{"@id":"https:\/\/www.gruppoliturgico.com\/fr\/produit\/ostensoir-9\/#breadcrumb"},"inLanguage":"fr-FR","potentialAction":[{"@type":"ReadAction","target":["https:\/\/www.gruppoliturgico.com\/fr\/produit\/ostensoir-9\/"]}]},{"@type":"BreadcrumbList","@id":"https:\/\/www.gruppoliturgico.com\/fr\/produit\/ostensoir-9\/#breadcrumb","itemListElement":[{"@type":"ListItem","position":1,"name":"Home","item":"https:\/\/www.gruppoliturgico.com\/fr\/"},{"@type":"ListItem","position":2,"name":"Boutique","item":"https:\/\/www.gruppoliturgico.com\/fr\/boutique\/"},{"@type":"ListItem","position":3,"name":"ostensoir"}]},{"@type":"WebSite","@id":"https:\/\/www.gruppoliturgico.com\/es\/#website","url":"https:\/\/www.gruppoliturgico.com\/es\/","name":"Laboratorio Gruppo Liturgico","description":"Articoli Religiosi online","publisher":{"@id":"https:\/\/www.gruppoliturgico.com\/es\/#organization"},"potentialAction":[{"@type":"SearchAction","target":{"@type":"EntryPoint","urlTemplate":"https:\/\/www.gruppoliturgico.com\/es\/?s={search_term_string}"},"query-input":"required name=search_term_string"}],"inLanguage":"fr-FR"},{"@type":"Organization","@id":"https:\/\/www.gruppoliturgico.com\/es\/#organization","name":"Laboratorio Gruppo Liturgico","url":"https:\/\/www.gruppoliturgico.com\/es\/","logo":{"@type":"ImageObject","inLanguage":"fr-FR","@id":"https:\/\/www.gruppoliturgico.com\/es\/#\/schema\/logo\/image\/","url":"https:\/\/www.gruppoliturgico.com\/wp-content\/uploads\/2022\/02\/logo-laboratoriogruppoliturgico.png","contentUrl":"https:\/\/www.gruppoliturgico.com\/wp-content\/uploads\/2022\/02\/logo-laboratoriogruppoliturgico.png","width":400,"height":114,"caption":"Laboratorio Gruppo Liturgico"},"image":{"@id":"https:\/\/www.gruppoliturgico.com\/es\/#\/schema\/logo\/image\/"}}]}},"_links":{"self":[{"href":"https:\/\/www.gruppoliturgico.com\/fr\/wp-json\/wp\/v2\/product\/66331"}],"collection":[{"href":"https:\/\/www.gruppoliturgico.com\/fr\/wp-json\/wp\/v2\/product"}],"about":[{"href":"https:\/\/www.gruppoliturgico.com\/fr\/wp-json\/wp\/v2\/types\/product"}],"wp:featuredmedia":[{"embeddable":true,"href":"https:\/\/www.gruppoliturgico.com\/fr\/wp-json\/wp\/v2\/media\/137563"}],"wp:attachment":[{"href":"https:\/\/www.gruppoliturgico.com\/fr\/wp-json\/wp\/v2\/media?parent=66331"}],"wp:term":[{"taxonomy":"product_cat","embeddable":true,"href":"https:\/\/www.gruppoliturgico.com\/fr\/wp-json\/wp\/v2\/product_cat?post=66331"},{"taxonomy":"product_tag","embeddable":true,"href":"https:\/\/www.gruppoliturgico.com\/fr\/wp-json\/wp\/v2\/product_tag?post=66331"}],"curies":[{"name":"wp","href":"https:\/\/api.w.org\/{rel}","templated":true}]}}