{"id":66307,"date":"2022-05-20T01:39:14","date_gmt":"2022-05-19T23:39:20","guid":{"rendered":"https:\/\/www.gruppoliturgico.com\/prodotto\/croix-dautel-sur-pied-en-bois\/"},"modified":"2022-05-20T09:24:57","modified_gmt":"2022-05-20T07:24:57","slug":"croix-dautel-sur-pied-en-bois","status":"publish","type":"product","link":"https:\/\/www.gruppoliturgico.com\/fr\/produit\/croix-dautel-sur-pied-en-bois\/","title":{"rendered":"croix d&rsquo;autel sur pied en bois"},"content":{"rendered":"<html><body><p>Le corps de J\u00e9sus Crucifix est une remarquable sculpture en bois de tilleul de cm 70 et il est pos\u00e9 sur une croix en bois de 250 cm.<br>\nComplet de base en bois sculpt\u00e9. Tr\u00e8s indiqu\u00e9 pour \u00eatre plac\u00e9 dans le presbyterium \u00e0 c\u00f4t\u00e9 de l\u2019autel.<\/p>\n<\/body><\/html>","protected":false},"excerpt":{"rendered":"<p>Le corps de J\u00e9sus Crucifix est une remarquable sculpture en bois de tilleul de cm 70 et il est pos\u00e9 sur une croix en bois de 250 cm.<br \/>\nComplet de base en bois sculpt\u00e9. Tr\u00e8s indiqu\u00e9 pour \u00eatre plac\u00e9 dans le presbyterium \u00e0 c\u00f4t\u00e9 de l&rsquo;autel.<\/p>\n","protected":false},"featured_media":139297,"template":"","meta":[],"product_cat":[11592],"product_tag":[],"yoast_head":"<!-- This site is optimized with the Yoast SEO plugin v20.4 - https:\/\/yoast.com\/wordpress\/plugins\/seo\/ -->\n<title>croix d&#039;autel sur pied en bois - crucifix en bois sculpt\u00e9 et Laboratorio Gruppo Liturgico<\/title>\n<meta name=\"description\" content=\"Le corps de J\u00e9sus Crucifix est une remarquable sculpture en bois de tilleul de cm 70 et il est pos\u00e9 sur une croix en bois de 250 cm.  Complet de base en bois sculpt\u00e9. Tr\u00e8s indiqu\u00e9 pour \u00eatre plac\u00e9 dans le presbyterium \u00e0 c\u00f4t\u00e9 de l&#039;autel.\" \/>\n<meta name=\"robots\" content=\"index, follow, max-snippet:-1, max-image-preview:large, max-video-preview:-1\" \/>\n<link rel=\"canonical\" href=\"https:\/\/www.gruppoliturgico.com\/fr\/produit\/croix-dautel-sur-pied-en-bois\/\" \/>\n<meta property=\"og:locale\" content=\"fr_FR\" \/>\n<meta property=\"og:type\" content=\"article\" \/>\n<meta property=\"og:title\" content=\"croix d&#039;autel sur pied en bois - crucifix en bois sculpt\u00e9 et Laboratorio Gruppo Liturgico\" \/>\n<meta property=\"og:description\" content=\"Le corps de J\u00e9sus Crucifix est une remarquable sculpture en bois de tilleul de cm 70 et il est pos\u00e9 sur une croix en bois de 250 cm.  Complet de base en bois sculpt\u00e9. Tr\u00e8s indiqu\u00e9 pour \u00eatre plac\u00e9 dans le presbyterium \u00e0 c\u00f4t\u00e9 de l&#039;autel.\" \/>\n<meta property=\"og:url\" content=\"https:\/\/www.gruppoliturgico.com\/fr\/produit\/croix-dautel-sur-pied-en-bois\/\" \/>\n<meta property=\"og:site_name\" content=\"Laboratorio Gruppo Liturgico\" \/>\n<meta property=\"article:modified_time\" content=\"2022-05-20T07:24:57+00:00\" \/>\n<meta property=\"og:image\" content=\"https:\/\/www.gruppoliturgico.com\/wp-content\/uploads\/2022\/05\/1888-2.jpg\" \/>\n\t<meta property=\"og:image:width\" content=\"1410\" \/>\n\t<meta property=\"og:image:height\" content=\"2000\" \/>\n\t<meta property=\"og:image:type\" content=\"image\/jpeg\" \/>\n<meta name=\"twitter:card\" content=\"summary_large_image\" \/>\n<script type=\"application\/ld+json\" class=\"yoast-schema-graph\">{\"@context\":\"https:\/\/schema.org\",\"@graph\":[{\"@type\":\"WebPage\",\"@id\":\"https:\/\/www.gruppoliturgico.com\/fr\/produit\/croix-dautel-sur-pied-en-bois\/\",\"url\":\"https:\/\/www.gruppoliturgico.com\/fr\/produit\/croix-dautel-sur-pied-en-bois\/\",\"name\":\"croix d'autel sur pied en bois - crucifix en bois sculpt\u00e9 et Laboratorio Gruppo Liturgico\",\"isPartOf\":{\"@id\":\"https:\/\/www.gruppoliturgico.com\/es\/#website\"},\"datePublished\":\"2022-05-19T23:39:20+00:00\",\"dateModified\":\"2022-05-20T07:24:57+00:00\",\"description\":\"Le corps de J\u00e9sus Crucifix est une remarquable sculpture en bois de tilleul de cm 70 et il est pos\u00e9 sur une croix en bois de 250 cm. Complet de base en bois sculpt\u00e9. Tr\u00e8s indiqu\u00e9 pour \u00eatre plac\u00e9 dans le presbyterium \u00e0 c\u00f4t\u00e9 de l'autel.\",\"breadcrumb\":{\"@id\":\"https:\/\/www.gruppoliturgico.com\/fr\/produit\/croix-dautel-sur-pied-en-bois\/#breadcrumb\"},\"inLanguage\":\"fr-FR\",\"potentialAction\":[{\"@type\":\"ReadAction\",\"target\":[\"https:\/\/www.gruppoliturgico.com\/fr\/produit\/croix-dautel-sur-pied-en-bois\/\"]}]},{\"@type\":\"BreadcrumbList\",\"@id\":\"https:\/\/www.gruppoliturgico.com\/fr\/produit\/croix-dautel-sur-pied-en-bois\/#breadcrumb\",\"itemListElement\":[{\"@type\":\"ListItem\",\"position\":1,\"name\":\"Home\",\"item\":\"https:\/\/www.gruppoliturgico.com\/fr\/\"},{\"@type\":\"ListItem\",\"position\":2,\"name\":\"Boutique\",\"item\":\"https:\/\/www.gruppoliturgico.com\/fr\/boutique\/\"},{\"@type\":\"ListItem\",\"position\":3,\"name\":\"croix d&#8217;autel sur pied en bois\"}]},{\"@type\":\"WebSite\",\"@id\":\"https:\/\/www.gruppoliturgico.com\/es\/#website\",\"url\":\"https:\/\/www.gruppoliturgico.com\/es\/\",\"name\":\"Laboratorio Gruppo Liturgico\",\"description\":\"Articoli Religiosi online\",\"publisher\":{\"@id\":\"https:\/\/www.gruppoliturgico.com\/es\/#organization\"},\"potentialAction\":[{\"@type\":\"SearchAction\",\"target\":{\"@type\":\"EntryPoint\",\"urlTemplate\":\"https:\/\/www.gruppoliturgico.com\/es\/?s={search_term_string}\"},\"query-input\":\"required name=search_term_string\"}],\"inLanguage\":\"fr-FR\"},{\"@type\":\"Organization\",\"@id\":\"https:\/\/www.gruppoliturgico.com\/es\/#organization\",\"name\":\"Laboratorio Gruppo Liturgico\",\"url\":\"https:\/\/www.gruppoliturgico.com\/es\/\",\"logo\":{\"@type\":\"ImageObject\",\"inLanguage\":\"fr-FR\",\"@id\":\"https:\/\/www.gruppoliturgico.com\/es\/#\/schema\/logo\/image\/\",\"url\":\"https:\/\/www.gruppoliturgico.com\/wp-content\/uploads\/2022\/02\/logo-laboratoriogruppoliturgico.png\",\"contentUrl\":\"https:\/\/www.gruppoliturgico.com\/wp-content\/uploads\/2022\/02\/logo-laboratoriogruppoliturgico.png\",\"width\":400,\"height\":114,\"caption\":\"Laboratorio Gruppo Liturgico\"},\"image\":{\"@id\":\"https:\/\/www.gruppoliturgico.com\/es\/#\/schema\/logo\/image\/\"}}]}<\/script>\n<!-- \/ Yoast SEO plugin. -->","yoast_head_json":{"title":"croix d'autel sur pied en bois - crucifix en bois sculpt\u00e9 et Laboratorio Gruppo Liturgico","description":"Le corps de J\u00e9sus Crucifix est une remarquable sculpture en bois de tilleul de cm 70 et il est pos\u00e9 sur une croix en bois de 250 cm.  Complet de base en bois sculpt\u00e9. Tr\u00e8s indiqu\u00e9 pour \u00eatre plac\u00e9 dans le presbyterium \u00e0 c\u00f4t\u00e9 de l'autel.","robots":{"index":"index","follow":"follow","max-snippet":"max-snippet:-1","max-image-preview":"max-image-preview:large","max-video-preview":"max-video-preview:-1"},"canonical":"https:\/\/www.gruppoliturgico.com\/fr\/produit\/croix-dautel-sur-pied-en-bois\/","og_locale":"fr_FR","og_type":"article","og_title":"croix d'autel sur pied en bois - crucifix en bois sculpt\u00e9 et Laboratorio Gruppo Liturgico","og_description":"Le corps de J\u00e9sus Crucifix est une remarquable sculpture en bois de tilleul de cm 70 et il est pos\u00e9 sur une croix en bois de 250 cm.  Complet de base en bois sculpt\u00e9. Tr\u00e8s indiqu\u00e9 pour \u00eatre plac\u00e9 dans le presbyterium \u00e0 c\u00f4t\u00e9 de l'autel.","og_url":"https:\/\/www.gruppoliturgico.com\/fr\/produit\/croix-dautel-sur-pied-en-bois\/","og_site_name":"Laboratorio Gruppo Liturgico","article_modified_time":"2022-05-20T07:24:57+00:00","og_image":[{"width":1410,"height":2000,"url":"https:\/\/www.gruppoliturgico.com\/wp-content\/uploads\/2022\/05\/1888-2.jpg","type":"image\/jpeg"}],"twitter_card":"summary_large_image","schema":{"@context":"https:\/\/schema.org","@graph":[{"@type":"WebPage","@id":"https:\/\/www.gruppoliturgico.com\/fr\/produit\/croix-dautel-sur-pied-en-bois\/","url":"https:\/\/www.gruppoliturgico.com\/fr\/produit\/croix-dautel-sur-pied-en-bois\/","name":"croix d'autel sur pied en bois - crucifix en bois sculpt\u00e9 et Laboratorio Gruppo Liturgico","isPartOf":{"@id":"https:\/\/www.gruppoliturgico.com\/es\/#website"},"datePublished":"2022-05-19T23:39:20+00:00","dateModified":"2022-05-20T07:24:57+00:00","description":"Le corps de J\u00e9sus Crucifix est une remarquable sculpture en bois de tilleul de cm 70 et il est pos\u00e9 sur une croix en bois de 250 cm. Complet de base en bois sculpt\u00e9. Tr\u00e8s indiqu\u00e9 pour \u00eatre plac\u00e9 dans le presbyterium \u00e0 c\u00f4t\u00e9 de l'autel.","breadcrumb":{"@id":"https:\/\/www.gruppoliturgico.com\/fr\/produit\/croix-dautel-sur-pied-en-bois\/#breadcrumb"},"inLanguage":"fr-FR","potentialAction":[{"@type":"ReadAction","target":["https:\/\/www.gruppoliturgico.com\/fr\/produit\/croix-dautel-sur-pied-en-bois\/"]}]},{"@type":"BreadcrumbList","@id":"https:\/\/www.gruppoliturgico.com\/fr\/produit\/croix-dautel-sur-pied-en-bois\/#breadcrumb","itemListElement":[{"@type":"ListItem","position":1,"name":"Home","item":"https:\/\/www.gruppoliturgico.com\/fr\/"},{"@type":"ListItem","position":2,"name":"Boutique","item":"https:\/\/www.gruppoliturgico.com\/fr\/boutique\/"},{"@type":"ListItem","position":3,"name":"croix d&#8217;autel sur pied en bois"}]},{"@type":"WebSite","@id":"https:\/\/www.gruppoliturgico.com\/es\/#website","url":"https:\/\/www.gruppoliturgico.com\/es\/","name":"Laboratorio Gruppo Liturgico","description":"Articoli Religiosi online","publisher":{"@id":"https:\/\/www.gruppoliturgico.com\/es\/#organization"},"potentialAction":[{"@type":"SearchAction","target":{"@type":"EntryPoint","urlTemplate":"https:\/\/www.gruppoliturgico.com\/es\/?s={search_term_string}"},"query-input":"required name=search_term_string"}],"inLanguage":"fr-FR"},{"@type":"Organization","@id":"https:\/\/www.gruppoliturgico.com\/es\/#organization","name":"Laboratorio Gruppo Liturgico","url":"https:\/\/www.gruppoliturgico.com\/es\/","logo":{"@type":"ImageObject","inLanguage":"fr-FR","@id":"https:\/\/www.gruppoliturgico.com\/es\/#\/schema\/logo\/image\/","url":"https:\/\/www.gruppoliturgico.com\/wp-content\/uploads\/2022\/02\/logo-laboratoriogruppoliturgico.png","contentUrl":"https:\/\/www.gruppoliturgico.com\/wp-content\/uploads\/2022\/02\/logo-laboratoriogruppoliturgico.png","width":400,"height":114,"caption":"Laboratorio Gruppo Liturgico"},"image":{"@id":"https:\/\/www.gruppoliturgico.com\/es\/#\/schema\/logo\/image\/"}}]}},"_links":{"self":[{"href":"https:\/\/www.gruppoliturgico.com\/fr\/wp-json\/wp\/v2\/product\/66307"}],"collection":[{"href":"https:\/\/www.gruppoliturgico.com\/fr\/wp-json\/wp\/v2\/product"}],"about":[{"href":"https:\/\/www.gruppoliturgico.com\/fr\/wp-json\/wp\/v2\/types\/product"}],"wp:featuredmedia":[{"embeddable":true,"href":"https:\/\/www.gruppoliturgico.com\/fr\/wp-json\/wp\/v2\/media\/139297"}],"wp:attachment":[{"href":"https:\/\/www.gruppoliturgico.com\/fr\/wp-json\/wp\/v2\/media?parent=66307"}],"wp:term":[{"taxonomy":"product_cat","embeddable":true,"href":"https:\/\/www.gruppoliturgico.com\/fr\/wp-json\/wp\/v2\/product_cat?post=66307"},{"taxonomy":"product_tag","embeddable":true,"href":"https:\/\/www.gruppoliturgico.com\/fr\/wp-json\/wp\/v2\/product_tag?post=66307"}],"curies":[{"name":"wp","href":"https:\/\/api.w.org\/{rel}","templated":true}]}}