{"id":66279,"date":"2022-05-20T01:37:39","date_gmt":"2022-05-19T23:37:46","guid":{"rendered":"https:\/\/www.gruppoliturgico.com\/prodotto\/support-pour-croix-processionnelle-2\/"},"modified":"2022-10-21T16:04:28","modified_gmt":"2022-10-21T14:04:28","slug":"support-pour-croix-processionnelle-2","status":"publish","type":"product","link":"https:\/\/www.gruppoliturgico.com\/fr\/produit\/support-pour-croix-processionnelle-2\/","title":{"rendered":"support pour croix processionnelle"},"content":{"rendered":"<html><body><p>Support pour croix processionnelle en bois massif avec une d\u00e9licate d\u00e9coration en marbre.<br>\nFrises ornementales dor\u00e9 \u00e0 la feuille d\u2019or.<br>\nLe d\u00e9grad\u00e9 chromatique de la peinture peut \u00eatre r\u00e9alis\u00e9 avec des couleurs sur demande.<br>\nHauteur cm 36<\/p>\n<\/body><\/html>","protected":false},"excerpt":{"rendered":"<p>Support pour croix processionnelle en bois massif avec une d\u00e9licate d\u00e9coration en marbre.<br \/>\nFrises ornementales dor\u00e9 \u00e0 la feuille d\u2019or.<br \/>\nLe d\u00e9grad\u00e9 chromatique de la peinture peut \u00eatre r\u00e9alis\u00e9 avec des couleurs sur demande.<br \/>\nHauteur cm 36<\/p>\n","protected":false},"featured_media":131496,"template":"","meta":[],"product_cat":[12164],"product_tag":[],"yoast_head":"<!-- This site is optimized with the Yoast SEO plugin v20.4 - https:\/\/yoast.com\/wordpress\/plugins\/seo\/ -->\n<title>support pour croix processionnelle - Art 1865 et Laboratorio Gruppo Liturgico<\/title>\n<meta name=\"description\" content=\"Support pour croix processionnelle en bois massif avec une d\u00e9licate d\u00e9coration en marbre. Frises ornementales dor\u00e9 \u00e0 la feuille d\u2019or. Le d\u00e9grad\u00e9 chromatique de la peinture peut \u00eatre r\u00e9alis\u00e9 avec des couleurs sur demande. Hauteur cm 36\" \/>\n<meta name=\"robots\" content=\"index, follow, max-snippet:-1, max-image-preview:large, max-video-preview:-1\" \/>\n<link rel=\"canonical\" href=\"https:\/\/www.gruppoliturgico.com\/fr\/produit\/support-pour-croix-processionnelle-2\/\" \/>\n<meta property=\"og:locale\" content=\"fr_FR\" \/>\n<meta property=\"og:type\" content=\"article\" \/>\n<meta property=\"og:title\" content=\"support pour croix processionnelle - Art 1865 et Laboratorio Gruppo Liturgico\" \/>\n<meta property=\"og:description\" content=\"Support pour croix processionnelle en bois massif avec une d\u00e9licate d\u00e9coration en marbre. Frises ornementales dor\u00e9 \u00e0 la feuille d\u2019or. Le d\u00e9grad\u00e9 chromatique de la peinture peut \u00eatre r\u00e9alis\u00e9 avec des couleurs sur demande. Hauteur cm 36\" \/>\n<meta property=\"og:url\" content=\"https:\/\/www.gruppoliturgico.com\/fr\/produit\/support-pour-croix-processionnelle-2\/\" \/>\n<meta property=\"og:site_name\" content=\"Laboratorio Gruppo Liturgico\" \/>\n<meta property=\"article:modified_time\" content=\"2022-10-21T14:04:28+00:00\" \/>\n<meta property=\"og:image\" content=\"https:\/\/www.gruppoliturgico.com\/wp-content\/uploads\/2022\/05\/1871.1.jpg\" \/>\n\t<meta property=\"og:image:width\" content=\"965\" \/>\n\t<meta property=\"og:image:height\" content=\"1500\" \/>\n\t<meta property=\"og:image:type\" content=\"image\/jpeg\" \/>\n<meta name=\"twitter:card\" content=\"summary_large_image\" \/>\n<script type=\"application\/ld+json\" class=\"yoast-schema-graph\">{\"@context\":\"https:\/\/schema.org\",\"@graph\":[{\"@type\":\"WebPage\",\"@id\":\"https:\/\/www.gruppoliturgico.com\/fr\/produit\/support-pour-croix-processionnelle-2\/\",\"url\":\"https:\/\/www.gruppoliturgico.com\/fr\/produit\/support-pour-croix-processionnelle-2\/\",\"name\":\"support pour croix processionnelle - Art 1865 et Laboratorio Gruppo Liturgico\",\"isPartOf\":{\"@id\":\"https:\/\/www.gruppoliturgico.com\/es\/#website\"},\"datePublished\":\"2022-05-19T23:37:46+00:00\",\"dateModified\":\"2022-10-21T14:04:28+00:00\",\"description\":\"Support pour croix processionnelle en bois massif avec une d\u00e9licate d\u00e9coration en marbre. Frises ornementales dor\u00e9 \u00e0 la feuille d\u2019or. Le d\u00e9grad\u00e9 chromatique de la peinture peut \u00eatre r\u00e9alis\u00e9 avec des couleurs sur demande. Hauteur cm 36\",\"breadcrumb\":{\"@id\":\"https:\/\/www.gruppoliturgico.com\/fr\/produit\/support-pour-croix-processionnelle-2\/#breadcrumb\"},\"inLanguage\":\"fr-FR\",\"potentialAction\":[{\"@type\":\"ReadAction\",\"target\":[\"https:\/\/www.gruppoliturgico.com\/fr\/produit\/support-pour-croix-processionnelle-2\/\"]}]},{\"@type\":\"BreadcrumbList\",\"@id\":\"https:\/\/www.gruppoliturgico.com\/fr\/produit\/support-pour-croix-processionnelle-2\/#breadcrumb\",\"itemListElement\":[{\"@type\":\"ListItem\",\"position\":1,\"name\":\"Home\",\"item\":\"https:\/\/www.gruppoliturgico.com\/fr\/\"},{\"@type\":\"ListItem\",\"position\":2,\"name\":\"Boutique\",\"item\":\"https:\/\/www.gruppoliturgico.com\/fr\/boutique\/\"},{\"@type\":\"ListItem\",\"position\":3,\"name\":\"support pour croix processionnelle\"}]},{\"@type\":\"WebSite\",\"@id\":\"https:\/\/www.gruppoliturgico.com\/es\/#website\",\"url\":\"https:\/\/www.gruppoliturgico.com\/es\/\",\"name\":\"Laboratorio Gruppo Liturgico\",\"description\":\"Articoli Religiosi online\",\"publisher\":{\"@id\":\"https:\/\/www.gruppoliturgico.com\/es\/#organization\"},\"potentialAction\":[{\"@type\":\"SearchAction\",\"target\":{\"@type\":\"EntryPoint\",\"urlTemplate\":\"https:\/\/www.gruppoliturgico.com\/es\/?s={search_term_string}\"},\"query-input\":\"required name=search_term_string\"}],\"inLanguage\":\"fr-FR\"},{\"@type\":\"Organization\",\"@id\":\"https:\/\/www.gruppoliturgico.com\/es\/#organization\",\"name\":\"Laboratorio Gruppo Liturgico\",\"url\":\"https:\/\/www.gruppoliturgico.com\/es\/\",\"logo\":{\"@type\":\"ImageObject\",\"inLanguage\":\"fr-FR\",\"@id\":\"https:\/\/www.gruppoliturgico.com\/es\/#\/schema\/logo\/image\/\",\"url\":\"https:\/\/www.gruppoliturgico.com\/wp-content\/uploads\/2022\/02\/logo-laboratoriogruppoliturgico.png\",\"contentUrl\":\"https:\/\/www.gruppoliturgico.com\/wp-content\/uploads\/2022\/02\/logo-laboratoriogruppoliturgico.png\",\"width\":400,\"height\":114,\"caption\":\"Laboratorio Gruppo Liturgico\"},\"image\":{\"@id\":\"https:\/\/www.gruppoliturgico.com\/es\/#\/schema\/logo\/image\/\"}}]}<\/script>\n<!-- \/ Yoast SEO plugin. -->","yoast_head_json":{"title":"support pour croix processionnelle - Art 1865 et Laboratorio Gruppo Liturgico","description":"Support pour croix processionnelle en bois massif avec une d\u00e9licate d\u00e9coration en marbre. Frises ornementales dor\u00e9 \u00e0 la feuille d\u2019or. Le d\u00e9grad\u00e9 chromatique de la peinture peut \u00eatre r\u00e9alis\u00e9 avec des couleurs sur demande. Hauteur cm 36","robots":{"index":"index","follow":"follow","max-snippet":"max-snippet:-1","max-image-preview":"max-image-preview:large","max-video-preview":"max-video-preview:-1"},"canonical":"https:\/\/www.gruppoliturgico.com\/fr\/produit\/support-pour-croix-processionnelle-2\/","og_locale":"fr_FR","og_type":"article","og_title":"support pour croix processionnelle - Art 1865 et Laboratorio Gruppo Liturgico","og_description":"Support pour croix processionnelle en bois massif avec une d\u00e9licate d\u00e9coration en marbre. Frises ornementales dor\u00e9 \u00e0 la feuille d\u2019or. Le d\u00e9grad\u00e9 chromatique de la peinture peut \u00eatre r\u00e9alis\u00e9 avec des couleurs sur demande. Hauteur cm 36","og_url":"https:\/\/www.gruppoliturgico.com\/fr\/produit\/support-pour-croix-processionnelle-2\/","og_site_name":"Laboratorio Gruppo Liturgico","article_modified_time":"2022-10-21T14:04:28+00:00","og_image":[{"width":965,"height":1500,"url":"https:\/\/www.gruppoliturgico.com\/wp-content\/uploads\/2022\/05\/1871.1.jpg","type":"image\/jpeg"}],"twitter_card":"summary_large_image","schema":{"@context":"https:\/\/schema.org","@graph":[{"@type":"WebPage","@id":"https:\/\/www.gruppoliturgico.com\/fr\/produit\/support-pour-croix-processionnelle-2\/","url":"https:\/\/www.gruppoliturgico.com\/fr\/produit\/support-pour-croix-processionnelle-2\/","name":"support pour croix processionnelle - Art 1865 et Laboratorio Gruppo Liturgico","isPartOf":{"@id":"https:\/\/www.gruppoliturgico.com\/es\/#website"},"datePublished":"2022-05-19T23:37:46+00:00","dateModified":"2022-10-21T14:04:28+00:00","description":"Support pour croix processionnelle en bois massif avec une d\u00e9licate d\u00e9coration en marbre. Frises ornementales dor\u00e9 \u00e0 la feuille d\u2019or. Le d\u00e9grad\u00e9 chromatique de la peinture peut \u00eatre r\u00e9alis\u00e9 avec des couleurs sur demande. Hauteur cm 36","breadcrumb":{"@id":"https:\/\/www.gruppoliturgico.com\/fr\/produit\/support-pour-croix-processionnelle-2\/#breadcrumb"},"inLanguage":"fr-FR","potentialAction":[{"@type":"ReadAction","target":["https:\/\/www.gruppoliturgico.com\/fr\/produit\/support-pour-croix-processionnelle-2\/"]}]},{"@type":"BreadcrumbList","@id":"https:\/\/www.gruppoliturgico.com\/fr\/produit\/support-pour-croix-processionnelle-2\/#breadcrumb","itemListElement":[{"@type":"ListItem","position":1,"name":"Home","item":"https:\/\/www.gruppoliturgico.com\/fr\/"},{"@type":"ListItem","position":2,"name":"Boutique","item":"https:\/\/www.gruppoliturgico.com\/fr\/boutique\/"},{"@type":"ListItem","position":3,"name":"support pour croix processionnelle"}]},{"@type":"WebSite","@id":"https:\/\/www.gruppoliturgico.com\/es\/#website","url":"https:\/\/www.gruppoliturgico.com\/es\/","name":"Laboratorio Gruppo Liturgico","description":"Articoli Religiosi online","publisher":{"@id":"https:\/\/www.gruppoliturgico.com\/es\/#organization"},"potentialAction":[{"@type":"SearchAction","target":{"@type":"EntryPoint","urlTemplate":"https:\/\/www.gruppoliturgico.com\/es\/?s={search_term_string}"},"query-input":"required name=search_term_string"}],"inLanguage":"fr-FR"},{"@type":"Organization","@id":"https:\/\/www.gruppoliturgico.com\/es\/#organization","name":"Laboratorio Gruppo Liturgico","url":"https:\/\/www.gruppoliturgico.com\/es\/","logo":{"@type":"ImageObject","inLanguage":"fr-FR","@id":"https:\/\/www.gruppoliturgico.com\/es\/#\/schema\/logo\/image\/","url":"https:\/\/www.gruppoliturgico.com\/wp-content\/uploads\/2022\/02\/logo-laboratoriogruppoliturgico.png","contentUrl":"https:\/\/www.gruppoliturgico.com\/wp-content\/uploads\/2022\/02\/logo-laboratoriogruppoliturgico.png","width":400,"height":114,"caption":"Laboratorio Gruppo Liturgico"},"image":{"@id":"https:\/\/www.gruppoliturgico.com\/es\/#\/schema\/logo\/image\/"}}]}},"_links":{"self":[{"href":"https:\/\/www.gruppoliturgico.com\/fr\/wp-json\/wp\/v2\/product\/66279"}],"collection":[{"href":"https:\/\/www.gruppoliturgico.com\/fr\/wp-json\/wp\/v2\/product"}],"about":[{"href":"https:\/\/www.gruppoliturgico.com\/fr\/wp-json\/wp\/v2\/types\/product"}],"wp:featuredmedia":[{"embeddable":true,"href":"https:\/\/www.gruppoliturgico.com\/fr\/wp-json\/wp\/v2\/media\/131496"}],"wp:attachment":[{"href":"https:\/\/www.gruppoliturgico.com\/fr\/wp-json\/wp\/v2\/media?parent=66279"}],"wp:term":[{"taxonomy":"product_cat","embeddable":true,"href":"https:\/\/www.gruppoliturgico.com\/fr\/wp-json\/wp\/v2\/product_cat?post=66279"},{"taxonomy":"product_tag","embeddable":true,"href":"https:\/\/www.gruppoliturgico.com\/fr\/wp-json\/wp\/v2\/product_tag?post=66279"}],"curies":[{"name":"wp","href":"https:\/\/api.w.org\/{rel}","templated":true}]}}