{"id":66271,"date":"2022-05-20T01:37:15","date_gmt":"2022-05-19T23:37:20","guid":{"rendered":"https:\/\/www.gruppoliturgico.com\/prodotto\/baptistere-7\/"},"modified":"2022-10-21T15:10:18","modified_gmt":"2022-10-21T13:10:18","slug":"baptistere-7","status":"publish","type":"product","link":"https:\/\/www.gruppoliturgico.com\/fr\/produit\/baptistere-7\/","title":{"rendered":"baptist\u00e8re"},"content":{"rendered":"<html><body><p>Baptist\u00e8re en bois massif avec une d\u00e9licate d\u00e9coration en marbre.<br>\nFrises ornementales dor\u00e9 \u00e0 la feuille d\u2019or.<br>\nLe d\u00e9grad\u00e9 chromatique de la peinture peut \u00eatre r\u00e9alis\u00e9 avec des couleurs sur demande.<br>\nBassin en cuivre repouss\u00e9 \u00e0 la main de diam\u00e8tre de cm 40.<br>\nBase cm 30 x 30<br>\nHauteur cm 120<\/p>\n<\/body><\/html>","protected":false},"excerpt":{"rendered":"<p>Baptist\u00e8re en bois massif avec une d\u00e9licate d\u00e9coration en marbre.<br \/>\nFrises ornementales dor\u00e9 \u00e0 la feuille d\u2019or.<br \/>\nLe d\u00e9grad\u00e9 chromatique de la peinture peut \u00eatre r\u00e9alis\u00e9 avec des couleurs sur demande.<br \/>\nBassin en cuivre repouss\u00e9 \u00e0 la main de diam\u00e8tre de cm 40.<br \/>\nBase cm 30 x 30<br \/>\nHauteur cm 120<\/p>\n","protected":false},"featured_media":131641,"template":"","meta":[],"product_cat":[12164,11732],"product_tag":[],"yoast_head":"<!-- This site is optimized with the Yoast SEO plugin v20.4 - https:\/\/yoast.com\/wordpress\/plugins\/seo\/ -->\n<title>baptist\u00e8re - Art 1865, baptist\u00e8res et Laboratorio Gruppo Liturgico<\/title>\n<meta name=\"description\" content=\"Baptist\u00e8re en bois massif avec une d\u00e9licate d\u00e9coration en marbre. Frises ornementales dor\u00e9 \u00e0 la feuille d\u2019or. Le d\u00e9grad\u00e9 chromatique de la peinture peut \u00eatre r\u00e9alis\u00e9 avec des couleurs sur demande. Bassin en cuivre repouss\u00e9 \u00e0 la main de diam\u00e8tre de cm 40.  Base cm 30 x 30 Hauteur cm 120\" \/>\n<meta name=\"robots\" content=\"index, follow, max-snippet:-1, max-image-preview:large, max-video-preview:-1\" \/>\n<link rel=\"canonical\" href=\"https:\/\/www.gruppoliturgico.com\/fr\/produit\/baptistere-7\/\" \/>\n<meta property=\"og:locale\" content=\"fr_FR\" \/>\n<meta property=\"og:type\" content=\"article\" \/>\n<meta property=\"og:title\" content=\"baptist\u00e8re - Art 1865, baptist\u00e8res et Laboratorio Gruppo Liturgico\" \/>\n<meta property=\"og:description\" content=\"Baptist\u00e8re en bois massif avec une d\u00e9licate d\u00e9coration en marbre. Frises ornementales dor\u00e9 \u00e0 la feuille d\u2019or. Le d\u00e9grad\u00e9 chromatique de la peinture peut \u00eatre r\u00e9alis\u00e9 avec des couleurs sur demande. Bassin en cuivre repouss\u00e9 \u00e0 la main de diam\u00e8tre de cm 40.  Base cm 30 x 30 Hauteur cm 120\" \/>\n<meta property=\"og:url\" content=\"https:\/\/www.gruppoliturgico.com\/fr\/produit\/baptistere-7\/\" \/>\n<meta property=\"og:site_name\" content=\"Laboratorio Gruppo Liturgico\" \/>\n<meta property=\"article:modified_time\" content=\"2022-10-21T13:10:18+00:00\" \/>\n<meta property=\"og:image\" content=\"https:\/\/www.gruppoliturgico.com\/wp-content\/uploads\/2022\/05\/1869-nv.jpg\" \/>\n\t<meta property=\"og:image:width\" content=\"800\" \/>\n\t<meta property=\"og:image:height\" content=\"2000\" \/>\n\t<meta property=\"og:image:type\" content=\"image\/jpeg\" \/>\n<meta name=\"twitter:card\" content=\"summary_large_image\" \/>\n<script type=\"application\/ld+json\" class=\"yoast-schema-graph\">{\"@context\":\"https:\/\/schema.org\",\"@graph\":[{\"@type\":\"WebPage\",\"@id\":\"https:\/\/www.gruppoliturgico.com\/fr\/produit\/baptistere-7\/\",\"url\":\"https:\/\/www.gruppoliturgico.com\/fr\/produit\/baptistere-7\/\",\"name\":\"baptist\u00e8re - Art 1865, baptist\u00e8res et Laboratorio Gruppo Liturgico\",\"isPartOf\":{\"@id\":\"https:\/\/www.gruppoliturgico.com\/es\/#website\"},\"datePublished\":\"2022-05-19T23:37:20+00:00\",\"dateModified\":\"2022-10-21T13:10:18+00:00\",\"description\":\"Baptist\u00e8re en bois massif avec une d\u00e9licate d\u00e9coration en marbre. Frises ornementales dor\u00e9 \u00e0 la feuille d\u2019or. Le d\u00e9grad\u00e9 chromatique de la peinture peut \u00eatre r\u00e9alis\u00e9 avec des couleurs sur demande. Bassin en cuivre repouss\u00e9 \u00e0 la main de diam\u00e8tre de cm 40. Base cm 30 x 30 Hauteur cm 120\",\"breadcrumb\":{\"@id\":\"https:\/\/www.gruppoliturgico.com\/fr\/produit\/baptistere-7\/#breadcrumb\"},\"inLanguage\":\"fr-FR\",\"potentialAction\":[{\"@type\":\"ReadAction\",\"target\":[\"https:\/\/www.gruppoliturgico.com\/fr\/produit\/baptistere-7\/\"]}]},{\"@type\":\"BreadcrumbList\",\"@id\":\"https:\/\/www.gruppoliturgico.com\/fr\/produit\/baptistere-7\/#breadcrumb\",\"itemListElement\":[{\"@type\":\"ListItem\",\"position\":1,\"name\":\"Home\",\"item\":\"https:\/\/www.gruppoliturgico.com\/fr\/\"},{\"@type\":\"ListItem\",\"position\":2,\"name\":\"Boutique\",\"item\":\"https:\/\/www.gruppoliturgico.com\/fr\/boutique\/\"},{\"@type\":\"ListItem\",\"position\":3,\"name\":\"baptist\u00e8re\"}]},{\"@type\":\"WebSite\",\"@id\":\"https:\/\/www.gruppoliturgico.com\/es\/#website\",\"url\":\"https:\/\/www.gruppoliturgico.com\/es\/\",\"name\":\"Laboratorio Gruppo Liturgico\",\"description\":\"Articoli Religiosi online\",\"publisher\":{\"@id\":\"https:\/\/www.gruppoliturgico.com\/es\/#organization\"},\"potentialAction\":[{\"@type\":\"SearchAction\",\"target\":{\"@type\":\"EntryPoint\",\"urlTemplate\":\"https:\/\/www.gruppoliturgico.com\/es\/?s={search_term_string}\"},\"query-input\":\"required name=search_term_string\"}],\"inLanguage\":\"fr-FR\"},{\"@type\":\"Organization\",\"@id\":\"https:\/\/www.gruppoliturgico.com\/es\/#organization\",\"name\":\"Laboratorio Gruppo Liturgico\",\"url\":\"https:\/\/www.gruppoliturgico.com\/es\/\",\"logo\":{\"@type\":\"ImageObject\",\"inLanguage\":\"fr-FR\",\"@id\":\"https:\/\/www.gruppoliturgico.com\/es\/#\/schema\/logo\/image\/\",\"url\":\"https:\/\/www.gruppoliturgico.com\/wp-content\/uploads\/2022\/02\/logo-laboratoriogruppoliturgico.png\",\"contentUrl\":\"https:\/\/www.gruppoliturgico.com\/wp-content\/uploads\/2022\/02\/logo-laboratoriogruppoliturgico.png\",\"width\":400,\"height\":114,\"caption\":\"Laboratorio Gruppo Liturgico\"},\"image\":{\"@id\":\"https:\/\/www.gruppoliturgico.com\/es\/#\/schema\/logo\/image\/\"}}]}<\/script>\n<!-- \/ Yoast SEO plugin. -->","yoast_head_json":{"title":"baptist\u00e8re - Art 1865, baptist\u00e8res et Laboratorio Gruppo Liturgico","description":"Baptist\u00e8re en bois massif avec une d\u00e9licate d\u00e9coration en marbre. Frises ornementales dor\u00e9 \u00e0 la feuille d\u2019or. Le d\u00e9grad\u00e9 chromatique de la peinture peut \u00eatre r\u00e9alis\u00e9 avec des couleurs sur demande. Bassin en cuivre repouss\u00e9 \u00e0 la main de diam\u00e8tre de cm 40.  Base cm 30 x 30 Hauteur cm 120","robots":{"index":"index","follow":"follow","max-snippet":"max-snippet:-1","max-image-preview":"max-image-preview:large","max-video-preview":"max-video-preview:-1"},"canonical":"https:\/\/www.gruppoliturgico.com\/fr\/produit\/baptistere-7\/","og_locale":"fr_FR","og_type":"article","og_title":"baptist\u00e8re - Art 1865, baptist\u00e8res et Laboratorio Gruppo Liturgico","og_description":"Baptist\u00e8re en bois massif avec une d\u00e9licate d\u00e9coration en marbre. Frises ornementales dor\u00e9 \u00e0 la feuille d\u2019or. Le d\u00e9grad\u00e9 chromatique de la peinture peut \u00eatre r\u00e9alis\u00e9 avec des couleurs sur demande. Bassin en cuivre repouss\u00e9 \u00e0 la main de diam\u00e8tre de cm 40.  Base cm 30 x 30 Hauteur cm 120","og_url":"https:\/\/www.gruppoliturgico.com\/fr\/produit\/baptistere-7\/","og_site_name":"Laboratorio Gruppo Liturgico","article_modified_time":"2022-10-21T13:10:18+00:00","og_image":[{"width":800,"height":2000,"url":"https:\/\/www.gruppoliturgico.com\/wp-content\/uploads\/2022\/05\/1869-nv.jpg","type":"image\/jpeg"}],"twitter_card":"summary_large_image","schema":{"@context":"https:\/\/schema.org","@graph":[{"@type":"WebPage","@id":"https:\/\/www.gruppoliturgico.com\/fr\/produit\/baptistere-7\/","url":"https:\/\/www.gruppoliturgico.com\/fr\/produit\/baptistere-7\/","name":"baptist\u00e8re - Art 1865, baptist\u00e8res et Laboratorio Gruppo Liturgico","isPartOf":{"@id":"https:\/\/www.gruppoliturgico.com\/es\/#website"},"datePublished":"2022-05-19T23:37:20+00:00","dateModified":"2022-10-21T13:10:18+00:00","description":"Baptist\u00e8re en bois massif avec une d\u00e9licate d\u00e9coration en marbre. Frises ornementales dor\u00e9 \u00e0 la feuille d\u2019or. Le d\u00e9grad\u00e9 chromatique de la peinture peut \u00eatre r\u00e9alis\u00e9 avec des couleurs sur demande. Bassin en cuivre repouss\u00e9 \u00e0 la main de diam\u00e8tre de cm 40. Base cm 30 x 30 Hauteur cm 120","breadcrumb":{"@id":"https:\/\/www.gruppoliturgico.com\/fr\/produit\/baptistere-7\/#breadcrumb"},"inLanguage":"fr-FR","potentialAction":[{"@type":"ReadAction","target":["https:\/\/www.gruppoliturgico.com\/fr\/produit\/baptistere-7\/"]}]},{"@type":"BreadcrumbList","@id":"https:\/\/www.gruppoliturgico.com\/fr\/produit\/baptistere-7\/#breadcrumb","itemListElement":[{"@type":"ListItem","position":1,"name":"Home","item":"https:\/\/www.gruppoliturgico.com\/fr\/"},{"@type":"ListItem","position":2,"name":"Boutique","item":"https:\/\/www.gruppoliturgico.com\/fr\/boutique\/"},{"@type":"ListItem","position":3,"name":"baptist\u00e8re"}]},{"@type":"WebSite","@id":"https:\/\/www.gruppoliturgico.com\/es\/#website","url":"https:\/\/www.gruppoliturgico.com\/es\/","name":"Laboratorio Gruppo Liturgico","description":"Articoli Religiosi online","publisher":{"@id":"https:\/\/www.gruppoliturgico.com\/es\/#organization"},"potentialAction":[{"@type":"SearchAction","target":{"@type":"EntryPoint","urlTemplate":"https:\/\/www.gruppoliturgico.com\/es\/?s={search_term_string}"},"query-input":"required name=search_term_string"}],"inLanguage":"fr-FR"},{"@type":"Organization","@id":"https:\/\/www.gruppoliturgico.com\/es\/#organization","name":"Laboratorio Gruppo Liturgico","url":"https:\/\/www.gruppoliturgico.com\/es\/","logo":{"@type":"ImageObject","inLanguage":"fr-FR","@id":"https:\/\/www.gruppoliturgico.com\/es\/#\/schema\/logo\/image\/","url":"https:\/\/www.gruppoliturgico.com\/wp-content\/uploads\/2022\/02\/logo-laboratoriogruppoliturgico.png","contentUrl":"https:\/\/www.gruppoliturgico.com\/wp-content\/uploads\/2022\/02\/logo-laboratoriogruppoliturgico.png","width":400,"height":114,"caption":"Laboratorio Gruppo Liturgico"},"image":{"@id":"https:\/\/www.gruppoliturgico.com\/es\/#\/schema\/logo\/image\/"}}]}},"_links":{"self":[{"href":"https:\/\/www.gruppoliturgico.com\/fr\/wp-json\/wp\/v2\/product\/66271"}],"collection":[{"href":"https:\/\/www.gruppoliturgico.com\/fr\/wp-json\/wp\/v2\/product"}],"about":[{"href":"https:\/\/www.gruppoliturgico.com\/fr\/wp-json\/wp\/v2\/types\/product"}],"wp:featuredmedia":[{"embeddable":true,"href":"https:\/\/www.gruppoliturgico.com\/fr\/wp-json\/wp\/v2\/media\/131641"}],"wp:attachment":[{"href":"https:\/\/www.gruppoliturgico.com\/fr\/wp-json\/wp\/v2\/media?parent=66271"}],"wp:term":[{"taxonomy":"product_cat","embeddable":true,"href":"https:\/\/www.gruppoliturgico.com\/fr\/wp-json\/wp\/v2\/product_cat?post=66271"},{"taxonomy":"product_tag","embeddable":true,"href":"https:\/\/www.gruppoliturgico.com\/fr\/wp-json\/wp\/v2\/product_tag?post=66271"}],"curies":[{"name":"wp","href":"https:\/\/api.w.org\/{rel}","templated":true}]}}