{"id":66267,"date":"2022-05-20T01:37:04","date_gmt":"2022-05-19T23:37:09","guid":{"rendered":"https:\/\/www.gruppoliturgico.com\/prodotto\/sagrario-2\/"},"modified":"2022-10-21T15:50:10","modified_gmt":"2022-10-21T13:50:10","slug":"sagrario-2","status":"publish","type":"product","link":"https:\/\/www.gruppoliturgico.com\/fr\/produit\/sagrario-2\/","title":{"rendered":"Tabernacle"},"content":{"rendered":"<html><body><p>Tabernacle r\u00e9alis\u00e9 enti\u00e8rement en boi massif.<br>\nPetite porte et ornements en bois sculpt\u00e9 \u00e0 la main dor\u00e9s \u00e0 la feuille d\u2019or.<br>\nDecoration imitation marbre r\u00e9alisable aussi en teintes sur demande.<br>\nInt\u00e9rieur dor\u00e9 \u00e0 la feuille d\u2019or<br>\nDimensions<br>\next\u00e9rieures cm 66 x 46 x 36<br>\nint\u00e9rieures cm 43 x 28 x 26<\/p>\n<\/body><\/html>","protected":false},"excerpt":{"rendered":"<p>Tabernacle r\u00e9alis\u00e9 enti\u00e8rement en boi massif.<br \/>\nPetite porte et ornements en bois sculpt\u00e9 \u00e0 la main dor\u00e9s \u00e0 la feuille d&rsquo;or.<br \/>\nDecoration imitation marbre r\u00e9alisable aussi en teintes sur demande.<br \/>\nInt\u00e9rieur dor\u00e9 \u00e0 la feuille d&rsquo;or<br \/>\nDimensions<br \/>\next\u00e9rieures cm 66 x 46 x 36<br \/>\nint\u00e9rieures cm 43 x 28 x 26<\/p>\n","protected":false},"featured_media":131452,"template":"","meta":[],"product_cat":[12076,12164],"product_tag":[],"yoast_head":"<!-- This site is optimized with the Yoast SEO plugin v20.4 - https:\/\/yoast.com\/wordpress\/plugins\/seo\/ -->\n<title>Tabernacle - Tabernacles en bois, Art 1865 et Laboratorio Gruppo Liturgico<\/title>\n<meta name=\"description\" content=\"Tabernacle r\u00e9alis\u00e9 enti\u00e8rement en boi massif. Petite porte et ornements en bois sculpt\u00e9 \u00e0 la main dor\u00e9s \u00e0 la feuille d&#039;or. Decoration imitation marbre r\u00e9alisable aussi en teintes sur demande. Int\u00e9rieur dor\u00e9 \u00e0 la feuille d&#039;or Dimensions ext\u00e9rieures cm 66 x 46 x 36 int\u00e9rieures cm 43 x 28 x 26\" \/>\n<meta name=\"robots\" content=\"index, follow, max-snippet:-1, max-image-preview:large, max-video-preview:-1\" \/>\n<link rel=\"canonical\" href=\"https:\/\/www.gruppoliturgico.com\/fr\/produit\/sagrario-2\/\" \/>\n<meta property=\"og:locale\" content=\"fr_FR\" \/>\n<meta property=\"og:type\" content=\"article\" \/>\n<meta property=\"og:title\" content=\"Tabernacle - Tabernacles en bois, Art 1865 et Laboratorio Gruppo Liturgico\" \/>\n<meta property=\"og:description\" content=\"Tabernacle r\u00e9alis\u00e9 enti\u00e8rement en boi massif. Petite porte et ornements en bois sculpt\u00e9 \u00e0 la main dor\u00e9s \u00e0 la feuille d&#039;or. Decoration imitation marbre r\u00e9alisable aussi en teintes sur demande. Int\u00e9rieur dor\u00e9 \u00e0 la feuille d&#039;or Dimensions ext\u00e9rieures cm 66 x 46 x 36 int\u00e9rieures cm 43 x 28 x 26\" \/>\n<meta property=\"og:url\" content=\"https:\/\/www.gruppoliturgico.com\/fr\/produit\/sagrario-2\/\" \/>\n<meta property=\"og:site_name\" content=\"Laboratorio Gruppo Liturgico\" \/>\n<meta property=\"article:modified_time\" content=\"2022-10-21T13:50:10+00:00\" \/>\n<meta property=\"og:image\" content=\"https:\/\/www.gruppoliturgico.com\/wp-content\/uploads\/2022\/05\/1868-nv3.jpg\" \/>\n\t<meta property=\"og:image:width\" content=\"1481\" \/>\n\t<meta property=\"og:image:height\" content=\"2000\" \/>\n\t<meta property=\"og:image:type\" content=\"image\/jpeg\" \/>\n<meta name=\"twitter:card\" content=\"summary_large_image\" \/>\n<script type=\"application\/ld+json\" class=\"yoast-schema-graph\">{\"@context\":\"https:\/\/schema.org\",\"@graph\":[{\"@type\":\"WebPage\",\"@id\":\"https:\/\/www.gruppoliturgico.com\/fr\/produit\/sagrario-2\/\",\"url\":\"https:\/\/www.gruppoliturgico.com\/fr\/produit\/sagrario-2\/\",\"name\":\"Tabernacle - Tabernacles en bois, Art 1865 et Laboratorio Gruppo Liturgico\",\"isPartOf\":{\"@id\":\"https:\/\/www.gruppoliturgico.com\/es\/#website\"},\"datePublished\":\"2022-05-19T23:37:09+00:00\",\"dateModified\":\"2022-10-21T13:50:10+00:00\",\"description\":\"Tabernacle r\u00e9alis\u00e9 enti\u00e8rement en boi massif. Petite porte et ornements en bois sculpt\u00e9 \u00e0 la main dor\u00e9s \u00e0 la feuille d'or. Decoration imitation marbre r\u00e9alisable aussi en teintes sur demande. Int\u00e9rieur dor\u00e9 \u00e0 la feuille d'or Dimensions ext\u00e9rieures cm 66 x 46 x 36 int\u00e9rieures cm 43 x 28 x 26\",\"breadcrumb\":{\"@id\":\"https:\/\/www.gruppoliturgico.com\/fr\/produit\/sagrario-2\/#breadcrumb\"},\"inLanguage\":\"fr-FR\",\"potentialAction\":[{\"@type\":\"ReadAction\",\"target\":[\"https:\/\/www.gruppoliturgico.com\/fr\/produit\/sagrario-2\/\"]}]},{\"@type\":\"BreadcrumbList\",\"@id\":\"https:\/\/www.gruppoliturgico.com\/fr\/produit\/sagrario-2\/#breadcrumb\",\"itemListElement\":[{\"@type\":\"ListItem\",\"position\":1,\"name\":\"Home\",\"item\":\"https:\/\/www.gruppoliturgico.com\/fr\/\"},{\"@type\":\"ListItem\",\"position\":2,\"name\":\"Boutique\",\"item\":\"https:\/\/www.gruppoliturgico.com\/fr\/boutique\/\"},{\"@type\":\"ListItem\",\"position\":3,\"name\":\"Tabernacle\"}]},{\"@type\":\"WebSite\",\"@id\":\"https:\/\/www.gruppoliturgico.com\/es\/#website\",\"url\":\"https:\/\/www.gruppoliturgico.com\/es\/\",\"name\":\"Laboratorio Gruppo Liturgico\",\"description\":\"Articoli Religiosi online\",\"publisher\":{\"@id\":\"https:\/\/www.gruppoliturgico.com\/es\/#organization\"},\"potentialAction\":[{\"@type\":\"SearchAction\",\"target\":{\"@type\":\"EntryPoint\",\"urlTemplate\":\"https:\/\/www.gruppoliturgico.com\/es\/?s={search_term_string}\"},\"query-input\":\"required name=search_term_string\"}],\"inLanguage\":\"fr-FR\"},{\"@type\":\"Organization\",\"@id\":\"https:\/\/www.gruppoliturgico.com\/es\/#organization\",\"name\":\"Laboratorio Gruppo Liturgico\",\"url\":\"https:\/\/www.gruppoliturgico.com\/es\/\",\"logo\":{\"@type\":\"ImageObject\",\"inLanguage\":\"fr-FR\",\"@id\":\"https:\/\/www.gruppoliturgico.com\/es\/#\/schema\/logo\/image\/\",\"url\":\"https:\/\/www.gruppoliturgico.com\/wp-content\/uploads\/2022\/02\/logo-laboratoriogruppoliturgico.png\",\"contentUrl\":\"https:\/\/www.gruppoliturgico.com\/wp-content\/uploads\/2022\/02\/logo-laboratoriogruppoliturgico.png\",\"width\":400,\"height\":114,\"caption\":\"Laboratorio Gruppo Liturgico\"},\"image\":{\"@id\":\"https:\/\/www.gruppoliturgico.com\/es\/#\/schema\/logo\/image\/\"}}]}<\/script>\n<!-- \/ Yoast SEO plugin. -->","yoast_head_json":{"title":"Tabernacle - Tabernacles en bois, Art 1865 et Laboratorio Gruppo Liturgico","description":"Tabernacle r\u00e9alis\u00e9 enti\u00e8rement en boi massif. Petite porte et ornements en bois sculpt\u00e9 \u00e0 la main dor\u00e9s \u00e0 la feuille d'or. Decoration imitation marbre r\u00e9alisable aussi en teintes sur demande. Int\u00e9rieur dor\u00e9 \u00e0 la feuille d'or Dimensions ext\u00e9rieures cm 66 x 46 x 36 int\u00e9rieures cm 43 x 28 x 26","robots":{"index":"index","follow":"follow","max-snippet":"max-snippet:-1","max-image-preview":"max-image-preview:large","max-video-preview":"max-video-preview:-1"},"canonical":"https:\/\/www.gruppoliturgico.com\/fr\/produit\/sagrario-2\/","og_locale":"fr_FR","og_type":"article","og_title":"Tabernacle - Tabernacles en bois, Art 1865 et Laboratorio Gruppo Liturgico","og_description":"Tabernacle r\u00e9alis\u00e9 enti\u00e8rement en boi massif. Petite porte et ornements en bois sculpt\u00e9 \u00e0 la main dor\u00e9s \u00e0 la feuille d'or. Decoration imitation marbre r\u00e9alisable aussi en teintes sur demande. Int\u00e9rieur dor\u00e9 \u00e0 la feuille d'or Dimensions ext\u00e9rieures cm 66 x 46 x 36 int\u00e9rieures cm 43 x 28 x 26","og_url":"https:\/\/www.gruppoliturgico.com\/fr\/produit\/sagrario-2\/","og_site_name":"Laboratorio Gruppo Liturgico","article_modified_time":"2022-10-21T13:50:10+00:00","og_image":[{"width":1481,"height":2000,"url":"https:\/\/www.gruppoliturgico.com\/wp-content\/uploads\/2022\/05\/1868-nv3.jpg","type":"image\/jpeg"}],"twitter_card":"summary_large_image","schema":{"@context":"https:\/\/schema.org","@graph":[{"@type":"WebPage","@id":"https:\/\/www.gruppoliturgico.com\/fr\/produit\/sagrario-2\/","url":"https:\/\/www.gruppoliturgico.com\/fr\/produit\/sagrario-2\/","name":"Tabernacle - Tabernacles en bois, Art 1865 et Laboratorio Gruppo Liturgico","isPartOf":{"@id":"https:\/\/www.gruppoliturgico.com\/es\/#website"},"datePublished":"2022-05-19T23:37:09+00:00","dateModified":"2022-10-21T13:50:10+00:00","description":"Tabernacle r\u00e9alis\u00e9 enti\u00e8rement en boi massif. Petite porte et ornements en bois sculpt\u00e9 \u00e0 la main dor\u00e9s \u00e0 la feuille d'or. Decoration imitation marbre r\u00e9alisable aussi en teintes sur demande. Int\u00e9rieur dor\u00e9 \u00e0 la feuille d'or Dimensions ext\u00e9rieures cm 66 x 46 x 36 int\u00e9rieures cm 43 x 28 x 26","breadcrumb":{"@id":"https:\/\/www.gruppoliturgico.com\/fr\/produit\/sagrario-2\/#breadcrumb"},"inLanguage":"fr-FR","potentialAction":[{"@type":"ReadAction","target":["https:\/\/www.gruppoliturgico.com\/fr\/produit\/sagrario-2\/"]}]},{"@type":"BreadcrumbList","@id":"https:\/\/www.gruppoliturgico.com\/fr\/produit\/sagrario-2\/#breadcrumb","itemListElement":[{"@type":"ListItem","position":1,"name":"Home","item":"https:\/\/www.gruppoliturgico.com\/fr\/"},{"@type":"ListItem","position":2,"name":"Boutique","item":"https:\/\/www.gruppoliturgico.com\/fr\/boutique\/"},{"@type":"ListItem","position":3,"name":"Tabernacle"}]},{"@type":"WebSite","@id":"https:\/\/www.gruppoliturgico.com\/es\/#website","url":"https:\/\/www.gruppoliturgico.com\/es\/","name":"Laboratorio Gruppo Liturgico","description":"Articoli Religiosi online","publisher":{"@id":"https:\/\/www.gruppoliturgico.com\/es\/#organization"},"potentialAction":[{"@type":"SearchAction","target":{"@type":"EntryPoint","urlTemplate":"https:\/\/www.gruppoliturgico.com\/es\/?s={search_term_string}"},"query-input":"required name=search_term_string"}],"inLanguage":"fr-FR"},{"@type":"Organization","@id":"https:\/\/www.gruppoliturgico.com\/es\/#organization","name":"Laboratorio Gruppo Liturgico","url":"https:\/\/www.gruppoliturgico.com\/es\/","logo":{"@type":"ImageObject","inLanguage":"fr-FR","@id":"https:\/\/www.gruppoliturgico.com\/es\/#\/schema\/logo\/image\/","url":"https:\/\/www.gruppoliturgico.com\/wp-content\/uploads\/2022\/02\/logo-laboratoriogruppoliturgico.png","contentUrl":"https:\/\/www.gruppoliturgico.com\/wp-content\/uploads\/2022\/02\/logo-laboratoriogruppoliturgico.png","width":400,"height":114,"caption":"Laboratorio Gruppo Liturgico"},"image":{"@id":"https:\/\/www.gruppoliturgico.com\/es\/#\/schema\/logo\/image\/"}}]}},"_links":{"self":[{"href":"https:\/\/www.gruppoliturgico.com\/fr\/wp-json\/wp\/v2\/product\/66267"}],"collection":[{"href":"https:\/\/www.gruppoliturgico.com\/fr\/wp-json\/wp\/v2\/product"}],"about":[{"href":"https:\/\/www.gruppoliturgico.com\/fr\/wp-json\/wp\/v2\/types\/product"}],"wp:featuredmedia":[{"embeddable":true,"href":"https:\/\/www.gruppoliturgico.com\/fr\/wp-json\/wp\/v2\/media\/131452"}],"wp:attachment":[{"href":"https:\/\/www.gruppoliturgico.com\/fr\/wp-json\/wp\/v2\/media?parent=66267"}],"wp:term":[{"taxonomy":"product_cat","embeddable":true,"href":"https:\/\/www.gruppoliturgico.com\/fr\/wp-json\/wp\/v2\/product_cat?post=66267"},{"taxonomy":"product_tag","embeddable":true,"href":"https:\/\/www.gruppoliturgico.com\/fr\/wp-json\/wp\/v2\/product_tag?post=66267"}],"curies":[{"name":"wp","href":"https:\/\/api.w.org\/{rel}","templated":true}]}}