{"id":66263,"date":"2022-05-20T01:36:55","date_gmt":"2022-05-19T23:37:00","guid":{"rendered":"https:\/\/www.gruppoliturgico.com\/prodotto\/colonne-10\/"},"modified":"2023-01-24T14:57:17","modified_gmt":"2023-01-24T13:57:17","slug":"colonne-10","status":"publish","type":"product","link":"https:\/\/www.gruppoliturgico.com\/fr\/produit\/colonne-10\/","title":{"rendered":"colonne"},"content":{"rendered":"<html><body><p>Colonne en bois massif avec une d\u00e9licate d\u00e9coration en marbre.<br>\nFrises ornementales en bois sculpt\u00e9 \u00e0 la main et dor\u00e9 \u00e0 la feuille d\u2019or.<br>\nLe d\u00e9grad\u00e9 chromatique de la peinture peut \u00eatre r\u00e9alis\u00e9 avec des couleurs sur demande.<br>\nIndiqu\u00e9e comme soutien- tabernacle ou statue.<br>\nHauteur cm 100.<br>\nPlan cm 50 x 40 ou sur demande.<\/p>\n<\/body><\/html>","protected":false},"excerpt":{"rendered":"<p>Colonne en bois massif avec une d\u00e9licate d\u00e9coration en marbre.<br \/>\nFrises ornementales en bois sculpt\u00e9 \u00e0 la main et dor\u00e9 \u00e0 la feuille d\u2019or.<br \/>\nLe d\u00e9grad\u00e9 chromatique de la peinture peut \u00eatre r\u00e9alis\u00e9 avec des couleurs sur demande.<br \/>\nIndiqu\u00e9e comme soutien- tabernacle ou statue.<br \/>\nHauteur cm 100.<br \/>\nPlan cm 50 x 40 ou sur demande.<\/p>\n","protected":false},"featured_media":131480,"template":"","meta":[],"product_cat":[12164,15263],"product_tag":[],"yoast_head":"<!-- This site is optimized with the Yoast SEO plugin v20.4 - https:\/\/yoast.com\/wordpress\/plugins\/seo\/ -->\n<title>colonne - Art 1865, Colonnes soutien statue ou tabernacle et Laboratorio Gruppo Liturgico<\/title>\n<meta name=\"description\" content=\"Colonne en bois massif avec une d\u00e9licate d\u00e9coration en marbre. Frises ornementales en bois sculpt\u00e9 \u00e0 la main et dor\u00e9 \u00e0 la feuille d\u2019or. Le d\u00e9grad\u00e9 chromatique de la peinture peut \u00eatre r\u00e9alis\u00e9 avec des couleurs sur demande. Indiqu\u00e9e comme soutien- tabernacle ou statue. Hauteur cm 100.  Plan cm 50 x 40 ou sur demande.\" \/>\n<meta name=\"robots\" content=\"index, follow, max-snippet:-1, max-image-preview:large, max-video-preview:-1\" \/>\n<link rel=\"canonical\" href=\"https:\/\/www.gruppoliturgico.com\/fr\/produit\/colonne-10\/\" \/>\n<meta property=\"og:locale\" content=\"fr_FR\" \/>\n<meta property=\"og:type\" content=\"article\" \/>\n<meta property=\"og:title\" content=\"colonne - Art 1865, Colonnes soutien statue ou tabernacle et Laboratorio Gruppo Liturgico\" \/>\n<meta property=\"og:description\" content=\"Colonne en bois massif avec une d\u00e9licate d\u00e9coration en marbre. Frises ornementales en bois sculpt\u00e9 \u00e0 la main et dor\u00e9 \u00e0 la feuille d\u2019or. Le d\u00e9grad\u00e9 chromatique de la peinture peut \u00eatre r\u00e9alis\u00e9 avec des couleurs sur demande. Indiqu\u00e9e comme soutien- tabernacle ou statue. Hauteur cm 100.  Plan cm 50 x 40 ou sur demande.\" \/>\n<meta property=\"og:url\" content=\"https:\/\/www.gruppoliturgico.com\/fr\/produit\/colonne-10\/\" \/>\n<meta property=\"og:site_name\" content=\"Laboratorio Gruppo Liturgico\" \/>\n<meta property=\"article:modified_time\" content=\"2023-01-24T13:57:17+00:00\" \/>\n<meta property=\"og:image\" content=\"https:\/\/www.gruppoliturgico.com\/wp-content\/uploads\/2022\/05\/1867_nv.jpg\" \/>\n\t<meta property=\"og:image:width\" content=\"619\" \/>\n\t<meta property=\"og:image:height\" content=\"1100\" \/>\n\t<meta property=\"og:image:type\" content=\"image\/jpeg\" \/>\n<meta name=\"twitter:card\" content=\"summary_large_image\" \/>\n<script type=\"application\/ld+json\" class=\"yoast-schema-graph\">{\"@context\":\"https:\/\/schema.org\",\"@graph\":[{\"@type\":\"WebPage\",\"@id\":\"https:\/\/www.gruppoliturgico.com\/fr\/produit\/colonne-10\/\",\"url\":\"https:\/\/www.gruppoliturgico.com\/fr\/produit\/colonne-10\/\",\"name\":\"colonne - Art 1865, Colonnes soutien statue ou tabernacle et Laboratorio Gruppo Liturgico\",\"isPartOf\":{\"@id\":\"https:\/\/www.gruppoliturgico.com\/es\/#website\"},\"datePublished\":\"2022-05-19T23:37:00+00:00\",\"dateModified\":\"2023-01-24T13:57:17+00:00\",\"description\":\"Colonne en bois massif avec une d\u00e9licate d\u00e9coration en marbre. Frises ornementales en bois sculpt\u00e9 \u00e0 la main et dor\u00e9 \u00e0 la feuille d\u2019or. Le d\u00e9grad\u00e9 chromatique de la peinture peut \u00eatre r\u00e9alis\u00e9 avec des couleurs sur demande. Indiqu\u00e9e comme soutien- tabernacle ou statue. Hauteur cm 100. Plan cm 50 x 40 ou sur demande.\",\"breadcrumb\":{\"@id\":\"https:\/\/www.gruppoliturgico.com\/fr\/produit\/colonne-10\/#breadcrumb\"},\"inLanguage\":\"fr-FR\",\"potentialAction\":[{\"@type\":\"ReadAction\",\"target\":[\"https:\/\/www.gruppoliturgico.com\/fr\/produit\/colonne-10\/\"]}]},{\"@type\":\"BreadcrumbList\",\"@id\":\"https:\/\/www.gruppoliturgico.com\/fr\/produit\/colonne-10\/#breadcrumb\",\"itemListElement\":[{\"@type\":\"ListItem\",\"position\":1,\"name\":\"Home\",\"item\":\"https:\/\/www.gruppoliturgico.com\/fr\/\"},{\"@type\":\"ListItem\",\"position\":2,\"name\":\"Boutique\",\"item\":\"https:\/\/www.gruppoliturgico.com\/fr\/boutique\/\"},{\"@type\":\"ListItem\",\"position\":3,\"name\":\"colonne\"}]},{\"@type\":\"WebSite\",\"@id\":\"https:\/\/www.gruppoliturgico.com\/es\/#website\",\"url\":\"https:\/\/www.gruppoliturgico.com\/es\/\",\"name\":\"Laboratorio Gruppo Liturgico\",\"description\":\"Articoli Religiosi online\",\"publisher\":{\"@id\":\"https:\/\/www.gruppoliturgico.com\/es\/#organization\"},\"potentialAction\":[{\"@type\":\"SearchAction\",\"target\":{\"@type\":\"EntryPoint\",\"urlTemplate\":\"https:\/\/www.gruppoliturgico.com\/es\/?s={search_term_string}\"},\"query-input\":\"required name=search_term_string\"}],\"inLanguage\":\"fr-FR\"},{\"@type\":\"Organization\",\"@id\":\"https:\/\/www.gruppoliturgico.com\/es\/#organization\",\"name\":\"Laboratorio Gruppo Liturgico\",\"url\":\"https:\/\/www.gruppoliturgico.com\/es\/\",\"logo\":{\"@type\":\"ImageObject\",\"inLanguage\":\"fr-FR\",\"@id\":\"https:\/\/www.gruppoliturgico.com\/es\/#\/schema\/logo\/image\/\",\"url\":\"https:\/\/www.gruppoliturgico.com\/wp-content\/uploads\/2022\/02\/logo-laboratoriogruppoliturgico.png\",\"contentUrl\":\"https:\/\/www.gruppoliturgico.com\/wp-content\/uploads\/2022\/02\/logo-laboratoriogruppoliturgico.png\",\"width\":400,\"height\":114,\"caption\":\"Laboratorio Gruppo Liturgico\"},\"image\":{\"@id\":\"https:\/\/www.gruppoliturgico.com\/es\/#\/schema\/logo\/image\/\"}}]}<\/script>\n<!-- \/ Yoast SEO plugin. -->","yoast_head_json":{"title":"colonne - Art 1865, Colonnes soutien statue ou tabernacle et Laboratorio Gruppo Liturgico","description":"Colonne en bois massif avec une d\u00e9licate d\u00e9coration en marbre. Frises ornementales en bois sculpt\u00e9 \u00e0 la main et dor\u00e9 \u00e0 la feuille d\u2019or. Le d\u00e9grad\u00e9 chromatique de la peinture peut \u00eatre r\u00e9alis\u00e9 avec des couleurs sur demande. Indiqu\u00e9e comme soutien- tabernacle ou statue. Hauteur cm 100.  Plan cm 50 x 40 ou sur demande.","robots":{"index":"index","follow":"follow","max-snippet":"max-snippet:-1","max-image-preview":"max-image-preview:large","max-video-preview":"max-video-preview:-1"},"canonical":"https:\/\/www.gruppoliturgico.com\/fr\/produit\/colonne-10\/","og_locale":"fr_FR","og_type":"article","og_title":"colonne - Art 1865, Colonnes soutien statue ou tabernacle et Laboratorio Gruppo Liturgico","og_description":"Colonne en bois massif avec une d\u00e9licate d\u00e9coration en marbre. Frises ornementales en bois sculpt\u00e9 \u00e0 la main et dor\u00e9 \u00e0 la feuille d\u2019or. Le d\u00e9grad\u00e9 chromatique de la peinture peut \u00eatre r\u00e9alis\u00e9 avec des couleurs sur demande. Indiqu\u00e9e comme soutien- tabernacle ou statue. Hauteur cm 100.  Plan cm 50 x 40 ou sur demande.","og_url":"https:\/\/www.gruppoliturgico.com\/fr\/produit\/colonne-10\/","og_site_name":"Laboratorio Gruppo Liturgico","article_modified_time":"2023-01-24T13:57:17+00:00","og_image":[{"width":619,"height":1100,"url":"https:\/\/www.gruppoliturgico.com\/wp-content\/uploads\/2022\/05\/1867_nv.jpg","type":"image\/jpeg"}],"twitter_card":"summary_large_image","schema":{"@context":"https:\/\/schema.org","@graph":[{"@type":"WebPage","@id":"https:\/\/www.gruppoliturgico.com\/fr\/produit\/colonne-10\/","url":"https:\/\/www.gruppoliturgico.com\/fr\/produit\/colonne-10\/","name":"colonne - Art 1865, Colonnes soutien statue ou tabernacle et Laboratorio Gruppo Liturgico","isPartOf":{"@id":"https:\/\/www.gruppoliturgico.com\/es\/#website"},"datePublished":"2022-05-19T23:37:00+00:00","dateModified":"2023-01-24T13:57:17+00:00","description":"Colonne en bois massif avec une d\u00e9licate d\u00e9coration en marbre. Frises ornementales en bois sculpt\u00e9 \u00e0 la main et dor\u00e9 \u00e0 la feuille d\u2019or. Le d\u00e9grad\u00e9 chromatique de la peinture peut \u00eatre r\u00e9alis\u00e9 avec des couleurs sur demande. Indiqu\u00e9e comme soutien- tabernacle ou statue. Hauteur cm 100. Plan cm 50 x 40 ou sur demande.","breadcrumb":{"@id":"https:\/\/www.gruppoliturgico.com\/fr\/produit\/colonne-10\/#breadcrumb"},"inLanguage":"fr-FR","potentialAction":[{"@type":"ReadAction","target":["https:\/\/www.gruppoliturgico.com\/fr\/produit\/colonne-10\/"]}]},{"@type":"BreadcrumbList","@id":"https:\/\/www.gruppoliturgico.com\/fr\/produit\/colonne-10\/#breadcrumb","itemListElement":[{"@type":"ListItem","position":1,"name":"Home","item":"https:\/\/www.gruppoliturgico.com\/fr\/"},{"@type":"ListItem","position":2,"name":"Boutique","item":"https:\/\/www.gruppoliturgico.com\/fr\/boutique\/"},{"@type":"ListItem","position":3,"name":"colonne"}]},{"@type":"WebSite","@id":"https:\/\/www.gruppoliturgico.com\/es\/#website","url":"https:\/\/www.gruppoliturgico.com\/es\/","name":"Laboratorio Gruppo Liturgico","description":"Articoli Religiosi online","publisher":{"@id":"https:\/\/www.gruppoliturgico.com\/es\/#organization"},"potentialAction":[{"@type":"SearchAction","target":{"@type":"EntryPoint","urlTemplate":"https:\/\/www.gruppoliturgico.com\/es\/?s={search_term_string}"},"query-input":"required name=search_term_string"}],"inLanguage":"fr-FR"},{"@type":"Organization","@id":"https:\/\/www.gruppoliturgico.com\/es\/#organization","name":"Laboratorio Gruppo Liturgico","url":"https:\/\/www.gruppoliturgico.com\/es\/","logo":{"@type":"ImageObject","inLanguage":"fr-FR","@id":"https:\/\/www.gruppoliturgico.com\/es\/#\/schema\/logo\/image\/","url":"https:\/\/www.gruppoliturgico.com\/wp-content\/uploads\/2022\/02\/logo-laboratoriogruppoliturgico.png","contentUrl":"https:\/\/www.gruppoliturgico.com\/wp-content\/uploads\/2022\/02\/logo-laboratoriogruppoliturgico.png","width":400,"height":114,"caption":"Laboratorio Gruppo Liturgico"},"image":{"@id":"https:\/\/www.gruppoliturgico.com\/es\/#\/schema\/logo\/image\/"}}]}},"_links":{"self":[{"href":"https:\/\/www.gruppoliturgico.com\/fr\/wp-json\/wp\/v2\/product\/66263"}],"collection":[{"href":"https:\/\/www.gruppoliturgico.com\/fr\/wp-json\/wp\/v2\/product"}],"about":[{"href":"https:\/\/www.gruppoliturgico.com\/fr\/wp-json\/wp\/v2\/types\/product"}],"wp:featuredmedia":[{"embeddable":true,"href":"https:\/\/www.gruppoliturgico.com\/fr\/wp-json\/wp\/v2\/media\/131480"}],"wp:attachment":[{"href":"https:\/\/www.gruppoliturgico.com\/fr\/wp-json\/wp\/v2\/media?parent=66263"}],"wp:term":[{"taxonomy":"product_cat","embeddable":true,"href":"https:\/\/www.gruppoliturgico.com\/fr\/wp-json\/wp\/v2\/product_cat?post=66263"},{"taxonomy":"product_tag","embeddable":true,"href":"https:\/\/www.gruppoliturgico.com\/fr\/wp-json\/wp\/v2\/product_tag?post=66263"}],"curies":[{"name":"wp","href":"https:\/\/api.w.org\/{rel}","templated":true}]}}