{"id":66255,"date":"2022-05-20T01:36:34","date_gmt":"2022-05-19T23:36:38","guid":{"rendered":"https:\/\/www.gruppoliturgico.com\/prodotto\/autel-12\/"},"modified":"2022-10-21T14:25:16","modified_gmt":"2022-10-21T12:25:16","slug":"autel-12","status":"publish","type":"product","link":"https:\/\/www.gruppoliturgico.com\/fr\/produit\/autel-12\/","title":{"rendered":"autel"},"content":{"rendered":"<html><body><p>Autel en bois massif, avec d\u00e9licate d\u00e9coration imitation marbre.<br>\nOrnement central de grande valeur en bois sculpt\u00e9 et dor\u00e9 \u00e0 la feuille d\u2019or.<br>\nLa gradation chromatique de la peinture peut \u00eatre ex\u00e9cut\u00e9e en teintes au choix<br>\nBase cm 142 x 68<br>\nTable cm 180 x 80 ou sur demande.<\/p>\n<\/body><\/html>","protected":false},"excerpt":{"rendered":"<p>Autel en bois massif, avec d\u00e9licate d\u00e9coration imitation marbre.<br \/>\nOrnement central de grande valeur en bois sculpt\u00e9 et dor\u00e9 \u00e0 la feuille d\u2019or.<br \/>\nLa gradation chromatique de la peinture peut \u00eatre ex\u00e9cut\u00e9e en teintes au choix<br \/>\nBase cm 142 x 68<br \/>\nTable cm 180 x 80 ou sur demande.<\/p>\n<p><img loading=\"lazy\" class=\"alignnone wp-image-76814 size-large\" src=\"https:\/\/www.gruppoliturgico.com\/wp-content\/uploads\/2022\/05\/1865_3-1024x683.jpg\" alt=\"\" width=\"1024\" height=\"683\" srcset=\"https:\/\/www.gruppoliturgico.com\/wp-content\/uploads\/2022\/05\/1865_3-1024x683.jpg 1024w, https:\/\/www.gruppoliturgico.com\/wp-content\/uploads\/2022\/05\/1865_3-300x200.jpg 300w, https:\/\/www.gruppoliturgico.com\/wp-content\/uploads\/2022\/05\/1865_3-768x512.jpg 768w, https:\/\/www.gruppoliturgico.com\/wp-content\/uploads\/2022\/05\/1865_3-920x613.jpg 920w, https:\/\/www.gruppoliturgico.com\/wp-content\/uploads\/2022\/05\/1865_3-230x153.jpg 230w, https:\/\/www.gruppoliturgico.com\/wp-content\/uploads\/2022\/05\/1865_3-350x233.jpg 350w, https:\/\/www.gruppoliturgico.com\/wp-content\/uploads\/2022\/05\/1865_3-480x320.jpg 480w, https:\/\/www.gruppoliturgico.com\/wp-content\/uploads\/2022\/05\/1865_3-600x400.jpg 600w, https:\/\/www.gruppoliturgico.com\/wp-content\/uploads\/2022\/05\/1865_3.jpg 1500w\" sizes=\"(max-width: 1024px) 100vw, 1024px\" \/><\/p>\n<p>Photo d\u2019ensemble de l\u2019autel et de ses accessoires.<\/p>\n","protected":false},"featured_media":131464,"template":"","meta":[],"product_cat":[12164],"product_tag":[],"yoast_head":"<!-- This site is optimized with the Yoast SEO plugin v20.4 - https:\/\/yoast.com\/wordpress\/plugins\/seo\/ -->\n<title>autel - Art 1865 et Laboratorio Gruppo Liturgico<\/title>\n<meta name=\"description\" content=\"Autel en bois massif, avec d\u00e9licate d\u00e9coration imitation marbre. Ornement central de grande valeur en bois sculpt\u00e9 et dor\u00e9 \u00e0 la feuille d\u2019or. La gradation chromatique de la peinture peut \u00eatre ex\u00e9cut\u00e9e en teintes au choix Base cm 142 x 68 Table cm 180 x 80 ou sur demande.    Photo d\u2019ensemble de l\u2019autel et de ses accessoires.\" \/>\n<meta name=\"robots\" content=\"index, follow, max-snippet:-1, max-image-preview:large, max-video-preview:-1\" \/>\n<link rel=\"canonical\" href=\"https:\/\/www.gruppoliturgico.com\/fr\/produit\/autel-12\/\" \/>\n<meta property=\"og:locale\" content=\"fr_FR\" \/>\n<meta property=\"og:type\" content=\"article\" \/>\n<meta property=\"og:title\" content=\"autel - Art 1865 et Laboratorio Gruppo Liturgico\" \/>\n<meta property=\"og:description\" content=\"Autel en bois massif, avec d\u00e9licate d\u00e9coration imitation marbre. Ornement central de grande valeur en bois sculpt\u00e9 et dor\u00e9 \u00e0 la feuille d\u2019or. La gradation chromatique de la peinture peut \u00eatre ex\u00e9cut\u00e9e en teintes au choix Base cm 142 x 68 Table cm 180 x 80 ou sur demande.    Photo d\u2019ensemble de l\u2019autel et de ses accessoires.\" \/>\n<meta property=\"og:url\" content=\"https:\/\/www.gruppoliturgico.com\/fr\/produit\/autel-12\/\" \/>\n<meta property=\"og:site_name\" content=\"Laboratorio Gruppo Liturgico\" \/>\n<meta property=\"article:modified_time\" content=\"2022-10-21T12:25:16+00:00\" \/>\n<meta property=\"og:image\" content=\"https:\/\/www.gruppoliturgico.com\/wp-content\/uploads\/2022\/05\/1865-rit2-1024x938.jpg\" \/>\n\t<meta property=\"og:image:width\" content=\"1024\" \/>\n\t<meta property=\"og:image:height\" content=\"938\" \/>\n\t<meta property=\"og:image:type\" content=\"image\/jpeg\" \/>\n<meta name=\"twitter:card\" content=\"summary_large_image\" \/>\n<script type=\"application\/ld+json\" class=\"yoast-schema-graph\">{\"@context\":\"https:\/\/schema.org\",\"@graph\":[{\"@type\":\"WebPage\",\"@id\":\"https:\/\/www.gruppoliturgico.com\/fr\/produit\/autel-12\/\",\"url\":\"https:\/\/www.gruppoliturgico.com\/fr\/produit\/autel-12\/\",\"name\":\"autel - Art 1865 et Laboratorio Gruppo Liturgico\",\"isPartOf\":{\"@id\":\"https:\/\/www.gruppoliturgico.com\/es\/#website\"},\"datePublished\":\"2022-05-19T23:36:38+00:00\",\"dateModified\":\"2022-10-21T12:25:16+00:00\",\"description\":\"Autel en bois massif, avec d\u00e9licate d\u00e9coration imitation marbre. Ornement central de grande valeur en bois sculpt\u00e9 et dor\u00e9 \u00e0 la feuille d\u2019or. La gradation chromatique de la peinture peut \u00eatre ex\u00e9cut\u00e9e en teintes au choix Base cm 142 x 68 Table cm 180 x 80 ou sur demande. Photo d\u2019ensemble de l\u2019autel et de ses accessoires.\",\"breadcrumb\":{\"@id\":\"https:\/\/www.gruppoliturgico.com\/fr\/produit\/autel-12\/#breadcrumb\"},\"inLanguage\":\"fr-FR\",\"potentialAction\":[{\"@type\":\"ReadAction\",\"target\":[\"https:\/\/www.gruppoliturgico.com\/fr\/produit\/autel-12\/\"]}]},{\"@type\":\"BreadcrumbList\",\"@id\":\"https:\/\/www.gruppoliturgico.com\/fr\/produit\/autel-12\/#breadcrumb\",\"itemListElement\":[{\"@type\":\"ListItem\",\"position\":1,\"name\":\"Home\",\"item\":\"https:\/\/www.gruppoliturgico.com\/fr\/\"},{\"@type\":\"ListItem\",\"position\":2,\"name\":\"Boutique\",\"item\":\"https:\/\/www.gruppoliturgico.com\/fr\/boutique\/\"},{\"@type\":\"ListItem\",\"position\":3,\"name\":\"autel\"}]},{\"@type\":\"WebSite\",\"@id\":\"https:\/\/www.gruppoliturgico.com\/es\/#website\",\"url\":\"https:\/\/www.gruppoliturgico.com\/es\/\",\"name\":\"Laboratorio Gruppo Liturgico\",\"description\":\"Articoli Religiosi online\",\"publisher\":{\"@id\":\"https:\/\/www.gruppoliturgico.com\/es\/#organization\"},\"potentialAction\":[{\"@type\":\"SearchAction\",\"target\":{\"@type\":\"EntryPoint\",\"urlTemplate\":\"https:\/\/www.gruppoliturgico.com\/es\/?s={search_term_string}\"},\"query-input\":\"required name=search_term_string\"}],\"inLanguage\":\"fr-FR\"},{\"@type\":\"Organization\",\"@id\":\"https:\/\/www.gruppoliturgico.com\/es\/#organization\",\"name\":\"Laboratorio Gruppo Liturgico\",\"url\":\"https:\/\/www.gruppoliturgico.com\/es\/\",\"logo\":{\"@type\":\"ImageObject\",\"inLanguage\":\"fr-FR\",\"@id\":\"https:\/\/www.gruppoliturgico.com\/es\/#\/schema\/logo\/image\/\",\"url\":\"https:\/\/www.gruppoliturgico.com\/wp-content\/uploads\/2022\/02\/logo-laboratoriogruppoliturgico.png\",\"contentUrl\":\"https:\/\/www.gruppoliturgico.com\/wp-content\/uploads\/2022\/02\/logo-laboratoriogruppoliturgico.png\",\"width\":400,\"height\":114,\"caption\":\"Laboratorio Gruppo Liturgico\"},\"image\":{\"@id\":\"https:\/\/www.gruppoliturgico.com\/es\/#\/schema\/logo\/image\/\"}}]}<\/script>\n<!-- \/ Yoast SEO plugin. -->","yoast_head_json":{"title":"autel - Art 1865 et Laboratorio Gruppo Liturgico","description":"Autel en bois massif, avec d\u00e9licate d\u00e9coration imitation marbre. Ornement central de grande valeur en bois sculpt\u00e9 et dor\u00e9 \u00e0 la feuille d\u2019or. La gradation chromatique de la peinture peut \u00eatre ex\u00e9cut\u00e9e en teintes au choix Base cm 142 x 68 Table cm 180 x 80 ou sur demande.    Photo d\u2019ensemble de l\u2019autel et de ses accessoires.","robots":{"index":"index","follow":"follow","max-snippet":"max-snippet:-1","max-image-preview":"max-image-preview:large","max-video-preview":"max-video-preview:-1"},"canonical":"https:\/\/www.gruppoliturgico.com\/fr\/produit\/autel-12\/","og_locale":"fr_FR","og_type":"article","og_title":"autel - Art 1865 et Laboratorio Gruppo Liturgico","og_description":"Autel en bois massif, avec d\u00e9licate d\u00e9coration imitation marbre. Ornement central de grande valeur en bois sculpt\u00e9 et dor\u00e9 \u00e0 la feuille d\u2019or. La gradation chromatique de la peinture peut \u00eatre ex\u00e9cut\u00e9e en teintes au choix Base cm 142 x 68 Table cm 180 x 80 ou sur demande.    Photo d\u2019ensemble de l\u2019autel et de ses accessoires.","og_url":"https:\/\/www.gruppoliturgico.com\/fr\/produit\/autel-12\/","og_site_name":"Laboratorio Gruppo Liturgico","article_modified_time":"2022-10-21T12:25:16+00:00","og_image":[{"width":1024,"height":938,"url":"https:\/\/www.gruppoliturgico.com\/wp-content\/uploads\/2022\/05\/1865-rit2-1024x938.jpg","type":"image\/jpeg"}],"twitter_card":"summary_large_image","schema":{"@context":"https:\/\/schema.org","@graph":[{"@type":"WebPage","@id":"https:\/\/www.gruppoliturgico.com\/fr\/produit\/autel-12\/","url":"https:\/\/www.gruppoliturgico.com\/fr\/produit\/autel-12\/","name":"autel - Art 1865 et Laboratorio Gruppo Liturgico","isPartOf":{"@id":"https:\/\/www.gruppoliturgico.com\/es\/#website"},"datePublished":"2022-05-19T23:36:38+00:00","dateModified":"2022-10-21T12:25:16+00:00","description":"Autel en bois massif, avec d\u00e9licate d\u00e9coration imitation marbre. Ornement central de grande valeur en bois sculpt\u00e9 et dor\u00e9 \u00e0 la feuille d\u2019or. La gradation chromatique de la peinture peut \u00eatre ex\u00e9cut\u00e9e en teintes au choix Base cm 142 x 68 Table cm 180 x 80 ou sur demande. Photo d\u2019ensemble de l\u2019autel et de ses accessoires.","breadcrumb":{"@id":"https:\/\/www.gruppoliturgico.com\/fr\/produit\/autel-12\/#breadcrumb"},"inLanguage":"fr-FR","potentialAction":[{"@type":"ReadAction","target":["https:\/\/www.gruppoliturgico.com\/fr\/produit\/autel-12\/"]}]},{"@type":"BreadcrumbList","@id":"https:\/\/www.gruppoliturgico.com\/fr\/produit\/autel-12\/#breadcrumb","itemListElement":[{"@type":"ListItem","position":1,"name":"Home","item":"https:\/\/www.gruppoliturgico.com\/fr\/"},{"@type":"ListItem","position":2,"name":"Boutique","item":"https:\/\/www.gruppoliturgico.com\/fr\/boutique\/"},{"@type":"ListItem","position":3,"name":"autel"}]},{"@type":"WebSite","@id":"https:\/\/www.gruppoliturgico.com\/es\/#website","url":"https:\/\/www.gruppoliturgico.com\/es\/","name":"Laboratorio Gruppo Liturgico","description":"Articoli Religiosi online","publisher":{"@id":"https:\/\/www.gruppoliturgico.com\/es\/#organization"},"potentialAction":[{"@type":"SearchAction","target":{"@type":"EntryPoint","urlTemplate":"https:\/\/www.gruppoliturgico.com\/es\/?s={search_term_string}"},"query-input":"required name=search_term_string"}],"inLanguage":"fr-FR"},{"@type":"Organization","@id":"https:\/\/www.gruppoliturgico.com\/es\/#organization","name":"Laboratorio Gruppo Liturgico","url":"https:\/\/www.gruppoliturgico.com\/es\/","logo":{"@type":"ImageObject","inLanguage":"fr-FR","@id":"https:\/\/www.gruppoliturgico.com\/es\/#\/schema\/logo\/image\/","url":"https:\/\/www.gruppoliturgico.com\/wp-content\/uploads\/2022\/02\/logo-laboratoriogruppoliturgico.png","contentUrl":"https:\/\/www.gruppoliturgico.com\/wp-content\/uploads\/2022\/02\/logo-laboratoriogruppoliturgico.png","width":400,"height":114,"caption":"Laboratorio Gruppo Liturgico"},"image":{"@id":"https:\/\/www.gruppoliturgico.com\/es\/#\/schema\/logo\/image\/"}}]}},"_links":{"self":[{"href":"https:\/\/www.gruppoliturgico.com\/fr\/wp-json\/wp\/v2\/product\/66255"}],"collection":[{"href":"https:\/\/www.gruppoliturgico.com\/fr\/wp-json\/wp\/v2\/product"}],"about":[{"href":"https:\/\/www.gruppoliturgico.com\/fr\/wp-json\/wp\/v2\/types\/product"}],"wp:featuredmedia":[{"embeddable":true,"href":"https:\/\/www.gruppoliturgico.com\/fr\/wp-json\/wp\/v2\/media\/131464"}],"wp:attachment":[{"href":"https:\/\/www.gruppoliturgico.com\/fr\/wp-json\/wp\/v2\/media?parent=66255"}],"wp:term":[{"taxonomy":"product_cat","embeddable":true,"href":"https:\/\/www.gruppoliturgico.com\/fr\/wp-json\/wp\/v2\/product_cat?post=66255"},{"taxonomy":"product_tag","embeddable":true,"href":"https:\/\/www.gruppoliturgico.com\/fr\/wp-json\/wp\/v2\/product_tag?post=66255"}],"curies":[{"name":"wp","href":"https:\/\/api.w.org\/{rel}","templated":true}]}}