{"id":66203,"date":"2022-05-20T01:34:12","date_gmt":"2022-05-19T23:34:17","guid":{"rendered":"https:\/\/www.gruppoliturgico.com\/prodotto\/s-francesca-saverio-cabrini\/"},"modified":"2022-06-02T12:29:31","modified_gmt":"2022-06-02T10:29:31","slug":"s-francesca-saverio-cabrini","status":"publish","type":"product","link":"https:\/\/www.gruppoliturgico.com\/fr\/produit\/s-francesca-saverio-cabrini\/","title":{"rendered":"S.Francesca Saverio Cabrini"},"content":{"rendered":"<html><body><p>Sculpt\u00e9e en bois de tilleul et peinte \u00e0 la main.<br>\nUn ouvrage moderne et \u00e9l\u00e9gant \u00e0 l\u2019expression intense. <\/p>\n<p>Autres hauteurs disponibles sur demande<br>\nD\u00e9lais de livraison en fonction de la hauteur choisie.<\/p>\n<\/body><\/html>","protected":false},"excerpt":{"rendered":"<p>Sculpt\u00e9e en bois de tilleul et peinte \u00e0 la main.<br \/>\nUn ouvrage moderne et \u00e9l\u00e9gant \u00e0 l&rsquo;expression intense. <\/p>\n<p>Autres hauteurs disponibles sur demande<br \/>\nD\u00e9lais de livraison en fonction de la hauteur choisie.<\/p>\n","protected":false},"featured_media":134594,"template":"","meta":[],"product_cat":[12744],"product_tag":[],"yoast_head":"<!-- This site is optimized with the Yoast SEO plugin v20.4 - https:\/\/yoast.com\/wordpress\/plugins\/seo\/ -->\n<title>S.Francesca Saverio Cabrini - Saintes - femmes et Laboratorio Gruppo Liturgico<\/title>\n<meta name=\"description\" content=\"Sculpt\u00e9e en bois de tilleul et peinte \u00e0 la main.  Un ouvrage moderne et \u00e9l\u00e9gant \u00e0 l&#039;expression intense.   Autres hauteurs disponibles sur demande D\u00e9lais de livraison en fonction de la hauteur choisie.\" \/>\n<meta name=\"robots\" content=\"index, follow, max-snippet:-1, max-image-preview:large, max-video-preview:-1\" \/>\n<link rel=\"canonical\" href=\"https:\/\/www.gruppoliturgico.com\/fr\/produit\/s-francesca-saverio-cabrini\/\" \/>\n<meta property=\"og:locale\" content=\"fr_FR\" \/>\n<meta property=\"og:type\" content=\"article\" \/>\n<meta property=\"og:title\" content=\"S.Francesca Saverio Cabrini - Saintes - femmes et Laboratorio Gruppo Liturgico\" \/>\n<meta property=\"og:description\" content=\"Sculpt\u00e9e en bois de tilleul et peinte \u00e0 la main.  Un ouvrage moderne et \u00e9l\u00e9gant \u00e0 l&#039;expression intense.   Autres hauteurs disponibles sur demande D\u00e9lais de livraison en fonction de la hauteur choisie.\" \/>\n<meta property=\"og:url\" content=\"https:\/\/www.gruppoliturgico.com\/fr\/produit\/s-francesca-saverio-cabrini\/\" \/>\n<meta property=\"og:site_name\" content=\"Laboratorio Gruppo Liturgico\" \/>\n<meta property=\"article:modified_time\" content=\"2022-06-02T10:29:31+00:00\" \/>\n<meta property=\"og:image\" content=\"https:\/\/www.gruppoliturgico.com\/wp-content\/uploads\/2022\/05\/3359-NV-RIT.jpg\" \/>\n\t<meta property=\"og:image:width\" content=\"1057\" \/>\n\t<meta property=\"og:image:height\" content=\"2000\" \/>\n\t<meta property=\"og:image:type\" content=\"image\/jpeg\" \/>\n<meta name=\"twitter:card\" content=\"summary_large_image\" \/>\n<script type=\"application\/ld+json\" class=\"yoast-schema-graph\">{\"@context\":\"https:\/\/schema.org\",\"@graph\":[{\"@type\":\"WebPage\",\"@id\":\"https:\/\/www.gruppoliturgico.com\/fr\/produit\/s-francesca-saverio-cabrini\/\",\"url\":\"https:\/\/www.gruppoliturgico.com\/fr\/produit\/s-francesca-saverio-cabrini\/\",\"name\":\"S.Francesca Saverio Cabrini - Saintes - femmes et Laboratorio Gruppo Liturgico\",\"isPartOf\":{\"@id\":\"https:\/\/www.gruppoliturgico.com\/es\/#website\"},\"datePublished\":\"2022-05-19T23:34:17+00:00\",\"dateModified\":\"2022-06-02T10:29:31+00:00\",\"description\":\"Sculpt\u00e9e en bois de tilleul et peinte \u00e0 la main. Un ouvrage moderne et \u00e9l\u00e9gant \u00e0 l'expression intense. Autres hauteurs disponibles sur demande D\u00e9lais de livraison en fonction de la hauteur choisie.\",\"breadcrumb\":{\"@id\":\"https:\/\/www.gruppoliturgico.com\/fr\/produit\/s-francesca-saverio-cabrini\/#breadcrumb\"},\"inLanguage\":\"fr-FR\",\"potentialAction\":[{\"@type\":\"ReadAction\",\"target\":[\"https:\/\/www.gruppoliturgico.com\/fr\/produit\/s-francesca-saverio-cabrini\/\"]}]},{\"@type\":\"BreadcrumbList\",\"@id\":\"https:\/\/www.gruppoliturgico.com\/fr\/produit\/s-francesca-saverio-cabrini\/#breadcrumb\",\"itemListElement\":[{\"@type\":\"ListItem\",\"position\":1,\"name\":\"Home\",\"item\":\"https:\/\/www.gruppoliturgico.com\/fr\/\"},{\"@type\":\"ListItem\",\"position\":2,\"name\":\"Boutique\",\"item\":\"https:\/\/www.gruppoliturgico.com\/fr\/boutique\/\"},{\"@type\":\"ListItem\",\"position\":3,\"name\":\"S.Francesca Saverio Cabrini\"}]},{\"@type\":\"WebSite\",\"@id\":\"https:\/\/www.gruppoliturgico.com\/es\/#website\",\"url\":\"https:\/\/www.gruppoliturgico.com\/es\/\",\"name\":\"Laboratorio Gruppo Liturgico\",\"description\":\"Articoli Religiosi online\",\"publisher\":{\"@id\":\"https:\/\/www.gruppoliturgico.com\/es\/#organization\"},\"potentialAction\":[{\"@type\":\"SearchAction\",\"target\":{\"@type\":\"EntryPoint\",\"urlTemplate\":\"https:\/\/www.gruppoliturgico.com\/es\/?s={search_term_string}\"},\"query-input\":\"required name=search_term_string\"}],\"inLanguage\":\"fr-FR\"},{\"@type\":\"Organization\",\"@id\":\"https:\/\/www.gruppoliturgico.com\/es\/#organization\",\"name\":\"Laboratorio Gruppo Liturgico\",\"url\":\"https:\/\/www.gruppoliturgico.com\/es\/\",\"logo\":{\"@type\":\"ImageObject\",\"inLanguage\":\"fr-FR\",\"@id\":\"https:\/\/www.gruppoliturgico.com\/es\/#\/schema\/logo\/image\/\",\"url\":\"https:\/\/www.gruppoliturgico.com\/wp-content\/uploads\/2022\/02\/logo-laboratoriogruppoliturgico.png\",\"contentUrl\":\"https:\/\/www.gruppoliturgico.com\/wp-content\/uploads\/2022\/02\/logo-laboratoriogruppoliturgico.png\",\"width\":400,\"height\":114,\"caption\":\"Laboratorio Gruppo Liturgico\"},\"image\":{\"@id\":\"https:\/\/www.gruppoliturgico.com\/es\/#\/schema\/logo\/image\/\"}}]}<\/script>\n<!-- \/ Yoast SEO plugin. -->","yoast_head_json":{"title":"S.Francesca Saverio Cabrini - Saintes - femmes et Laboratorio Gruppo Liturgico","description":"Sculpt\u00e9e en bois de tilleul et peinte \u00e0 la main.  Un ouvrage moderne et \u00e9l\u00e9gant \u00e0 l'expression intense.   Autres hauteurs disponibles sur demande D\u00e9lais de livraison en fonction de la hauteur choisie.","robots":{"index":"index","follow":"follow","max-snippet":"max-snippet:-1","max-image-preview":"max-image-preview:large","max-video-preview":"max-video-preview:-1"},"canonical":"https:\/\/www.gruppoliturgico.com\/fr\/produit\/s-francesca-saverio-cabrini\/","og_locale":"fr_FR","og_type":"article","og_title":"S.Francesca Saverio Cabrini - Saintes - femmes et Laboratorio Gruppo Liturgico","og_description":"Sculpt\u00e9e en bois de tilleul et peinte \u00e0 la main.  Un ouvrage moderne et \u00e9l\u00e9gant \u00e0 l'expression intense.   Autres hauteurs disponibles sur demande D\u00e9lais de livraison en fonction de la hauteur choisie.","og_url":"https:\/\/www.gruppoliturgico.com\/fr\/produit\/s-francesca-saverio-cabrini\/","og_site_name":"Laboratorio Gruppo Liturgico","article_modified_time":"2022-06-02T10:29:31+00:00","og_image":[{"width":1057,"height":2000,"url":"https:\/\/www.gruppoliturgico.com\/wp-content\/uploads\/2022\/05\/3359-NV-RIT.jpg","type":"image\/jpeg"}],"twitter_card":"summary_large_image","schema":{"@context":"https:\/\/schema.org","@graph":[{"@type":"WebPage","@id":"https:\/\/www.gruppoliturgico.com\/fr\/produit\/s-francesca-saverio-cabrini\/","url":"https:\/\/www.gruppoliturgico.com\/fr\/produit\/s-francesca-saverio-cabrini\/","name":"S.Francesca Saverio Cabrini - Saintes - femmes et Laboratorio Gruppo Liturgico","isPartOf":{"@id":"https:\/\/www.gruppoliturgico.com\/es\/#website"},"datePublished":"2022-05-19T23:34:17+00:00","dateModified":"2022-06-02T10:29:31+00:00","description":"Sculpt\u00e9e en bois de tilleul et peinte \u00e0 la main. Un ouvrage moderne et \u00e9l\u00e9gant \u00e0 l'expression intense. Autres hauteurs disponibles sur demande D\u00e9lais de livraison en fonction de la hauteur choisie.","breadcrumb":{"@id":"https:\/\/www.gruppoliturgico.com\/fr\/produit\/s-francesca-saverio-cabrini\/#breadcrumb"},"inLanguage":"fr-FR","potentialAction":[{"@type":"ReadAction","target":["https:\/\/www.gruppoliturgico.com\/fr\/produit\/s-francesca-saverio-cabrini\/"]}]},{"@type":"BreadcrumbList","@id":"https:\/\/www.gruppoliturgico.com\/fr\/produit\/s-francesca-saverio-cabrini\/#breadcrumb","itemListElement":[{"@type":"ListItem","position":1,"name":"Home","item":"https:\/\/www.gruppoliturgico.com\/fr\/"},{"@type":"ListItem","position":2,"name":"Boutique","item":"https:\/\/www.gruppoliturgico.com\/fr\/boutique\/"},{"@type":"ListItem","position":3,"name":"S.Francesca Saverio Cabrini"}]},{"@type":"WebSite","@id":"https:\/\/www.gruppoliturgico.com\/es\/#website","url":"https:\/\/www.gruppoliturgico.com\/es\/","name":"Laboratorio Gruppo Liturgico","description":"Articoli Religiosi online","publisher":{"@id":"https:\/\/www.gruppoliturgico.com\/es\/#organization"},"potentialAction":[{"@type":"SearchAction","target":{"@type":"EntryPoint","urlTemplate":"https:\/\/www.gruppoliturgico.com\/es\/?s={search_term_string}"},"query-input":"required name=search_term_string"}],"inLanguage":"fr-FR"},{"@type":"Organization","@id":"https:\/\/www.gruppoliturgico.com\/es\/#organization","name":"Laboratorio Gruppo Liturgico","url":"https:\/\/www.gruppoliturgico.com\/es\/","logo":{"@type":"ImageObject","inLanguage":"fr-FR","@id":"https:\/\/www.gruppoliturgico.com\/es\/#\/schema\/logo\/image\/","url":"https:\/\/www.gruppoliturgico.com\/wp-content\/uploads\/2022\/02\/logo-laboratoriogruppoliturgico.png","contentUrl":"https:\/\/www.gruppoliturgico.com\/wp-content\/uploads\/2022\/02\/logo-laboratoriogruppoliturgico.png","width":400,"height":114,"caption":"Laboratorio Gruppo Liturgico"},"image":{"@id":"https:\/\/www.gruppoliturgico.com\/es\/#\/schema\/logo\/image\/"}}]}},"_links":{"self":[{"href":"https:\/\/www.gruppoliturgico.com\/fr\/wp-json\/wp\/v2\/product\/66203"}],"collection":[{"href":"https:\/\/www.gruppoliturgico.com\/fr\/wp-json\/wp\/v2\/product"}],"about":[{"href":"https:\/\/www.gruppoliturgico.com\/fr\/wp-json\/wp\/v2\/types\/product"}],"wp:featuredmedia":[{"embeddable":true,"href":"https:\/\/www.gruppoliturgico.com\/fr\/wp-json\/wp\/v2\/media\/134594"}],"wp:attachment":[{"href":"https:\/\/www.gruppoliturgico.com\/fr\/wp-json\/wp\/v2\/media?parent=66203"}],"wp:term":[{"taxonomy":"product_cat","embeddable":true,"href":"https:\/\/www.gruppoliturgico.com\/fr\/wp-json\/wp\/v2\/product_cat?post=66203"},{"taxonomy":"product_tag","embeddable":true,"href":"https:\/\/www.gruppoliturgico.com\/fr\/wp-json\/wp\/v2\/product_tag?post=66203"}],"curies":[{"name":"wp","href":"https:\/\/api.w.org\/{rel}","templated":true}]}}