{"id":66183,"date":"2022-05-20T01:33:00","date_gmt":"2022-05-19T23:33:22","guid":{"rendered":"https:\/\/www.gruppoliturgico.com\/prodotto\/chape-10\/"},"modified":"2022-06-02T12:28:15","modified_gmt":"2022-06-02T10:28:15","slug":"chape-10","status":"publish","type":"product","link":"https:\/\/www.gruppoliturgico.com\/fr\/produit\/chape-10\/","title":{"rendered":"chape"},"content":{"rendered":"<html><body><p>Un pr\u00e9cieux tissu lampasso est utilis\u00e9 pour la confection de cette majestueuse et \u00e9l\u00e9gante chape de coupe classique.<br>\nAvec de pr\u00e9cieuses accroches enrichies de pierre, elle est enti\u00e8rement bord\u00e9e de passementerie dor\u00e9e.<br>\nCompl\u00e8te d\u2019\u00e9tole.<br>\nTaille unique cm 150.<br>\nAutres hauteurs disponibles sur demande.<br>\nDisponible dans tous les coloris liturgiques<\/p>\n<\/body><\/html>","protected":false},"excerpt":{"rendered":"<p>Un pr\u00e9cieux tissu lampasso est utilis\u00e9 pour la confection de cette majestueuse et \u00e9l\u00e9gante chape de coupe classique.<br \/>\nAvec de pr\u00e9cieuses accroches enrichies de pierre, elle est enti\u00e8rement bord\u00e9e de passementerie dor\u00e9e.<br \/>\nCompl\u00e8te d\u2019\u00e9tole.<br \/>\nTaille unique cm 150.<br \/>\nAutres hauteurs disponibles sur demande.<br \/>\nDisponible dans tous les coloris liturgiques<\/p>\n","protected":false},"featured_media":130360,"template":"","meta":[],"product_cat":[12288],"product_tag":[],"yoast_head":"<!-- This site is optimized with the Yoast SEO plugin v20.4 - https:\/\/yoast.com\/wordpress\/plugins\/seo\/ -->\n<title>chape - chapes et Laboratorio Gruppo Liturgico<\/title>\n<meta name=\"description\" content=\"Un pr\u00e9cieux tissu lampasso est utilis\u00e9 pour la confection de cette majestueuse et \u00e9l\u00e9gante chape de coupe classique.  Avec de pr\u00e9cieuses accroches enrichies de pierre, elle est enti\u00e8rement bord\u00e9e de passementerie dor\u00e9e. Compl\u00e8te d\u2019\u00e9tole. Taille unique cm 150. Autres hauteurs disponibles sur demande. Disponible dans tous les coloris liturgiques\" \/>\n<meta name=\"robots\" content=\"index, follow, max-snippet:-1, max-image-preview:large, max-video-preview:-1\" \/>\n<link rel=\"canonical\" href=\"https:\/\/www.gruppoliturgico.com\/fr\/produit\/chape-10\/\" \/>\n<meta property=\"og:locale\" content=\"fr_FR\" \/>\n<meta property=\"og:type\" content=\"article\" \/>\n<meta property=\"og:title\" content=\"chape - chapes et Laboratorio Gruppo Liturgico\" \/>\n<meta property=\"og:description\" content=\"Un pr\u00e9cieux tissu lampasso est utilis\u00e9 pour la confection de cette majestueuse et \u00e9l\u00e9gante chape de coupe classique.  Avec de pr\u00e9cieuses accroches enrichies de pierre, elle est enti\u00e8rement bord\u00e9e de passementerie dor\u00e9e. Compl\u00e8te d\u2019\u00e9tole. Taille unique cm 150. Autres hauteurs disponibles sur demande. Disponible dans tous les coloris liturgiques\" \/>\n<meta property=\"og:url\" content=\"https:\/\/www.gruppoliturgico.com\/fr\/produit\/chape-10\/\" \/>\n<meta property=\"og:site_name\" content=\"Laboratorio Gruppo Liturgico\" \/>\n<meta property=\"article:modified_time\" content=\"2022-06-02T10:28:15+00:00\" \/>\n<meta property=\"og:image\" content=\"https:\/\/www.gruppoliturgico.com\/wp-content\/uploads\/2022\/09\/1833_0.jpg\" \/>\n\t<meta property=\"og:image:width\" content=\"1116\" \/>\n\t<meta property=\"og:image:height\" content=\"1500\" \/>\n\t<meta property=\"og:image:type\" content=\"image\/jpeg\" \/>\n<meta name=\"twitter:card\" content=\"summary_large_image\" \/>\n<script type=\"application\/ld+json\" class=\"yoast-schema-graph\">{\"@context\":\"https:\/\/schema.org\",\"@graph\":[{\"@type\":\"WebPage\",\"@id\":\"https:\/\/www.gruppoliturgico.com\/fr\/produit\/chape-10\/\",\"url\":\"https:\/\/www.gruppoliturgico.com\/fr\/produit\/chape-10\/\",\"name\":\"chape - chapes et Laboratorio Gruppo Liturgico\",\"isPartOf\":{\"@id\":\"https:\/\/www.gruppoliturgico.com\/es\/#website\"},\"datePublished\":\"2022-05-19T23:33:22+00:00\",\"dateModified\":\"2022-06-02T10:28:15+00:00\",\"description\":\"Un pr\u00e9cieux tissu lampasso est utilis\u00e9 pour la confection de cette majestueuse et \u00e9l\u00e9gante chape de coupe classique. Avec de pr\u00e9cieuses accroches enrichies de pierre, elle est enti\u00e8rement bord\u00e9e de passementerie dor\u00e9e. Compl\u00e8te d\u2019\u00e9tole. Taille unique cm 150. Autres hauteurs disponibles sur demande. Disponible dans tous les coloris liturgiques\",\"breadcrumb\":{\"@id\":\"https:\/\/www.gruppoliturgico.com\/fr\/produit\/chape-10\/#breadcrumb\"},\"inLanguage\":\"fr-FR\",\"potentialAction\":[{\"@type\":\"ReadAction\",\"target\":[\"https:\/\/www.gruppoliturgico.com\/fr\/produit\/chape-10\/\"]}]},{\"@type\":\"BreadcrumbList\",\"@id\":\"https:\/\/www.gruppoliturgico.com\/fr\/produit\/chape-10\/#breadcrumb\",\"itemListElement\":[{\"@type\":\"ListItem\",\"position\":1,\"name\":\"Home\",\"item\":\"https:\/\/www.gruppoliturgico.com\/fr\/\"},{\"@type\":\"ListItem\",\"position\":2,\"name\":\"Boutique\",\"item\":\"https:\/\/www.gruppoliturgico.com\/fr\/boutique\/\"},{\"@type\":\"ListItem\",\"position\":3,\"name\":\"chape\"}]},{\"@type\":\"WebSite\",\"@id\":\"https:\/\/www.gruppoliturgico.com\/es\/#website\",\"url\":\"https:\/\/www.gruppoliturgico.com\/es\/\",\"name\":\"Laboratorio Gruppo Liturgico\",\"description\":\"Articoli Religiosi online\",\"publisher\":{\"@id\":\"https:\/\/www.gruppoliturgico.com\/es\/#organization\"},\"potentialAction\":[{\"@type\":\"SearchAction\",\"target\":{\"@type\":\"EntryPoint\",\"urlTemplate\":\"https:\/\/www.gruppoliturgico.com\/es\/?s={search_term_string}\"},\"query-input\":\"required name=search_term_string\"}],\"inLanguage\":\"fr-FR\"},{\"@type\":\"Organization\",\"@id\":\"https:\/\/www.gruppoliturgico.com\/es\/#organization\",\"name\":\"Laboratorio Gruppo Liturgico\",\"url\":\"https:\/\/www.gruppoliturgico.com\/es\/\",\"logo\":{\"@type\":\"ImageObject\",\"inLanguage\":\"fr-FR\",\"@id\":\"https:\/\/www.gruppoliturgico.com\/es\/#\/schema\/logo\/image\/\",\"url\":\"https:\/\/www.gruppoliturgico.com\/wp-content\/uploads\/2022\/02\/logo-laboratoriogruppoliturgico.png\",\"contentUrl\":\"https:\/\/www.gruppoliturgico.com\/wp-content\/uploads\/2022\/02\/logo-laboratoriogruppoliturgico.png\",\"width\":400,\"height\":114,\"caption\":\"Laboratorio Gruppo Liturgico\"},\"image\":{\"@id\":\"https:\/\/www.gruppoliturgico.com\/es\/#\/schema\/logo\/image\/\"}}]}<\/script>\n<!-- \/ Yoast SEO plugin. -->","yoast_head_json":{"title":"chape - chapes et Laboratorio Gruppo Liturgico","description":"Un pr\u00e9cieux tissu lampasso est utilis\u00e9 pour la confection de cette majestueuse et \u00e9l\u00e9gante chape de coupe classique.  Avec de pr\u00e9cieuses accroches enrichies de pierre, elle est enti\u00e8rement bord\u00e9e de passementerie dor\u00e9e. Compl\u00e8te d\u2019\u00e9tole. Taille unique cm 150. Autres hauteurs disponibles sur demande. Disponible dans tous les coloris liturgiques","robots":{"index":"index","follow":"follow","max-snippet":"max-snippet:-1","max-image-preview":"max-image-preview:large","max-video-preview":"max-video-preview:-1"},"canonical":"https:\/\/www.gruppoliturgico.com\/fr\/produit\/chape-10\/","og_locale":"fr_FR","og_type":"article","og_title":"chape - chapes et Laboratorio Gruppo Liturgico","og_description":"Un pr\u00e9cieux tissu lampasso est utilis\u00e9 pour la confection de cette majestueuse et \u00e9l\u00e9gante chape de coupe classique.  Avec de pr\u00e9cieuses accroches enrichies de pierre, elle est enti\u00e8rement bord\u00e9e de passementerie dor\u00e9e. Compl\u00e8te d\u2019\u00e9tole. Taille unique cm 150. Autres hauteurs disponibles sur demande. Disponible dans tous les coloris liturgiques","og_url":"https:\/\/www.gruppoliturgico.com\/fr\/produit\/chape-10\/","og_site_name":"Laboratorio Gruppo Liturgico","article_modified_time":"2022-06-02T10:28:15+00:00","og_image":[{"width":1116,"height":1500,"url":"https:\/\/www.gruppoliturgico.com\/wp-content\/uploads\/2022\/09\/1833_0.jpg","type":"image\/jpeg"}],"twitter_card":"summary_large_image","schema":{"@context":"https:\/\/schema.org","@graph":[{"@type":"WebPage","@id":"https:\/\/www.gruppoliturgico.com\/fr\/produit\/chape-10\/","url":"https:\/\/www.gruppoliturgico.com\/fr\/produit\/chape-10\/","name":"chape - chapes et Laboratorio Gruppo Liturgico","isPartOf":{"@id":"https:\/\/www.gruppoliturgico.com\/es\/#website"},"datePublished":"2022-05-19T23:33:22+00:00","dateModified":"2022-06-02T10:28:15+00:00","description":"Un pr\u00e9cieux tissu lampasso est utilis\u00e9 pour la confection de cette majestueuse et \u00e9l\u00e9gante chape de coupe classique. Avec de pr\u00e9cieuses accroches enrichies de pierre, elle est enti\u00e8rement bord\u00e9e de passementerie dor\u00e9e. Compl\u00e8te d\u2019\u00e9tole. Taille unique cm 150. Autres hauteurs disponibles sur demande. Disponible dans tous les coloris liturgiques","breadcrumb":{"@id":"https:\/\/www.gruppoliturgico.com\/fr\/produit\/chape-10\/#breadcrumb"},"inLanguage":"fr-FR","potentialAction":[{"@type":"ReadAction","target":["https:\/\/www.gruppoliturgico.com\/fr\/produit\/chape-10\/"]}]},{"@type":"BreadcrumbList","@id":"https:\/\/www.gruppoliturgico.com\/fr\/produit\/chape-10\/#breadcrumb","itemListElement":[{"@type":"ListItem","position":1,"name":"Home","item":"https:\/\/www.gruppoliturgico.com\/fr\/"},{"@type":"ListItem","position":2,"name":"Boutique","item":"https:\/\/www.gruppoliturgico.com\/fr\/boutique\/"},{"@type":"ListItem","position":3,"name":"chape"}]},{"@type":"WebSite","@id":"https:\/\/www.gruppoliturgico.com\/es\/#website","url":"https:\/\/www.gruppoliturgico.com\/es\/","name":"Laboratorio Gruppo Liturgico","description":"Articoli Religiosi online","publisher":{"@id":"https:\/\/www.gruppoliturgico.com\/es\/#organization"},"potentialAction":[{"@type":"SearchAction","target":{"@type":"EntryPoint","urlTemplate":"https:\/\/www.gruppoliturgico.com\/es\/?s={search_term_string}"},"query-input":"required name=search_term_string"}],"inLanguage":"fr-FR"},{"@type":"Organization","@id":"https:\/\/www.gruppoliturgico.com\/es\/#organization","name":"Laboratorio Gruppo Liturgico","url":"https:\/\/www.gruppoliturgico.com\/es\/","logo":{"@type":"ImageObject","inLanguage":"fr-FR","@id":"https:\/\/www.gruppoliturgico.com\/es\/#\/schema\/logo\/image\/","url":"https:\/\/www.gruppoliturgico.com\/wp-content\/uploads\/2022\/02\/logo-laboratoriogruppoliturgico.png","contentUrl":"https:\/\/www.gruppoliturgico.com\/wp-content\/uploads\/2022\/02\/logo-laboratoriogruppoliturgico.png","width":400,"height":114,"caption":"Laboratorio Gruppo Liturgico"},"image":{"@id":"https:\/\/www.gruppoliturgico.com\/es\/#\/schema\/logo\/image\/"}}]}},"_links":{"self":[{"href":"https:\/\/www.gruppoliturgico.com\/fr\/wp-json\/wp\/v2\/product\/66183"}],"collection":[{"href":"https:\/\/www.gruppoliturgico.com\/fr\/wp-json\/wp\/v2\/product"}],"about":[{"href":"https:\/\/www.gruppoliturgico.com\/fr\/wp-json\/wp\/v2\/types\/product"}],"wp:featuredmedia":[{"embeddable":true,"href":"https:\/\/www.gruppoliturgico.com\/fr\/wp-json\/wp\/v2\/media\/130360"}],"wp:attachment":[{"href":"https:\/\/www.gruppoliturgico.com\/fr\/wp-json\/wp\/v2\/media?parent=66183"}],"wp:term":[{"taxonomy":"product_cat","embeddable":true,"href":"https:\/\/www.gruppoliturgico.com\/fr\/wp-json\/wp\/v2\/product_cat?post=66183"},{"taxonomy":"product_tag","embeddable":true,"href":"https:\/\/www.gruppoliturgico.com\/fr\/wp-json\/wp\/v2\/product_tag?post=66183"}],"curies":[{"name":"wp","href":"https:\/\/api.w.org\/{rel}","templated":true}]}}