{"id":66115,"date":"2022-05-20T01:29:50","date_gmt":"2022-05-19T23:29:55","guid":{"rendered":"https:\/\/www.gruppoliturgico.com\/prodotto\/aube-27\/"},"modified":"2022-06-02T12:24:58","modified_gmt":"2022-06-02T10:24:58","slug":"aube-27","status":"publish","type":"product","link":"https:\/\/www.gruppoliturgico.com\/fr\/produit\/aube-27\/","title":{"rendered":"aube"},"content":{"rendered":"<html><body><p>Ce mod\u00e8le est enrichi sur le devant et sur le dos de profonds plis doubles qui naissent aux deux c\u00f4t\u00e9s du d\u00e9collet\u00e9 et arrivent jusqu\u2019\u00e0 l\u2019ourlet.<br>\nFermeture \u00e0 glissi\u00e8re tr\u00e8s pratique sur le devant et capuchon ornemental.<br>\nLa petite croix et le cordon sont d\u00e9j\u00e0 compris dans le prix.<\/p>\n<p>Vous pouvez commander cette aube, en nous communiquant seulement la mesure de la longueur totale ( on la prend du centre des \u00e9paules jusqu\u2019au talon).<\/p>\n<\/body><\/html>","protected":false},"excerpt":{"rendered":"<p>Ce mod\u00e8le est enrichi sur le devant et sur le dos de profonds plis doubles qui naissent aux deux c\u00f4t\u00e9s du d\u00e9collet\u00e9 et arrivent jusqu&rsquo;\u00e0 l&rsquo;ourlet.<br \/>\nFermeture \u00e0 glissi\u00e8re tr\u00e8s pratique sur le devant et capuchon ornemental.<br \/>\nLa petite croix et le cordon sont d\u00e9j\u00e0 compris dans le prix.<\/p>\n<p>Vous pouvez commander cette aube, en nous communiquant seulement la mesure de la longueur totale ( on la prend du centre des \u00e9paules jusqu&rsquo;au talon).<\/p>\n","protected":false},"featured_media":135708,"template":"","meta":[],"product_cat":[11808],"product_tag":[],"yoast_head":"<!-- This site is optimized with the Yoast SEO plugin v20.4 - https:\/\/yoast.com\/wordpress\/plugins\/seo\/ -->\n<title>aube - aubes et Laboratorio Gruppo Liturgico<\/title>\n<meta name=\"description\" content=\"Ce mod\u00e8le est enrichi sur le devant et sur le dos de profonds plis doubles qui naissent aux deux c\u00f4t\u00e9s du d\u00e9collet\u00e9 et arrivent jusqu&#039;\u00e0 l&#039;ourlet.  Fermeture \u00e0 glissi\u00e8re tr\u00e8s pratique sur le devant et capuchon ornemental.  La petite croix et le cordon sont d\u00e9j\u00e0 compris dans le prix.  Vous pouvez commander cette aube, en nous communiquant seulement la mesure de la longueur totale ( on la prend du centre des \u00e9paules jusqu&#039;au talon).\" \/>\n<meta name=\"robots\" content=\"index, follow, max-snippet:-1, max-image-preview:large, max-video-preview:-1\" \/>\n<link rel=\"canonical\" href=\"https:\/\/www.gruppoliturgico.com\/fr\/produit\/aube-27\/\" \/>\n<meta property=\"og:locale\" content=\"fr_FR\" \/>\n<meta property=\"og:type\" content=\"article\" \/>\n<meta property=\"og:title\" content=\"aube - aubes et Laboratorio Gruppo Liturgico\" \/>\n<meta property=\"og:description\" content=\"Ce mod\u00e8le est enrichi sur le devant et sur le dos de profonds plis doubles qui naissent aux deux c\u00f4t\u00e9s du d\u00e9collet\u00e9 et arrivent jusqu&#039;\u00e0 l&#039;ourlet.  Fermeture \u00e0 glissi\u00e8re tr\u00e8s pratique sur le devant et capuchon ornemental.  La petite croix et le cordon sont d\u00e9j\u00e0 compris dans le prix.  Vous pouvez commander cette aube, en nous communiquant seulement la mesure de la longueur totale ( on la prend du centre des \u00e9paules jusqu&#039;au talon).\" \/>\n<meta property=\"og:url\" content=\"https:\/\/www.gruppoliturgico.com\/fr\/produit\/aube-27\/\" \/>\n<meta property=\"og:site_name\" content=\"Laboratorio Gruppo Liturgico\" \/>\n<meta property=\"article:modified_time\" content=\"2022-06-02T10:24:58+00:00\" \/>\n<meta property=\"og:image\" content=\"https:\/\/www.gruppoliturgico.com\/wp-content\/uploads\/2022\/05\/Pueri20Cantores-nv-rit.jpg\" \/>\n\t<meta property=\"og:image:width\" content=\"919\" \/>\n\t<meta property=\"og:image:height\" content=\"2000\" \/>\n\t<meta property=\"og:image:type\" content=\"image\/jpeg\" \/>\n<meta name=\"twitter:card\" content=\"summary_large_image\" \/>\n<script type=\"application\/ld+json\" class=\"yoast-schema-graph\">{\"@context\":\"https:\/\/schema.org\",\"@graph\":[{\"@type\":\"WebPage\",\"@id\":\"https:\/\/www.gruppoliturgico.com\/fr\/produit\/aube-27\/\",\"url\":\"https:\/\/www.gruppoliturgico.com\/fr\/produit\/aube-27\/\",\"name\":\"aube - aubes et Laboratorio Gruppo Liturgico\",\"isPartOf\":{\"@id\":\"https:\/\/www.gruppoliturgico.com\/es\/#website\"},\"datePublished\":\"2022-05-19T23:29:55+00:00\",\"dateModified\":\"2022-06-02T10:24:58+00:00\",\"description\":\"Ce mod\u00e8le est enrichi sur le devant et sur le dos de profonds plis doubles qui naissent aux deux c\u00f4t\u00e9s du d\u00e9collet\u00e9 et arrivent jusqu'\u00e0 l'ourlet. Fermeture \u00e0 glissi\u00e8re tr\u00e8s pratique sur le devant et capuchon ornemental. La petite croix et le cordon sont d\u00e9j\u00e0 compris dans le prix. Vous pouvez commander cette aube, en nous communiquant seulement la mesure de la longueur totale ( on la prend du centre des \u00e9paules jusqu'au talon).\",\"breadcrumb\":{\"@id\":\"https:\/\/www.gruppoliturgico.com\/fr\/produit\/aube-27\/#breadcrumb\"},\"inLanguage\":\"fr-FR\",\"potentialAction\":[{\"@type\":\"ReadAction\",\"target\":[\"https:\/\/www.gruppoliturgico.com\/fr\/produit\/aube-27\/\"]}]},{\"@type\":\"BreadcrumbList\",\"@id\":\"https:\/\/www.gruppoliturgico.com\/fr\/produit\/aube-27\/#breadcrumb\",\"itemListElement\":[{\"@type\":\"ListItem\",\"position\":1,\"name\":\"Home\",\"item\":\"https:\/\/www.gruppoliturgico.com\/fr\/\"},{\"@type\":\"ListItem\",\"position\":2,\"name\":\"Boutique\",\"item\":\"https:\/\/www.gruppoliturgico.com\/fr\/boutique\/\"},{\"@type\":\"ListItem\",\"position\":3,\"name\":\"aube\"}]},{\"@type\":\"WebSite\",\"@id\":\"https:\/\/www.gruppoliturgico.com\/es\/#website\",\"url\":\"https:\/\/www.gruppoliturgico.com\/es\/\",\"name\":\"Laboratorio Gruppo Liturgico\",\"description\":\"Articoli Religiosi online\",\"publisher\":{\"@id\":\"https:\/\/www.gruppoliturgico.com\/es\/#organization\"},\"potentialAction\":[{\"@type\":\"SearchAction\",\"target\":{\"@type\":\"EntryPoint\",\"urlTemplate\":\"https:\/\/www.gruppoliturgico.com\/es\/?s={search_term_string}\"},\"query-input\":\"required name=search_term_string\"}],\"inLanguage\":\"fr-FR\"},{\"@type\":\"Organization\",\"@id\":\"https:\/\/www.gruppoliturgico.com\/es\/#organization\",\"name\":\"Laboratorio Gruppo Liturgico\",\"url\":\"https:\/\/www.gruppoliturgico.com\/es\/\",\"logo\":{\"@type\":\"ImageObject\",\"inLanguage\":\"fr-FR\",\"@id\":\"https:\/\/www.gruppoliturgico.com\/es\/#\/schema\/logo\/image\/\",\"url\":\"https:\/\/www.gruppoliturgico.com\/wp-content\/uploads\/2022\/02\/logo-laboratoriogruppoliturgico.png\",\"contentUrl\":\"https:\/\/www.gruppoliturgico.com\/wp-content\/uploads\/2022\/02\/logo-laboratoriogruppoliturgico.png\",\"width\":400,\"height\":114,\"caption\":\"Laboratorio Gruppo Liturgico\"},\"image\":{\"@id\":\"https:\/\/www.gruppoliturgico.com\/es\/#\/schema\/logo\/image\/\"}}]}<\/script>\n<!-- \/ Yoast SEO plugin. -->","yoast_head_json":{"title":"aube - aubes et Laboratorio Gruppo Liturgico","description":"Ce mod\u00e8le est enrichi sur le devant et sur le dos de profonds plis doubles qui naissent aux deux c\u00f4t\u00e9s du d\u00e9collet\u00e9 et arrivent jusqu'\u00e0 l'ourlet.  Fermeture \u00e0 glissi\u00e8re tr\u00e8s pratique sur le devant et capuchon ornemental.  La petite croix et le cordon sont d\u00e9j\u00e0 compris dans le prix.  Vous pouvez commander cette aube, en nous communiquant seulement la mesure de la longueur totale ( on la prend du centre des \u00e9paules jusqu'au talon).","robots":{"index":"index","follow":"follow","max-snippet":"max-snippet:-1","max-image-preview":"max-image-preview:large","max-video-preview":"max-video-preview:-1"},"canonical":"https:\/\/www.gruppoliturgico.com\/fr\/produit\/aube-27\/","og_locale":"fr_FR","og_type":"article","og_title":"aube - aubes et Laboratorio Gruppo Liturgico","og_description":"Ce mod\u00e8le est enrichi sur le devant et sur le dos de profonds plis doubles qui naissent aux deux c\u00f4t\u00e9s du d\u00e9collet\u00e9 et arrivent jusqu'\u00e0 l'ourlet.  Fermeture \u00e0 glissi\u00e8re tr\u00e8s pratique sur le devant et capuchon ornemental.  La petite croix et le cordon sont d\u00e9j\u00e0 compris dans le prix.  Vous pouvez commander cette aube, en nous communiquant seulement la mesure de la longueur totale ( on la prend du centre des \u00e9paules jusqu'au talon).","og_url":"https:\/\/www.gruppoliturgico.com\/fr\/produit\/aube-27\/","og_site_name":"Laboratorio Gruppo Liturgico","article_modified_time":"2022-06-02T10:24:58+00:00","og_image":[{"width":919,"height":2000,"url":"https:\/\/www.gruppoliturgico.com\/wp-content\/uploads\/2022\/05\/Pueri20Cantores-nv-rit.jpg","type":"image\/jpeg"}],"twitter_card":"summary_large_image","schema":{"@context":"https:\/\/schema.org","@graph":[{"@type":"WebPage","@id":"https:\/\/www.gruppoliturgico.com\/fr\/produit\/aube-27\/","url":"https:\/\/www.gruppoliturgico.com\/fr\/produit\/aube-27\/","name":"aube - aubes et Laboratorio Gruppo Liturgico","isPartOf":{"@id":"https:\/\/www.gruppoliturgico.com\/es\/#website"},"datePublished":"2022-05-19T23:29:55+00:00","dateModified":"2022-06-02T10:24:58+00:00","description":"Ce mod\u00e8le est enrichi sur le devant et sur le dos de profonds plis doubles qui naissent aux deux c\u00f4t\u00e9s du d\u00e9collet\u00e9 et arrivent jusqu'\u00e0 l'ourlet. Fermeture \u00e0 glissi\u00e8re tr\u00e8s pratique sur le devant et capuchon ornemental. La petite croix et le cordon sont d\u00e9j\u00e0 compris dans le prix. Vous pouvez commander cette aube, en nous communiquant seulement la mesure de la longueur totale ( on la prend du centre des \u00e9paules jusqu'au talon).","breadcrumb":{"@id":"https:\/\/www.gruppoliturgico.com\/fr\/produit\/aube-27\/#breadcrumb"},"inLanguage":"fr-FR","potentialAction":[{"@type":"ReadAction","target":["https:\/\/www.gruppoliturgico.com\/fr\/produit\/aube-27\/"]}]},{"@type":"BreadcrumbList","@id":"https:\/\/www.gruppoliturgico.com\/fr\/produit\/aube-27\/#breadcrumb","itemListElement":[{"@type":"ListItem","position":1,"name":"Home","item":"https:\/\/www.gruppoliturgico.com\/fr\/"},{"@type":"ListItem","position":2,"name":"Boutique","item":"https:\/\/www.gruppoliturgico.com\/fr\/boutique\/"},{"@type":"ListItem","position":3,"name":"aube"}]},{"@type":"WebSite","@id":"https:\/\/www.gruppoliturgico.com\/es\/#website","url":"https:\/\/www.gruppoliturgico.com\/es\/","name":"Laboratorio Gruppo Liturgico","description":"Articoli Religiosi online","publisher":{"@id":"https:\/\/www.gruppoliturgico.com\/es\/#organization"},"potentialAction":[{"@type":"SearchAction","target":{"@type":"EntryPoint","urlTemplate":"https:\/\/www.gruppoliturgico.com\/es\/?s={search_term_string}"},"query-input":"required name=search_term_string"}],"inLanguage":"fr-FR"},{"@type":"Organization","@id":"https:\/\/www.gruppoliturgico.com\/es\/#organization","name":"Laboratorio Gruppo Liturgico","url":"https:\/\/www.gruppoliturgico.com\/es\/","logo":{"@type":"ImageObject","inLanguage":"fr-FR","@id":"https:\/\/www.gruppoliturgico.com\/es\/#\/schema\/logo\/image\/","url":"https:\/\/www.gruppoliturgico.com\/wp-content\/uploads\/2022\/02\/logo-laboratoriogruppoliturgico.png","contentUrl":"https:\/\/www.gruppoliturgico.com\/wp-content\/uploads\/2022\/02\/logo-laboratoriogruppoliturgico.png","width":400,"height":114,"caption":"Laboratorio Gruppo Liturgico"},"image":{"@id":"https:\/\/www.gruppoliturgico.com\/es\/#\/schema\/logo\/image\/"}}]}},"_links":{"self":[{"href":"https:\/\/www.gruppoliturgico.com\/fr\/wp-json\/wp\/v2\/product\/66115"}],"collection":[{"href":"https:\/\/www.gruppoliturgico.com\/fr\/wp-json\/wp\/v2\/product"}],"about":[{"href":"https:\/\/www.gruppoliturgico.com\/fr\/wp-json\/wp\/v2\/types\/product"}],"wp:featuredmedia":[{"embeddable":true,"href":"https:\/\/www.gruppoliturgico.com\/fr\/wp-json\/wp\/v2\/media\/135708"}],"wp:attachment":[{"href":"https:\/\/www.gruppoliturgico.com\/fr\/wp-json\/wp\/v2\/media?parent=66115"}],"wp:term":[{"taxonomy":"product_cat","embeddable":true,"href":"https:\/\/www.gruppoliturgico.com\/fr\/wp-json\/wp\/v2\/product_cat?post=66115"},{"taxonomy":"product_tag","embeddable":true,"href":"https:\/\/www.gruppoliturgico.com\/fr\/wp-json\/wp\/v2\/product_tag?post=66115"}],"curies":[{"name":"wp","href":"https:\/\/api.w.org\/{rel}","templated":true}]}}