{"id":66063,"date":"2022-05-20T01:27:26","date_gmt":"2022-05-19T23:27:31","guid":{"rendered":"https:\/\/www.gruppoliturgico.com\/prodotto\/tabernacle-24\/"},"modified":"2022-05-20T09:13:05","modified_gmt":"2022-05-20T07:13:05","slug":"tabernacle-24","status":"publish","type":"product","link":"https:\/\/www.gruppoliturgico.com\/fr\/produit\/tabernacle-24\/","title":{"rendered":"Tabernacle"},"content":{"rendered":"<html><body><p>Tabernacle magnifique avec riche d\u00e9coration de style gothique.<br>\nLa porte est orn\u00e9e d\u2019une repr\u00e9sentation du Christ Pantocrator cisel\u00e9e \u00e0 main.<br>\nSur les c\u00f4t\u00e9s se trouvent les petites statues en fonte de bronze du Saint-Esprit, du Sacr\u00e9 Coeur de J\u00e9sus, des douze Ap\u00f4tres.<br>\nL\u2019int\u00e9rieur est richement fini avec dorure d\u2019or fin.<\/p>\n<p>Dimensions<br>\nhauteur cm 94<br>\nlargeur cm 56<br>\nprofondeur cm 43<\/p>\n<p>Devis sur demande.<br>\nEnvoyer un email \u00e0 i&#110;&#x66;&#x6f;&#64;&#103;&#x72;&#x75;p&#112;&#111;&#x6c;&#x69;t&#117;&#x72;&#x67;i&#99;&#x6f;&#x2e;c&#111;&#109;<\/p>\n<\/body><\/html>","protected":false},"excerpt":{"rendered":"<p>Tabernacle magnifique avec riche d\u00e9coration de style gothique.<br \/>\nLa porte est orn\u00e9e d&rsquo;une repr\u00e9sentation du Christ Pantocrator cisel\u00e9e \u00e0 main.<br \/>\nSur les c\u00f4t\u00e9s se trouvent les petites statues en fonte de bronze du Saint-Esprit, du Sacr\u00e9 Coeur de J\u00e9sus, des douze Ap\u00f4tres.<br \/>\nL&rsquo;int\u00e9rieur est richement fini avec dorure d&rsquo;or fin.<\/p>\n<p>Dimensions<br \/>\nhauteur cm 94<br \/>\nlargeur cm 56<br \/>\nprofondeur cm 43<\/p>\n<p>Devis sur demande.<br \/>\nEnvoyer un email \u00e0 info&#64;g&#114;&#117;&#112;&#112;&#111;&#108;&#105;&#x74;&#x75;&#x72;&#x67;&#x69;&#x63;&#x6f;&#x2e;&#x63;&#x6f;&#x6d;<\/p>\n","protected":false},"featured_media":76402,"template":"","meta":[],"product_cat":[],"product_tag":[],"yoast_head":"<!-- This site is optimized with the Yoast SEO plugin v20.4 - https:\/\/yoast.com\/wordpress\/plugins\/seo\/ -->\n<title>Tabernacle - et Laboratorio Gruppo Liturgico<\/title>\n<meta name=\"description\" content=\"Tabernacle magnifique avec riche d\u00e9coration de style gothique. La porte est orn\u00e9e d&#039;une repr\u00e9sentation du Christ Pantocrator cisel\u00e9e \u00e0 main. Sur les c\u00f4t\u00e9s se trouvent les petites statues en fonte de bronze du Saint-Esprit, du Sacr\u00e9 Coeur de J\u00e9sus, des douze Ap\u00f4tres. L&#039;int\u00e9rieur est richement fini avec dorure d&#039;or fin.  Dimensions hauteur cm 94 largeur cm 56 profondeur cm 43  Devis sur demande. Envoyer un email \u00e0 info@gruppoliturgico.com\" \/>\n<meta name=\"robots\" content=\"index, follow, max-snippet:-1, max-image-preview:large, max-video-preview:-1\" \/>\n<link rel=\"canonical\" href=\"https:\/\/www.gruppoliturgico.com\/fr\/produit\/tabernacle-24\/\" \/>\n<meta property=\"og:locale\" content=\"fr_FR\" \/>\n<meta property=\"og:type\" content=\"article\" \/>\n<meta property=\"og:title\" content=\"Tabernacle - et Laboratorio Gruppo Liturgico\" \/>\n<meta property=\"og:description\" content=\"Tabernacle magnifique avec riche d\u00e9coration de style gothique. La porte est orn\u00e9e d&#039;une repr\u00e9sentation du Christ Pantocrator cisel\u00e9e \u00e0 main. Sur les c\u00f4t\u00e9s se trouvent les petites statues en fonte de bronze du Saint-Esprit, du Sacr\u00e9 Coeur de J\u00e9sus, des douze Ap\u00f4tres. L&#039;int\u00e9rieur est richement fini avec dorure d&#039;or fin.  Dimensions hauteur cm 94 largeur cm 56 profondeur cm 43  Devis sur demande. Envoyer un email \u00e0 info@gruppoliturgico.com\" \/>\n<meta property=\"og:url\" content=\"https:\/\/www.gruppoliturgico.com\/fr\/produit\/tabernacle-24\/\" \/>\n<meta property=\"og:site_name\" content=\"Laboratorio Gruppo Liturgico\" \/>\n<meta property=\"article:modified_time\" content=\"2022-05-20T07:13:05+00:00\" \/>\n<meta property=\"og:image\" content=\"https:\/\/www.gruppoliturgico.com\/wp-content\/uploads\/2022\/05\/402520thr20gothic20new_0.jpg\" \/>\n\t<meta property=\"og:image:width\" content=\"985\" \/>\n\t<meta property=\"og:image:height\" content=\"1500\" \/>\n\t<meta property=\"og:image:type\" content=\"image\/jpeg\" \/>\n<meta name=\"twitter:card\" content=\"summary_large_image\" \/>\n<script type=\"application\/ld+json\" class=\"yoast-schema-graph\">{\"@context\":\"https:\/\/schema.org\",\"@graph\":[{\"@type\":\"WebPage\",\"@id\":\"https:\/\/www.gruppoliturgico.com\/fr\/produit\/tabernacle-24\/\",\"url\":\"https:\/\/www.gruppoliturgico.com\/fr\/produit\/tabernacle-24\/\",\"name\":\"Tabernacle - et Laboratorio Gruppo Liturgico\",\"isPartOf\":{\"@id\":\"https:\/\/www.gruppoliturgico.com\/es\/#website\"},\"datePublished\":\"2022-05-19T23:27:31+00:00\",\"dateModified\":\"2022-05-20T07:13:05+00:00\",\"description\":\"Tabernacle magnifique avec riche d\u00e9coration de style gothique. La porte est orn\u00e9e d'une repr\u00e9sentation du Christ Pantocrator cisel\u00e9e \u00e0 main. Sur les c\u00f4t\u00e9s se trouvent les petites statues en fonte de bronze du Saint-Esprit, du Sacr\u00e9 Coeur de J\u00e9sus, des douze Ap\u00f4tres. L'int\u00e9rieur est richement fini avec dorure d'or fin. Dimensions hauteur cm 94 largeur cm 56 profondeur cm 43 Devis sur demande. Envoyer un email \u00e0 info@gruppoliturgico.com\",\"breadcrumb\":{\"@id\":\"https:\/\/www.gruppoliturgico.com\/fr\/produit\/tabernacle-24\/#breadcrumb\"},\"inLanguage\":\"fr-FR\",\"potentialAction\":[{\"@type\":\"ReadAction\",\"target\":[\"https:\/\/www.gruppoliturgico.com\/fr\/produit\/tabernacle-24\/\"]}]},{\"@type\":\"BreadcrumbList\",\"@id\":\"https:\/\/www.gruppoliturgico.com\/fr\/produit\/tabernacle-24\/#breadcrumb\",\"itemListElement\":[{\"@type\":\"ListItem\",\"position\":1,\"name\":\"Home\",\"item\":\"https:\/\/www.gruppoliturgico.com\/fr\/\"},{\"@type\":\"ListItem\",\"position\":2,\"name\":\"Boutique\",\"item\":\"https:\/\/www.gruppoliturgico.com\/fr\/boutique\/\"},{\"@type\":\"ListItem\",\"position\":3,\"name\":\"Tabernacle\"}]},{\"@type\":\"WebSite\",\"@id\":\"https:\/\/www.gruppoliturgico.com\/es\/#website\",\"url\":\"https:\/\/www.gruppoliturgico.com\/es\/\",\"name\":\"Laboratorio Gruppo Liturgico\",\"description\":\"Articoli Religiosi online\",\"publisher\":{\"@id\":\"https:\/\/www.gruppoliturgico.com\/es\/#organization\"},\"potentialAction\":[{\"@type\":\"SearchAction\",\"target\":{\"@type\":\"EntryPoint\",\"urlTemplate\":\"https:\/\/www.gruppoliturgico.com\/es\/?s={search_term_string}\"},\"query-input\":\"required name=search_term_string\"}],\"inLanguage\":\"fr-FR\"},{\"@type\":\"Organization\",\"@id\":\"https:\/\/www.gruppoliturgico.com\/es\/#organization\",\"name\":\"Laboratorio Gruppo Liturgico\",\"url\":\"https:\/\/www.gruppoliturgico.com\/es\/\",\"logo\":{\"@type\":\"ImageObject\",\"inLanguage\":\"fr-FR\",\"@id\":\"https:\/\/www.gruppoliturgico.com\/es\/#\/schema\/logo\/image\/\",\"url\":\"https:\/\/www.gruppoliturgico.com\/wp-content\/uploads\/2022\/02\/logo-laboratoriogruppoliturgico.png\",\"contentUrl\":\"https:\/\/www.gruppoliturgico.com\/wp-content\/uploads\/2022\/02\/logo-laboratoriogruppoliturgico.png\",\"width\":400,\"height\":114,\"caption\":\"Laboratorio Gruppo Liturgico\"},\"image\":{\"@id\":\"https:\/\/www.gruppoliturgico.com\/es\/#\/schema\/logo\/image\/\"}}]}<\/script>\n<!-- \/ Yoast SEO plugin. -->","yoast_head_json":{"title":"Tabernacle - et Laboratorio Gruppo Liturgico","description":"Tabernacle magnifique avec riche d\u00e9coration de style gothique. La porte est orn\u00e9e d'une repr\u00e9sentation du Christ Pantocrator cisel\u00e9e \u00e0 main. Sur les c\u00f4t\u00e9s se trouvent les petites statues en fonte de bronze du Saint-Esprit, du Sacr\u00e9 Coeur de J\u00e9sus, des douze Ap\u00f4tres. L'int\u00e9rieur est richement fini avec dorure d'or fin.  Dimensions hauteur cm 94 largeur cm 56 profondeur cm 43  Devis sur demande. Envoyer un email \u00e0 info@gruppoliturgico.com","robots":{"index":"index","follow":"follow","max-snippet":"max-snippet:-1","max-image-preview":"max-image-preview:large","max-video-preview":"max-video-preview:-1"},"canonical":"https:\/\/www.gruppoliturgico.com\/fr\/produit\/tabernacle-24\/","og_locale":"fr_FR","og_type":"article","og_title":"Tabernacle - et Laboratorio Gruppo Liturgico","og_description":"Tabernacle magnifique avec riche d\u00e9coration de style gothique. La porte est orn\u00e9e d'une repr\u00e9sentation du Christ Pantocrator cisel\u00e9e \u00e0 main. Sur les c\u00f4t\u00e9s se trouvent les petites statues en fonte de bronze du Saint-Esprit, du Sacr\u00e9 Coeur de J\u00e9sus, des douze Ap\u00f4tres. L'int\u00e9rieur est richement fini avec dorure d'or fin.  Dimensions hauteur cm 94 largeur cm 56 profondeur cm 43  Devis sur demande. Envoyer un email \u00e0 info@gruppoliturgico.com","og_url":"https:\/\/www.gruppoliturgico.com\/fr\/produit\/tabernacle-24\/","og_site_name":"Laboratorio Gruppo Liturgico","article_modified_time":"2022-05-20T07:13:05+00:00","og_image":[{"width":985,"height":1500,"url":"https:\/\/www.gruppoliturgico.com\/wp-content\/uploads\/2022\/05\/402520thr20gothic20new_0.jpg","type":"image\/jpeg"}],"twitter_card":"summary_large_image","schema":{"@context":"https:\/\/schema.org","@graph":[{"@type":"WebPage","@id":"https:\/\/www.gruppoliturgico.com\/fr\/produit\/tabernacle-24\/","url":"https:\/\/www.gruppoliturgico.com\/fr\/produit\/tabernacle-24\/","name":"Tabernacle - et Laboratorio Gruppo Liturgico","isPartOf":{"@id":"https:\/\/www.gruppoliturgico.com\/es\/#website"},"datePublished":"2022-05-19T23:27:31+00:00","dateModified":"2022-05-20T07:13:05+00:00","description":"Tabernacle magnifique avec riche d\u00e9coration de style gothique. La porte est orn\u00e9e d'une repr\u00e9sentation du Christ Pantocrator cisel\u00e9e \u00e0 main. Sur les c\u00f4t\u00e9s se trouvent les petites statues en fonte de bronze du Saint-Esprit, du Sacr\u00e9 Coeur de J\u00e9sus, des douze Ap\u00f4tres. L'int\u00e9rieur est richement fini avec dorure d'or fin. Dimensions hauteur cm 94 largeur cm 56 profondeur cm 43 Devis sur demande. Envoyer un email \u00e0 info@gruppoliturgico.com","breadcrumb":{"@id":"https:\/\/www.gruppoliturgico.com\/fr\/produit\/tabernacle-24\/#breadcrumb"},"inLanguage":"fr-FR","potentialAction":[{"@type":"ReadAction","target":["https:\/\/www.gruppoliturgico.com\/fr\/produit\/tabernacle-24\/"]}]},{"@type":"BreadcrumbList","@id":"https:\/\/www.gruppoliturgico.com\/fr\/produit\/tabernacle-24\/#breadcrumb","itemListElement":[{"@type":"ListItem","position":1,"name":"Home","item":"https:\/\/www.gruppoliturgico.com\/fr\/"},{"@type":"ListItem","position":2,"name":"Boutique","item":"https:\/\/www.gruppoliturgico.com\/fr\/boutique\/"},{"@type":"ListItem","position":3,"name":"Tabernacle"}]},{"@type":"WebSite","@id":"https:\/\/www.gruppoliturgico.com\/es\/#website","url":"https:\/\/www.gruppoliturgico.com\/es\/","name":"Laboratorio Gruppo Liturgico","description":"Articoli Religiosi online","publisher":{"@id":"https:\/\/www.gruppoliturgico.com\/es\/#organization"},"potentialAction":[{"@type":"SearchAction","target":{"@type":"EntryPoint","urlTemplate":"https:\/\/www.gruppoliturgico.com\/es\/?s={search_term_string}"},"query-input":"required name=search_term_string"}],"inLanguage":"fr-FR"},{"@type":"Organization","@id":"https:\/\/www.gruppoliturgico.com\/es\/#organization","name":"Laboratorio Gruppo Liturgico","url":"https:\/\/www.gruppoliturgico.com\/es\/","logo":{"@type":"ImageObject","inLanguage":"fr-FR","@id":"https:\/\/www.gruppoliturgico.com\/es\/#\/schema\/logo\/image\/","url":"https:\/\/www.gruppoliturgico.com\/wp-content\/uploads\/2022\/02\/logo-laboratoriogruppoliturgico.png","contentUrl":"https:\/\/www.gruppoliturgico.com\/wp-content\/uploads\/2022\/02\/logo-laboratoriogruppoliturgico.png","width":400,"height":114,"caption":"Laboratorio Gruppo Liturgico"},"image":{"@id":"https:\/\/www.gruppoliturgico.com\/es\/#\/schema\/logo\/image\/"}}]}},"_links":{"self":[{"href":"https:\/\/www.gruppoliturgico.com\/fr\/wp-json\/wp\/v2\/product\/66063"}],"collection":[{"href":"https:\/\/www.gruppoliturgico.com\/fr\/wp-json\/wp\/v2\/product"}],"about":[{"href":"https:\/\/www.gruppoliturgico.com\/fr\/wp-json\/wp\/v2\/types\/product"}],"wp:featuredmedia":[{"embeddable":true,"href":"https:\/\/www.gruppoliturgico.com\/fr\/wp-json\/wp\/v2\/media\/76402"}],"wp:attachment":[{"href":"https:\/\/www.gruppoliturgico.com\/fr\/wp-json\/wp\/v2\/media?parent=66063"}],"wp:term":[{"taxonomy":"product_cat","embeddable":true,"href":"https:\/\/www.gruppoliturgico.com\/fr\/wp-json\/wp\/v2\/product_cat?post=66063"},{"taxonomy":"product_tag","embeddable":true,"href":"https:\/\/www.gruppoliturgico.com\/fr\/wp-json\/wp\/v2\/product_tag?post=66063"}],"curies":[{"name":"wp","href":"https:\/\/api.w.org\/{rel}","templated":true}]}}