{"id":66059,"date":"2022-05-20T01:27:14","date_gmt":"2022-05-19T23:27:19","guid":{"rendered":"https:\/\/www.gruppoliturgico.com\/prodotto\/aube-19\/"},"modified":"2022-06-02T12:22:18","modified_gmt":"2022-06-02T10:22:18","slug":"aube-19","status":"publish","type":"product","link":"https:\/\/www.gruppoliturgico.com\/fr\/produit\/aube-19\/","title":{"rendered":"aube"},"content":{"rendered":"<html><body><p>La simplicit\u00e9 et le raffinement sont les caract\u00e9ristiques de ce mod\u00e8le sobre mais aux d\u00e9tails tr\u00e8s soign\u00e9s.<br>\nA remarquer l\u2019\u00e9l\u00e9gance du col arrondi el les poignets aux grands revers.<br>\nDu centre taille, orn\u00e9 d\u2019une passementerie en coton aux alternances en satin, descendent de grands plis qui donnent de l\u2019ampleur \u00e0 la confection.<br>\nLa croix est comprises dans le prix.<\/p>\n<p>La confection de cette aube est rigoureusement de couturier et sur mesure. Il faut nous contacter pour les instructions n\u00e9cessaires.<\/p>\n<\/body><\/html>","protected":false},"excerpt":{"rendered":"<p>La simplicit\u00e9 et le raffinement sont les caract\u00e9ristiques de ce mod\u00e8le sobre mais aux d\u00e9tails tr\u00e8s soign\u00e9s.<br \/>\nA remarquer l&rsquo;\u00e9l\u00e9gance du col arrondi el les poignets aux grands revers.<br \/>\nDu centre taille, orn\u00e9 d&rsquo;une passementerie en coton aux alternances en satin, descendent de grands plis qui donnent de l&rsquo;ampleur \u00e0 la confection.<br \/>\nLa croix est comprises dans le prix.<\/p>\n<p>La confection de cette aube est rigoureusement de couturier et sur mesure. Il faut nous contacter pour les instructions n\u00e9cessaires.<\/p>\n","protected":false},"featured_media":135676,"template":"","meta":[],"product_cat":[11808],"product_tag":[],"yoast_head":"<!-- This site is optimized with the Yoast SEO plugin v20.4 - https:\/\/yoast.com\/wordpress\/plugins\/seo\/ -->\n<title>aube - aubes et Laboratorio Gruppo Liturgico<\/title>\n<meta name=\"description\" content=\"La simplicit\u00e9 et le raffinement sont les caract\u00e9ristiques de ce mod\u00e8le sobre mais aux d\u00e9tails tr\u00e8s soign\u00e9s.  A remarquer l&#039;\u00e9l\u00e9gance du col arrondi el les poignets aux grands revers.  Du centre taille, orn\u00e9 d&#039;une passementerie en coton aux alternances en satin, descendent de grands plis qui donnent de l&#039;ampleur \u00e0 la confection.  La croix est comprises dans le prix.  La confection de cette aube est rigoureusement de couturier et sur mesure. Il faut nous contacter pour les instructions n\u00e9cessaires.\" \/>\n<meta name=\"robots\" content=\"index, follow, max-snippet:-1, max-image-preview:large, max-video-preview:-1\" \/>\n<link rel=\"canonical\" href=\"https:\/\/www.gruppoliturgico.com\/fr\/produit\/aube-19\/\" \/>\n<meta property=\"og:locale\" content=\"fr_FR\" \/>\n<meta property=\"og:type\" content=\"article\" \/>\n<meta property=\"og:title\" content=\"aube - aubes et Laboratorio Gruppo Liturgico\" \/>\n<meta property=\"og:description\" content=\"La simplicit\u00e9 et le raffinement sont les caract\u00e9ristiques de ce mod\u00e8le sobre mais aux d\u00e9tails tr\u00e8s soign\u00e9s.  A remarquer l&#039;\u00e9l\u00e9gance du col arrondi el les poignets aux grands revers.  Du centre taille, orn\u00e9 d&#039;une passementerie en coton aux alternances en satin, descendent de grands plis qui donnent de l&#039;ampleur \u00e0 la confection.  La croix est comprises dans le prix.  La confection de cette aube est rigoureusement de couturier et sur mesure. Il faut nous contacter pour les instructions n\u00e9cessaires.\" \/>\n<meta property=\"og:url\" content=\"https:\/\/www.gruppoliturgico.com\/fr\/produit\/aube-19\/\" \/>\n<meta property=\"og:site_name\" content=\"Laboratorio Gruppo Liturgico\" \/>\n<meta property=\"article:modified_time\" content=\"2022-06-02T10:22:18+00:00\" \/>\n<meta property=\"og:image\" content=\"https:\/\/www.gruppoliturgico.com\/wp-content\/uploads\/2022\/05\/Chiara.jpg\" \/>\n\t<meta property=\"og:image:width\" content=\"614\" \/>\n\t<meta property=\"og:image:height\" content=\"1500\" \/>\n\t<meta property=\"og:image:type\" content=\"image\/jpeg\" \/>\n<meta name=\"twitter:card\" content=\"summary_large_image\" \/>\n<script type=\"application\/ld+json\" class=\"yoast-schema-graph\">{\"@context\":\"https:\/\/schema.org\",\"@graph\":[{\"@type\":\"WebPage\",\"@id\":\"https:\/\/www.gruppoliturgico.com\/fr\/produit\/aube-19\/\",\"url\":\"https:\/\/www.gruppoliturgico.com\/fr\/produit\/aube-19\/\",\"name\":\"aube - aubes et Laboratorio Gruppo Liturgico\",\"isPartOf\":{\"@id\":\"https:\/\/www.gruppoliturgico.com\/es\/#website\"},\"datePublished\":\"2022-05-19T23:27:19+00:00\",\"dateModified\":\"2022-06-02T10:22:18+00:00\",\"description\":\"La simplicit\u00e9 et le raffinement sont les caract\u00e9ristiques de ce mod\u00e8le sobre mais aux d\u00e9tails tr\u00e8s soign\u00e9s. A remarquer l'\u00e9l\u00e9gance du col arrondi el les poignets aux grands revers. Du centre taille, orn\u00e9 d'une passementerie en coton aux alternances en satin, descendent de grands plis qui donnent de l'ampleur \u00e0 la confection. La croix est comprises dans le prix. La confection de cette aube est rigoureusement de couturier et sur mesure. Il faut nous contacter pour les instructions n\u00e9cessaires.\",\"breadcrumb\":{\"@id\":\"https:\/\/www.gruppoliturgico.com\/fr\/produit\/aube-19\/#breadcrumb\"},\"inLanguage\":\"fr-FR\",\"potentialAction\":[{\"@type\":\"ReadAction\",\"target\":[\"https:\/\/www.gruppoliturgico.com\/fr\/produit\/aube-19\/\"]}]},{\"@type\":\"BreadcrumbList\",\"@id\":\"https:\/\/www.gruppoliturgico.com\/fr\/produit\/aube-19\/#breadcrumb\",\"itemListElement\":[{\"@type\":\"ListItem\",\"position\":1,\"name\":\"Home\",\"item\":\"https:\/\/www.gruppoliturgico.com\/fr\/\"},{\"@type\":\"ListItem\",\"position\":2,\"name\":\"Boutique\",\"item\":\"https:\/\/www.gruppoliturgico.com\/fr\/boutique\/\"},{\"@type\":\"ListItem\",\"position\":3,\"name\":\"aube\"}]},{\"@type\":\"WebSite\",\"@id\":\"https:\/\/www.gruppoliturgico.com\/es\/#website\",\"url\":\"https:\/\/www.gruppoliturgico.com\/es\/\",\"name\":\"Laboratorio Gruppo Liturgico\",\"description\":\"Articoli Religiosi online\",\"publisher\":{\"@id\":\"https:\/\/www.gruppoliturgico.com\/es\/#organization\"},\"potentialAction\":[{\"@type\":\"SearchAction\",\"target\":{\"@type\":\"EntryPoint\",\"urlTemplate\":\"https:\/\/www.gruppoliturgico.com\/es\/?s={search_term_string}\"},\"query-input\":\"required name=search_term_string\"}],\"inLanguage\":\"fr-FR\"},{\"@type\":\"Organization\",\"@id\":\"https:\/\/www.gruppoliturgico.com\/es\/#organization\",\"name\":\"Laboratorio Gruppo Liturgico\",\"url\":\"https:\/\/www.gruppoliturgico.com\/es\/\",\"logo\":{\"@type\":\"ImageObject\",\"inLanguage\":\"fr-FR\",\"@id\":\"https:\/\/www.gruppoliturgico.com\/es\/#\/schema\/logo\/image\/\",\"url\":\"https:\/\/www.gruppoliturgico.com\/wp-content\/uploads\/2022\/02\/logo-laboratoriogruppoliturgico.png\",\"contentUrl\":\"https:\/\/www.gruppoliturgico.com\/wp-content\/uploads\/2022\/02\/logo-laboratoriogruppoliturgico.png\",\"width\":400,\"height\":114,\"caption\":\"Laboratorio Gruppo Liturgico\"},\"image\":{\"@id\":\"https:\/\/www.gruppoliturgico.com\/es\/#\/schema\/logo\/image\/\"}}]}<\/script>\n<!-- \/ Yoast SEO plugin. -->","yoast_head_json":{"title":"aube - aubes et Laboratorio Gruppo Liturgico","description":"La simplicit\u00e9 et le raffinement sont les caract\u00e9ristiques de ce mod\u00e8le sobre mais aux d\u00e9tails tr\u00e8s soign\u00e9s.  A remarquer l'\u00e9l\u00e9gance du col arrondi el les poignets aux grands revers.  Du centre taille, orn\u00e9 d'une passementerie en coton aux alternances en satin, descendent de grands plis qui donnent de l'ampleur \u00e0 la confection.  La croix est comprises dans le prix.  La confection de cette aube est rigoureusement de couturier et sur mesure. Il faut nous contacter pour les instructions n\u00e9cessaires.","robots":{"index":"index","follow":"follow","max-snippet":"max-snippet:-1","max-image-preview":"max-image-preview:large","max-video-preview":"max-video-preview:-1"},"canonical":"https:\/\/www.gruppoliturgico.com\/fr\/produit\/aube-19\/","og_locale":"fr_FR","og_type":"article","og_title":"aube - aubes et Laboratorio Gruppo Liturgico","og_description":"La simplicit\u00e9 et le raffinement sont les caract\u00e9ristiques de ce mod\u00e8le sobre mais aux d\u00e9tails tr\u00e8s soign\u00e9s.  A remarquer l'\u00e9l\u00e9gance du col arrondi el les poignets aux grands revers.  Du centre taille, orn\u00e9 d'une passementerie en coton aux alternances en satin, descendent de grands plis qui donnent de l'ampleur \u00e0 la confection.  La croix est comprises dans le prix.  La confection de cette aube est rigoureusement de couturier et sur mesure. Il faut nous contacter pour les instructions n\u00e9cessaires.","og_url":"https:\/\/www.gruppoliturgico.com\/fr\/produit\/aube-19\/","og_site_name":"Laboratorio Gruppo Liturgico","article_modified_time":"2022-06-02T10:22:18+00:00","og_image":[{"width":614,"height":1500,"url":"https:\/\/www.gruppoliturgico.com\/wp-content\/uploads\/2022\/05\/Chiara.jpg","type":"image\/jpeg"}],"twitter_card":"summary_large_image","schema":{"@context":"https:\/\/schema.org","@graph":[{"@type":"WebPage","@id":"https:\/\/www.gruppoliturgico.com\/fr\/produit\/aube-19\/","url":"https:\/\/www.gruppoliturgico.com\/fr\/produit\/aube-19\/","name":"aube - aubes et Laboratorio Gruppo Liturgico","isPartOf":{"@id":"https:\/\/www.gruppoliturgico.com\/es\/#website"},"datePublished":"2022-05-19T23:27:19+00:00","dateModified":"2022-06-02T10:22:18+00:00","description":"La simplicit\u00e9 et le raffinement sont les caract\u00e9ristiques de ce mod\u00e8le sobre mais aux d\u00e9tails tr\u00e8s soign\u00e9s. A remarquer l'\u00e9l\u00e9gance du col arrondi el les poignets aux grands revers. Du centre taille, orn\u00e9 d'une passementerie en coton aux alternances en satin, descendent de grands plis qui donnent de l'ampleur \u00e0 la confection. La croix est comprises dans le prix. La confection de cette aube est rigoureusement de couturier et sur mesure. Il faut nous contacter pour les instructions n\u00e9cessaires.","breadcrumb":{"@id":"https:\/\/www.gruppoliturgico.com\/fr\/produit\/aube-19\/#breadcrumb"},"inLanguage":"fr-FR","potentialAction":[{"@type":"ReadAction","target":["https:\/\/www.gruppoliturgico.com\/fr\/produit\/aube-19\/"]}]},{"@type":"BreadcrumbList","@id":"https:\/\/www.gruppoliturgico.com\/fr\/produit\/aube-19\/#breadcrumb","itemListElement":[{"@type":"ListItem","position":1,"name":"Home","item":"https:\/\/www.gruppoliturgico.com\/fr\/"},{"@type":"ListItem","position":2,"name":"Boutique","item":"https:\/\/www.gruppoliturgico.com\/fr\/boutique\/"},{"@type":"ListItem","position":3,"name":"aube"}]},{"@type":"WebSite","@id":"https:\/\/www.gruppoliturgico.com\/es\/#website","url":"https:\/\/www.gruppoliturgico.com\/es\/","name":"Laboratorio Gruppo Liturgico","description":"Articoli Religiosi online","publisher":{"@id":"https:\/\/www.gruppoliturgico.com\/es\/#organization"},"potentialAction":[{"@type":"SearchAction","target":{"@type":"EntryPoint","urlTemplate":"https:\/\/www.gruppoliturgico.com\/es\/?s={search_term_string}"},"query-input":"required name=search_term_string"}],"inLanguage":"fr-FR"},{"@type":"Organization","@id":"https:\/\/www.gruppoliturgico.com\/es\/#organization","name":"Laboratorio Gruppo Liturgico","url":"https:\/\/www.gruppoliturgico.com\/es\/","logo":{"@type":"ImageObject","inLanguage":"fr-FR","@id":"https:\/\/www.gruppoliturgico.com\/es\/#\/schema\/logo\/image\/","url":"https:\/\/www.gruppoliturgico.com\/wp-content\/uploads\/2022\/02\/logo-laboratoriogruppoliturgico.png","contentUrl":"https:\/\/www.gruppoliturgico.com\/wp-content\/uploads\/2022\/02\/logo-laboratoriogruppoliturgico.png","width":400,"height":114,"caption":"Laboratorio Gruppo Liturgico"},"image":{"@id":"https:\/\/www.gruppoliturgico.com\/es\/#\/schema\/logo\/image\/"}}]}},"_links":{"self":[{"href":"https:\/\/www.gruppoliturgico.com\/fr\/wp-json\/wp\/v2\/product\/66059"}],"collection":[{"href":"https:\/\/www.gruppoliturgico.com\/fr\/wp-json\/wp\/v2\/product"}],"about":[{"href":"https:\/\/www.gruppoliturgico.com\/fr\/wp-json\/wp\/v2\/types\/product"}],"wp:featuredmedia":[{"embeddable":true,"href":"https:\/\/www.gruppoliturgico.com\/fr\/wp-json\/wp\/v2\/media\/135676"}],"wp:attachment":[{"href":"https:\/\/www.gruppoliturgico.com\/fr\/wp-json\/wp\/v2\/media?parent=66059"}],"wp:term":[{"taxonomy":"product_cat","embeddable":true,"href":"https:\/\/www.gruppoliturgico.com\/fr\/wp-json\/wp\/v2\/product_cat?post=66059"},{"taxonomy":"product_tag","embeddable":true,"href":"https:\/\/www.gruppoliturgico.com\/fr\/wp-json\/wp\/v2\/product_tag?post=66059"}],"curies":[{"name":"wp","href":"https:\/\/api.w.org\/{rel}","templated":true}]}}