{"id":66055,"date":"2022-05-20T01:27:03","date_gmt":"2022-05-19T23:27:09","guid":{"rendered":"https:\/\/www.gruppoliturgico.com\/prodotto\/aube-18\/"},"modified":"2022-06-02T12:22:01","modified_gmt":"2022-06-02T10:22:01","slug":"aube-18","status":"publish","type":"product","link":"https:\/\/www.gruppoliturgico.com\/fr\/produit\/aube-18\/","title":{"rendered":"aube"},"content":{"rendered":"<html><body><p>Une habile confection et un jeu tr\u00e8s soign\u00e9 de plis et de soufflets distinguent cette aube au col boule retourn\u00e9.<br>\nA remarquer les amples revers aux manches et le haut lin\u00e9aire, retenu par un motif de n\u0153ud plat appliqu\u00e9 \u00e0 la taille.<br>\nL\u2019aube est fournie avec la croix d\u00e9j\u00e0 comprises dans le prix. <\/p>\n<p>La confection de cette aube est rigoureusement de couturier et sur mesure. Il faut nous contacter pour les instructions n\u00e9cessaires.<\/p>\n<\/body><\/html>","protected":false},"excerpt":{"rendered":"<p>Une habile confection et un jeu tr\u00e8s soign\u00e9 de plis et de soufflets distinguent cette aube au col boule retourn\u00e9.<br \/>\nA remarquer les amples revers aux manches et le haut lin\u00e9aire, retenu par un motif de n\u0153ud plat appliqu\u00e9 \u00e0 la taille.<br \/>\nL&rsquo;aube est fournie avec la croix d\u00e9j\u00e0 comprises dans le prix. <\/p>\n<p>La confection de cette aube est rigoureusement de couturier et sur mesure. Il faut nous contacter pour les instructions n\u00e9cessaires.<\/p>\n","protected":false},"featured_media":135664,"template":"","meta":[],"product_cat":[11808],"product_tag":[],"yoast_head":"<!-- This site is optimized with the Yoast SEO plugin v20.4 - https:\/\/yoast.com\/wordpress\/plugins\/seo\/ -->\n<title>aube - aubes et Laboratorio Gruppo Liturgico<\/title>\n<meta name=\"description\" content=\"Une habile confection et un jeu tr\u00e8s soign\u00e9 de plis et de soufflets distinguent cette aube au col boule retourn\u00e9. A remarquer les amples revers aux manches et le haut lin\u00e9aire, retenu par un motif de n\u0153ud plat appliqu\u00e9 \u00e0 la taille. L&#039;aube est fournie avec la croix d\u00e9j\u00e0 comprises dans le prix.   La confection de cette aube est rigoureusement de couturier et sur mesure. Il faut nous contacter pour les instructions n\u00e9cessaires.\" \/>\n<meta name=\"robots\" content=\"index, follow, max-snippet:-1, max-image-preview:large, max-video-preview:-1\" \/>\n<link rel=\"canonical\" href=\"https:\/\/www.gruppoliturgico.com\/fr\/produit\/aube-18\/\" \/>\n<meta property=\"og:locale\" content=\"fr_FR\" \/>\n<meta property=\"og:type\" content=\"article\" \/>\n<meta property=\"og:title\" content=\"aube - aubes et Laboratorio Gruppo Liturgico\" \/>\n<meta property=\"og:description\" content=\"Une habile confection et un jeu tr\u00e8s soign\u00e9 de plis et de soufflets distinguent cette aube au col boule retourn\u00e9. A remarquer les amples revers aux manches et le haut lin\u00e9aire, retenu par un motif de n\u0153ud plat appliqu\u00e9 \u00e0 la taille. L&#039;aube est fournie avec la croix d\u00e9j\u00e0 comprises dans le prix.   La confection de cette aube est rigoureusement de couturier et sur mesure. Il faut nous contacter pour les instructions n\u00e9cessaires.\" \/>\n<meta property=\"og:url\" content=\"https:\/\/www.gruppoliturgico.com\/fr\/produit\/aube-18\/\" \/>\n<meta property=\"og:site_name\" content=\"Laboratorio Gruppo Liturgico\" \/>\n<meta property=\"article:modified_time\" content=\"2022-06-02T10:22:01+00:00\" \/>\n<meta property=\"og:image\" content=\"https:\/\/www.gruppoliturgico.com\/wp-content\/uploads\/2022\/05\/Lusso_0.jpg\" \/>\n\t<meta property=\"og:image:width\" content=\"618\" \/>\n\t<meta property=\"og:image:height\" content=\"1500\" \/>\n\t<meta property=\"og:image:type\" content=\"image\/jpeg\" \/>\n<meta name=\"twitter:card\" content=\"summary_large_image\" \/>\n<script type=\"application\/ld+json\" class=\"yoast-schema-graph\">{\"@context\":\"https:\/\/schema.org\",\"@graph\":[{\"@type\":\"WebPage\",\"@id\":\"https:\/\/www.gruppoliturgico.com\/fr\/produit\/aube-18\/\",\"url\":\"https:\/\/www.gruppoliturgico.com\/fr\/produit\/aube-18\/\",\"name\":\"aube - aubes et Laboratorio Gruppo Liturgico\",\"isPartOf\":{\"@id\":\"https:\/\/www.gruppoliturgico.com\/es\/#website\"},\"datePublished\":\"2022-05-19T23:27:09+00:00\",\"dateModified\":\"2022-06-02T10:22:01+00:00\",\"description\":\"Une habile confection et un jeu tr\u00e8s soign\u00e9 de plis et de soufflets distinguent cette aube au col boule retourn\u00e9. A remarquer les amples revers aux manches et le haut lin\u00e9aire, retenu par un motif de n\u0153ud plat appliqu\u00e9 \u00e0 la taille. L'aube est fournie avec la croix d\u00e9j\u00e0 comprises dans le prix. La confection de cette aube est rigoureusement de couturier et sur mesure. Il faut nous contacter pour les instructions n\u00e9cessaires.\",\"breadcrumb\":{\"@id\":\"https:\/\/www.gruppoliturgico.com\/fr\/produit\/aube-18\/#breadcrumb\"},\"inLanguage\":\"fr-FR\",\"potentialAction\":[{\"@type\":\"ReadAction\",\"target\":[\"https:\/\/www.gruppoliturgico.com\/fr\/produit\/aube-18\/\"]}]},{\"@type\":\"BreadcrumbList\",\"@id\":\"https:\/\/www.gruppoliturgico.com\/fr\/produit\/aube-18\/#breadcrumb\",\"itemListElement\":[{\"@type\":\"ListItem\",\"position\":1,\"name\":\"Home\",\"item\":\"https:\/\/www.gruppoliturgico.com\/fr\/\"},{\"@type\":\"ListItem\",\"position\":2,\"name\":\"Boutique\",\"item\":\"https:\/\/www.gruppoliturgico.com\/fr\/boutique\/\"},{\"@type\":\"ListItem\",\"position\":3,\"name\":\"aube\"}]},{\"@type\":\"WebSite\",\"@id\":\"https:\/\/www.gruppoliturgico.com\/es\/#website\",\"url\":\"https:\/\/www.gruppoliturgico.com\/es\/\",\"name\":\"Laboratorio Gruppo Liturgico\",\"description\":\"Articoli Religiosi online\",\"publisher\":{\"@id\":\"https:\/\/www.gruppoliturgico.com\/es\/#organization\"},\"potentialAction\":[{\"@type\":\"SearchAction\",\"target\":{\"@type\":\"EntryPoint\",\"urlTemplate\":\"https:\/\/www.gruppoliturgico.com\/es\/?s={search_term_string}\"},\"query-input\":\"required name=search_term_string\"}],\"inLanguage\":\"fr-FR\"},{\"@type\":\"Organization\",\"@id\":\"https:\/\/www.gruppoliturgico.com\/es\/#organization\",\"name\":\"Laboratorio Gruppo Liturgico\",\"url\":\"https:\/\/www.gruppoliturgico.com\/es\/\",\"logo\":{\"@type\":\"ImageObject\",\"inLanguage\":\"fr-FR\",\"@id\":\"https:\/\/www.gruppoliturgico.com\/es\/#\/schema\/logo\/image\/\",\"url\":\"https:\/\/www.gruppoliturgico.com\/wp-content\/uploads\/2022\/02\/logo-laboratoriogruppoliturgico.png\",\"contentUrl\":\"https:\/\/www.gruppoliturgico.com\/wp-content\/uploads\/2022\/02\/logo-laboratoriogruppoliturgico.png\",\"width\":400,\"height\":114,\"caption\":\"Laboratorio Gruppo Liturgico\"},\"image\":{\"@id\":\"https:\/\/www.gruppoliturgico.com\/es\/#\/schema\/logo\/image\/\"}}]}<\/script>\n<!-- \/ Yoast SEO plugin. -->","yoast_head_json":{"title":"aube - aubes et Laboratorio Gruppo Liturgico","description":"Une habile confection et un jeu tr\u00e8s soign\u00e9 de plis et de soufflets distinguent cette aube au col boule retourn\u00e9. A remarquer les amples revers aux manches et le haut lin\u00e9aire, retenu par un motif de n\u0153ud plat appliqu\u00e9 \u00e0 la taille. L'aube est fournie avec la croix d\u00e9j\u00e0 comprises dans le prix.   La confection de cette aube est rigoureusement de couturier et sur mesure. Il faut nous contacter pour les instructions n\u00e9cessaires.","robots":{"index":"index","follow":"follow","max-snippet":"max-snippet:-1","max-image-preview":"max-image-preview:large","max-video-preview":"max-video-preview:-1"},"canonical":"https:\/\/www.gruppoliturgico.com\/fr\/produit\/aube-18\/","og_locale":"fr_FR","og_type":"article","og_title":"aube - aubes et Laboratorio Gruppo Liturgico","og_description":"Une habile confection et un jeu tr\u00e8s soign\u00e9 de plis et de soufflets distinguent cette aube au col boule retourn\u00e9. A remarquer les amples revers aux manches et le haut lin\u00e9aire, retenu par un motif de n\u0153ud plat appliqu\u00e9 \u00e0 la taille. L'aube est fournie avec la croix d\u00e9j\u00e0 comprises dans le prix.   La confection de cette aube est rigoureusement de couturier et sur mesure. Il faut nous contacter pour les instructions n\u00e9cessaires.","og_url":"https:\/\/www.gruppoliturgico.com\/fr\/produit\/aube-18\/","og_site_name":"Laboratorio Gruppo Liturgico","article_modified_time":"2022-06-02T10:22:01+00:00","og_image":[{"width":618,"height":1500,"url":"https:\/\/www.gruppoliturgico.com\/wp-content\/uploads\/2022\/05\/Lusso_0.jpg","type":"image\/jpeg"}],"twitter_card":"summary_large_image","schema":{"@context":"https:\/\/schema.org","@graph":[{"@type":"WebPage","@id":"https:\/\/www.gruppoliturgico.com\/fr\/produit\/aube-18\/","url":"https:\/\/www.gruppoliturgico.com\/fr\/produit\/aube-18\/","name":"aube - aubes et Laboratorio Gruppo Liturgico","isPartOf":{"@id":"https:\/\/www.gruppoliturgico.com\/es\/#website"},"datePublished":"2022-05-19T23:27:09+00:00","dateModified":"2022-06-02T10:22:01+00:00","description":"Une habile confection et un jeu tr\u00e8s soign\u00e9 de plis et de soufflets distinguent cette aube au col boule retourn\u00e9. A remarquer les amples revers aux manches et le haut lin\u00e9aire, retenu par un motif de n\u0153ud plat appliqu\u00e9 \u00e0 la taille. L'aube est fournie avec la croix d\u00e9j\u00e0 comprises dans le prix. La confection de cette aube est rigoureusement de couturier et sur mesure. Il faut nous contacter pour les instructions n\u00e9cessaires.","breadcrumb":{"@id":"https:\/\/www.gruppoliturgico.com\/fr\/produit\/aube-18\/#breadcrumb"},"inLanguage":"fr-FR","potentialAction":[{"@type":"ReadAction","target":["https:\/\/www.gruppoliturgico.com\/fr\/produit\/aube-18\/"]}]},{"@type":"BreadcrumbList","@id":"https:\/\/www.gruppoliturgico.com\/fr\/produit\/aube-18\/#breadcrumb","itemListElement":[{"@type":"ListItem","position":1,"name":"Home","item":"https:\/\/www.gruppoliturgico.com\/fr\/"},{"@type":"ListItem","position":2,"name":"Boutique","item":"https:\/\/www.gruppoliturgico.com\/fr\/boutique\/"},{"@type":"ListItem","position":3,"name":"aube"}]},{"@type":"WebSite","@id":"https:\/\/www.gruppoliturgico.com\/es\/#website","url":"https:\/\/www.gruppoliturgico.com\/es\/","name":"Laboratorio Gruppo Liturgico","description":"Articoli Religiosi online","publisher":{"@id":"https:\/\/www.gruppoliturgico.com\/es\/#organization"},"potentialAction":[{"@type":"SearchAction","target":{"@type":"EntryPoint","urlTemplate":"https:\/\/www.gruppoliturgico.com\/es\/?s={search_term_string}"},"query-input":"required name=search_term_string"}],"inLanguage":"fr-FR"},{"@type":"Organization","@id":"https:\/\/www.gruppoliturgico.com\/es\/#organization","name":"Laboratorio Gruppo Liturgico","url":"https:\/\/www.gruppoliturgico.com\/es\/","logo":{"@type":"ImageObject","inLanguage":"fr-FR","@id":"https:\/\/www.gruppoliturgico.com\/es\/#\/schema\/logo\/image\/","url":"https:\/\/www.gruppoliturgico.com\/wp-content\/uploads\/2022\/02\/logo-laboratoriogruppoliturgico.png","contentUrl":"https:\/\/www.gruppoliturgico.com\/wp-content\/uploads\/2022\/02\/logo-laboratoriogruppoliturgico.png","width":400,"height":114,"caption":"Laboratorio Gruppo Liturgico"},"image":{"@id":"https:\/\/www.gruppoliturgico.com\/es\/#\/schema\/logo\/image\/"}}]}},"_links":{"self":[{"href":"https:\/\/www.gruppoliturgico.com\/fr\/wp-json\/wp\/v2\/product\/66055"}],"collection":[{"href":"https:\/\/www.gruppoliturgico.com\/fr\/wp-json\/wp\/v2\/product"}],"about":[{"href":"https:\/\/www.gruppoliturgico.com\/fr\/wp-json\/wp\/v2\/types\/product"}],"wp:featuredmedia":[{"embeddable":true,"href":"https:\/\/www.gruppoliturgico.com\/fr\/wp-json\/wp\/v2\/media\/135664"}],"wp:attachment":[{"href":"https:\/\/www.gruppoliturgico.com\/fr\/wp-json\/wp\/v2\/media?parent=66055"}],"wp:term":[{"taxonomy":"product_cat","embeddable":true,"href":"https:\/\/www.gruppoliturgico.com\/fr\/wp-json\/wp\/v2\/product_cat?post=66055"},{"taxonomy":"product_tag","embeddable":true,"href":"https:\/\/www.gruppoliturgico.com\/fr\/wp-json\/wp\/v2\/product_tag?post=66055"}],"curies":[{"name":"wp","href":"https:\/\/api.w.org\/{rel}","templated":true}]}}