{"id":66039,"date":"2022-05-20T01:26:20","date_gmt":"2022-05-19T23:26:24","guid":{"rendered":"https:\/\/www.gruppoliturgico.com\/prodotto\/chasuble-33\/"},"modified":"2022-05-20T09:11:55","modified_gmt":"2022-05-20T07:11:55","slug":"chasuble-33","status":"publish","type":"product","link":"https:\/\/www.gruppoliturgico.com\/fr\/produit\/chasuble-33\/","title":{"rendered":"chasuble"},"content":{"rendered":"<html><body><p>chasuble en tissu de viscose et polyester, avec un traitement semblable au bambou, lamin\u00e9 en or.<br>\nL\u00e9ger et tr\u00e8s respirant.<br>\nIl comporte une broderie, r\u00e9alis\u00e9e avec des fils d\u2019or et de soie, du symbole IHS.<br>\nLa broderie est \u00e9galement pr\u00e9sente au dos.<\/p>\n<p>Il s\u2019adapte \u00e0 la chasuble art 3825 pour les conc\u00e9l\u00e9brations.<\/p>\n<\/body><\/html>","protected":false},"excerpt":{"rendered":"<p>chasuble en tissu de viscose et polyester, avec un traitement semblable au bambou, lamin\u00e9 en or.<br \/>\nL\u00e9ger et tr\u00e8s respirant.<br \/>\nIl comporte une broderie, r\u00e9alis\u00e9e avec des fils d&rsquo;or et de soie, du symbole IHS.<br \/>\nLa broderie est \u00e9galement pr\u00e9sente au dos.<\/p>\n<p>Il s&rsquo;adapte \u00e0 la chasuble art 3825 pour les conc\u00e9l\u00e9brations.<\/p>\n","protected":false},"featured_media":129659,"template":"","meta":[],"product_cat":[12472],"product_tag":[],"yoast_head":"<!-- This site is optimized with the Yoast SEO plugin v20.4 - https:\/\/yoast.com\/wordpress\/plugins\/seo\/ -->\n<title>chasuble - avec broderie et Laboratorio Gruppo Liturgico<\/title>\n<meta name=\"description\" content=\"chasuble en tissu de viscose et polyester, avec un traitement semblable au bambou, lamin\u00e9 en or. L\u00e9ger et tr\u00e8s respirant. Il comporte une broderie, r\u00e9alis\u00e9e avec des fils d&#039;or et de soie, du symbole IHS. La broderie est \u00e9galement pr\u00e9sente au dos.  Il s&#039;adapte \u00e0 la chasuble art 3825 pour les conc\u00e9l\u00e9brations.\" \/>\n<meta name=\"robots\" content=\"index, follow, max-snippet:-1, max-image-preview:large, max-video-preview:-1\" \/>\n<link rel=\"canonical\" href=\"https:\/\/www.gruppoliturgico.com\/fr\/produit\/chasuble-33\/\" \/>\n<meta property=\"og:locale\" content=\"fr_FR\" \/>\n<meta property=\"og:type\" content=\"article\" \/>\n<meta property=\"og:title\" content=\"chasuble - avec broderie et Laboratorio Gruppo Liturgico\" \/>\n<meta property=\"og:description\" content=\"chasuble en tissu de viscose et polyester, avec un traitement semblable au bambou, lamin\u00e9 en or. L\u00e9ger et tr\u00e8s respirant. Il comporte une broderie, r\u00e9alis\u00e9e avec des fils d&#039;or et de soie, du symbole IHS. La broderie est \u00e9galement pr\u00e9sente au dos.  Il s&#039;adapte \u00e0 la chasuble art 3825 pour les conc\u00e9l\u00e9brations.\" \/>\n<meta property=\"og:url\" content=\"https:\/\/www.gruppoliturgico.com\/fr\/produit\/chasuble-33\/\" \/>\n<meta property=\"og:site_name\" content=\"Laboratorio Gruppo Liturgico\" \/>\n<meta property=\"article:modified_time\" content=\"2022-05-20T07:11:55+00:00\" \/>\n<meta property=\"og:image\" content=\"https:\/\/www.gruppoliturgico.com\/wp-content\/uploads\/2022\/05\/3848rit.jpg\" \/>\n\t<meta property=\"og:image:width\" content=\"1312\" \/>\n\t<meta property=\"og:image:height\" content=\"2000\" \/>\n\t<meta property=\"og:image:type\" content=\"image\/jpeg\" \/>\n<meta name=\"twitter:card\" content=\"summary_large_image\" \/>\n<script type=\"application\/ld+json\" class=\"yoast-schema-graph\">{\"@context\":\"https:\/\/schema.org\",\"@graph\":[{\"@type\":\"WebPage\",\"@id\":\"https:\/\/www.gruppoliturgico.com\/fr\/produit\/chasuble-33\/\",\"url\":\"https:\/\/www.gruppoliturgico.com\/fr\/produit\/chasuble-33\/\",\"name\":\"chasuble - avec broderie et Laboratorio Gruppo Liturgico\",\"isPartOf\":{\"@id\":\"https:\/\/www.gruppoliturgico.com\/es\/#website\"},\"datePublished\":\"2022-05-19T23:26:24+00:00\",\"dateModified\":\"2022-05-20T07:11:55+00:00\",\"description\":\"chasuble en tissu de viscose et polyester, avec un traitement semblable au bambou, lamin\u00e9 en or. L\u00e9ger et tr\u00e8s respirant. Il comporte une broderie, r\u00e9alis\u00e9e avec des fils d'or et de soie, du symbole IHS. La broderie est \u00e9galement pr\u00e9sente au dos. Il s'adapte \u00e0 la chasuble art 3825 pour les conc\u00e9l\u00e9brations.\",\"breadcrumb\":{\"@id\":\"https:\/\/www.gruppoliturgico.com\/fr\/produit\/chasuble-33\/#breadcrumb\"},\"inLanguage\":\"fr-FR\",\"potentialAction\":[{\"@type\":\"ReadAction\",\"target\":[\"https:\/\/www.gruppoliturgico.com\/fr\/produit\/chasuble-33\/\"]}]},{\"@type\":\"BreadcrumbList\",\"@id\":\"https:\/\/www.gruppoliturgico.com\/fr\/produit\/chasuble-33\/#breadcrumb\",\"itemListElement\":[{\"@type\":\"ListItem\",\"position\":1,\"name\":\"Home\",\"item\":\"https:\/\/www.gruppoliturgico.com\/fr\/\"},{\"@type\":\"ListItem\",\"position\":2,\"name\":\"Boutique\",\"item\":\"https:\/\/www.gruppoliturgico.com\/fr\/boutique\/\"},{\"@type\":\"ListItem\",\"position\":3,\"name\":\"chasuble\"}]},{\"@type\":\"WebSite\",\"@id\":\"https:\/\/www.gruppoliturgico.com\/es\/#website\",\"url\":\"https:\/\/www.gruppoliturgico.com\/es\/\",\"name\":\"Laboratorio Gruppo Liturgico\",\"description\":\"Articoli Religiosi online\",\"publisher\":{\"@id\":\"https:\/\/www.gruppoliturgico.com\/es\/#organization\"},\"potentialAction\":[{\"@type\":\"SearchAction\",\"target\":{\"@type\":\"EntryPoint\",\"urlTemplate\":\"https:\/\/www.gruppoliturgico.com\/es\/?s={search_term_string}\"},\"query-input\":\"required name=search_term_string\"}],\"inLanguage\":\"fr-FR\"},{\"@type\":\"Organization\",\"@id\":\"https:\/\/www.gruppoliturgico.com\/es\/#organization\",\"name\":\"Laboratorio Gruppo Liturgico\",\"url\":\"https:\/\/www.gruppoliturgico.com\/es\/\",\"logo\":{\"@type\":\"ImageObject\",\"inLanguage\":\"fr-FR\",\"@id\":\"https:\/\/www.gruppoliturgico.com\/es\/#\/schema\/logo\/image\/\",\"url\":\"https:\/\/www.gruppoliturgico.com\/wp-content\/uploads\/2022\/02\/logo-laboratoriogruppoliturgico.png\",\"contentUrl\":\"https:\/\/www.gruppoliturgico.com\/wp-content\/uploads\/2022\/02\/logo-laboratoriogruppoliturgico.png\",\"width\":400,\"height\":114,\"caption\":\"Laboratorio Gruppo Liturgico\"},\"image\":{\"@id\":\"https:\/\/www.gruppoliturgico.com\/es\/#\/schema\/logo\/image\/\"}}]}<\/script>\n<!-- \/ Yoast SEO plugin. -->","yoast_head_json":{"title":"chasuble - avec broderie et Laboratorio Gruppo Liturgico","description":"chasuble en tissu de viscose et polyester, avec un traitement semblable au bambou, lamin\u00e9 en or. L\u00e9ger et tr\u00e8s respirant. Il comporte une broderie, r\u00e9alis\u00e9e avec des fils d'or et de soie, du symbole IHS. La broderie est \u00e9galement pr\u00e9sente au dos.  Il s'adapte \u00e0 la chasuble art 3825 pour les conc\u00e9l\u00e9brations.","robots":{"index":"index","follow":"follow","max-snippet":"max-snippet:-1","max-image-preview":"max-image-preview:large","max-video-preview":"max-video-preview:-1"},"canonical":"https:\/\/www.gruppoliturgico.com\/fr\/produit\/chasuble-33\/","og_locale":"fr_FR","og_type":"article","og_title":"chasuble - avec broderie et Laboratorio Gruppo Liturgico","og_description":"chasuble en tissu de viscose et polyester, avec un traitement semblable au bambou, lamin\u00e9 en or. L\u00e9ger et tr\u00e8s respirant. Il comporte une broderie, r\u00e9alis\u00e9e avec des fils d'or et de soie, du symbole IHS. La broderie est \u00e9galement pr\u00e9sente au dos.  Il s'adapte \u00e0 la chasuble art 3825 pour les conc\u00e9l\u00e9brations.","og_url":"https:\/\/www.gruppoliturgico.com\/fr\/produit\/chasuble-33\/","og_site_name":"Laboratorio Gruppo Liturgico","article_modified_time":"2022-05-20T07:11:55+00:00","og_image":[{"width":1312,"height":2000,"url":"https:\/\/www.gruppoliturgico.com\/wp-content\/uploads\/2022\/05\/3848rit.jpg","type":"image\/jpeg"}],"twitter_card":"summary_large_image","schema":{"@context":"https:\/\/schema.org","@graph":[{"@type":"WebPage","@id":"https:\/\/www.gruppoliturgico.com\/fr\/produit\/chasuble-33\/","url":"https:\/\/www.gruppoliturgico.com\/fr\/produit\/chasuble-33\/","name":"chasuble - avec broderie et Laboratorio Gruppo Liturgico","isPartOf":{"@id":"https:\/\/www.gruppoliturgico.com\/es\/#website"},"datePublished":"2022-05-19T23:26:24+00:00","dateModified":"2022-05-20T07:11:55+00:00","description":"chasuble en tissu de viscose et polyester, avec un traitement semblable au bambou, lamin\u00e9 en or. L\u00e9ger et tr\u00e8s respirant. Il comporte une broderie, r\u00e9alis\u00e9e avec des fils d'or et de soie, du symbole IHS. La broderie est \u00e9galement pr\u00e9sente au dos. Il s'adapte \u00e0 la chasuble art 3825 pour les conc\u00e9l\u00e9brations.","breadcrumb":{"@id":"https:\/\/www.gruppoliturgico.com\/fr\/produit\/chasuble-33\/#breadcrumb"},"inLanguage":"fr-FR","potentialAction":[{"@type":"ReadAction","target":["https:\/\/www.gruppoliturgico.com\/fr\/produit\/chasuble-33\/"]}]},{"@type":"BreadcrumbList","@id":"https:\/\/www.gruppoliturgico.com\/fr\/produit\/chasuble-33\/#breadcrumb","itemListElement":[{"@type":"ListItem","position":1,"name":"Home","item":"https:\/\/www.gruppoliturgico.com\/fr\/"},{"@type":"ListItem","position":2,"name":"Boutique","item":"https:\/\/www.gruppoliturgico.com\/fr\/boutique\/"},{"@type":"ListItem","position":3,"name":"chasuble"}]},{"@type":"WebSite","@id":"https:\/\/www.gruppoliturgico.com\/es\/#website","url":"https:\/\/www.gruppoliturgico.com\/es\/","name":"Laboratorio Gruppo Liturgico","description":"Articoli Religiosi online","publisher":{"@id":"https:\/\/www.gruppoliturgico.com\/es\/#organization"},"potentialAction":[{"@type":"SearchAction","target":{"@type":"EntryPoint","urlTemplate":"https:\/\/www.gruppoliturgico.com\/es\/?s={search_term_string}"},"query-input":"required name=search_term_string"}],"inLanguage":"fr-FR"},{"@type":"Organization","@id":"https:\/\/www.gruppoliturgico.com\/es\/#organization","name":"Laboratorio Gruppo Liturgico","url":"https:\/\/www.gruppoliturgico.com\/es\/","logo":{"@type":"ImageObject","inLanguage":"fr-FR","@id":"https:\/\/www.gruppoliturgico.com\/es\/#\/schema\/logo\/image\/","url":"https:\/\/www.gruppoliturgico.com\/wp-content\/uploads\/2022\/02\/logo-laboratoriogruppoliturgico.png","contentUrl":"https:\/\/www.gruppoliturgico.com\/wp-content\/uploads\/2022\/02\/logo-laboratoriogruppoliturgico.png","width":400,"height":114,"caption":"Laboratorio Gruppo Liturgico"},"image":{"@id":"https:\/\/www.gruppoliturgico.com\/es\/#\/schema\/logo\/image\/"}}]}},"_links":{"self":[{"href":"https:\/\/www.gruppoliturgico.com\/fr\/wp-json\/wp\/v2\/product\/66039"}],"collection":[{"href":"https:\/\/www.gruppoliturgico.com\/fr\/wp-json\/wp\/v2\/product"}],"about":[{"href":"https:\/\/www.gruppoliturgico.com\/fr\/wp-json\/wp\/v2\/types\/product"}],"wp:featuredmedia":[{"embeddable":true,"href":"https:\/\/www.gruppoliturgico.com\/fr\/wp-json\/wp\/v2\/media\/129659"}],"wp:attachment":[{"href":"https:\/\/www.gruppoliturgico.com\/fr\/wp-json\/wp\/v2\/media?parent=66039"}],"wp:term":[{"taxonomy":"product_cat","embeddable":true,"href":"https:\/\/www.gruppoliturgico.com\/fr\/wp-json\/wp\/v2\/product_cat?post=66039"},{"taxonomy":"product_tag","embeddable":true,"href":"https:\/\/www.gruppoliturgico.com\/fr\/wp-json\/wp\/v2\/product_tag?post=66039"}],"curies":[{"name":"wp","href":"https:\/\/api.w.org\/{rel}","templated":true}]}}