{"id":66019,"date":"2022-05-20T01:25:00","date_gmt":"2022-05-19T23:25:28","guid":{"rendered":"https:\/\/www.gruppoliturgico.com\/prodotto\/dalmatique-3\/"},"modified":"2022-06-02T12:21:07","modified_gmt":"2022-06-02T10:21:07","slug":"dalmatique-3","status":"publish","type":"product","link":"https:\/\/www.gruppoliturgico.com\/fr\/produit\/dalmatique-3\/","title":{"rendered":"Dalmatique"},"content":{"rendered":"<html><body><p>Un \u00e9l\u00e9gant tissu de laine et soie choisi pour la r\u00e9alisation de cet ornement qui est obtenu d\u2019un sp\u00e9cial proc\u00e9d\u00e9 artisanal au m\u00e9tier.<br>\nLa partie ornementale, tiss\u00e9e directement dans l\u2019\u00e9toffe, est compos\u00e9e d\u2019une insertion serr\u00e9e de lignes dor\u00e9es qui, apr\u00e8s avoir richement d\u00e9cor\u00e9 la partie centrale, vont au fur et \u00e0 mesure s\u2019espacer en ornant toute la dalmatique.<br>\nCompl\u00e8te d\u2019\u00e9tole de diacre.<br>\nDisponible dans les coloris Liturgiques<\/p>\n<\/body><\/html>","protected":false},"excerpt":{"rendered":"<p>Un \u00e9l\u00e9gant tissu de laine et soie choisi pour la r\u00e9alisation de cet ornement qui est obtenu d&rsquo;un sp\u00e9cial proc\u00e9d\u00e9 artisanal au m\u00e9tier.<br \/>\nLa partie ornementale, tiss\u00e9e directement dans l&rsquo;\u00e9toffe, est compos\u00e9e d&rsquo;une insertion serr\u00e9e de lignes dor\u00e9es qui, apr\u00e8s avoir richement d\u00e9cor\u00e9 la partie centrale, vont au fur et \u00e0 mesure s&rsquo;espacer en ornant toute la dalmatique.<br \/>\nCompl\u00e8te d&rsquo;\u00e9tole de diacre.<br \/>\nDisponible dans les coloris Liturgiques<\/p>\n","protected":false},"featured_media":130606,"template":"","meta":[],"product_cat":[12324],"product_tag":[],"yoast_head":"<!-- This site is optimized with the Yoast SEO plugin v20.4 - https:\/\/yoast.com\/wordpress\/plugins\/seo\/ -->\n<title>Dalmatique - dalmatiques et Laboratorio Gruppo Liturgico<\/title>\n<meta name=\"description\" content=\"Un \u00e9l\u00e9gant tissu de laine et soie choisi pour la r\u00e9alisation de cet ornement qui est obtenu d&#039;un sp\u00e9cial proc\u00e9d\u00e9 artisanal au m\u00e9tier.  La partie ornementale, tiss\u00e9e directement dans l&#039;\u00e9toffe, est compos\u00e9e d&#039;une insertion serr\u00e9e de lignes dor\u00e9es qui, apr\u00e8s avoir richement d\u00e9cor\u00e9 la partie centrale, vont au fur et \u00e0 mesure s&#039;espacer en ornant toute la dalmatique. Compl\u00e8te d&#039;\u00e9tole de diacre. Disponible dans les coloris Liturgiques\" \/>\n<meta name=\"robots\" content=\"index, follow, max-snippet:-1, max-image-preview:large, max-video-preview:-1\" \/>\n<link rel=\"canonical\" href=\"https:\/\/www.gruppoliturgico.com\/fr\/produit\/dalmatique-3\/\" \/>\n<meta property=\"og:locale\" content=\"fr_FR\" \/>\n<meta property=\"og:type\" content=\"article\" \/>\n<meta property=\"og:title\" content=\"Dalmatique - dalmatiques et Laboratorio Gruppo Liturgico\" \/>\n<meta property=\"og:description\" content=\"Un \u00e9l\u00e9gant tissu de laine et soie choisi pour la r\u00e9alisation de cet ornement qui est obtenu d&#039;un sp\u00e9cial proc\u00e9d\u00e9 artisanal au m\u00e9tier.  La partie ornementale, tiss\u00e9e directement dans l&#039;\u00e9toffe, est compos\u00e9e d&#039;une insertion serr\u00e9e de lignes dor\u00e9es qui, apr\u00e8s avoir richement d\u00e9cor\u00e9 la partie centrale, vont au fur et \u00e0 mesure s&#039;espacer en ornant toute la dalmatique. Compl\u00e8te d&#039;\u00e9tole de diacre. Disponible dans les coloris Liturgiques\" \/>\n<meta property=\"og:url\" content=\"https:\/\/www.gruppoliturgico.com\/fr\/produit\/dalmatique-3\/\" \/>\n<meta property=\"og:site_name\" content=\"Laboratorio Gruppo Liturgico\" \/>\n<meta property=\"article:modified_time\" content=\"2022-06-02T10:21:07+00:00\" \/>\n<meta property=\"og:image\" content=\"https:\/\/www.gruppoliturgico.com\/wp-content\/uploads\/2022\/05\/290020bianco203.jpg\" \/>\n\t<meta property=\"og:image:width\" content=\"834\" \/>\n\t<meta property=\"og:image:height\" content=\"1500\" \/>\n\t<meta property=\"og:image:type\" content=\"image\/jpeg\" \/>\n<meta name=\"twitter:card\" content=\"summary_large_image\" \/>\n<script type=\"application\/ld+json\" class=\"yoast-schema-graph\">{\"@context\":\"https:\/\/schema.org\",\"@graph\":[{\"@type\":\"WebPage\",\"@id\":\"https:\/\/www.gruppoliturgico.com\/fr\/produit\/dalmatique-3\/\",\"url\":\"https:\/\/www.gruppoliturgico.com\/fr\/produit\/dalmatique-3\/\",\"name\":\"Dalmatique - dalmatiques et Laboratorio Gruppo Liturgico\",\"isPartOf\":{\"@id\":\"https:\/\/www.gruppoliturgico.com\/es\/#website\"},\"datePublished\":\"2022-05-19T23:25:28+00:00\",\"dateModified\":\"2022-06-02T10:21:07+00:00\",\"description\":\"Un \u00e9l\u00e9gant tissu de laine et soie choisi pour la r\u00e9alisation de cet ornement qui est obtenu d'un sp\u00e9cial proc\u00e9d\u00e9 artisanal au m\u00e9tier. La partie ornementale, tiss\u00e9e directement dans l'\u00e9toffe, est compos\u00e9e d'une insertion serr\u00e9e de lignes dor\u00e9es qui, apr\u00e8s avoir richement d\u00e9cor\u00e9 la partie centrale, vont au fur et \u00e0 mesure s'espacer en ornant toute la dalmatique. Compl\u00e8te d'\u00e9tole de diacre. Disponible dans les coloris Liturgiques\",\"breadcrumb\":{\"@id\":\"https:\/\/www.gruppoliturgico.com\/fr\/produit\/dalmatique-3\/#breadcrumb\"},\"inLanguage\":\"fr-FR\",\"potentialAction\":[{\"@type\":\"ReadAction\",\"target\":[\"https:\/\/www.gruppoliturgico.com\/fr\/produit\/dalmatique-3\/\"]}]},{\"@type\":\"BreadcrumbList\",\"@id\":\"https:\/\/www.gruppoliturgico.com\/fr\/produit\/dalmatique-3\/#breadcrumb\",\"itemListElement\":[{\"@type\":\"ListItem\",\"position\":1,\"name\":\"Home\",\"item\":\"https:\/\/www.gruppoliturgico.com\/fr\/\"},{\"@type\":\"ListItem\",\"position\":2,\"name\":\"Boutique\",\"item\":\"https:\/\/www.gruppoliturgico.com\/fr\/boutique\/\"},{\"@type\":\"ListItem\",\"position\":3,\"name\":\"Dalmatique\"}]},{\"@type\":\"WebSite\",\"@id\":\"https:\/\/www.gruppoliturgico.com\/es\/#website\",\"url\":\"https:\/\/www.gruppoliturgico.com\/es\/\",\"name\":\"Laboratorio Gruppo Liturgico\",\"description\":\"Articoli Religiosi online\",\"publisher\":{\"@id\":\"https:\/\/www.gruppoliturgico.com\/es\/#organization\"},\"potentialAction\":[{\"@type\":\"SearchAction\",\"target\":{\"@type\":\"EntryPoint\",\"urlTemplate\":\"https:\/\/www.gruppoliturgico.com\/es\/?s={search_term_string}\"},\"query-input\":\"required name=search_term_string\"}],\"inLanguage\":\"fr-FR\"},{\"@type\":\"Organization\",\"@id\":\"https:\/\/www.gruppoliturgico.com\/es\/#organization\",\"name\":\"Laboratorio Gruppo Liturgico\",\"url\":\"https:\/\/www.gruppoliturgico.com\/es\/\",\"logo\":{\"@type\":\"ImageObject\",\"inLanguage\":\"fr-FR\",\"@id\":\"https:\/\/www.gruppoliturgico.com\/es\/#\/schema\/logo\/image\/\",\"url\":\"https:\/\/www.gruppoliturgico.com\/wp-content\/uploads\/2022\/02\/logo-laboratoriogruppoliturgico.png\",\"contentUrl\":\"https:\/\/www.gruppoliturgico.com\/wp-content\/uploads\/2022\/02\/logo-laboratoriogruppoliturgico.png\",\"width\":400,\"height\":114,\"caption\":\"Laboratorio Gruppo Liturgico\"},\"image\":{\"@id\":\"https:\/\/www.gruppoliturgico.com\/es\/#\/schema\/logo\/image\/\"}}]}<\/script>\n<!-- \/ Yoast SEO plugin. -->","yoast_head_json":{"title":"Dalmatique - dalmatiques et Laboratorio Gruppo Liturgico","description":"Un \u00e9l\u00e9gant tissu de laine et soie choisi pour la r\u00e9alisation de cet ornement qui est obtenu d'un sp\u00e9cial proc\u00e9d\u00e9 artisanal au m\u00e9tier.  La partie ornementale, tiss\u00e9e directement dans l'\u00e9toffe, est compos\u00e9e d'une insertion serr\u00e9e de lignes dor\u00e9es qui, apr\u00e8s avoir richement d\u00e9cor\u00e9 la partie centrale, vont au fur et \u00e0 mesure s'espacer en ornant toute la dalmatique. Compl\u00e8te d'\u00e9tole de diacre. Disponible dans les coloris Liturgiques","robots":{"index":"index","follow":"follow","max-snippet":"max-snippet:-1","max-image-preview":"max-image-preview:large","max-video-preview":"max-video-preview:-1"},"canonical":"https:\/\/www.gruppoliturgico.com\/fr\/produit\/dalmatique-3\/","og_locale":"fr_FR","og_type":"article","og_title":"Dalmatique - dalmatiques et Laboratorio Gruppo Liturgico","og_description":"Un \u00e9l\u00e9gant tissu de laine et soie choisi pour la r\u00e9alisation de cet ornement qui est obtenu d'un sp\u00e9cial proc\u00e9d\u00e9 artisanal au m\u00e9tier.  La partie ornementale, tiss\u00e9e directement dans l'\u00e9toffe, est compos\u00e9e d'une insertion serr\u00e9e de lignes dor\u00e9es qui, apr\u00e8s avoir richement d\u00e9cor\u00e9 la partie centrale, vont au fur et \u00e0 mesure s'espacer en ornant toute la dalmatique. Compl\u00e8te d'\u00e9tole de diacre. Disponible dans les coloris Liturgiques","og_url":"https:\/\/www.gruppoliturgico.com\/fr\/produit\/dalmatique-3\/","og_site_name":"Laboratorio Gruppo Liturgico","article_modified_time":"2022-06-02T10:21:07+00:00","og_image":[{"width":834,"height":1500,"url":"https:\/\/www.gruppoliturgico.com\/wp-content\/uploads\/2022\/05\/290020bianco203.jpg","type":"image\/jpeg"}],"twitter_card":"summary_large_image","schema":{"@context":"https:\/\/schema.org","@graph":[{"@type":"WebPage","@id":"https:\/\/www.gruppoliturgico.com\/fr\/produit\/dalmatique-3\/","url":"https:\/\/www.gruppoliturgico.com\/fr\/produit\/dalmatique-3\/","name":"Dalmatique - dalmatiques et Laboratorio Gruppo Liturgico","isPartOf":{"@id":"https:\/\/www.gruppoliturgico.com\/es\/#website"},"datePublished":"2022-05-19T23:25:28+00:00","dateModified":"2022-06-02T10:21:07+00:00","description":"Un \u00e9l\u00e9gant tissu de laine et soie choisi pour la r\u00e9alisation de cet ornement qui est obtenu d'un sp\u00e9cial proc\u00e9d\u00e9 artisanal au m\u00e9tier. La partie ornementale, tiss\u00e9e directement dans l'\u00e9toffe, est compos\u00e9e d'une insertion serr\u00e9e de lignes dor\u00e9es qui, apr\u00e8s avoir richement d\u00e9cor\u00e9 la partie centrale, vont au fur et \u00e0 mesure s'espacer en ornant toute la dalmatique. Compl\u00e8te d'\u00e9tole de diacre. Disponible dans les coloris Liturgiques","breadcrumb":{"@id":"https:\/\/www.gruppoliturgico.com\/fr\/produit\/dalmatique-3\/#breadcrumb"},"inLanguage":"fr-FR","potentialAction":[{"@type":"ReadAction","target":["https:\/\/www.gruppoliturgico.com\/fr\/produit\/dalmatique-3\/"]}]},{"@type":"BreadcrumbList","@id":"https:\/\/www.gruppoliturgico.com\/fr\/produit\/dalmatique-3\/#breadcrumb","itemListElement":[{"@type":"ListItem","position":1,"name":"Home","item":"https:\/\/www.gruppoliturgico.com\/fr\/"},{"@type":"ListItem","position":2,"name":"Boutique","item":"https:\/\/www.gruppoliturgico.com\/fr\/boutique\/"},{"@type":"ListItem","position":3,"name":"Dalmatique"}]},{"@type":"WebSite","@id":"https:\/\/www.gruppoliturgico.com\/es\/#website","url":"https:\/\/www.gruppoliturgico.com\/es\/","name":"Laboratorio Gruppo Liturgico","description":"Articoli Religiosi online","publisher":{"@id":"https:\/\/www.gruppoliturgico.com\/es\/#organization"},"potentialAction":[{"@type":"SearchAction","target":{"@type":"EntryPoint","urlTemplate":"https:\/\/www.gruppoliturgico.com\/es\/?s={search_term_string}"},"query-input":"required name=search_term_string"}],"inLanguage":"fr-FR"},{"@type":"Organization","@id":"https:\/\/www.gruppoliturgico.com\/es\/#organization","name":"Laboratorio Gruppo Liturgico","url":"https:\/\/www.gruppoliturgico.com\/es\/","logo":{"@type":"ImageObject","inLanguage":"fr-FR","@id":"https:\/\/www.gruppoliturgico.com\/es\/#\/schema\/logo\/image\/","url":"https:\/\/www.gruppoliturgico.com\/wp-content\/uploads\/2022\/02\/logo-laboratoriogruppoliturgico.png","contentUrl":"https:\/\/www.gruppoliturgico.com\/wp-content\/uploads\/2022\/02\/logo-laboratoriogruppoliturgico.png","width":400,"height":114,"caption":"Laboratorio Gruppo Liturgico"},"image":{"@id":"https:\/\/www.gruppoliturgico.com\/es\/#\/schema\/logo\/image\/"}}]}},"_links":{"self":[{"href":"https:\/\/www.gruppoliturgico.com\/fr\/wp-json\/wp\/v2\/product\/66019"}],"collection":[{"href":"https:\/\/www.gruppoliturgico.com\/fr\/wp-json\/wp\/v2\/product"}],"about":[{"href":"https:\/\/www.gruppoliturgico.com\/fr\/wp-json\/wp\/v2\/types\/product"}],"wp:featuredmedia":[{"embeddable":true,"href":"https:\/\/www.gruppoliturgico.com\/fr\/wp-json\/wp\/v2\/media\/130606"}],"wp:attachment":[{"href":"https:\/\/www.gruppoliturgico.com\/fr\/wp-json\/wp\/v2\/media?parent=66019"}],"wp:term":[{"taxonomy":"product_cat","embeddable":true,"href":"https:\/\/www.gruppoliturgico.com\/fr\/wp-json\/wp\/v2\/product_cat?post=66019"},{"taxonomy":"product_tag","embeddable":true,"href":"https:\/\/www.gruppoliturgico.com\/fr\/wp-json\/wp\/v2\/product_tag?post=66019"}],"curies":[{"name":"wp","href":"https:\/\/api.w.org\/{rel}","templated":true}]}}