{"id":65991,"date":"2022-05-20T01:24:00","date_gmt":"2022-05-19T23:24:06","guid":{"rendered":"https:\/\/www.gruppoliturgico.com\/prodotto\/paire-de-chandeliers-a-trois-branches-7\/"},"modified":"2022-05-20T09:09:20","modified_gmt":"2022-05-20T07:09:20","slug":"paire-de-chandeliers-a-trois-branches-7","status":"publish","type":"product","link":"https:\/\/www.gruppoliturgico.com\/fr\/produit\/paire-de-chandeliers-a-trois-branches-7\/","title":{"rendered":"paire de chandeliers \u00e0 trois branches"},"content":{"rendered":"<html><body><p>Chandeliers en bronze fondu dor\u00e9. Artistiquement travaill\u00e9s en style baroque.<br>\nIls sont vendus en couple pour \u00eatre plac\u00e9s au c\u00f4t\u00e9 de l\u2019ostensoir en sym\u00e9trie. <\/p>\n<p>Hauteur cm 34 (les bougies exclues)<\/p>\n<p>Le prix est relative a deux chandeliers et comprend les bogies avec le r\u00e9cipient de cire liquide.<\/p>\n<\/body><\/html>","protected":false},"excerpt":{"rendered":"<p>Chandeliers en bronze fondu dor\u00e9. Artistiquement travaill\u00e9s en style baroque.<br \/>\nIls sont vendus en couple pour \u00eatre plac\u00e9s au c\u00f4t\u00e9 de l&rsquo;ostensoir en sym\u00e9trie. <\/p>\n<p>Hauteur cm 34 (les bougies exclues)<\/p>\n<p>Le prix est relative a deux chandeliers et comprend les bogies avec le r\u00e9cipient de cire liquide.<\/p>\n","protected":false},"featured_media":136094,"template":"","meta":[],"product_cat":[12056],"product_tag":[],"yoast_head":"<!-- This site is optimized with the Yoast SEO plugin v20.4 - https:\/\/yoast.com\/wordpress\/plugins\/seo\/ -->\n<title>paire de chandeliers \u00e0 trois branches - Chandelier \u00e0 plusieurs branches et Laboratorio Gruppo Liturgico<\/title>\n<meta name=\"description\" content=\"Chandeliers en bronze fondu dor\u00e9. Artistiquement travaill\u00e9s en style baroque.  Ils sont vendus en couple pour \u00eatre plac\u00e9s au c\u00f4t\u00e9 de l&#039;ostensoir en sym\u00e9trie.   Hauteur cm 34 (les bougies exclues)  Le prix est relative a deux chandeliers et comprend les bogies avec le r\u00e9cipient de cire liquide.\" \/>\n<meta name=\"robots\" content=\"index, follow, max-snippet:-1, max-image-preview:large, max-video-preview:-1\" \/>\n<link rel=\"canonical\" href=\"https:\/\/www.gruppoliturgico.com\/fr\/produit\/paire-de-chandeliers-a-trois-branches-7\/\" \/>\n<meta property=\"og:locale\" content=\"fr_FR\" \/>\n<meta property=\"og:type\" content=\"article\" \/>\n<meta property=\"og:title\" content=\"paire de chandeliers \u00e0 trois branches - Chandelier \u00e0 plusieurs branches et Laboratorio Gruppo Liturgico\" \/>\n<meta property=\"og:description\" content=\"Chandeliers en bronze fondu dor\u00e9. Artistiquement travaill\u00e9s en style baroque.  Ils sont vendus en couple pour \u00eatre plac\u00e9s au c\u00f4t\u00e9 de l&#039;ostensoir en sym\u00e9trie.   Hauteur cm 34 (les bougies exclues)  Le prix est relative a deux chandeliers et comprend les bogies avec le r\u00e9cipient de cire liquide.\" \/>\n<meta property=\"og:url\" content=\"https:\/\/www.gruppoliturgico.com\/fr\/produit\/paire-de-chandeliers-a-trois-branches-7\/\" \/>\n<meta property=\"og:site_name\" content=\"Laboratorio Gruppo Liturgico\" \/>\n<meta property=\"article:modified_time\" content=\"2022-05-20T07:09:20+00:00\" \/>\n<meta property=\"og:image\" content=\"https:\/\/www.gruppoliturgico.com\/wp-content\/uploads\/2022\/05\/1254-nv-Copia.jpg\" \/>\n\t<meta property=\"og:image:width\" content=\"1580\" \/>\n\t<meta property=\"og:image:height\" content=\"2000\" \/>\n\t<meta property=\"og:image:type\" content=\"image\/jpeg\" \/>\n<meta name=\"twitter:card\" content=\"summary_large_image\" \/>\n<script type=\"application\/ld+json\" class=\"yoast-schema-graph\">{\"@context\":\"https:\/\/schema.org\",\"@graph\":[{\"@type\":\"WebPage\",\"@id\":\"https:\/\/www.gruppoliturgico.com\/fr\/produit\/paire-de-chandeliers-a-trois-branches-7\/\",\"url\":\"https:\/\/www.gruppoliturgico.com\/fr\/produit\/paire-de-chandeliers-a-trois-branches-7\/\",\"name\":\"paire de chandeliers \u00e0 trois branches - Chandelier \u00e0 plusieurs branches et Laboratorio Gruppo Liturgico\",\"isPartOf\":{\"@id\":\"https:\/\/www.gruppoliturgico.com\/es\/#website\"},\"datePublished\":\"2022-05-19T23:24:06+00:00\",\"dateModified\":\"2022-05-20T07:09:20+00:00\",\"description\":\"Chandeliers en bronze fondu dor\u00e9. Artistiquement travaill\u00e9s en style baroque. Ils sont vendus en couple pour \u00eatre plac\u00e9s au c\u00f4t\u00e9 de l'ostensoir en sym\u00e9trie. Hauteur cm 34 (les bougies exclues) Le prix est relative a deux chandeliers et comprend les bogies avec le r\u00e9cipient de cire liquide.\",\"breadcrumb\":{\"@id\":\"https:\/\/www.gruppoliturgico.com\/fr\/produit\/paire-de-chandeliers-a-trois-branches-7\/#breadcrumb\"},\"inLanguage\":\"fr-FR\",\"potentialAction\":[{\"@type\":\"ReadAction\",\"target\":[\"https:\/\/www.gruppoliturgico.com\/fr\/produit\/paire-de-chandeliers-a-trois-branches-7\/\"]}]},{\"@type\":\"BreadcrumbList\",\"@id\":\"https:\/\/www.gruppoliturgico.com\/fr\/produit\/paire-de-chandeliers-a-trois-branches-7\/#breadcrumb\",\"itemListElement\":[{\"@type\":\"ListItem\",\"position\":1,\"name\":\"Home\",\"item\":\"https:\/\/www.gruppoliturgico.com\/fr\/\"},{\"@type\":\"ListItem\",\"position\":2,\"name\":\"Boutique\",\"item\":\"https:\/\/www.gruppoliturgico.com\/fr\/boutique\/\"},{\"@type\":\"ListItem\",\"position\":3,\"name\":\"paire de chandeliers \u00e0 trois branches\"}]},{\"@type\":\"WebSite\",\"@id\":\"https:\/\/www.gruppoliturgico.com\/es\/#website\",\"url\":\"https:\/\/www.gruppoliturgico.com\/es\/\",\"name\":\"Laboratorio Gruppo Liturgico\",\"description\":\"Articoli Religiosi online\",\"publisher\":{\"@id\":\"https:\/\/www.gruppoliturgico.com\/es\/#organization\"},\"potentialAction\":[{\"@type\":\"SearchAction\",\"target\":{\"@type\":\"EntryPoint\",\"urlTemplate\":\"https:\/\/www.gruppoliturgico.com\/es\/?s={search_term_string}\"},\"query-input\":\"required name=search_term_string\"}],\"inLanguage\":\"fr-FR\"},{\"@type\":\"Organization\",\"@id\":\"https:\/\/www.gruppoliturgico.com\/es\/#organization\",\"name\":\"Laboratorio Gruppo Liturgico\",\"url\":\"https:\/\/www.gruppoliturgico.com\/es\/\",\"logo\":{\"@type\":\"ImageObject\",\"inLanguage\":\"fr-FR\",\"@id\":\"https:\/\/www.gruppoliturgico.com\/es\/#\/schema\/logo\/image\/\",\"url\":\"https:\/\/www.gruppoliturgico.com\/wp-content\/uploads\/2022\/02\/logo-laboratoriogruppoliturgico.png\",\"contentUrl\":\"https:\/\/www.gruppoliturgico.com\/wp-content\/uploads\/2022\/02\/logo-laboratoriogruppoliturgico.png\",\"width\":400,\"height\":114,\"caption\":\"Laboratorio Gruppo Liturgico\"},\"image\":{\"@id\":\"https:\/\/www.gruppoliturgico.com\/es\/#\/schema\/logo\/image\/\"}}]}<\/script>\n<!-- \/ Yoast SEO plugin. -->","yoast_head_json":{"title":"paire de chandeliers \u00e0 trois branches - Chandelier \u00e0 plusieurs branches et Laboratorio Gruppo Liturgico","description":"Chandeliers en bronze fondu dor\u00e9. Artistiquement travaill\u00e9s en style baroque.  Ils sont vendus en couple pour \u00eatre plac\u00e9s au c\u00f4t\u00e9 de l'ostensoir en sym\u00e9trie.   Hauteur cm 34 (les bougies exclues)  Le prix est relative a deux chandeliers et comprend les bogies avec le r\u00e9cipient de cire liquide.","robots":{"index":"index","follow":"follow","max-snippet":"max-snippet:-1","max-image-preview":"max-image-preview:large","max-video-preview":"max-video-preview:-1"},"canonical":"https:\/\/www.gruppoliturgico.com\/fr\/produit\/paire-de-chandeliers-a-trois-branches-7\/","og_locale":"fr_FR","og_type":"article","og_title":"paire de chandeliers \u00e0 trois branches - Chandelier \u00e0 plusieurs branches et Laboratorio Gruppo Liturgico","og_description":"Chandeliers en bronze fondu dor\u00e9. Artistiquement travaill\u00e9s en style baroque.  Ils sont vendus en couple pour \u00eatre plac\u00e9s au c\u00f4t\u00e9 de l'ostensoir en sym\u00e9trie.   Hauteur cm 34 (les bougies exclues)  Le prix est relative a deux chandeliers et comprend les bogies avec le r\u00e9cipient de cire liquide.","og_url":"https:\/\/www.gruppoliturgico.com\/fr\/produit\/paire-de-chandeliers-a-trois-branches-7\/","og_site_name":"Laboratorio Gruppo Liturgico","article_modified_time":"2022-05-20T07:09:20+00:00","og_image":[{"width":1580,"height":2000,"url":"https:\/\/www.gruppoliturgico.com\/wp-content\/uploads\/2022\/05\/1254-nv-Copia.jpg","type":"image\/jpeg"}],"twitter_card":"summary_large_image","schema":{"@context":"https:\/\/schema.org","@graph":[{"@type":"WebPage","@id":"https:\/\/www.gruppoliturgico.com\/fr\/produit\/paire-de-chandeliers-a-trois-branches-7\/","url":"https:\/\/www.gruppoliturgico.com\/fr\/produit\/paire-de-chandeliers-a-trois-branches-7\/","name":"paire de chandeliers \u00e0 trois branches - Chandelier \u00e0 plusieurs branches et Laboratorio Gruppo Liturgico","isPartOf":{"@id":"https:\/\/www.gruppoliturgico.com\/es\/#website"},"datePublished":"2022-05-19T23:24:06+00:00","dateModified":"2022-05-20T07:09:20+00:00","description":"Chandeliers en bronze fondu dor\u00e9. Artistiquement travaill\u00e9s en style baroque. Ils sont vendus en couple pour \u00eatre plac\u00e9s au c\u00f4t\u00e9 de l'ostensoir en sym\u00e9trie. Hauteur cm 34 (les bougies exclues) Le prix est relative a deux chandeliers et comprend les bogies avec le r\u00e9cipient de cire liquide.","breadcrumb":{"@id":"https:\/\/www.gruppoliturgico.com\/fr\/produit\/paire-de-chandeliers-a-trois-branches-7\/#breadcrumb"},"inLanguage":"fr-FR","potentialAction":[{"@type":"ReadAction","target":["https:\/\/www.gruppoliturgico.com\/fr\/produit\/paire-de-chandeliers-a-trois-branches-7\/"]}]},{"@type":"BreadcrumbList","@id":"https:\/\/www.gruppoliturgico.com\/fr\/produit\/paire-de-chandeliers-a-trois-branches-7\/#breadcrumb","itemListElement":[{"@type":"ListItem","position":1,"name":"Home","item":"https:\/\/www.gruppoliturgico.com\/fr\/"},{"@type":"ListItem","position":2,"name":"Boutique","item":"https:\/\/www.gruppoliturgico.com\/fr\/boutique\/"},{"@type":"ListItem","position":3,"name":"paire de chandeliers \u00e0 trois branches"}]},{"@type":"WebSite","@id":"https:\/\/www.gruppoliturgico.com\/es\/#website","url":"https:\/\/www.gruppoliturgico.com\/es\/","name":"Laboratorio Gruppo Liturgico","description":"Articoli Religiosi online","publisher":{"@id":"https:\/\/www.gruppoliturgico.com\/es\/#organization"},"potentialAction":[{"@type":"SearchAction","target":{"@type":"EntryPoint","urlTemplate":"https:\/\/www.gruppoliturgico.com\/es\/?s={search_term_string}"},"query-input":"required name=search_term_string"}],"inLanguage":"fr-FR"},{"@type":"Organization","@id":"https:\/\/www.gruppoliturgico.com\/es\/#organization","name":"Laboratorio Gruppo Liturgico","url":"https:\/\/www.gruppoliturgico.com\/es\/","logo":{"@type":"ImageObject","inLanguage":"fr-FR","@id":"https:\/\/www.gruppoliturgico.com\/es\/#\/schema\/logo\/image\/","url":"https:\/\/www.gruppoliturgico.com\/wp-content\/uploads\/2022\/02\/logo-laboratoriogruppoliturgico.png","contentUrl":"https:\/\/www.gruppoliturgico.com\/wp-content\/uploads\/2022\/02\/logo-laboratoriogruppoliturgico.png","width":400,"height":114,"caption":"Laboratorio Gruppo Liturgico"},"image":{"@id":"https:\/\/www.gruppoliturgico.com\/es\/#\/schema\/logo\/image\/"}}]}},"_links":{"self":[{"href":"https:\/\/www.gruppoliturgico.com\/fr\/wp-json\/wp\/v2\/product\/65991"}],"collection":[{"href":"https:\/\/www.gruppoliturgico.com\/fr\/wp-json\/wp\/v2\/product"}],"about":[{"href":"https:\/\/www.gruppoliturgico.com\/fr\/wp-json\/wp\/v2\/types\/product"}],"wp:featuredmedia":[{"embeddable":true,"href":"https:\/\/www.gruppoliturgico.com\/fr\/wp-json\/wp\/v2\/media\/136094"}],"wp:attachment":[{"href":"https:\/\/www.gruppoliturgico.com\/fr\/wp-json\/wp\/v2\/media?parent=65991"}],"wp:term":[{"taxonomy":"product_cat","embeddable":true,"href":"https:\/\/www.gruppoliturgico.com\/fr\/wp-json\/wp\/v2\/product_cat?post=65991"},{"taxonomy":"product_tag","embeddable":true,"href":"https:\/\/www.gruppoliturgico.com\/fr\/wp-json\/wp\/v2\/product_tag?post=65991"}],"curies":[{"name":"wp","href":"https:\/\/api.w.org\/{rel}","templated":true}]}}