{"id":65983,"date":"2022-05-20T01:23:36","date_gmt":"2022-05-19T23:23:40","guid":{"rendered":"https:\/\/www.gruppoliturgico.com\/prodotto\/paire-de-chandeliers-a-trois-branches-5\/"},"modified":"2022-05-20T09:08:59","modified_gmt":"2022-05-20T07:08:59","slug":"paire-de-chandeliers-a-trois-branches-5","status":"publish","type":"product","link":"https:\/\/www.gruppoliturgico.com\/fr\/produit\/paire-de-chandeliers-a-trois-branches-5\/","title":{"rendered":"paire de chandeliers \u00e0 trois branches"},"content":{"rendered":"<html><body><p>En bois sculpt\u00e9 et grav\u00e9 dor\u00e9 \u00e0 la feuille d\u2019or. Les volutes baroques se d\u00e9veloppent pour une hauteur de cm 40.<br>\nLes chandeliers sont fournis l\u2019un droite et l\u2019autre gauche pour \u00eatre plac\u00e9s en sym\u00e9trie aux deux c\u00f4t\u00e9s de l\u2019 ostensoir.<\/p>\n<p>Hauteur  cm 40 (les bougies exclues)<\/p>\n<p>Le prix est relative a deux chandeliers et comprend les bogies avec le r\u00e9cipient de cire liquide.<\/p>\n<\/body><\/html>","protected":false},"excerpt":{"rendered":"<p>En bois sculpt\u00e9 et grav\u00e9 dor\u00e9 \u00e0 la feuille d&rsquo;or. Les volutes baroques se d\u00e9veloppent pour une hauteur de cm 40.<br \/>\nLes chandeliers sont fournis l&rsquo;un droite et l&rsquo;autre gauche pour \u00eatre plac\u00e9s en sym\u00e9trie aux deux c\u00f4t\u00e9s de l&rsquo; ostensoir.<\/p>\n<p>Hauteur  cm 40 (les bougies exclues)<\/p>\n<p>Le prix est relative a deux chandeliers et comprend les bogies avec le r\u00e9cipient de cire liquide.<\/p>\n","protected":false},"featured_media":132124,"template":"","meta":[],"product_cat":[12056],"product_tag":[],"yoast_head":"<!-- This site is optimized with the Yoast SEO plugin v20.4 - https:\/\/yoast.com\/wordpress\/plugins\/seo\/ -->\n<title>paire de chandeliers \u00e0 trois branches - Chandelier \u00e0 plusieurs branches et Laboratorio Gruppo Liturgico<\/title>\n<meta name=\"description\" content=\"En bois sculpt\u00e9 et grav\u00e9 dor\u00e9 \u00e0 la feuille d&#039;or. Les volutes baroques se d\u00e9veloppent pour une hauteur de cm 40.  Les chandeliers sont fournis l&#039;un droite et l&#039;autre gauche pour \u00eatre plac\u00e9s en sym\u00e9trie aux deux c\u00f4t\u00e9s de l&#039; ostensoir.  Hauteur cm 40 (les bougies exclues)  Le prix est relative a deux chandeliers et comprend les bogies avec le r\u00e9cipient de cire liquide.\" \/>\n<meta name=\"robots\" content=\"index, follow, max-snippet:-1, max-image-preview:large, max-video-preview:-1\" \/>\n<link rel=\"canonical\" href=\"https:\/\/www.gruppoliturgico.com\/fr\/produit\/paire-de-chandeliers-a-trois-branches-5\/\" \/>\n<meta property=\"og:locale\" content=\"fr_FR\" \/>\n<meta property=\"og:type\" content=\"article\" \/>\n<meta property=\"og:title\" content=\"paire de chandeliers \u00e0 trois branches - Chandelier \u00e0 plusieurs branches et Laboratorio Gruppo Liturgico\" \/>\n<meta property=\"og:description\" content=\"En bois sculpt\u00e9 et grav\u00e9 dor\u00e9 \u00e0 la feuille d&#039;or. Les volutes baroques se d\u00e9veloppent pour une hauteur de cm 40.  Les chandeliers sont fournis l&#039;un droite et l&#039;autre gauche pour \u00eatre plac\u00e9s en sym\u00e9trie aux deux c\u00f4t\u00e9s de l&#039; ostensoir.  Hauteur cm 40 (les bougies exclues)  Le prix est relative a deux chandeliers et comprend les bogies avec le r\u00e9cipient de cire liquide.\" \/>\n<meta property=\"og:url\" content=\"https:\/\/www.gruppoliturgico.com\/fr\/produit\/paire-de-chandeliers-a-trois-branches-5\/\" \/>\n<meta property=\"og:site_name\" content=\"Laboratorio Gruppo Liturgico\" \/>\n<meta property=\"article:modified_time\" content=\"2022-05-20T07:08:59+00:00\" \/>\n<meta property=\"og:image\" content=\"https:\/\/www.gruppoliturgico.com\/wp-content\/uploads\/2022\/05\/61_nv.jpg\" \/>\n\t<meta property=\"og:image:width\" content=\"994\" \/>\n\t<meta property=\"og:image:height\" content=\"2000\" \/>\n\t<meta property=\"og:image:type\" content=\"image\/jpeg\" \/>\n<meta name=\"twitter:card\" content=\"summary_large_image\" \/>\n<script type=\"application\/ld+json\" class=\"yoast-schema-graph\">{\"@context\":\"https:\/\/schema.org\",\"@graph\":[{\"@type\":\"WebPage\",\"@id\":\"https:\/\/www.gruppoliturgico.com\/fr\/produit\/paire-de-chandeliers-a-trois-branches-5\/\",\"url\":\"https:\/\/www.gruppoliturgico.com\/fr\/produit\/paire-de-chandeliers-a-trois-branches-5\/\",\"name\":\"paire de chandeliers \u00e0 trois branches - Chandelier \u00e0 plusieurs branches et Laboratorio Gruppo Liturgico\",\"isPartOf\":{\"@id\":\"https:\/\/www.gruppoliturgico.com\/es\/#website\"},\"datePublished\":\"2022-05-19T23:23:40+00:00\",\"dateModified\":\"2022-05-20T07:08:59+00:00\",\"description\":\"En bois sculpt\u00e9 et grav\u00e9 dor\u00e9 \u00e0 la feuille d'or. Les volutes baroques se d\u00e9veloppent pour une hauteur de cm 40. Les chandeliers sont fournis l'un droite et l'autre gauche pour \u00eatre plac\u00e9s en sym\u00e9trie aux deux c\u00f4t\u00e9s de l' ostensoir. Hauteur cm 40 (les bougies exclues) Le prix est relative a deux chandeliers et comprend les bogies avec le r\u00e9cipient de cire liquide.\",\"breadcrumb\":{\"@id\":\"https:\/\/www.gruppoliturgico.com\/fr\/produit\/paire-de-chandeliers-a-trois-branches-5\/#breadcrumb\"},\"inLanguage\":\"fr-FR\",\"potentialAction\":[{\"@type\":\"ReadAction\",\"target\":[\"https:\/\/www.gruppoliturgico.com\/fr\/produit\/paire-de-chandeliers-a-trois-branches-5\/\"]}]},{\"@type\":\"BreadcrumbList\",\"@id\":\"https:\/\/www.gruppoliturgico.com\/fr\/produit\/paire-de-chandeliers-a-trois-branches-5\/#breadcrumb\",\"itemListElement\":[{\"@type\":\"ListItem\",\"position\":1,\"name\":\"Home\",\"item\":\"https:\/\/www.gruppoliturgico.com\/fr\/\"},{\"@type\":\"ListItem\",\"position\":2,\"name\":\"Boutique\",\"item\":\"https:\/\/www.gruppoliturgico.com\/fr\/boutique\/\"},{\"@type\":\"ListItem\",\"position\":3,\"name\":\"paire de chandeliers \u00e0 trois branches\"}]},{\"@type\":\"WebSite\",\"@id\":\"https:\/\/www.gruppoliturgico.com\/es\/#website\",\"url\":\"https:\/\/www.gruppoliturgico.com\/es\/\",\"name\":\"Laboratorio Gruppo Liturgico\",\"description\":\"Articoli Religiosi online\",\"publisher\":{\"@id\":\"https:\/\/www.gruppoliturgico.com\/es\/#organization\"},\"potentialAction\":[{\"@type\":\"SearchAction\",\"target\":{\"@type\":\"EntryPoint\",\"urlTemplate\":\"https:\/\/www.gruppoliturgico.com\/es\/?s={search_term_string}\"},\"query-input\":\"required name=search_term_string\"}],\"inLanguage\":\"fr-FR\"},{\"@type\":\"Organization\",\"@id\":\"https:\/\/www.gruppoliturgico.com\/es\/#organization\",\"name\":\"Laboratorio Gruppo Liturgico\",\"url\":\"https:\/\/www.gruppoliturgico.com\/es\/\",\"logo\":{\"@type\":\"ImageObject\",\"inLanguage\":\"fr-FR\",\"@id\":\"https:\/\/www.gruppoliturgico.com\/es\/#\/schema\/logo\/image\/\",\"url\":\"https:\/\/www.gruppoliturgico.com\/wp-content\/uploads\/2022\/02\/logo-laboratoriogruppoliturgico.png\",\"contentUrl\":\"https:\/\/www.gruppoliturgico.com\/wp-content\/uploads\/2022\/02\/logo-laboratoriogruppoliturgico.png\",\"width\":400,\"height\":114,\"caption\":\"Laboratorio Gruppo Liturgico\"},\"image\":{\"@id\":\"https:\/\/www.gruppoliturgico.com\/es\/#\/schema\/logo\/image\/\"}}]}<\/script>\n<!-- \/ Yoast SEO plugin. -->","yoast_head_json":{"title":"paire de chandeliers \u00e0 trois branches - Chandelier \u00e0 plusieurs branches et Laboratorio Gruppo Liturgico","description":"En bois sculpt\u00e9 et grav\u00e9 dor\u00e9 \u00e0 la feuille d'or. Les volutes baroques se d\u00e9veloppent pour une hauteur de cm 40.  Les chandeliers sont fournis l'un droite et l'autre gauche pour \u00eatre plac\u00e9s en sym\u00e9trie aux deux c\u00f4t\u00e9s de l' ostensoir.  Hauteur cm 40 (les bougies exclues)  Le prix est relative a deux chandeliers et comprend les bogies avec le r\u00e9cipient de cire liquide.","robots":{"index":"index","follow":"follow","max-snippet":"max-snippet:-1","max-image-preview":"max-image-preview:large","max-video-preview":"max-video-preview:-1"},"canonical":"https:\/\/www.gruppoliturgico.com\/fr\/produit\/paire-de-chandeliers-a-trois-branches-5\/","og_locale":"fr_FR","og_type":"article","og_title":"paire de chandeliers \u00e0 trois branches - Chandelier \u00e0 plusieurs branches et Laboratorio Gruppo Liturgico","og_description":"En bois sculpt\u00e9 et grav\u00e9 dor\u00e9 \u00e0 la feuille d'or. Les volutes baroques se d\u00e9veloppent pour une hauteur de cm 40.  Les chandeliers sont fournis l'un droite et l'autre gauche pour \u00eatre plac\u00e9s en sym\u00e9trie aux deux c\u00f4t\u00e9s de l' ostensoir.  Hauteur cm 40 (les bougies exclues)  Le prix est relative a deux chandeliers et comprend les bogies avec le r\u00e9cipient de cire liquide.","og_url":"https:\/\/www.gruppoliturgico.com\/fr\/produit\/paire-de-chandeliers-a-trois-branches-5\/","og_site_name":"Laboratorio Gruppo Liturgico","article_modified_time":"2022-05-20T07:08:59+00:00","og_image":[{"width":994,"height":2000,"url":"https:\/\/www.gruppoliturgico.com\/wp-content\/uploads\/2022\/05\/61_nv.jpg","type":"image\/jpeg"}],"twitter_card":"summary_large_image","schema":{"@context":"https:\/\/schema.org","@graph":[{"@type":"WebPage","@id":"https:\/\/www.gruppoliturgico.com\/fr\/produit\/paire-de-chandeliers-a-trois-branches-5\/","url":"https:\/\/www.gruppoliturgico.com\/fr\/produit\/paire-de-chandeliers-a-trois-branches-5\/","name":"paire de chandeliers \u00e0 trois branches - Chandelier \u00e0 plusieurs branches et Laboratorio Gruppo Liturgico","isPartOf":{"@id":"https:\/\/www.gruppoliturgico.com\/es\/#website"},"datePublished":"2022-05-19T23:23:40+00:00","dateModified":"2022-05-20T07:08:59+00:00","description":"En bois sculpt\u00e9 et grav\u00e9 dor\u00e9 \u00e0 la feuille d'or. Les volutes baroques se d\u00e9veloppent pour une hauteur de cm 40. Les chandeliers sont fournis l'un droite et l'autre gauche pour \u00eatre plac\u00e9s en sym\u00e9trie aux deux c\u00f4t\u00e9s de l' ostensoir. Hauteur cm 40 (les bougies exclues) Le prix est relative a deux chandeliers et comprend les bogies avec le r\u00e9cipient de cire liquide.","breadcrumb":{"@id":"https:\/\/www.gruppoliturgico.com\/fr\/produit\/paire-de-chandeliers-a-trois-branches-5\/#breadcrumb"},"inLanguage":"fr-FR","potentialAction":[{"@type":"ReadAction","target":["https:\/\/www.gruppoliturgico.com\/fr\/produit\/paire-de-chandeliers-a-trois-branches-5\/"]}]},{"@type":"BreadcrumbList","@id":"https:\/\/www.gruppoliturgico.com\/fr\/produit\/paire-de-chandeliers-a-trois-branches-5\/#breadcrumb","itemListElement":[{"@type":"ListItem","position":1,"name":"Home","item":"https:\/\/www.gruppoliturgico.com\/fr\/"},{"@type":"ListItem","position":2,"name":"Boutique","item":"https:\/\/www.gruppoliturgico.com\/fr\/boutique\/"},{"@type":"ListItem","position":3,"name":"paire de chandeliers \u00e0 trois branches"}]},{"@type":"WebSite","@id":"https:\/\/www.gruppoliturgico.com\/es\/#website","url":"https:\/\/www.gruppoliturgico.com\/es\/","name":"Laboratorio Gruppo Liturgico","description":"Articoli Religiosi online","publisher":{"@id":"https:\/\/www.gruppoliturgico.com\/es\/#organization"},"potentialAction":[{"@type":"SearchAction","target":{"@type":"EntryPoint","urlTemplate":"https:\/\/www.gruppoliturgico.com\/es\/?s={search_term_string}"},"query-input":"required name=search_term_string"}],"inLanguage":"fr-FR"},{"@type":"Organization","@id":"https:\/\/www.gruppoliturgico.com\/es\/#organization","name":"Laboratorio Gruppo Liturgico","url":"https:\/\/www.gruppoliturgico.com\/es\/","logo":{"@type":"ImageObject","inLanguage":"fr-FR","@id":"https:\/\/www.gruppoliturgico.com\/es\/#\/schema\/logo\/image\/","url":"https:\/\/www.gruppoliturgico.com\/wp-content\/uploads\/2022\/02\/logo-laboratoriogruppoliturgico.png","contentUrl":"https:\/\/www.gruppoliturgico.com\/wp-content\/uploads\/2022\/02\/logo-laboratoriogruppoliturgico.png","width":400,"height":114,"caption":"Laboratorio Gruppo Liturgico"},"image":{"@id":"https:\/\/www.gruppoliturgico.com\/es\/#\/schema\/logo\/image\/"}}]}},"_links":{"self":[{"href":"https:\/\/www.gruppoliturgico.com\/fr\/wp-json\/wp\/v2\/product\/65983"}],"collection":[{"href":"https:\/\/www.gruppoliturgico.com\/fr\/wp-json\/wp\/v2\/product"}],"about":[{"href":"https:\/\/www.gruppoliturgico.com\/fr\/wp-json\/wp\/v2\/types\/product"}],"wp:featuredmedia":[{"embeddable":true,"href":"https:\/\/www.gruppoliturgico.com\/fr\/wp-json\/wp\/v2\/media\/132124"}],"wp:attachment":[{"href":"https:\/\/www.gruppoliturgico.com\/fr\/wp-json\/wp\/v2\/media?parent=65983"}],"wp:term":[{"taxonomy":"product_cat","embeddable":true,"href":"https:\/\/www.gruppoliturgico.com\/fr\/wp-json\/wp\/v2\/product_cat?post=65983"},{"taxonomy":"product_tag","embeddable":true,"href":"https:\/\/www.gruppoliturgico.com\/fr\/wp-json\/wp\/v2\/product_tag?post=65983"}],"curies":[{"name":"wp","href":"https:\/\/api.w.org\/{rel}","templated":true}]}}