{"id":65975,"date":"2022-05-20T01:23:12","date_gmt":"2022-05-19T23:23:17","guid":{"rendered":"https:\/\/www.gruppoliturgico.com\/prodotto\/ciboire-20\/"},"modified":"2022-05-20T09:08:37","modified_gmt":"2022-05-20T07:08:37","slug":"ciboire-20","status":"publish","type":"product","link":"https:\/\/www.gruppoliturgico.com\/fr\/produit\/ciboire-20\/","title":{"rendered":"ciboire"},"content":{"rendered":"<html><body><p>Prestigieux article cisel\u00e9 \u00e0 la main avec des parties en bronze fondu.<br>\nDorure or fin avec des parties argent\u00e9es pour une d\u00e9licate harmonie chromatique.<br>\nPierres dures ornementales.<br>\nHauteur cm 25<br>\nDiam\u00e8tre cm 12<\/p>\n<\/body><\/html>","protected":false},"excerpt":{"rendered":"<p>Prestigieux article cisel\u00e9 \u00e0 la main avec des parties en bronze fondu.<br \/>\nDorure or fin avec des parties argent\u00e9es pour une d\u00e9licate harmonie chromatique.<br \/>\nPierres dures ornementales.<br \/>\nHauteur cm 25<br \/>\nDiam\u00e8tre cm 12<\/p>\n","protected":false},"featured_media":130915,"template":"","meta":[],"product_cat":[12032],"product_tag":[],"yoast_head":"<!-- This site is optimized with the Yoast SEO plugin v20.4 - https:\/\/yoast.com\/wordpress\/plugins\/seo\/ -->\n<title>ciboire - collection ciboires et Laboratorio Gruppo Liturgico<\/title>\n<meta name=\"description\" content=\"Prestigieux article cisel\u00e9 \u00e0 la main avec des parties en bronze fondu.  Dorure or fin avec des parties argent\u00e9es pour une d\u00e9licate harmonie chromatique.  Pierres dures ornementales.  Hauteur cm 25 Diam\u00e8tre cm 12\" \/>\n<meta name=\"robots\" content=\"index, follow, max-snippet:-1, max-image-preview:large, max-video-preview:-1\" \/>\n<link rel=\"canonical\" href=\"https:\/\/www.gruppoliturgico.com\/fr\/produit\/ciboire-20\/\" \/>\n<meta property=\"og:locale\" content=\"fr_FR\" \/>\n<meta property=\"og:type\" content=\"article\" \/>\n<meta property=\"og:title\" content=\"ciboire - collection ciboires et Laboratorio Gruppo Liturgico\" \/>\n<meta property=\"og:description\" content=\"Prestigieux article cisel\u00e9 \u00e0 la main avec des parties en bronze fondu.  Dorure or fin avec des parties argent\u00e9es pour une d\u00e9licate harmonie chromatique.  Pierres dures ornementales.  Hauteur cm 25 Diam\u00e8tre cm 12\" \/>\n<meta property=\"og:url\" content=\"https:\/\/www.gruppoliturgico.com\/fr\/produit\/ciboire-20\/\" \/>\n<meta property=\"og:site_name\" content=\"Laboratorio Gruppo Liturgico\" \/>\n<meta property=\"article:modified_time\" content=\"2022-05-20T07:08:37+00:00\" \/>\n<meta property=\"og:image\" content=\"https:\/\/www.gruppoliturgico.com\/wp-content\/uploads\/2022\/05\/1796nv.jpg\" \/>\n\t<meta property=\"og:image:width\" content=\"1041\" \/>\n\t<meta property=\"og:image:height\" content=\"2000\" \/>\n\t<meta property=\"og:image:type\" content=\"image\/jpeg\" \/>\n<meta name=\"twitter:card\" content=\"summary_large_image\" \/>\n<script type=\"application\/ld+json\" class=\"yoast-schema-graph\">{\"@context\":\"https:\/\/schema.org\",\"@graph\":[{\"@type\":\"WebPage\",\"@id\":\"https:\/\/www.gruppoliturgico.com\/fr\/produit\/ciboire-20\/\",\"url\":\"https:\/\/www.gruppoliturgico.com\/fr\/produit\/ciboire-20\/\",\"name\":\"ciboire - collection ciboires et Laboratorio Gruppo Liturgico\",\"isPartOf\":{\"@id\":\"https:\/\/www.gruppoliturgico.com\/es\/#website\"},\"datePublished\":\"2022-05-19T23:23:17+00:00\",\"dateModified\":\"2022-05-20T07:08:37+00:00\",\"description\":\"Prestigieux article cisel\u00e9 \u00e0 la main avec des parties en bronze fondu. Dorure or fin avec des parties argent\u00e9es pour une d\u00e9licate harmonie chromatique. Pierres dures ornementales. Hauteur cm 25 Diam\u00e8tre cm 12\",\"breadcrumb\":{\"@id\":\"https:\/\/www.gruppoliturgico.com\/fr\/produit\/ciboire-20\/#breadcrumb\"},\"inLanguage\":\"fr-FR\",\"potentialAction\":[{\"@type\":\"ReadAction\",\"target\":[\"https:\/\/www.gruppoliturgico.com\/fr\/produit\/ciboire-20\/\"]}]},{\"@type\":\"BreadcrumbList\",\"@id\":\"https:\/\/www.gruppoliturgico.com\/fr\/produit\/ciboire-20\/#breadcrumb\",\"itemListElement\":[{\"@type\":\"ListItem\",\"position\":1,\"name\":\"Home\",\"item\":\"https:\/\/www.gruppoliturgico.com\/fr\/\"},{\"@type\":\"ListItem\",\"position\":2,\"name\":\"Boutique\",\"item\":\"https:\/\/www.gruppoliturgico.com\/fr\/boutique\/\"},{\"@type\":\"ListItem\",\"position\":3,\"name\":\"ciboire\"}]},{\"@type\":\"WebSite\",\"@id\":\"https:\/\/www.gruppoliturgico.com\/es\/#website\",\"url\":\"https:\/\/www.gruppoliturgico.com\/es\/\",\"name\":\"Laboratorio Gruppo Liturgico\",\"description\":\"Articoli Religiosi online\",\"publisher\":{\"@id\":\"https:\/\/www.gruppoliturgico.com\/es\/#organization\"},\"potentialAction\":[{\"@type\":\"SearchAction\",\"target\":{\"@type\":\"EntryPoint\",\"urlTemplate\":\"https:\/\/www.gruppoliturgico.com\/es\/?s={search_term_string}\"},\"query-input\":\"required name=search_term_string\"}],\"inLanguage\":\"fr-FR\"},{\"@type\":\"Organization\",\"@id\":\"https:\/\/www.gruppoliturgico.com\/es\/#organization\",\"name\":\"Laboratorio Gruppo Liturgico\",\"url\":\"https:\/\/www.gruppoliturgico.com\/es\/\",\"logo\":{\"@type\":\"ImageObject\",\"inLanguage\":\"fr-FR\",\"@id\":\"https:\/\/www.gruppoliturgico.com\/es\/#\/schema\/logo\/image\/\",\"url\":\"https:\/\/www.gruppoliturgico.com\/wp-content\/uploads\/2022\/02\/logo-laboratoriogruppoliturgico.png\",\"contentUrl\":\"https:\/\/www.gruppoliturgico.com\/wp-content\/uploads\/2022\/02\/logo-laboratoriogruppoliturgico.png\",\"width\":400,\"height\":114,\"caption\":\"Laboratorio Gruppo Liturgico\"},\"image\":{\"@id\":\"https:\/\/www.gruppoliturgico.com\/es\/#\/schema\/logo\/image\/\"}}]}<\/script>\n<!-- \/ Yoast SEO plugin. -->","yoast_head_json":{"title":"ciboire - collection ciboires et Laboratorio Gruppo Liturgico","description":"Prestigieux article cisel\u00e9 \u00e0 la main avec des parties en bronze fondu.  Dorure or fin avec des parties argent\u00e9es pour une d\u00e9licate harmonie chromatique.  Pierres dures ornementales.  Hauteur cm 25 Diam\u00e8tre cm 12","robots":{"index":"index","follow":"follow","max-snippet":"max-snippet:-1","max-image-preview":"max-image-preview:large","max-video-preview":"max-video-preview:-1"},"canonical":"https:\/\/www.gruppoliturgico.com\/fr\/produit\/ciboire-20\/","og_locale":"fr_FR","og_type":"article","og_title":"ciboire - collection ciboires et Laboratorio Gruppo Liturgico","og_description":"Prestigieux article cisel\u00e9 \u00e0 la main avec des parties en bronze fondu.  Dorure or fin avec des parties argent\u00e9es pour une d\u00e9licate harmonie chromatique.  Pierres dures ornementales.  Hauteur cm 25 Diam\u00e8tre cm 12","og_url":"https:\/\/www.gruppoliturgico.com\/fr\/produit\/ciboire-20\/","og_site_name":"Laboratorio Gruppo Liturgico","article_modified_time":"2022-05-20T07:08:37+00:00","og_image":[{"width":1041,"height":2000,"url":"https:\/\/www.gruppoliturgico.com\/wp-content\/uploads\/2022\/05\/1796nv.jpg","type":"image\/jpeg"}],"twitter_card":"summary_large_image","schema":{"@context":"https:\/\/schema.org","@graph":[{"@type":"WebPage","@id":"https:\/\/www.gruppoliturgico.com\/fr\/produit\/ciboire-20\/","url":"https:\/\/www.gruppoliturgico.com\/fr\/produit\/ciboire-20\/","name":"ciboire - collection ciboires et Laboratorio Gruppo Liturgico","isPartOf":{"@id":"https:\/\/www.gruppoliturgico.com\/es\/#website"},"datePublished":"2022-05-19T23:23:17+00:00","dateModified":"2022-05-20T07:08:37+00:00","description":"Prestigieux article cisel\u00e9 \u00e0 la main avec des parties en bronze fondu. Dorure or fin avec des parties argent\u00e9es pour une d\u00e9licate harmonie chromatique. Pierres dures ornementales. Hauteur cm 25 Diam\u00e8tre cm 12","breadcrumb":{"@id":"https:\/\/www.gruppoliturgico.com\/fr\/produit\/ciboire-20\/#breadcrumb"},"inLanguage":"fr-FR","potentialAction":[{"@type":"ReadAction","target":["https:\/\/www.gruppoliturgico.com\/fr\/produit\/ciboire-20\/"]}]},{"@type":"BreadcrumbList","@id":"https:\/\/www.gruppoliturgico.com\/fr\/produit\/ciboire-20\/#breadcrumb","itemListElement":[{"@type":"ListItem","position":1,"name":"Home","item":"https:\/\/www.gruppoliturgico.com\/fr\/"},{"@type":"ListItem","position":2,"name":"Boutique","item":"https:\/\/www.gruppoliturgico.com\/fr\/boutique\/"},{"@type":"ListItem","position":3,"name":"ciboire"}]},{"@type":"WebSite","@id":"https:\/\/www.gruppoliturgico.com\/es\/#website","url":"https:\/\/www.gruppoliturgico.com\/es\/","name":"Laboratorio Gruppo Liturgico","description":"Articoli Religiosi online","publisher":{"@id":"https:\/\/www.gruppoliturgico.com\/es\/#organization"},"potentialAction":[{"@type":"SearchAction","target":{"@type":"EntryPoint","urlTemplate":"https:\/\/www.gruppoliturgico.com\/es\/?s={search_term_string}"},"query-input":"required name=search_term_string"}],"inLanguage":"fr-FR"},{"@type":"Organization","@id":"https:\/\/www.gruppoliturgico.com\/es\/#organization","name":"Laboratorio Gruppo Liturgico","url":"https:\/\/www.gruppoliturgico.com\/es\/","logo":{"@type":"ImageObject","inLanguage":"fr-FR","@id":"https:\/\/www.gruppoliturgico.com\/es\/#\/schema\/logo\/image\/","url":"https:\/\/www.gruppoliturgico.com\/wp-content\/uploads\/2022\/02\/logo-laboratoriogruppoliturgico.png","contentUrl":"https:\/\/www.gruppoliturgico.com\/wp-content\/uploads\/2022\/02\/logo-laboratoriogruppoliturgico.png","width":400,"height":114,"caption":"Laboratorio Gruppo Liturgico"},"image":{"@id":"https:\/\/www.gruppoliturgico.com\/es\/#\/schema\/logo\/image\/"}}]}},"_links":{"self":[{"href":"https:\/\/www.gruppoliturgico.com\/fr\/wp-json\/wp\/v2\/product\/65975"}],"collection":[{"href":"https:\/\/www.gruppoliturgico.com\/fr\/wp-json\/wp\/v2\/product"}],"about":[{"href":"https:\/\/www.gruppoliturgico.com\/fr\/wp-json\/wp\/v2\/types\/product"}],"wp:featuredmedia":[{"embeddable":true,"href":"https:\/\/www.gruppoliturgico.com\/fr\/wp-json\/wp\/v2\/media\/130915"}],"wp:attachment":[{"href":"https:\/\/www.gruppoliturgico.com\/fr\/wp-json\/wp\/v2\/media?parent=65975"}],"wp:term":[{"taxonomy":"product_cat","embeddable":true,"href":"https:\/\/www.gruppoliturgico.com\/fr\/wp-json\/wp\/v2\/product_cat?post=65975"},{"taxonomy":"product_tag","embeddable":true,"href":"https:\/\/www.gruppoliturgico.com\/fr\/wp-json\/wp\/v2\/product_tag?post=65975"}],"curies":[{"name":"wp","href":"https:\/\/api.w.org\/{rel}","templated":true}]}}