{"id":65943,"date":"2022-05-20T01:21:46","date_gmt":"2022-05-19T23:21:51","guid":{"rendered":"https:\/\/www.gruppoliturgico.com\/prodotto\/tabernacle-23\/"},"modified":"2022-10-21T11:54:52","modified_gmt":"2022-10-21T09:54:52","slug":"tabernacle-23","status":"publish","type":"product","link":"https:\/\/www.gruppoliturgico.com\/fr\/produit\/tabernacle-23\/","title":{"rendered":"tabernacle"},"content":{"rendered":"<html><body><p>Tabernacle avec structure en bois massif.<br>\nIl est orn\u00e9 de huit ic\u00f4nes de tailles diff\u00e9rentes.<br>\nFrise en bois sculpt\u00e9 et dor\u00e9 \u00e0 la feuille d\u2019or.<br>\nInt\u00e9rieur du tabernacle dor\u00e9 \u00e0 la feuille d\u2019or.<br>\nDimensions<br>\next\u00e9rieures cm 46 x 31 x 50<br>\nint\u00e9rieures cm 22 x 23 x 32<\/p>\n<\/body><\/html>","protected":false},"excerpt":{"rendered":"<p>Tabernacle avec structure en bois massif.<br \/>\nIl est orn\u00e9 de huit ic\u00f4nes de tailles diff\u00e9rentes.<br \/>\nFrise en bois sculpt\u00e9 et dor\u00e9 \u00e0 la feuille d&rsquo;or.<br \/>\nInt\u00e9rieur du tabernacle dor\u00e9 \u00e0 la feuille d&rsquo;or.<br \/>\nDimensions<br \/>\next\u00e9rieures cm 46 x 31 x 50<br \/>\nint\u00e9rieures cm 22 x 23 x 32<\/p>\n","protected":false},"featured_media":131440,"template":"","meta":[],"product_cat":[12076,12160],"product_tag":[],"yoast_head":"<!-- This site is optimized with the Yoast SEO plugin v20.4 - https:\/\/yoast.com\/wordpress\/plugins\/seo\/ -->\n<title>tabernacle - Tabernacles en bois, art 1675 et Laboratorio Gruppo Liturgico<\/title>\n<meta name=\"description\" content=\"Tabernacle avec structure en bois massif. Il est orn\u00e9 de huit ic\u00f4nes de tailles diff\u00e9rentes. Frise en bois sculpt\u00e9 et dor\u00e9 \u00e0 la feuille d&#039;or. Int\u00e9rieur du tabernacle dor\u00e9 \u00e0 la feuille d&#039;or. Dimensions  ext\u00e9rieures cm 46 x 31 x 50 int\u00e9rieures cm 22 x 23 x 32\" \/>\n<meta name=\"robots\" content=\"index, follow, max-snippet:-1, max-image-preview:large, max-video-preview:-1\" \/>\n<link rel=\"canonical\" href=\"https:\/\/www.gruppoliturgico.com\/fr\/produit\/tabernacle-23\/\" \/>\n<meta property=\"og:locale\" content=\"fr_FR\" \/>\n<meta property=\"og:type\" content=\"article\" \/>\n<meta property=\"og:title\" content=\"tabernacle - Tabernacles en bois, art 1675 et Laboratorio Gruppo Liturgico\" \/>\n<meta property=\"og:description\" content=\"Tabernacle avec structure en bois massif. Il est orn\u00e9 de huit ic\u00f4nes de tailles diff\u00e9rentes. Frise en bois sculpt\u00e9 et dor\u00e9 \u00e0 la feuille d&#039;or. Int\u00e9rieur du tabernacle dor\u00e9 \u00e0 la feuille d&#039;or. Dimensions  ext\u00e9rieures cm 46 x 31 x 50 int\u00e9rieures cm 22 x 23 x 32\" \/>\n<meta property=\"og:url\" content=\"https:\/\/www.gruppoliturgico.com\/fr\/produit\/tabernacle-23\/\" \/>\n<meta property=\"og:site_name\" content=\"Laboratorio Gruppo Liturgico\" \/>\n<meta property=\"article:modified_time\" content=\"2022-10-21T09:54:52+00:00\" \/>\n<meta property=\"og:image\" content=\"https:\/\/www.gruppoliturgico.com\/wp-content\/uploads\/2022\/05\/1678-nv-984x1024.jpg\" \/>\n\t<meta property=\"og:image:width\" content=\"984\" \/>\n\t<meta property=\"og:image:height\" content=\"1024\" \/>\n\t<meta property=\"og:image:type\" content=\"image\/jpeg\" \/>\n<meta name=\"twitter:card\" content=\"summary_large_image\" \/>\n<script type=\"application\/ld+json\" class=\"yoast-schema-graph\">{\"@context\":\"https:\/\/schema.org\",\"@graph\":[{\"@type\":\"WebPage\",\"@id\":\"https:\/\/www.gruppoliturgico.com\/fr\/produit\/tabernacle-23\/\",\"url\":\"https:\/\/www.gruppoliturgico.com\/fr\/produit\/tabernacle-23\/\",\"name\":\"tabernacle - Tabernacles en bois, art 1675 et Laboratorio Gruppo Liturgico\",\"isPartOf\":{\"@id\":\"https:\/\/www.gruppoliturgico.com\/es\/#website\"},\"datePublished\":\"2022-05-19T23:21:51+00:00\",\"dateModified\":\"2022-10-21T09:54:52+00:00\",\"description\":\"Tabernacle avec structure en bois massif. Il est orn\u00e9 de huit ic\u00f4nes de tailles diff\u00e9rentes. Frise en bois sculpt\u00e9 et dor\u00e9 \u00e0 la feuille d'or. Int\u00e9rieur du tabernacle dor\u00e9 \u00e0 la feuille d'or. Dimensions ext\u00e9rieures cm 46 x 31 x 50 int\u00e9rieures cm 22 x 23 x 32\",\"breadcrumb\":{\"@id\":\"https:\/\/www.gruppoliturgico.com\/fr\/produit\/tabernacle-23\/#breadcrumb\"},\"inLanguage\":\"fr-FR\",\"potentialAction\":[{\"@type\":\"ReadAction\",\"target\":[\"https:\/\/www.gruppoliturgico.com\/fr\/produit\/tabernacle-23\/\"]}]},{\"@type\":\"BreadcrumbList\",\"@id\":\"https:\/\/www.gruppoliturgico.com\/fr\/produit\/tabernacle-23\/#breadcrumb\",\"itemListElement\":[{\"@type\":\"ListItem\",\"position\":1,\"name\":\"Home\",\"item\":\"https:\/\/www.gruppoliturgico.com\/fr\/\"},{\"@type\":\"ListItem\",\"position\":2,\"name\":\"Boutique\",\"item\":\"https:\/\/www.gruppoliturgico.com\/fr\/boutique\/\"},{\"@type\":\"ListItem\",\"position\":3,\"name\":\"tabernacle\"}]},{\"@type\":\"WebSite\",\"@id\":\"https:\/\/www.gruppoliturgico.com\/es\/#website\",\"url\":\"https:\/\/www.gruppoliturgico.com\/es\/\",\"name\":\"Laboratorio Gruppo Liturgico\",\"description\":\"Articoli Religiosi online\",\"publisher\":{\"@id\":\"https:\/\/www.gruppoliturgico.com\/es\/#organization\"},\"potentialAction\":[{\"@type\":\"SearchAction\",\"target\":{\"@type\":\"EntryPoint\",\"urlTemplate\":\"https:\/\/www.gruppoliturgico.com\/es\/?s={search_term_string}\"},\"query-input\":\"required name=search_term_string\"}],\"inLanguage\":\"fr-FR\"},{\"@type\":\"Organization\",\"@id\":\"https:\/\/www.gruppoliturgico.com\/es\/#organization\",\"name\":\"Laboratorio Gruppo Liturgico\",\"url\":\"https:\/\/www.gruppoliturgico.com\/es\/\",\"logo\":{\"@type\":\"ImageObject\",\"inLanguage\":\"fr-FR\",\"@id\":\"https:\/\/www.gruppoliturgico.com\/es\/#\/schema\/logo\/image\/\",\"url\":\"https:\/\/www.gruppoliturgico.com\/wp-content\/uploads\/2022\/02\/logo-laboratoriogruppoliturgico.png\",\"contentUrl\":\"https:\/\/www.gruppoliturgico.com\/wp-content\/uploads\/2022\/02\/logo-laboratoriogruppoliturgico.png\",\"width\":400,\"height\":114,\"caption\":\"Laboratorio Gruppo Liturgico\"},\"image\":{\"@id\":\"https:\/\/www.gruppoliturgico.com\/es\/#\/schema\/logo\/image\/\"}}]}<\/script>\n<!-- \/ Yoast SEO plugin. -->","yoast_head_json":{"title":"tabernacle - Tabernacles en bois, art 1675 et Laboratorio Gruppo Liturgico","description":"Tabernacle avec structure en bois massif. Il est orn\u00e9 de huit ic\u00f4nes de tailles diff\u00e9rentes. Frise en bois sculpt\u00e9 et dor\u00e9 \u00e0 la feuille d'or. Int\u00e9rieur du tabernacle dor\u00e9 \u00e0 la feuille d'or. Dimensions  ext\u00e9rieures cm 46 x 31 x 50 int\u00e9rieures cm 22 x 23 x 32","robots":{"index":"index","follow":"follow","max-snippet":"max-snippet:-1","max-image-preview":"max-image-preview:large","max-video-preview":"max-video-preview:-1"},"canonical":"https:\/\/www.gruppoliturgico.com\/fr\/produit\/tabernacle-23\/","og_locale":"fr_FR","og_type":"article","og_title":"tabernacle - Tabernacles en bois, art 1675 et Laboratorio Gruppo Liturgico","og_description":"Tabernacle avec structure en bois massif. Il est orn\u00e9 de huit ic\u00f4nes de tailles diff\u00e9rentes. Frise en bois sculpt\u00e9 et dor\u00e9 \u00e0 la feuille d'or. Int\u00e9rieur du tabernacle dor\u00e9 \u00e0 la feuille d'or. Dimensions  ext\u00e9rieures cm 46 x 31 x 50 int\u00e9rieures cm 22 x 23 x 32","og_url":"https:\/\/www.gruppoliturgico.com\/fr\/produit\/tabernacle-23\/","og_site_name":"Laboratorio Gruppo Liturgico","article_modified_time":"2022-10-21T09:54:52+00:00","og_image":[{"width":984,"height":1024,"url":"https:\/\/www.gruppoliturgico.com\/wp-content\/uploads\/2022\/05\/1678-nv-984x1024.jpg","type":"image\/jpeg"}],"twitter_card":"summary_large_image","schema":{"@context":"https:\/\/schema.org","@graph":[{"@type":"WebPage","@id":"https:\/\/www.gruppoliturgico.com\/fr\/produit\/tabernacle-23\/","url":"https:\/\/www.gruppoliturgico.com\/fr\/produit\/tabernacle-23\/","name":"tabernacle - Tabernacles en bois, art 1675 et Laboratorio Gruppo Liturgico","isPartOf":{"@id":"https:\/\/www.gruppoliturgico.com\/es\/#website"},"datePublished":"2022-05-19T23:21:51+00:00","dateModified":"2022-10-21T09:54:52+00:00","description":"Tabernacle avec structure en bois massif. Il est orn\u00e9 de huit ic\u00f4nes de tailles diff\u00e9rentes. Frise en bois sculpt\u00e9 et dor\u00e9 \u00e0 la feuille d'or. Int\u00e9rieur du tabernacle dor\u00e9 \u00e0 la feuille d'or. Dimensions ext\u00e9rieures cm 46 x 31 x 50 int\u00e9rieures cm 22 x 23 x 32","breadcrumb":{"@id":"https:\/\/www.gruppoliturgico.com\/fr\/produit\/tabernacle-23\/#breadcrumb"},"inLanguage":"fr-FR","potentialAction":[{"@type":"ReadAction","target":["https:\/\/www.gruppoliturgico.com\/fr\/produit\/tabernacle-23\/"]}]},{"@type":"BreadcrumbList","@id":"https:\/\/www.gruppoliturgico.com\/fr\/produit\/tabernacle-23\/#breadcrumb","itemListElement":[{"@type":"ListItem","position":1,"name":"Home","item":"https:\/\/www.gruppoliturgico.com\/fr\/"},{"@type":"ListItem","position":2,"name":"Boutique","item":"https:\/\/www.gruppoliturgico.com\/fr\/boutique\/"},{"@type":"ListItem","position":3,"name":"tabernacle"}]},{"@type":"WebSite","@id":"https:\/\/www.gruppoliturgico.com\/es\/#website","url":"https:\/\/www.gruppoliturgico.com\/es\/","name":"Laboratorio Gruppo Liturgico","description":"Articoli Religiosi online","publisher":{"@id":"https:\/\/www.gruppoliturgico.com\/es\/#organization"},"potentialAction":[{"@type":"SearchAction","target":{"@type":"EntryPoint","urlTemplate":"https:\/\/www.gruppoliturgico.com\/es\/?s={search_term_string}"},"query-input":"required name=search_term_string"}],"inLanguage":"fr-FR"},{"@type":"Organization","@id":"https:\/\/www.gruppoliturgico.com\/es\/#organization","name":"Laboratorio Gruppo Liturgico","url":"https:\/\/www.gruppoliturgico.com\/es\/","logo":{"@type":"ImageObject","inLanguage":"fr-FR","@id":"https:\/\/www.gruppoliturgico.com\/es\/#\/schema\/logo\/image\/","url":"https:\/\/www.gruppoliturgico.com\/wp-content\/uploads\/2022\/02\/logo-laboratoriogruppoliturgico.png","contentUrl":"https:\/\/www.gruppoliturgico.com\/wp-content\/uploads\/2022\/02\/logo-laboratoriogruppoliturgico.png","width":400,"height":114,"caption":"Laboratorio Gruppo Liturgico"},"image":{"@id":"https:\/\/www.gruppoliturgico.com\/es\/#\/schema\/logo\/image\/"}}]}},"_links":{"self":[{"href":"https:\/\/www.gruppoliturgico.com\/fr\/wp-json\/wp\/v2\/product\/65943"}],"collection":[{"href":"https:\/\/www.gruppoliturgico.com\/fr\/wp-json\/wp\/v2\/product"}],"about":[{"href":"https:\/\/www.gruppoliturgico.com\/fr\/wp-json\/wp\/v2\/types\/product"}],"wp:featuredmedia":[{"embeddable":true,"href":"https:\/\/www.gruppoliturgico.com\/fr\/wp-json\/wp\/v2\/media\/131440"}],"wp:attachment":[{"href":"https:\/\/www.gruppoliturgico.com\/fr\/wp-json\/wp\/v2\/media?parent=65943"}],"wp:term":[{"taxonomy":"product_cat","embeddable":true,"href":"https:\/\/www.gruppoliturgico.com\/fr\/wp-json\/wp\/v2\/product_cat?post=65943"},{"taxonomy":"product_tag","embeddable":true,"href":"https:\/\/www.gruppoliturgico.com\/fr\/wp-json\/wp\/v2\/product_tag?post=65943"}],"curies":[{"name":"wp","href":"https:\/\/api.w.org\/{rel}","templated":true}]}}