{"id":65939,"date":"2022-05-20T01:21:35","date_gmt":"2022-05-19T23:21:39","guid":{"rendered":"https:\/\/www.gruppoliturgico.com\/prodotto\/central-electronique\/"},"modified":"2022-05-20T01:21:39","modified_gmt":"2022-05-19T23:21:39","slug":"central-electronique","status":"publish","type":"product","link":"https:\/\/www.gruppoliturgico.com\/fr\/produit\/central-electronique\/","title":{"rendered":"Central \u00e9lectronique"},"content":{"rendered":"<html><body><p> Elle permet la r\u00e9alisation des effets avec les couleurs de l\u2019aube, du coucher du soleil, du jour et de la nuit, plus deux effets qu\u2019on peut synchroniser avec le jour et la nuit.<br>\n4 fondus 1000 W 2 prises synchronis\u00e9es.<\/p>\n<p>Article certifi\u00e9 selon les r\u00e9glementations europ\u00e9ennes de s\u00e9curit\u00e9.<\/p>\n<\/body><\/html>","protected":false},"excerpt":{"rendered":"<p> Elle permet la r\u00e9alisation des effets avec les couleurs de l&rsquo;aube, du coucher du soleil, du jour et de la nuit, plus deux effets qu&rsquo;on peut synchroniser avec le jour et la nuit.<br \/>\n4 fondus 1000 W 2 prises synchronis\u00e9es.<\/p>\n<p>Article certifi\u00e9 selon les r\u00e9glementations europ\u00e9ennes de s\u00e9curit\u00e9.<\/p>\n","protected":false},"featured_media":76278,"template":"","meta":[],"product_cat":[11840],"product_tag":[],"yoast_head":"<!-- This site is optimized with the Yoast SEO plugin v20.4 - https:\/\/yoast.com\/wordpress\/plugins\/seo\/ -->\n<title>Central \u00e9lectronique - accessoires pour cr\u00e8ches et Laboratorio Gruppo Liturgico<\/title>\n<meta name=\"description\" content=\"Elle permet la r\u00e9alisation des effets avec les couleurs de l&#039;aube, du coucher du soleil, du jour et de la nuit, plus deux effets qu&#039;on peut synchroniser avec le jour et la nuit.  4 fondus 1000 W 2 prises synchronis\u00e9es.  Article certifi\u00e9 selon les r\u00e9glementations europ\u00e9ennes de s\u00e9curit\u00e9.\" \/>\n<meta name=\"robots\" content=\"index, follow, max-snippet:-1, max-image-preview:large, max-video-preview:-1\" \/>\n<link rel=\"canonical\" href=\"https:\/\/www.gruppoliturgico.com\/fr\/produit\/central-electronique\/\" \/>\n<meta property=\"og:locale\" content=\"fr_FR\" \/>\n<meta property=\"og:type\" content=\"article\" \/>\n<meta property=\"og:title\" content=\"Central \u00e9lectronique - accessoires pour cr\u00e8ches et Laboratorio Gruppo Liturgico\" \/>\n<meta property=\"og:description\" content=\"Elle permet la r\u00e9alisation des effets avec les couleurs de l&#039;aube, du coucher du soleil, du jour et de la nuit, plus deux effets qu&#039;on peut synchroniser avec le jour et la nuit.  4 fondus 1000 W 2 prises synchronis\u00e9es.  Article certifi\u00e9 selon les r\u00e9glementations europ\u00e9ennes de s\u00e9curit\u00e9.\" \/>\n<meta property=\"og:url\" content=\"https:\/\/www.gruppoliturgico.com\/fr\/produit\/central-electronique\/\" \/>\n<meta property=\"og:site_name\" content=\"Laboratorio Gruppo Liturgico\" \/>\n<meta property=\"og:image\" content=\"https:\/\/www.gruppoliturgico.com\/wp-content\/uploads\/2022\/05\/DSC_4427.jpg\" \/>\n\t<meta property=\"og:image:width\" content=\"1500\" \/>\n\t<meta property=\"og:image:height\" content=\"936\" \/>\n\t<meta property=\"og:image:type\" content=\"image\/jpeg\" \/>\n<meta name=\"twitter:card\" content=\"summary_large_image\" \/>\n<script type=\"application\/ld+json\" class=\"yoast-schema-graph\">{\"@context\":\"https:\/\/schema.org\",\"@graph\":[{\"@type\":\"WebPage\",\"@id\":\"https:\/\/www.gruppoliturgico.com\/fr\/produit\/central-electronique\/\",\"url\":\"https:\/\/www.gruppoliturgico.com\/fr\/produit\/central-electronique\/\",\"name\":\"Central \u00e9lectronique - accessoires pour cr\u00e8ches et Laboratorio Gruppo Liturgico\",\"isPartOf\":{\"@id\":\"https:\/\/www.gruppoliturgico.com\/es\/#website\"},\"datePublished\":\"2022-05-19T23:21:39+00:00\",\"dateModified\":\"2022-05-19T23:21:39+00:00\",\"description\":\"Elle permet la r\u00e9alisation des effets avec les couleurs de l'aube, du coucher du soleil, du jour et de la nuit, plus deux effets qu'on peut synchroniser avec le jour et la nuit. 4 fondus 1000 W 2 prises synchronis\u00e9es. Article certifi\u00e9 selon les r\u00e9glementations europ\u00e9ennes de s\u00e9curit\u00e9.\",\"breadcrumb\":{\"@id\":\"https:\/\/www.gruppoliturgico.com\/fr\/produit\/central-electronique\/#breadcrumb\"},\"inLanguage\":\"fr-FR\",\"potentialAction\":[{\"@type\":\"ReadAction\",\"target\":[\"https:\/\/www.gruppoliturgico.com\/fr\/produit\/central-electronique\/\"]}]},{\"@type\":\"BreadcrumbList\",\"@id\":\"https:\/\/www.gruppoliturgico.com\/fr\/produit\/central-electronique\/#breadcrumb\",\"itemListElement\":[{\"@type\":\"ListItem\",\"position\":1,\"name\":\"Home\",\"item\":\"https:\/\/www.gruppoliturgico.com\/fr\/\"},{\"@type\":\"ListItem\",\"position\":2,\"name\":\"Boutique\",\"item\":\"https:\/\/www.gruppoliturgico.com\/fr\/boutique\/\"},{\"@type\":\"ListItem\",\"position\":3,\"name\":\"Central \u00e9lectronique\"}]},{\"@type\":\"WebSite\",\"@id\":\"https:\/\/www.gruppoliturgico.com\/es\/#website\",\"url\":\"https:\/\/www.gruppoliturgico.com\/es\/\",\"name\":\"Laboratorio Gruppo Liturgico\",\"description\":\"Articoli Religiosi online\",\"publisher\":{\"@id\":\"https:\/\/www.gruppoliturgico.com\/es\/#organization\"},\"potentialAction\":[{\"@type\":\"SearchAction\",\"target\":{\"@type\":\"EntryPoint\",\"urlTemplate\":\"https:\/\/www.gruppoliturgico.com\/es\/?s={search_term_string}\"},\"query-input\":\"required name=search_term_string\"}],\"inLanguage\":\"fr-FR\"},{\"@type\":\"Organization\",\"@id\":\"https:\/\/www.gruppoliturgico.com\/es\/#organization\",\"name\":\"Laboratorio Gruppo Liturgico\",\"url\":\"https:\/\/www.gruppoliturgico.com\/es\/\",\"logo\":{\"@type\":\"ImageObject\",\"inLanguage\":\"fr-FR\",\"@id\":\"https:\/\/www.gruppoliturgico.com\/es\/#\/schema\/logo\/image\/\",\"url\":\"https:\/\/www.gruppoliturgico.com\/wp-content\/uploads\/2022\/02\/logo-laboratoriogruppoliturgico.png\",\"contentUrl\":\"https:\/\/www.gruppoliturgico.com\/wp-content\/uploads\/2022\/02\/logo-laboratoriogruppoliturgico.png\",\"width\":400,\"height\":114,\"caption\":\"Laboratorio Gruppo Liturgico\"},\"image\":{\"@id\":\"https:\/\/www.gruppoliturgico.com\/es\/#\/schema\/logo\/image\/\"}}]}<\/script>\n<!-- \/ Yoast SEO plugin. -->","yoast_head_json":{"title":"Central \u00e9lectronique - accessoires pour cr\u00e8ches et Laboratorio Gruppo Liturgico","description":"Elle permet la r\u00e9alisation des effets avec les couleurs de l'aube, du coucher du soleil, du jour et de la nuit, plus deux effets qu'on peut synchroniser avec le jour et la nuit.  4 fondus 1000 W 2 prises synchronis\u00e9es.  Article certifi\u00e9 selon les r\u00e9glementations europ\u00e9ennes de s\u00e9curit\u00e9.","robots":{"index":"index","follow":"follow","max-snippet":"max-snippet:-1","max-image-preview":"max-image-preview:large","max-video-preview":"max-video-preview:-1"},"canonical":"https:\/\/www.gruppoliturgico.com\/fr\/produit\/central-electronique\/","og_locale":"fr_FR","og_type":"article","og_title":"Central \u00e9lectronique - accessoires pour cr\u00e8ches et Laboratorio Gruppo Liturgico","og_description":"Elle permet la r\u00e9alisation des effets avec les couleurs de l'aube, du coucher du soleil, du jour et de la nuit, plus deux effets qu'on peut synchroniser avec le jour et la nuit.  4 fondus 1000 W 2 prises synchronis\u00e9es.  Article certifi\u00e9 selon les r\u00e9glementations europ\u00e9ennes de s\u00e9curit\u00e9.","og_url":"https:\/\/www.gruppoliturgico.com\/fr\/produit\/central-electronique\/","og_site_name":"Laboratorio Gruppo Liturgico","og_image":[{"width":1500,"height":936,"url":"https:\/\/www.gruppoliturgico.com\/wp-content\/uploads\/2022\/05\/DSC_4427.jpg","type":"image\/jpeg"}],"twitter_card":"summary_large_image","schema":{"@context":"https:\/\/schema.org","@graph":[{"@type":"WebPage","@id":"https:\/\/www.gruppoliturgico.com\/fr\/produit\/central-electronique\/","url":"https:\/\/www.gruppoliturgico.com\/fr\/produit\/central-electronique\/","name":"Central \u00e9lectronique - accessoires pour cr\u00e8ches et Laboratorio Gruppo Liturgico","isPartOf":{"@id":"https:\/\/www.gruppoliturgico.com\/es\/#website"},"datePublished":"2022-05-19T23:21:39+00:00","dateModified":"2022-05-19T23:21:39+00:00","description":"Elle permet la r\u00e9alisation des effets avec les couleurs de l'aube, du coucher du soleil, du jour et de la nuit, plus deux effets qu'on peut synchroniser avec le jour et la nuit. 4 fondus 1000 W 2 prises synchronis\u00e9es. Article certifi\u00e9 selon les r\u00e9glementations europ\u00e9ennes de s\u00e9curit\u00e9.","breadcrumb":{"@id":"https:\/\/www.gruppoliturgico.com\/fr\/produit\/central-electronique\/#breadcrumb"},"inLanguage":"fr-FR","potentialAction":[{"@type":"ReadAction","target":["https:\/\/www.gruppoliturgico.com\/fr\/produit\/central-electronique\/"]}]},{"@type":"BreadcrumbList","@id":"https:\/\/www.gruppoliturgico.com\/fr\/produit\/central-electronique\/#breadcrumb","itemListElement":[{"@type":"ListItem","position":1,"name":"Home","item":"https:\/\/www.gruppoliturgico.com\/fr\/"},{"@type":"ListItem","position":2,"name":"Boutique","item":"https:\/\/www.gruppoliturgico.com\/fr\/boutique\/"},{"@type":"ListItem","position":3,"name":"Central \u00e9lectronique"}]},{"@type":"WebSite","@id":"https:\/\/www.gruppoliturgico.com\/es\/#website","url":"https:\/\/www.gruppoliturgico.com\/es\/","name":"Laboratorio Gruppo Liturgico","description":"Articoli Religiosi online","publisher":{"@id":"https:\/\/www.gruppoliturgico.com\/es\/#organization"},"potentialAction":[{"@type":"SearchAction","target":{"@type":"EntryPoint","urlTemplate":"https:\/\/www.gruppoliturgico.com\/es\/?s={search_term_string}"},"query-input":"required name=search_term_string"}],"inLanguage":"fr-FR"},{"@type":"Organization","@id":"https:\/\/www.gruppoliturgico.com\/es\/#organization","name":"Laboratorio Gruppo Liturgico","url":"https:\/\/www.gruppoliturgico.com\/es\/","logo":{"@type":"ImageObject","inLanguage":"fr-FR","@id":"https:\/\/www.gruppoliturgico.com\/es\/#\/schema\/logo\/image\/","url":"https:\/\/www.gruppoliturgico.com\/wp-content\/uploads\/2022\/02\/logo-laboratoriogruppoliturgico.png","contentUrl":"https:\/\/www.gruppoliturgico.com\/wp-content\/uploads\/2022\/02\/logo-laboratoriogruppoliturgico.png","width":400,"height":114,"caption":"Laboratorio Gruppo Liturgico"},"image":{"@id":"https:\/\/www.gruppoliturgico.com\/es\/#\/schema\/logo\/image\/"}}]}},"_links":{"self":[{"href":"https:\/\/www.gruppoliturgico.com\/fr\/wp-json\/wp\/v2\/product\/65939"}],"collection":[{"href":"https:\/\/www.gruppoliturgico.com\/fr\/wp-json\/wp\/v2\/product"}],"about":[{"href":"https:\/\/www.gruppoliturgico.com\/fr\/wp-json\/wp\/v2\/types\/product"}],"wp:featuredmedia":[{"embeddable":true,"href":"https:\/\/www.gruppoliturgico.com\/fr\/wp-json\/wp\/v2\/media\/76278"}],"wp:attachment":[{"href":"https:\/\/www.gruppoliturgico.com\/fr\/wp-json\/wp\/v2\/media?parent=65939"}],"wp:term":[{"taxonomy":"product_cat","embeddable":true,"href":"https:\/\/www.gruppoliturgico.com\/fr\/wp-json\/wp\/v2\/product_cat?post=65939"},{"taxonomy":"product_tag","embeddable":true,"href":"https:\/\/www.gruppoliturgico.com\/fr\/wp-json\/wp\/v2\/product_tag?post=65939"}],"curies":[{"name":"wp","href":"https:\/\/api.w.org\/{rel}","templated":true}]}}