{"id":65903,"date":"2022-05-20T01:19:48","date_gmt":"2022-05-19T23:19:52","guid":{"rendered":"https:\/\/www.gruppoliturgico.com\/prodotto\/autel-11\/"},"modified":"2022-05-20T09:05:36","modified_gmt":"2022-05-20T07:05:36","slug":"autel-11","status":"publish","type":"product","link":"https:\/\/www.gruppoliturgico.com\/fr\/produit\/autel-11\/","title":{"rendered":"autel"},"content":{"rendered":"<html><body><p>Grandiose et original ouvrage compl\u00e8tement en bois sculpt\u00e9 et dor\u00e9 \u00e0 la feuille d\u2019or avec des parties laqu\u00e9es.<br>\nImposante est la sculpture qui repr\u00e9sente le \u00ab\u00a0Souper d\u2019Emma\u00fcs\u00a0\u00bb renferm\u00e9e entre deux colonnes soutien-table.<br>\nDimensions de la sculpture cm 130 x 55. Table aux mesures demand\u00e9es par le client. <\/p>\n<p>Cotation sur demande.<\/p>\n<\/body><\/html>","protected":false},"excerpt":{"rendered":"<p>Grandiose et original ouvrage compl\u00e8tement en bois sculpt\u00e9 et dor\u00e9 \u00e0 la feuille d&rsquo;or avec des parties laqu\u00e9es.<br \/>\nImposante est la sculpture qui repr\u00e9sente le \u00ab\u00a0Souper d&rsquo;Emma\u00fcs\u00a0\u00bb renferm\u00e9e entre deux colonnes soutien-table.<br \/>\nDimensions de la sculpture cm 130 x 55. Table aux mesures demand\u00e9es par le client. <\/p>\n<p>Cotation sur demande.<\/p>\n","protected":false},"featured_media":76242,"template":"","meta":[],"product_cat":[],"product_tag":[],"yoast_head":"<!-- This site is optimized with the Yoast SEO plugin v20.4 - https:\/\/yoast.com\/wordpress\/plugins\/seo\/ -->\n<title>autel - et Laboratorio Gruppo Liturgico<\/title>\n<meta name=\"description\" content=\"Grandiose et original ouvrage compl\u00e8tement en bois sculpt\u00e9 et dor\u00e9 \u00e0 la feuille d&#039;or avec des parties laqu\u00e9es.  Imposante est la sculpture qui repr\u00e9sente le &quot;Souper d&#039;Emma\u00fcs&quot; renferm\u00e9e entre deux colonnes soutien-table.  Dimensions de la sculpture cm 130 x 55. Table aux mesures demand\u00e9es par le client.   Cotation sur demande.\" \/>\n<meta name=\"robots\" content=\"index, follow, max-snippet:-1, max-image-preview:large, max-video-preview:-1\" \/>\n<link rel=\"canonical\" href=\"https:\/\/www.gruppoliturgico.com\/fr\/produit\/autel-11\/\" \/>\n<meta property=\"og:locale\" content=\"fr_FR\" \/>\n<meta property=\"og:type\" content=\"article\" \/>\n<meta property=\"og:title\" content=\"autel - et Laboratorio Gruppo Liturgico\" \/>\n<meta property=\"og:description\" content=\"Grandiose et original ouvrage compl\u00e8tement en bois sculpt\u00e9 et dor\u00e9 \u00e0 la feuille d&#039;or avec des parties laqu\u00e9es.  Imposante est la sculpture qui repr\u00e9sente le &quot;Souper d&#039;Emma\u00fcs&quot; renferm\u00e9e entre deux colonnes soutien-table.  Dimensions de la sculpture cm 130 x 55. Table aux mesures demand\u00e9es par le client.   Cotation sur demande.\" \/>\n<meta property=\"og:url\" content=\"https:\/\/www.gruppoliturgico.com\/fr\/produit\/autel-11\/\" \/>\n<meta property=\"og:site_name\" content=\"Laboratorio Gruppo Liturgico\" \/>\n<meta property=\"article:modified_time\" content=\"2022-05-20T07:05:36+00:00\" \/>\n<meta property=\"og:image\" content=\"https:\/\/www.gruppoliturgico.com\/wp-content\/uploads\/2022\/05\/1212.ridotto.jpg\" \/>\n\t<meta property=\"og:image:width\" content=\"1500\" \/>\n\t<meta property=\"og:image:height\" content=\"934\" \/>\n\t<meta property=\"og:image:type\" content=\"image\/jpeg\" \/>\n<meta name=\"twitter:card\" content=\"summary_large_image\" \/>\n<script type=\"application\/ld+json\" class=\"yoast-schema-graph\">{\"@context\":\"https:\/\/schema.org\",\"@graph\":[{\"@type\":\"WebPage\",\"@id\":\"https:\/\/www.gruppoliturgico.com\/fr\/produit\/autel-11\/\",\"url\":\"https:\/\/www.gruppoliturgico.com\/fr\/produit\/autel-11\/\",\"name\":\"autel - et Laboratorio Gruppo Liturgico\",\"isPartOf\":{\"@id\":\"https:\/\/www.gruppoliturgico.com\/es\/#website\"},\"datePublished\":\"2022-05-19T23:19:52+00:00\",\"dateModified\":\"2022-05-20T07:05:36+00:00\",\"description\":\"Grandiose et original ouvrage compl\u00e8tement en bois sculpt\u00e9 et dor\u00e9 \u00e0 la feuille d'or avec des parties laqu\u00e9es. Imposante est la sculpture qui repr\u00e9sente le \\\"Souper d'Emma\u00fcs\\\" renferm\u00e9e entre deux colonnes soutien-table. Dimensions de la sculpture cm 130 x 55. Table aux mesures demand\u00e9es par le client. Cotation sur demande.\",\"breadcrumb\":{\"@id\":\"https:\/\/www.gruppoliturgico.com\/fr\/produit\/autel-11\/#breadcrumb\"},\"inLanguage\":\"fr-FR\",\"potentialAction\":[{\"@type\":\"ReadAction\",\"target\":[\"https:\/\/www.gruppoliturgico.com\/fr\/produit\/autel-11\/\"]}]},{\"@type\":\"BreadcrumbList\",\"@id\":\"https:\/\/www.gruppoliturgico.com\/fr\/produit\/autel-11\/#breadcrumb\",\"itemListElement\":[{\"@type\":\"ListItem\",\"position\":1,\"name\":\"Home\",\"item\":\"https:\/\/www.gruppoliturgico.com\/fr\/\"},{\"@type\":\"ListItem\",\"position\":2,\"name\":\"Boutique\",\"item\":\"https:\/\/www.gruppoliturgico.com\/fr\/boutique\/\"},{\"@type\":\"ListItem\",\"position\":3,\"name\":\"autel\"}]},{\"@type\":\"WebSite\",\"@id\":\"https:\/\/www.gruppoliturgico.com\/es\/#website\",\"url\":\"https:\/\/www.gruppoliturgico.com\/es\/\",\"name\":\"Laboratorio Gruppo Liturgico\",\"description\":\"Articoli Religiosi online\",\"publisher\":{\"@id\":\"https:\/\/www.gruppoliturgico.com\/es\/#organization\"},\"potentialAction\":[{\"@type\":\"SearchAction\",\"target\":{\"@type\":\"EntryPoint\",\"urlTemplate\":\"https:\/\/www.gruppoliturgico.com\/es\/?s={search_term_string}\"},\"query-input\":\"required name=search_term_string\"}],\"inLanguage\":\"fr-FR\"},{\"@type\":\"Organization\",\"@id\":\"https:\/\/www.gruppoliturgico.com\/es\/#organization\",\"name\":\"Laboratorio Gruppo Liturgico\",\"url\":\"https:\/\/www.gruppoliturgico.com\/es\/\",\"logo\":{\"@type\":\"ImageObject\",\"inLanguage\":\"fr-FR\",\"@id\":\"https:\/\/www.gruppoliturgico.com\/es\/#\/schema\/logo\/image\/\",\"url\":\"https:\/\/www.gruppoliturgico.com\/wp-content\/uploads\/2022\/02\/logo-laboratoriogruppoliturgico.png\",\"contentUrl\":\"https:\/\/www.gruppoliturgico.com\/wp-content\/uploads\/2022\/02\/logo-laboratoriogruppoliturgico.png\",\"width\":400,\"height\":114,\"caption\":\"Laboratorio Gruppo Liturgico\"},\"image\":{\"@id\":\"https:\/\/www.gruppoliturgico.com\/es\/#\/schema\/logo\/image\/\"}}]}<\/script>\n<!-- \/ Yoast SEO plugin. -->","yoast_head_json":{"title":"autel - et Laboratorio Gruppo Liturgico","description":"Grandiose et original ouvrage compl\u00e8tement en bois sculpt\u00e9 et dor\u00e9 \u00e0 la feuille d'or avec des parties laqu\u00e9es.  Imposante est la sculpture qui repr\u00e9sente le \"Souper d'Emma\u00fcs\" renferm\u00e9e entre deux colonnes soutien-table.  Dimensions de la sculpture cm 130 x 55. Table aux mesures demand\u00e9es par le client.   Cotation sur demande.","robots":{"index":"index","follow":"follow","max-snippet":"max-snippet:-1","max-image-preview":"max-image-preview:large","max-video-preview":"max-video-preview:-1"},"canonical":"https:\/\/www.gruppoliturgico.com\/fr\/produit\/autel-11\/","og_locale":"fr_FR","og_type":"article","og_title":"autel - et Laboratorio Gruppo Liturgico","og_description":"Grandiose et original ouvrage compl\u00e8tement en bois sculpt\u00e9 et dor\u00e9 \u00e0 la feuille d'or avec des parties laqu\u00e9es.  Imposante est la sculpture qui repr\u00e9sente le \"Souper d'Emma\u00fcs\" renferm\u00e9e entre deux colonnes soutien-table.  Dimensions de la sculpture cm 130 x 55. Table aux mesures demand\u00e9es par le client.   Cotation sur demande.","og_url":"https:\/\/www.gruppoliturgico.com\/fr\/produit\/autel-11\/","og_site_name":"Laboratorio Gruppo Liturgico","article_modified_time":"2022-05-20T07:05:36+00:00","og_image":[{"width":1500,"height":934,"url":"https:\/\/www.gruppoliturgico.com\/wp-content\/uploads\/2022\/05\/1212.ridotto.jpg","type":"image\/jpeg"}],"twitter_card":"summary_large_image","schema":{"@context":"https:\/\/schema.org","@graph":[{"@type":"WebPage","@id":"https:\/\/www.gruppoliturgico.com\/fr\/produit\/autel-11\/","url":"https:\/\/www.gruppoliturgico.com\/fr\/produit\/autel-11\/","name":"autel - et Laboratorio Gruppo Liturgico","isPartOf":{"@id":"https:\/\/www.gruppoliturgico.com\/es\/#website"},"datePublished":"2022-05-19T23:19:52+00:00","dateModified":"2022-05-20T07:05:36+00:00","description":"Grandiose et original ouvrage compl\u00e8tement en bois sculpt\u00e9 et dor\u00e9 \u00e0 la feuille d'or avec des parties laqu\u00e9es. Imposante est la sculpture qui repr\u00e9sente le \"Souper d'Emma\u00fcs\" renferm\u00e9e entre deux colonnes soutien-table. Dimensions de la sculpture cm 130 x 55. Table aux mesures demand\u00e9es par le client. Cotation sur demande.","breadcrumb":{"@id":"https:\/\/www.gruppoliturgico.com\/fr\/produit\/autel-11\/#breadcrumb"},"inLanguage":"fr-FR","potentialAction":[{"@type":"ReadAction","target":["https:\/\/www.gruppoliturgico.com\/fr\/produit\/autel-11\/"]}]},{"@type":"BreadcrumbList","@id":"https:\/\/www.gruppoliturgico.com\/fr\/produit\/autel-11\/#breadcrumb","itemListElement":[{"@type":"ListItem","position":1,"name":"Home","item":"https:\/\/www.gruppoliturgico.com\/fr\/"},{"@type":"ListItem","position":2,"name":"Boutique","item":"https:\/\/www.gruppoliturgico.com\/fr\/boutique\/"},{"@type":"ListItem","position":3,"name":"autel"}]},{"@type":"WebSite","@id":"https:\/\/www.gruppoliturgico.com\/es\/#website","url":"https:\/\/www.gruppoliturgico.com\/es\/","name":"Laboratorio Gruppo Liturgico","description":"Articoli Religiosi online","publisher":{"@id":"https:\/\/www.gruppoliturgico.com\/es\/#organization"},"potentialAction":[{"@type":"SearchAction","target":{"@type":"EntryPoint","urlTemplate":"https:\/\/www.gruppoliturgico.com\/es\/?s={search_term_string}"},"query-input":"required name=search_term_string"}],"inLanguage":"fr-FR"},{"@type":"Organization","@id":"https:\/\/www.gruppoliturgico.com\/es\/#organization","name":"Laboratorio Gruppo Liturgico","url":"https:\/\/www.gruppoliturgico.com\/es\/","logo":{"@type":"ImageObject","inLanguage":"fr-FR","@id":"https:\/\/www.gruppoliturgico.com\/es\/#\/schema\/logo\/image\/","url":"https:\/\/www.gruppoliturgico.com\/wp-content\/uploads\/2022\/02\/logo-laboratoriogruppoliturgico.png","contentUrl":"https:\/\/www.gruppoliturgico.com\/wp-content\/uploads\/2022\/02\/logo-laboratoriogruppoliturgico.png","width":400,"height":114,"caption":"Laboratorio Gruppo Liturgico"},"image":{"@id":"https:\/\/www.gruppoliturgico.com\/es\/#\/schema\/logo\/image\/"}}]}},"_links":{"self":[{"href":"https:\/\/www.gruppoliturgico.com\/fr\/wp-json\/wp\/v2\/product\/65903"}],"collection":[{"href":"https:\/\/www.gruppoliturgico.com\/fr\/wp-json\/wp\/v2\/product"}],"about":[{"href":"https:\/\/www.gruppoliturgico.com\/fr\/wp-json\/wp\/v2\/types\/product"}],"wp:featuredmedia":[{"embeddable":true,"href":"https:\/\/www.gruppoliturgico.com\/fr\/wp-json\/wp\/v2\/media\/76242"}],"wp:attachment":[{"href":"https:\/\/www.gruppoliturgico.com\/fr\/wp-json\/wp\/v2\/media?parent=65903"}],"wp:term":[{"taxonomy":"product_cat","embeddable":true,"href":"https:\/\/www.gruppoliturgico.com\/fr\/wp-json\/wp\/v2\/product_cat?post=65903"},{"taxonomy":"product_tag","embeddable":true,"href":"https:\/\/www.gruppoliturgico.com\/fr\/wp-json\/wp\/v2\/product_tag?post=65903"}],"curies":[{"name":"wp","href":"https:\/\/api.w.org\/{rel}","templated":true}]}}