{"id":65847,"date":"2022-05-20T01:17:21","date_gmt":"2022-05-19T23:17:26","guid":{"rendered":"https:\/\/www.gruppoliturgico.com\/prodotto\/groupe-de-brebis-et-dagneaux\/"},"modified":"2024-02-19T08:24:38","modified_gmt":"2024-02-19T07:24:38","slug":"groupe-de-brebis-et-dagneaux","status":"publish","type":"product","link":"https:\/\/www.gruppoliturgico.com\/fr\/produit\/groupe-de-brebis-et-dagneaux\/","title":{"rendered":"Groupe de brebis et d\u2019agneaux"},"content":{"rendered":"<html><body><p>Statuette \u00e0 mouvement m\u00e9canique enti\u00e8rement r\u00e9alis\u00e9e et peinte \u00e0 la main.<br>\nLes brebis broutent au p\u00e2turage et s\u2019abreuvent au ruisseau \u00e0 l\u2019eau vraie.<br>\nUne brebis allaite son agneau.<br>\nDimensions cm 22 x 41 x 53.<\/p>\n<\/body><\/html>","protected":false},"excerpt":{"rendered":"<p>Statuette \u00e0 mouvement m\u00e9canique enti\u00e8rement r\u00e9alis\u00e9e et peinte \u00e0 la main.<br \/>\nLes brebis broutent au p\u00e2turage et s&rsquo;abreuvent au ruisseau \u00e0 l&rsquo;eau vraie.<br \/>\nUne brebis allaite son agneau.<br \/>\nDimensions cm 22 x 41 x 53.<\/p>\n","protected":false},"featured_media":76186,"template":"","meta":[],"product_cat":[11832],"product_tag":[],"yoast_head":"<!-- This site is optimized with the Yoast SEO plugin v20.4 - https:\/\/yoast.com\/wordpress\/plugins\/seo\/ -->\n<title>Groupe de brebis et d\u2019agneaux - statues au mouvement m\u00e9canique et Laboratorio Gruppo Liturgico<\/title>\n<meta name=\"description\" content=\"Statuette \u00e0 mouvement m\u00e9canique enti\u00e8rement r\u00e9alis\u00e9e et peinte \u00e0 la main. Les brebis broutent au p\u00e2turage et s&#039;abreuvent au ruisseau \u00e0 l&#039;eau vraie. Une brebis allaite son agneau. Dimensions cm 22 x 41 x 53.\" \/>\n<meta name=\"robots\" content=\"index, follow, max-snippet:-1, max-image-preview:large, max-video-preview:-1\" \/>\n<link rel=\"canonical\" href=\"https:\/\/www.gruppoliturgico.com\/fr\/produit\/groupe-de-brebis-et-dagneaux\/\" \/>\n<meta property=\"og:locale\" content=\"fr_FR\" \/>\n<meta property=\"og:type\" content=\"article\" \/>\n<meta property=\"og:title\" content=\"Groupe de brebis et d\u2019agneaux - statues au mouvement m\u00e9canique et Laboratorio Gruppo Liturgico\" \/>\n<meta property=\"og:description\" content=\"Statuette \u00e0 mouvement m\u00e9canique enti\u00e8rement r\u00e9alis\u00e9e et peinte \u00e0 la main. Les brebis broutent au p\u00e2turage et s&#039;abreuvent au ruisseau \u00e0 l&#039;eau vraie. Une brebis allaite son agneau. Dimensions cm 22 x 41 x 53.\" \/>\n<meta property=\"og:url\" content=\"https:\/\/www.gruppoliturgico.com\/fr\/produit\/groupe-de-brebis-et-dagneaux\/\" \/>\n<meta property=\"og:site_name\" content=\"Laboratorio Gruppo Liturgico\" \/>\n<meta property=\"article:modified_time\" content=\"2024-02-19T07:24:38+00:00\" \/>\n<meta property=\"og:image\" content=\"https:\/\/www.gruppoliturgico.com\/wp-content\/uploads\/2022\/05\/1726.jpg\" \/>\n\t<meta property=\"og:image:width\" content=\"1500\" \/>\n\t<meta property=\"og:image:height\" content=\"1102\" \/>\n\t<meta property=\"og:image:type\" content=\"image\/jpeg\" \/>\n<meta name=\"twitter:card\" content=\"summary_large_image\" \/>\n<script type=\"application\/ld+json\" class=\"yoast-schema-graph\">{\"@context\":\"https:\/\/schema.org\",\"@graph\":[{\"@type\":\"WebPage\",\"@id\":\"https:\/\/www.gruppoliturgico.com\/fr\/produit\/groupe-de-brebis-et-dagneaux\/\",\"url\":\"https:\/\/www.gruppoliturgico.com\/fr\/produit\/groupe-de-brebis-et-dagneaux\/\",\"name\":\"Groupe de brebis et d\u2019agneaux - statues au mouvement m\u00e9canique et Laboratorio Gruppo Liturgico\",\"isPartOf\":{\"@id\":\"https:\/\/www.gruppoliturgico.com\/es\/#website\"},\"datePublished\":\"2022-05-19T23:17:26+00:00\",\"dateModified\":\"2024-02-19T07:24:38+00:00\",\"description\":\"Statuette \u00e0 mouvement m\u00e9canique enti\u00e8rement r\u00e9alis\u00e9e et peinte \u00e0 la main. Les brebis broutent au p\u00e2turage et s'abreuvent au ruisseau \u00e0 l'eau vraie. Une brebis allaite son agneau. Dimensions cm 22 x 41 x 53.\",\"breadcrumb\":{\"@id\":\"https:\/\/www.gruppoliturgico.com\/fr\/produit\/groupe-de-brebis-et-dagneaux\/#breadcrumb\"},\"inLanguage\":\"fr-FR\",\"potentialAction\":[{\"@type\":\"ReadAction\",\"target\":[\"https:\/\/www.gruppoliturgico.com\/fr\/produit\/groupe-de-brebis-et-dagneaux\/\"]}]},{\"@type\":\"BreadcrumbList\",\"@id\":\"https:\/\/www.gruppoliturgico.com\/fr\/produit\/groupe-de-brebis-et-dagneaux\/#breadcrumb\",\"itemListElement\":[{\"@type\":\"ListItem\",\"position\":1,\"name\":\"Home\",\"item\":\"https:\/\/www.gruppoliturgico.com\/fr\/\"},{\"@type\":\"ListItem\",\"position\":2,\"name\":\"Boutique\",\"item\":\"https:\/\/www.gruppoliturgico.com\/fr\/boutique\/\"},{\"@type\":\"ListItem\",\"position\":3,\"name\":\"Groupe de brebis et d\u2019agneaux\"}]},{\"@type\":\"WebSite\",\"@id\":\"https:\/\/www.gruppoliturgico.com\/es\/#website\",\"url\":\"https:\/\/www.gruppoliturgico.com\/es\/\",\"name\":\"Laboratorio Gruppo Liturgico\",\"description\":\"Articoli Religiosi online\",\"publisher\":{\"@id\":\"https:\/\/www.gruppoliturgico.com\/es\/#organization\"},\"potentialAction\":[{\"@type\":\"SearchAction\",\"target\":{\"@type\":\"EntryPoint\",\"urlTemplate\":\"https:\/\/www.gruppoliturgico.com\/es\/?s={search_term_string}\"},\"query-input\":\"required name=search_term_string\"}],\"inLanguage\":\"fr-FR\"},{\"@type\":\"Organization\",\"@id\":\"https:\/\/www.gruppoliturgico.com\/es\/#organization\",\"name\":\"Laboratorio Gruppo Liturgico\",\"url\":\"https:\/\/www.gruppoliturgico.com\/es\/\",\"logo\":{\"@type\":\"ImageObject\",\"inLanguage\":\"fr-FR\",\"@id\":\"https:\/\/www.gruppoliturgico.com\/es\/#\/schema\/logo\/image\/\",\"url\":\"https:\/\/www.gruppoliturgico.com\/wp-content\/uploads\/2022\/02\/logo-laboratoriogruppoliturgico.png\",\"contentUrl\":\"https:\/\/www.gruppoliturgico.com\/wp-content\/uploads\/2022\/02\/logo-laboratoriogruppoliturgico.png\",\"width\":400,\"height\":114,\"caption\":\"Laboratorio Gruppo Liturgico\"},\"image\":{\"@id\":\"https:\/\/www.gruppoliturgico.com\/es\/#\/schema\/logo\/image\/\"}}]}<\/script>\n<!-- \/ Yoast SEO plugin. -->","yoast_head_json":{"title":"Groupe de brebis et d\u2019agneaux - statues au mouvement m\u00e9canique et Laboratorio Gruppo Liturgico","description":"Statuette \u00e0 mouvement m\u00e9canique enti\u00e8rement r\u00e9alis\u00e9e et peinte \u00e0 la main. Les brebis broutent au p\u00e2turage et s'abreuvent au ruisseau \u00e0 l'eau vraie. Une brebis allaite son agneau. Dimensions cm 22 x 41 x 53.","robots":{"index":"index","follow":"follow","max-snippet":"max-snippet:-1","max-image-preview":"max-image-preview:large","max-video-preview":"max-video-preview:-1"},"canonical":"https:\/\/www.gruppoliturgico.com\/fr\/produit\/groupe-de-brebis-et-dagneaux\/","og_locale":"fr_FR","og_type":"article","og_title":"Groupe de brebis et d\u2019agneaux - statues au mouvement m\u00e9canique et Laboratorio Gruppo Liturgico","og_description":"Statuette \u00e0 mouvement m\u00e9canique enti\u00e8rement r\u00e9alis\u00e9e et peinte \u00e0 la main. Les brebis broutent au p\u00e2turage et s'abreuvent au ruisseau \u00e0 l'eau vraie. Une brebis allaite son agneau. Dimensions cm 22 x 41 x 53.","og_url":"https:\/\/www.gruppoliturgico.com\/fr\/produit\/groupe-de-brebis-et-dagneaux\/","og_site_name":"Laboratorio Gruppo Liturgico","article_modified_time":"2024-02-19T07:24:38+00:00","og_image":[{"width":1500,"height":1102,"url":"https:\/\/www.gruppoliturgico.com\/wp-content\/uploads\/2022\/05\/1726.jpg","type":"image\/jpeg"}],"twitter_card":"summary_large_image","schema":{"@context":"https:\/\/schema.org","@graph":[{"@type":"WebPage","@id":"https:\/\/www.gruppoliturgico.com\/fr\/produit\/groupe-de-brebis-et-dagneaux\/","url":"https:\/\/www.gruppoliturgico.com\/fr\/produit\/groupe-de-brebis-et-dagneaux\/","name":"Groupe de brebis et d\u2019agneaux - statues au mouvement m\u00e9canique et Laboratorio Gruppo Liturgico","isPartOf":{"@id":"https:\/\/www.gruppoliturgico.com\/es\/#website"},"datePublished":"2022-05-19T23:17:26+00:00","dateModified":"2024-02-19T07:24:38+00:00","description":"Statuette \u00e0 mouvement m\u00e9canique enti\u00e8rement r\u00e9alis\u00e9e et peinte \u00e0 la main. Les brebis broutent au p\u00e2turage et s'abreuvent au ruisseau \u00e0 l'eau vraie. Une brebis allaite son agneau. Dimensions cm 22 x 41 x 53.","breadcrumb":{"@id":"https:\/\/www.gruppoliturgico.com\/fr\/produit\/groupe-de-brebis-et-dagneaux\/#breadcrumb"},"inLanguage":"fr-FR","potentialAction":[{"@type":"ReadAction","target":["https:\/\/www.gruppoliturgico.com\/fr\/produit\/groupe-de-brebis-et-dagneaux\/"]}]},{"@type":"BreadcrumbList","@id":"https:\/\/www.gruppoliturgico.com\/fr\/produit\/groupe-de-brebis-et-dagneaux\/#breadcrumb","itemListElement":[{"@type":"ListItem","position":1,"name":"Home","item":"https:\/\/www.gruppoliturgico.com\/fr\/"},{"@type":"ListItem","position":2,"name":"Boutique","item":"https:\/\/www.gruppoliturgico.com\/fr\/boutique\/"},{"@type":"ListItem","position":3,"name":"Groupe de brebis et d\u2019agneaux"}]},{"@type":"WebSite","@id":"https:\/\/www.gruppoliturgico.com\/es\/#website","url":"https:\/\/www.gruppoliturgico.com\/es\/","name":"Laboratorio Gruppo Liturgico","description":"Articoli Religiosi online","publisher":{"@id":"https:\/\/www.gruppoliturgico.com\/es\/#organization"},"potentialAction":[{"@type":"SearchAction","target":{"@type":"EntryPoint","urlTemplate":"https:\/\/www.gruppoliturgico.com\/es\/?s={search_term_string}"},"query-input":"required name=search_term_string"}],"inLanguage":"fr-FR"},{"@type":"Organization","@id":"https:\/\/www.gruppoliturgico.com\/es\/#organization","name":"Laboratorio Gruppo Liturgico","url":"https:\/\/www.gruppoliturgico.com\/es\/","logo":{"@type":"ImageObject","inLanguage":"fr-FR","@id":"https:\/\/www.gruppoliturgico.com\/es\/#\/schema\/logo\/image\/","url":"https:\/\/www.gruppoliturgico.com\/wp-content\/uploads\/2022\/02\/logo-laboratoriogruppoliturgico.png","contentUrl":"https:\/\/www.gruppoliturgico.com\/wp-content\/uploads\/2022\/02\/logo-laboratoriogruppoliturgico.png","width":400,"height":114,"caption":"Laboratorio Gruppo Liturgico"},"image":{"@id":"https:\/\/www.gruppoliturgico.com\/es\/#\/schema\/logo\/image\/"}}]}},"_links":{"self":[{"href":"https:\/\/www.gruppoliturgico.com\/fr\/wp-json\/wp\/v2\/product\/65847"}],"collection":[{"href":"https:\/\/www.gruppoliturgico.com\/fr\/wp-json\/wp\/v2\/product"}],"about":[{"href":"https:\/\/www.gruppoliturgico.com\/fr\/wp-json\/wp\/v2\/types\/product"}],"wp:featuredmedia":[{"embeddable":true,"href":"https:\/\/www.gruppoliturgico.com\/fr\/wp-json\/wp\/v2\/media\/76186"}],"wp:attachment":[{"href":"https:\/\/www.gruppoliturgico.com\/fr\/wp-json\/wp\/v2\/media?parent=65847"}],"wp:term":[{"taxonomy":"product_cat","embeddable":true,"href":"https:\/\/www.gruppoliturgico.com\/fr\/wp-json\/wp\/v2\/product_cat?post=65847"},{"taxonomy":"product_tag","embeddable":true,"href":"https:\/\/www.gruppoliturgico.com\/fr\/wp-json\/wp\/v2\/product_tag?post=65847"}],"curies":[{"name":"wp","href":"https:\/\/api.w.org\/{rel}","templated":true}]}}