{"id":65739,"date":"2022-05-20T01:11:00","date_gmt":"2022-05-19T23:11:44","guid":{"rendered":"https:\/\/www.gruppoliturgico.com\/prodotto\/trois-mages-2\/"},"modified":"2022-11-08T14:51:34","modified_gmt":"2022-11-08T13:51:34","slug":"trois-mages-2","status":"publish","type":"product","link":"https:\/\/www.gruppoliturgico.com\/fr\/produit\/trois-mages-2\/","title":{"rendered":"Trois Mages"},"content":{"rendered":"<html><body><p>Trois Mages en dolomie, r\u00e9alis\u00e9 par les religieuses de l\u2019Ordre de Bethl\u00e9em.<br>\nEnti\u00e8rement d\u00e9cor\u00e9e \u00e0 la main.<br>\nDisponibles en blanc ou en couleur.<br>\nPrix sp\u00e9cial des trois pi\u00e8ces<br>\nDimensions<br>\nRoi blanc cm 43<br>\nRoi noir cm 37<br>\nRoi mul\u00e2tre en genoux cm 23 <\/p>\n<\/body><\/html>","protected":false},"excerpt":{"rendered":"<p>Trois Mages en dolomie, r\u00e9alis\u00e9 par les religieuses de l\u2019Ordre de Bethl\u00e9em.<br \/>\nEnti\u00e8rement d\u00e9cor\u00e9e \u00e0 la main.<br \/>\nDisponibles en blanc ou en couleur.<br \/>\nPrix sp\u00e9cial des trois pi\u00e8ces<br \/>\nDimensions<br \/>\nRoi blanc cm 43<br \/>\nRoi noir cm 37<br \/>\nRoi mul\u00e2tre en genoux cm 23<\/p>\n","protected":false},"featured_media":135229,"template":"","meta":[],"product_cat":[11828],"product_tag":[],"yoast_head":"<!-- This site is optimized with the Yoast SEO plugin v20.4 - https:\/\/yoast.com\/wordpress\/plugins\/seo\/ -->\n<title>Trois Mages - Cr\u00e8che Soeurs de Bethl\u00e9em et Laboratorio Gruppo Liturgico<\/title>\n<meta name=\"description\" content=\"Trois Mages en dolomie, r\u00e9alis\u00e9 par les religieuses de l\u2019Ordre de Bethl\u00e9em. Enti\u00e8rement d\u00e9cor\u00e9e \u00e0 la main. Disponibles en blanc ou en couleur. Prix sp\u00e9cial des trois pi\u00e8ces Dimensions Roi blanc cm 43 Roi noir cm 37  Roi mul\u00e2tre en genoux cm 23\" \/>\n<meta name=\"robots\" content=\"index, follow, max-snippet:-1, max-image-preview:large, max-video-preview:-1\" \/>\n<link rel=\"canonical\" href=\"https:\/\/www.gruppoliturgico.com\/fr\/produit\/trois-mages-2\/\" \/>\n<meta property=\"og:locale\" content=\"fr_FR\" \/>\n<meta property=\"og:type\" content=\"article\" \/>\n<meta property=\"og:title\" content=\"Trois Mages - Cr\u00e8che Soeurs de Bethl\u00e9em et Laboratorio Gruppo Liturgico\" \/>\n<meta property=\"og:description\" content=\"Trois Mages en dolomie, r\u00e9alis\u00e9 par les religieuses de l\u2019Ordre de Bethl\u00e9em. Enti\u00e8rement d\u00e9cor\u00e9e \u00e0 la main. Disponibles en blanc ou en couleur. Prix sp\u00e9cial des trois pi\u00e8ces Dimensions Roi blanc cm 43 Roi noir cm 37  Roi mul\u00e2tre en genoux cm 23\" \/>\n<meta property=\"og:url\" content=\"https:\/\/www.gruppoliturgico.com\/fr\/produit\/trois-mages-2\/\" \/>\n<meta property=\"og:site_name\" content=\"Laboratorio Gruppo Liturgico\" \/>\n<meta property=\"article:modified_time\" content=\"2022-11-08T13:51:34+00:00\" \/>\n<meta property=\"og:image\" content=\"https:\/\/www.gruppoliturgico.com\/wp-content\/uploads\/2022\/05\/re20magi.jpg\" \/>\n\t<meta property=\"og:image:width\" content=\"876\" \/>\n\t<meta property=\"og:image:height\" content=\"1500\" \/>\n\t<meta property=\"og:image:type\" content=\"image\/jpeg\" \/>\n<meta name=\"twitter:card\" content=\"summary_large_image\" \/>\n<script type=\"application\/ld+json\" class=\"yoast-schema-graph\">{\"@context\":\"https:\/\/schema.org\",\"@graph\":[{\"@type\":\"WebPage\",\"@id\":\"https:\/\/www.gruppoliturgico.com\/fr\/produit\/trois-mages-2\/\",\"url\":\"https:\/\/www.gruppoliturgico.com\/fr\/produit\/trois-mages-2\/\",\"name\":\"Trois Mages - Cr\u00e8che Soeurs de Bethl\u00e9em et Laboratorio Gruppo Liturgico\",\"isPartOf\":{\"@id\":\"https:\/\/www.gruppoliturgico.com\/es\/#website\"},\"datePublished\":\"2022-05-19T23:11:44+00:00\",\"dateModified\":\"2022-11-08T13:51:34+00:00\",\"description\":\"Trois Mages en dolomie, r\u00e9alis\u00e9 par les religieuses de l\u2019Ordre de Bethl\u00e9em. Enti\u00e8rement d\u00e9cor\u00e9e \u00e0 la main. Disponibles en blanc ou en couleur. Prix sp\u00e9cial des trois pi\u00e8ces Dimensions Roi blanc cm 43 Roi noir cm 37 Roi mul\u00e2tre en genoux cm 23\",\"breadcrumb\":{\"@id\":\"https:\/\/www.gruppoliturgico.com\/fr\/produit\/trois-mages-2\/#breadcrumb\"},\"inLanguage\":\"fr-FR\",\"potentialAction\":[{\"@type\":\"ReadAction\",\"target\":[\"https:\/\/www.gruppoliturgico.com\/fr\/produit\/trois-mages-2\/\"]}]},{\"@type\":\"BreadcrumbList\",\"@id\":\"https:\/\/www.gruppoliturgico.com\/fr\/produit\/trois-mages-2\/#breadcrumb\",\"itemListElement\":[{\"@type\":\"ListItem\",\"position\":1,\"name\":\"Home\",\"item\":\"https:\/\/www.gruppoliturgico.com\/fr\/\"},{\"@type\":\"ListItem\",\"position\":2,\"name\":\"Boutique\",\"item\":\"https:\/\/www.gruppoliturgico.com\/fr\/boutique\/\"},{\"@type\":\"ListItem\",\"position\":3,\"name\":\"Trois Mages\"}]},{\"@type\":\"WebSite\",\"@id\":\"https:\/\/www.gruppoliturgico.com\/es\/#website\",\"url\":\"https:\/\/www.gruppoliturgico.com\/es\/\",\"name\":\"Laboratorio Gruppo Liturgico\",\"description\":\"Articoli Religiosi online\",\"publisher\":{\"@id\":\"https:\/\/www.gruppoliturgico.com\/es\/#organization\"},\"potentialAction\":[{\"@type\":\"SearchAction\",\"target\":{\"@type\":\"EntryPoint\",\"urlTemplate\":\"https:\/\/www.gruppoliturgico.com\/es\/?s={search_term_string}\"},\"query-input\":\"required name=search_term_string\"}],\"inLanguage\":\"fr-FR\"},{\"@type\":\"Organization\",\"@id\":\"https:\/\/www.gruppoliturgico.com\/es\/#organization\",\"name\":\"Laboratorio Gruppo Liturgico\",\"url\":\"https:\/\/www.gruppoliturgico.com\/es\/\",\"logo\":{\"@type\":\"ImageObject\",\"inLanguage\":\"fr-FR\",\"@id\":\"https:\/\/www.gruppoliturgico.com\/es\/#\/schema\/logo\/image\/\",\"url\":\"https:\/\/www.gruppoliturgico.com\/wp-content\/uploads\/2022\/02\/logo-laboratoriogruppoliturgico.png\",\"contentUrl\":\"https:\/\/www.gruppoliturgico.com\/wp-content\/uploads\/2022\/02\/logo-laboratoriogruppoliturgico.png\",\"width\":400,\"height\":114,\"caption\":\"Laboratorio Gruppo Liturgico\"},\"image\":{\"@id\":\"https:\/\/www.gruppoliturgico.com\/es\/#\/schema\/logo\/image\/\"}}]}<\/script>\n<!-- \/ Yoast SEO plugin. -->","yoast_head_json":{"title":"Trois Mages - Cr\u00e8che Soeurs de Bethl\u00e9em et Laboratorio Gruppo Liturgico","description":"Trois Mages en dolomie, r\u00e9alis\u00e9 par les religieuses de l\u2019Ordre de Bethl\u00e9em. Enti\u00e8rement d\u00e9cor\u00e9e \u00e0 la main. Disponibles en blanc ou en couleur. Prix sp\u00e9cial des trois pi\u00e8ces Dimensions Roi blanc cm 43 Roi noir cm 37  Roi mul\u00e2tre en genoux cm 23","robots":{"index":"index","follow":"follow","max-snippet":"max-snippet:-1","max-image-preview":"max-image-preview:large","max-video-preview":"max-video-preview:-1"},"canonical":"https:\/\/www.gruppoliturgico.com\/fr\/produit\/trois-mages-2\/","og_locale":"fr_FR","og_type":"article","og_title":"Trois Mages - Cr\u00e8che Soeurs de Bethl\u00e9em et Laboratorio Gruppo Liturgico","og_description":"Trois Mages en dolomie, r\u00e9alis\u00e9 par les religieuses de l\u2019Ordre de Bethl\u00e9em. Enti\u00e8rement d\u00e9cor\u00e9e \u00e0 la main. Disponibles en blanc ou en couleur. Prix sp\u00e9cial des trois pi\u00e8ces Dimensions Roi blanc cm 43 Roi noir cm 37  Roi mul\u00e2tre en genoux cm 23","og_url":"https:\/\/www.gruppoliturgico.com\/fr\/produit\/trois-mages-2\/","og_site_name":"Laboratorio Gruppo Liturgico","article_modified_time":"2022-11-08T13:51:34+00:00","og_image":[{"width":876,"height":1500,"url":"https:\/\/www.gruppoliturgico.com\/wp-content\/uploads\/2022\/05\/re20magi.jpg","type":"image\/jpeg"}],"twitter_card":"summary_large_image","schema":{"@context":"https:\/\/schema.org","@graph":[{"@type":"WebPage","@id":"https:\/\/www.gruppoliturgico.com\/fr\/produit\/trois-mages-2\/","url":"https:\/\/www.gruppoliturgico.com\/fr\/produit\/trois-mages-2\/","name":"Trois Mages - Cr\u00e8che Soeurs de Bethl\u00e9em et Laboratorio Gruppo Liturgico","isPartOf":{"@id":"https:\/\/www.gruppoliturgico.com\/es\/#website"},"datePublished":"2022-05-19T23:11:44+00:00","dateModified":"2022-11-08T13:51:34+00:00","description":"Trois Mages en dolomie, r\u00e9alis\u00e9 par les religieuses de l\u2019Ordre de Bethl\u00e9em. Enti\u00e8rement d\u00e9cor\u00e9e \u00e0 la main. Disponibles en blanc ou en couleur. Prix sp\u00e9cial des trois pi\u00e8ces Dimensions Roi blanc cm 43 Roi noir cm 37 Roi mul\u00e2tre en genoux cm 23","breadcrumb":{"@id":"https:\/\/www.gruppoliturgico.com\/fr\/produit\/trois-mages-2\/#breadcrumb"},"inLanguage":"fr-FR","potentialAction":[{"@type":"ReadAction","target":["https:\/\/www.gruppoliturgico.com\/fr\/produit\/trois-mages-2\/"]}]},{"@type":"BreadcrumbList","@id":"https:\/\/www.gruppoliturgico.com\/fr\/produit\/trois-mages-2\/#breadcrumb","itemListElement":[{"@type":"ListItem","position":1,"name":"Home","item":"https:\/\/www.gruppoliturgico.com\/fr\/"},{"@type":"ListItem","position":2,"name":"Boutique","item":"https:\/\/www.gruppoliturgico.com\/fr\/boutique\/"},{"@type":"ListItem","position":3,"name":"Trois Mages"}]},{"@type":"WebSite","@id":"https:\/\/www.gruppoliturgico.com\/es\/#website","url":"https:\/\/www.gruppoliturgico.com\/es\/","name":"Laboratorio Gruppo Liturgico","description":"Articoli Religiosi online","publisher":{"@id":"https:\/\/www.gruppoliturgico.com\/es\/#organization"},"potentialAction":[{"@type":"SearchAction","target":{"@type":"EntryPoint","urlTemplate":"https:\/\/www.gruppoliturgico.com\/es\/?s={search_term_string}"},"query-input":"required name=search_term_string"}],"inLanguage":"fr-FR"},{"@type":"Organization","@id":"https:\/\/www.gruppoliturgico.com\/es\/#organization","name":"Laboratorio Gruppo Liturgico","url":"https:\/\/www.gruppoliturgico.com\/es\/","logo":{"@type":"ImageObject","inLanguage":"fr-FR","@id":"https:\/\/www.gruppoliturgico.com\/es\/#\/schema\/logo\/image\/","url":"https:\/\/www.gruppoliturgico.com\/wp-content\/uploads\/2022\/02\/logo-laboratoriogruppoliturgico.png","contentUrl":"https:\/\/www.gruppoliturgico.com\/wp-content\/uploads\/2022\/02\/logo-laboratoriogruppoliturgico.png","width":400,"height":114,"caption":"Laboratorio Gruppo Liturgico"},"image":{"@id":"https:\/\/www.gruppoliturgico.com\/es\/#\/schema\/logo\/image\/"}}]}},"_links":{"self":[{"href":"https:\/\/www.gruppoliturgico.com\/fr\/wp-json\/wp\/v2\/product\/65739"}],"collection":[{"href":"https:\/\/www.gruppoliturgico.com\/fr\/wp-json\/wp\/v2\/product"}],"about":[{"href":"https:\/\/www.gruppoliturgico.com\/fr\/wp-json\/wp\/v2\/types\/product"}],"wp:featuredmedia":[{"embeddable":true,"href":"https:\/\/www.gruppoliturgico.com\/fr\/wp-json\/wp\/v2\/media\/135229"}],"wp:attachment":[{"href":"https:\/\/www.gruppoliturgico.com\/fr\/wp-json\/wp\/v2\/media?parent=65739"}],"wp:term":[{"taxonomy":"product_cat","embeddable":true,"href":"https:\/\/www.gruppoliturgico.com\/fr\/wp-json\/wp\/v2\/product_cat?post=65739"},{"taxonomy":"product_tag","embeddable":true,"href":"https:\/\/www.gruppoliturgico.com\/fr\/wp-json\/wp\/v2\/product_tag?post=65739"}],"curies":[{"name":"wp","href":"https:\/\/api.w.org\/{rel}","templated":true}]}}