{"id":65735,"date":"2022-05-20T01:11:00","date_gmt":"2022-05-19T23:11:32","guid":{"rendered":"https:\/\/www.gruppoliturgico.com\/prodotto\/creche-de-noel-soeurs-de-bethleem-2\/"},"modified":"2022-11-08T10:30:58","modified_gmt":"2022-11-08T09:30:58","slug":"creche-de-noel-soeurs-de-bethleem-2","status":"publish","type":"product","link":"https:\/\/www.gruppoliturgico.com\/fr\/produit\/creche-de-noel-soeurs-de-bethleem-2\/","title":{"rendered":"Cr\u00e8che de N\u00f6el Soeurs de Bethl\u00e9em"},"content":{"rendered":"<html><body><p>Sainte Famille en dolomie, elle est r\u00e9alis\u00e9e par les religieuses de l\u2019Ordre de Bethl\u00e9em.<br>\nEnti\u00e8rement d\u00e9cor\u00e9e \u00e0 la main.<br>\nLes statues de la Vierge et de Saint Joseph peuvent avoir les v\u00eatements en blanc ou en rouge, au choix.<br>\nLe complet de trois pi\u00e8ces prix sp\u00e9cial.<br>\nDimensions<br>\nSainte Vierge cm 27<br>\nSaint Joseph cm 27<br>\nPetit Enfant d\u00e9tachable cm 13<\/p>\n<\/body><\/html>","protected":false},"excerpt":{"rendered":"<p>Sainte Famille en dolomie, elle est r\u00e9alis\u00e9e par les religieuses de l\u2019Ordre de Bethl\u00e9em.<br \/>\nEnti\u00e8rement d\u00e9cor\u00e9e \u00e0 la main.<br \/>\nLes statues de la Vierge et de Saint Joseph peuvent avoir les v\u00eatements en blanc ou en rouge, au choix.<br \/>\nLe complet de trois pi\u00e8ces prix sp\u00e9cial.<br \/>\nDimensions<br \/>\nSainte Vierge cm 27<br \/>\nSaint Joseph cm 27<br \/>\nPetit Enfant d\u00e9tachable cm 13 <\/p>\n","protected":false},"featured_media":76074,"template":"","meta":[],"product_cat":[11828],"product_tag":[],"yoast_head":"<!-- This site is optimized with the Yoast SEO plugin v20.4 - https:\/\/yoast.com\/wordpress\/plugins\/seo\/ -->\n<title>Cr\u00e8che de N\u00f6el Soeurs de Bethl\u00e9em - Cr\u00e8che Soeurs de Bethl\u00e9em et Laboratorio Gruppo Liturgico<\/title>\n<meta name=\"description\" content=\"Sainte Famille en dolomie, elle est r\u00e9alis\u00e9e par les religieuses de l\u2019Ordre de Bethl\u00e9em. Enti\u00e8rement d\u00e9cor\u00e9e \u00e0 la main. Les statues de la Vierge et de Saint Joseph peuvent avoir les v\u00eatements en blanc ou en rouge, au choix. Le complet de trois pi\u00e8ces prix sp\u00e9cial. Dimensions Sainte Vierge cm 27 Saint Joseph cm 27 Petit Enfant d\u00e9tachable cm 13\" \/>\n<meta name=\"robots\" content=\"index, follow, max-snippet:-1, max-image-preview:large, max-video-preview:-1\" \/>\n<link rel=\"canonical\" href=\"https:\/\/www.gruppoliturgico.com\/fr\/produit\/creche-de-noel-soeurs-de-bethleem-2\/\" \/>\n<meta property=\"og:locale\" content=\"fr_FR\" \/>\n<meta property=\"og:type\" content=\"article\" \/>\n<meta property=\"og:title\" content=\"Cr\u00e8che de N\u00f6el Soeurs de Bethl\u00e9em - Cr\u00e8che Soeurs de Bethl\u00e9em et Laboratorio Gruppo Liturgico\" \/>\n<meta property=\"og:description\" content=\"Sainte Famille en dolomie, elle est r\u00e9alis\u00e9e par les religieuses de l\u2019Ordre de Bethl\u00e9em. Enti\u00e8rement d\u00e9cor\u00e9e \u00e0 la main. Les statues de la Vierge et de Saint Joseph peuvent avoir les v\u00eatements en blanc ou en rouge, au choix. Le complet de trois pi\u00e8ces prix sp\u00e9cial. Dimensions Sainte Vierge cm 27 Saint Joseph cm 27 Petit Enfant d\u00e9tachable cm 13\" \/>\n<meta property=\"og:url\" content=\"https:\/\/www.gruppoliturgico.com\/fr\/produit\/creche-de-noel-soeurs-de-bethleem-2\/\" \/>\n<meta property=\"og:site_name\" content=\"Laboratorio Gruppo Liturgico\" \/>\n<meta property=\"article:modified_time\" content=\"2022-11-08T09:30:58+00:00\" \/>\n<meta property=\"og:image\" content=\"https:\/\/www.gruppoliturgico.com\/wp-content\/uploads\/2022\/05\/1744.rosso_.jpg\" \/>\n\t<meta property=\"og:image:width\" content=\"1462\" \/>\n\t<meta property=\"og:image:height\" content=\"1500\" \/>\n\t<meta property=\"og:image:type\" content=\"image\/jpeg\" \/>\n<meta name=\"twitter:card\" content=\"summary_large_image\" \/>\n<script type=\"application\/ld+json\" class=\"yoast-schema-graph\">{\"@context\":\"https:\/\/schema.org\",\"@graph\":[{\"@type\":\"WebPage\",\"@id\":\"https:\/\/www.gruppoliturgico.com\/fr\/produit\/creche-de-noel-soeurs-de-bethleem-2\/\",\"url\":\"https:\/\/www.gruppoliturgico.com\/fr\/produit\/creche-de-noel-soeurs-de-bethleem-2\/\",\"name\":\"Cr\u00e8che de N\u00f6el Soeurs de Bethl\u00e9em - Cr\u00e8che Soeurs de Bethl\u00e9em et Laboratorio Gruppo Liturgico\",\"isPartOf\":{\"@id\":\"https:\/\/www.gruppoliturgico.com\/es\/#website\"},\"datePublished\":\"2022-05-19T23:11:32+00:00\",\"dateModified\":\"2022-11-08T09:30:58+00:00\",\"description\":\"Sainte Famille en dolomie, elle est r\u00e9alis\u00e9e par les religieuses de l\u2019Ordre de Bethl\u00e9em. Enti\u00e8rement d\u00e9cor\u00e9e \u00e0 la main. Les statues de la Vierge et de Saint Joseph peuvent avoir les v\u00eatements en blanc ou en rouge, au choix. Le complet de trois pi\u00e8ces prix sp\u00e9cial. Dimensions Sainte Vierge cm 27 Saint Joseph cm 27 Petit Enfant d\u00e9tachable cm 13\",\"breadcrumb\":{\"@id\":\"https:\/\/www.gruppoliturgico.com\/fr\/produit\/creche-de-noel-soeurs-de-bethleem-2\/#breadcrumb\"},\"inLanguage\":\"fr-FR\",\"potentialAction\":[{\"@type\":\"ReadAction\",\"target\":[\"https:\/\/www.gruppoliturgico.com\/fr\/produit\/creche-de-noel-soeurs-de-bethleem-2\/\"]}]},{\"@type\":\"BreadcrumbList\",\"@id\":\"https:\/\/www.gruppoliturgico.com\/fr\/produit\/creche-de-noel-soeurs-de-bethleem-2\/#breadcrumb\",\"itemListElement\":[{\"@type\":\"ListItem\",\"position\":1,\"name\":\"Home\",\"item\":\"https:\/\/www.gruppoliturgico.com\/fr\/\"},{\"@type\":\"ListItem\",\"position\":2,\"name\":\"Boutique\",\"item\":\"https:\/\/www.gruppoliturgico.com\/fr\/boutique\/\"},{\"@type\":\"ListItem\",\"position\":3,\"name\":\"Cr\u00e8che de N\u00f6el Soeurs de Bethl\u00e9em\"}]},{\"@type\":\"WebSite\",\"@id\":\"https:\/\/www.gruppoliturgico.com\/es\/#website\",\"url\":\"https:\/\/www.gruppoliturgico.com\/es\/\",\"name\":\"Laboratorio Gruppo Liturgico\",\"description\":\"Articoli Religiosi online\",\"publisher\":{\"@id\":\"https:\/\/www.gruppoliturgico.com\/es\/#organization\"},\"potentialAction\":[{\"@type\":\"SearchAction\",\"target\":{\"@type\":\"EntryPoint\",\"urlTemplate\":\"https:\/\/www.gruppoliturgico.com\/es\/?s={search_term_string}\"},\"query-input\":\"required name=search_term_string\"}],\"inLanguage\":\"fr-FR\"},{\"@type\":\"Organization\",\"@id\":\"https:\/\/www.gruppoliturgico.com\/es\/#organization\",\"name\":\"Laboratorio Gruppo Liturgico\",\"url\":\"https:\/\/www.gruppoliturgico.com\/es\/\",\"logo\":{\"@type\":\"ImageObject\",\"inLanguage\":\"fr-FR\",\"@id\":\"https:\/\/www.gruppoliturgico.com\/es\/#\/schema\/logo\/image\/\",\"url\":\"https:\/\/www.gruppoliturgico.com\/wp-content\/uploads\/2022\/02\/logo-laboratoriogruppoliturgico.png\",\"contentUrl\":\"https:\/\/www.gruppoliturgico.com\/wp-content\/uploads\/2022\/02\/logo-laboratoriogruppoliturgico.png\",\"width\":400,\"height\":114,\"caption\":\"Laboratorio Gruppo Liturgico\"},\"image\":{\"@id\":\"https:\/\/www.gruppoliturgico.com\/es\/#\/schema\/logo\/image\/\"}}]}<\/script>\n<!-- \/ Yoast SEO plugin. -->","yoast_head_json":{"title":"Cr\u00e8che de N\u00f6el Soeurs de Bethl\u00e9em - Cr\u00e8che Soeurs de Bethl\u00e9em et Laboratorio Gruppo Liturgico","description":"Sainte Famille en dolomie, elle est r\u00e9alis\u00e9e par les religieuses de l\u2019Ordre de Bethl\u00e9em. Enti\u00e8rement d\u00e9cor\u00e9e \u00e0 la main. Les statues de la Vierge et de Saint Joseph peuvent avoir les v\u00eatements en blanc ou en rouge, au choix. Le complet de trois pi\u00e8ces prix sp\u00e9cial. Dimensions Sainte Vierge cm 27 Saint Joseph cm 27 Petit Enfant d\u00e9tachable cm 13","robots":{"index":"index","follow":"follow","max-snippet":"max-snippet:-1","max-image-preview":"max-image-preview:large","max-video-preview":"max-video-preview:-1"},"canonical":"https:\/\/www.gruppoliturgico.com\/fr\/produit\/creche-de-noel-soeurs-de-bethleem-2\/","og_locale":"fr_FR","og_type":"article","og_title":"Cr\u00e8che de N\u00f6el Soeurs de Bethl\u00e9em - Cr\u00e8che Soeurs de Bethl\u00e9em et Laboratorio Gruppo Liturgico","og_description":"Sainte Famille en dolomie, elle est r\u00e9alis\u00e9e par les religieuses de l\u2019Ordre de Bethl\u00e9em. Enti\u00e8rement d\u00e9cor\u00e9e \u00e0 la main. Les statues de la Vierge et de Saint Joseph peuvent avoir les v\u00eatements en blanc ou en rouge, au choix. Le complet de trois pi\u00e8ces prix sp\u00e9cial. Dimensions Sainte Vierge cm 27 Saint Joseph cm 27 Petit Enfant d\u00e9tachable cm 13","og_url":"https:\/\/www.gruppoliturgico.com\/fr\/produit\/creche-de-noel-soeurs-de-bethleem-2\/","og_site_name":"Laboratorio Gruppo Liturgico","article_modified_time":"2022-11-08T09:30:58+00:00","og_image":[{"width":1462,"height":1500,"url":"https:\/\/www.gruppoliturgico.com\/wp-content\/uploads\/2022\/05\/1744.rosso_.jpg","type":"image\/jpeg"}],"twitter_card":"summary_large_image","schema":{"@context":"https:\/\/schema.org","@graph":[{"@type":"WebPage","@id":"https:\/\/www.gruppoliturgico.com\/fr\/produit\/creche-de-noel-soeurs-de-bethleem-2\/","url":"https:\/\/www.gruppoliturgico.com\/fr\/produit\/creche-de-noel-soeurs-de-bethleem-2\/","name":"Cr\u00e8che de N\u00f6el Soeurs de Bethl\u00e9em - Cr\u00e8che Soeurs de Bethl\u00e9em et Laboratorio Gruppo Liturgico","isPartOf":{"@id":"https:\/\/www.gruppoliturgico.com\/es\/#website"},"datePublished":"2022-05-19T23:11:32+00:00","dateModified":"2022-11-08T09:30:58+00:00","description":"Sainte Famille en dolomie, elle est r\u00e9alis\u00e9e par les religieuses de l\u2019Ordre de Bethl\u00e9em. Enti\u00e8rement d\u00e9cor\u00e9e \u00e0 la main. Les statues de la Vierge et de Saint Joseph peuvent avoir les v\u00eatements en blanc ou en rouge, au choix. Le complet de trois pi\u00e8ces prix sp\u00e9cial. Dimensions Sainte Vierge cm 27 Saint Joseph cm 27 Petit Enfant d\u00e9tachable cm 13","breadcrumb":{"@id":"https:\/\/www.gruppoliturgico.com\/fr\/produit\/creche-de-noel-soeurs-de-bethleem-2\/#breadcrumb"},"inLanguage":"fr-FR","potentialAction":[{"@type":"ReadAction","target":["https:\/\/www.gruppoliturgico.com\/fr\/produit\/creche-de-noel-soeurs-de-bethleem-2\/"]}]},{"@type":"BreadcrumbList","@id":"https:\/\/www.gruppoliturgico.com\/fr\/produit\/creche-de-noel-soeurs-de-bethleem-2\/#breadcrumb","itemListElement":[{"@type":"ListItem","position":1,"name":"Home","item":"https:\/\/www.gruppoliturgico.com\/fr\/"},{"@type":"ListItem","position":2,"name":"Boutique","item":"https:\/\/www.gruppoliturgico.com\/fr\/boutique\/"},{"@type":"ListItem","position":3,"name":"Cr\u00e8che de N\u00f6el Soeurs de Bethl\u00e9em"}]},{"@type":"WebSite","@id":"https:\/\/www.gruppoliturgico.com\/es\/#website","url":"https:\/\/www.gruppoliturgico.com\/es\/","name":"Laboratorio Gruppo Liturgico","description":"Articoli Religiosi online","publisher":{"@id":"https:\/\/www.gruppoliturgico.com\/es\/#organization"},"potentialAction":[{"@type":"SearchAction","target":{"@type":"EntryPoint","urlTemplate":"https:\/\/www.gruppoliturgico.com\/es\/?s={search_term_string}"},"query-input":"required name=search_term_string"}],"inLanguage":"fr-FR"},{"@type":"Organization","@id":"https:\/\/www.gruppoliturgico.com\/es\/#organization","name":"Laboratorio Gruppo Liturgico","url":"https:\/\/www.gruppoliturgico.com\/es\/","logo":{"@type":"ImageObject","inLanguage":"fr-FR","@id":"https:\/\/www.gruppoliturgico.com\/es\/#\/schema\/logo\/image\/","url":"https:\/\/www.gruppoliturgico.com\/wp-content\/uploads\/2022\/02\/logo-laboratoriogruppoliturgico.png","contentUrl":"https:\/\/www.gruppoliturgico.com\/wp-content\/uploads\/2022\/02\/logo-laboratoriogruppoliturgico.png","width":400,"height":114,"caption":"Laboratorio Gruppo Liturgico"},"image":{"@id":"https:\/\/www.gruppoliturgico.com\/es\/#\/schema\/logo\/image\/"}}]}},"_links":{"self":[{"href":"https:\/\/www.gruppoliturgico.com\/fr\/wp-json\/wp\/v2\/product\/65735"}],"collection":[{"href":"https:\/\/www.gruppoliturgico.com\/fr\/wp-json\/wp\/v2\/product"}],"about":[{"href":"https:\/\/www.gruppoliturgico.com\/fr\/wp-json\/wp\/v2\/types\/product"}],"wp:featuredmedia":[{"embeddable":true,"href":"https:\/\/www.gruppoliturgico.com\/fr\/wp-json\/wp\/v2\/media\/76074"}],"wp:attachment":[{"href":"https:\/\/www.gruppoliturgico.com\/fr\/wp-json\/wp\/v2\/media?parent=65735"}],"wp:term":[{"taxonomy":"product_cat","embeddable":true,"href":"https:\/\/www.gruppoliturgico.com\/fr\/wp-json\/wp\/v2\/product_cat?post=65735"},{"taxonomy":"product_tag","embeddable":true,"href":"https:\/\/www.gruppoliturgico.com\/fr\/wp-json\/wp\/v2\/product_tag?post=65735"}],"curies":[{"name":"wp","href":"https:\/\/api.w.org\/{rel}","templated":true}]}}