{"id":65731,"date":"2022-05-20T01:11:00","date_gmt":"2022-05-19T23:11:22","guid":{"rendered":"https:\/\/www.gruppoliturgico.com\/prodotto\/creche-de-noel-soeurs-de-bethleem\/"},"modified":"2022-11-08T10:47:03","modified_gmt":"2022-11-08T09:47:03","slug":"creche-de-noel-soeurs-de-bethleem","status":"publish","type":"product","link":"https:\/\/www.gruppoliturgico.com\/fr\/produit\/creche-de-noel-soeurs-de-bethleem\/","title":{"rendered":"Cr\u00e8che de N\u00f6el Soeurs de Bethleem"},"content":{"rendered":"<html><body><p>Cr\u00e8che compl\u00e8te en granit reconstitu\u00e9e r\u00e9alis\u00e9e par les religieuses de l\u2019Ordre de Bethl\u00e9em en France.<br>\nLa d\u00e9coration est faite \u00e0 la main avec des finitions dor\u00e9es.<br>\nLes statues peuvent avoir les v\u00eatements d\u00e9cor\u00e9s en blanc ou rouge de votre choix.<br>\nPour les hauteurs et les caract\u00e9ristiques, voir la description de chaque statuette individuelle.<br>\nNous proposons la cr\u00e8che compl\u00e8te des 14 statuettes pr\u00e9sentes sur la photo \u00e0 un prix sp\u00e9cial r\u00e9duit. <\/p>\n<\/body><\/html>","protected":false},"excerpt":{"rendered":"<p>Cr\u00e8che compl\u00e8te en granit reconstitu\u00e9e r\u00e9alis\u00e9e par les religieuses de l&rsquo;Ordre de Bethl\u00e9em en France.<br \/>\nLa d\u00e9coration est faite \u00e0 la main avec des finitions dor\u00e9es.<br \/>\nLes statues peuvent avoir les v\u00eatements d\u00e9cor\u00e9s en blanc ou rouge de votre choix.<br \/>\nPour les hauteurs et les caract\u00e9ristiques, voir la description de chaque statuette individuelle.<br \/>\nNous proposons la cr\u00e8che compl\u00e8te des 14 statuettes pr\u00e9sentes sur la photo \u00e0 un prix sp\u00e9cial r\u00e9duit. <\/p>\n","protected":false},"featured_media":123357,"template":"","meta":[],"product_cat":[11828],"product_tag":[],"yoast_head":"<!-- This site is optimized with the Yoast SEO plugin v20.4 - https:\/\/yoast.com\/wordpress\/plugins\/seo\/ -->\n<title>Cr\u00e8che de N\u00f6el Soeurs de Bethleem - Cr\u00e8che Soeurs de Bethl\u00e9em et Laboratorio Gruppo Liturgico<\/title>\n<meta name=\"description\" content=\"Cr\u00e8che compl\u00e8te en granit reconstitu\u00e9e r\u00e9alis\u00e9e par les religieuses de l&#039;Ordre de Bethl\u00e9em en France. La d\u00e9coration est faite \u00e0 la main avec des finitions dor\u00e9es. Les statues peuvent avoir les v\u00eatements d\u00e9cor\u00e9s en blanc ou rouge de votre choix. Pour les hauteurs et les caract\u00e9ristiques, voir la description de chaque statuette individuelle. Nous proposons la cr\u00e8che compl\u00e8te des 14 statuettes pr\u00e9sentes sur la photo \u00e0 un prix sp\u00e9cial r\u00e9duit.\" \/>\n<meta name=\"robots\" content=\"index, follow, max-snippet:-1, max-image-preview:large, max-video-preview:-1\" \/>\n<link rel=\"canonical\" href=\"https:\/\/www.gruppoliturgico.com\/fr\/produit\/creche-de-noel-soeurs-de-bethleem\/\" \/>\n<meta property=\"og:locale\" content=\"fr_FR\" \/>\n<meta property=\"og:type\" content=\"article\" \/>\n<meta property=\"og:title\" content=\"Cr\u00e8che de N\u00f6el Soeurs de Bethleem - Cr\u00e8che Soeurs de Bethl\u00e9em et Laboratorio Gruppo Liturgico\" \/>\n<meta property=\"og:description\" content=\"Cr\u00e8che compl\u00e8te en granit reconstitu\u00e9e r\u00e9alis\u00e9e par les religieuses de l&#039;Ordre de Bethl\u00e9em en France. La d\u00e9coration est faite \u00e0 la main avec des finitions dor\u00e9es. Les statues peuvent avoir les v\u00eatements d\u00e9cor\u00e9s en blanc ou rouge de votre choix. Pour les hauteurs et les caract\u00e9ristiques, voir la description de chaque statuette individuelle. Nous proposons la cr\u00e8che compl\u00e8te des 14 statuettes pr\u00e9sentes sur la photo \u00e0 un prix sp\u00e9cial r\u00e9duit.\" \/>\n<meta property=\"og:url\" content=\"https:\/\/www.gruppoliturgico.com\/fr\/produit\/creche-de-noel-soeurs-de-bethleem\/\" \/>\n<meta property=\"og:site_name\" content=\"Laboratorio Gruppo Liturgico\" \/>\n<meta property=\"article:modified_time\" content=\"2022-11-08T09:47:03+00:00\" \/>\n<meta property=\"og:image\" content=\"https:\/\/www.gruppoliturgico.com\/wp-content\/uploads\/2022\/05\/1744-rosso-completo_.jpg\" \/>\n\t<meta property=\"og:image:width\" content=\"2000\" \/>\n\t<meta property=\"og:image:height\" content=\"1476\" \/>\n\t<meta property=\"og:image:type\" content=\"image\/jpeg\" \/>\n<meta name=\"twitter:card\" content=\"summary_large_image\" \/>\n<script type=\"application\/ld+json\" class=\"yoast-schema-graph\">{\"@context\":\"https:\/\/schema.org\",\"@graph\":[{\"@type\":\"WebPage\",\"@id\":\"https:\/\/www.gruppoliturgico.com\/fr\/produit\/creche-de-noel-soeurs-de-bethleem\/\",\"url\":\"https:\/\/www.gruppoliturgico.com\/fr\/produit\/creche-de-noel-soeurs-de-bethleem\/\",\"name\":\"Cr\u00e8che de N\u00f6el Soeurs de Bethleem - Cr\u00e8che Soeurs de Bethl\u00e9em et Laboratorio Gruppo Liturgico\",\"isPartOf\":{\"@id\":\"https:\/\/www.gruppoliturgico.com\/es\/#website\"},\"datePublished\":\"2022-05-19T23:11:22+00:00\",\"dateModified\":\"2022-11-08T09:47:03+00:00\",\"description\":\"Cr\u00e8che compl\u00e8te en granit reconstitu\u00e9e r\u00e9alis\u00e9e par les religieuses de l'Ordre de Bethl\u00e9em en France. La d\u00e9coration est faite \u00e0 la main avec des finitions dor\u00e9es. Les statues peuvent avoir les v\u00eatements d\u00e9cor\u00e9s en blanc ou rouge de votre choix. Pour les hauteurs et les caract\u00e9ristiques, voir la description de chaque statuette individuelle. Nous proposons la cr\u00e8che compl\u00e8te des 14 statuettes pr\u00e9sentes sur la photo \u00e0 un prix sp\u00e9cial r\u00e9duit.\",\"breadcrumb\":{\"@id\":\"https:\/\/www.gruppoliturgico.com\/fr\/produit\/creche-de-noel-soeurs-de-bethleem\/#breadcrumb\"},\"inLanguage\":\"fr-FR\",\"potentialAction\":[{\"@type\":\"ReadAction\",\"target\":[\"https:\/\/www.gruppoliturgico.com\/fr\/produit\/creche-de-noel-soeurs-de-bethleem\/\"]}]},{\"@type\":\"BreadcrumbList\",\"@id\":\"https:\/\/www.gruppoliturgico.com\/fr\/produit\/creche-de-noel-soeurs-de-bethleem\/#breadcrumb\",\"itemListElement\":[{\"@type\":\"ListItem\",\"position\":1,\"name\":\"Home\",\"item\":\"https:\/\/www.gruppoliturgico.com\/fr\/\"},{\"@type\":\"ListItem\",\"position\":2,\"name\":\"Boutique\",\"item\":\"https:\/\/www.gruppoliturgico.com\/fr\/boutique\/\"},{\"@type\":\"ListItem\",\"position\":3,\"name\":\"Cr\u00e8che de N\u00f6el Soeurs de Bethleem\"}]},{\"@type\":\"WebSite\",\"@id\":\"https:\/\/www.gruppoliturgico.com\/es\/#website\",\"url\":\"https:\/\/www.gruppoliturgico.com\/es\/\",\"name\":\"Laboratorio Gruppo Liturgico\",\"description\":\"Articoli Religiosi online\",\"publisher\":{\"@id\":\"https:\/\/www.gruppoliturgico.com\/es\/#organization\"},\"potentialAction\":[{\"@type\":\"SearchAction\",\"target\":{\"@type\":\"EntryPoint\",\"urlTemplate\":\"https:\/\/www.gruppoliturgico.com\/es\/?s={search_term_string}\"},\"query-input\":\"required name=search_term_string\"}],\"inLanguage\":\"fr-FR\"},{\"@type\":\"Organization\",\"@id\":\"https:\/\/www.gruppoliturgico.com\/es\/#organization\",\"name\":\"Laboratorio Gruppo Liturgico\",\"url\":\"https:\/\/www.gruppoliturgico.com\/es\/\",\"logo\":{\"@type\":\"ImageObject\",\"inLanguage\":\"fr-FR\",\"@id\":\"https:\/\/www.gruppoliturgico.com\/es\/#\/schema\/logo\/image\/\",\"url\":\"https:\/\/www.gruppoliturgico.com\/wp-content\/uploads\/2022\/02\/logo-laboratoriogruppoliturgico.png\",\"contentUrl\":\"https:\/\/www.gruppoliturgico.com\/wp-content\/uploads\/2022\/02\/logo-laboratoriogruppoliturgico.png\",\"width\":400,\"height\":114,\"caption\":\"Laboratorio Gruppo Liturgico\"},\"image\":{\"@id\":\"https:\/\/www.gruppoliturgico.com\/es\/#\/schema\/logo\/image\/\"}}]}<\/script>\n<!-- \/ Yoast SEO plugin. -->","yoast_head_json":{"title":"Cr\u00e8che de N\u00f6el Soeurs de Bethleem - Cr\u00e8che Soeurs de Bethl\u00e9em et Laboratorio Gruppo Liturgico","description":"Cr\u00e8che compl\u00e8te en granit reconstitu\u00e9e r\u00e9alis\u00e9e par les religieuses de l'Ordre de Bethl\u00e9em en France. La d\u00e9coration est faite \u00e0 la main avec des finitions dor\u00e9es. Les statues peuvent avoir les v\u00eatements d\u00e9cor\u00e9s en blanc ou rouge de votre choix. Pour les hauteurs et les caract\u00e9ristiques, voir la description de chaque statuette individuelle. Nous proposons la cr\u00e8che compl\u00e8te des 14 statuettes pr\u00e9sentes sur la photo \u00e0 un prix sp\u00e9cial r\u00e9duit.","robots":{"index":"index","follow":"follow","max-snippet":"max-snippet:-1","max-image-preview":"max-image-preview:large","max-video-preview":"max-video-preview:-1"},"canonical":"https:\/\/www.gruppoliturgico.com\/fr\/produit\/creche-de-noel-soeurs-de-bethleem\/","og_locale":"fr_FR","og_type":"article","og_title":"Cr\u00e8che de N\u00f6el Soeurs de Bethleem - Cr\u00e8che Soeurs de Bethl\u00e9em et Laboratorio Gruppo Liturgico","og_description":"Cr\u00e8che compl\u00e8te en granit reconstitu\u00e9e r\u00e9alis\u00e9e par les religieuses de l'Ordre de Bethl\u00e9em en France. La d\u00e9coration est faite \u00e0 la main avec des finitions dor\u00e9es. Les statues peuvent avoir les v\u00eatements d\u00e9cor\u00e9s en blanc ou rouge de votre choix. Pour les hauteurs et les caract\u00e9ristiques, voir la description de chaque statuette individuelle. Nous proposons la cr\u00e8che compl\u00e8te des 14 statuettes pr\u00e9sentes sur la photo \u00e0 un prix sp\u00e9cial r\u00e9duit.","og_url":"https:\/\/www.gruppoliturgico.com\/fr\/produit\/creche-de-noel-soeurs-de-bethleem\/","og_site_name":"Laboratorio Gruppo Liturgico","article_modified_time":"2022-11-08T09:47:03+00:00","og_image":[{"width":2000,"height":1476,"url":"https:\/\/www.gruppoliturgico.com\/wp-content\/uploads\/2022\/05\/1744-rosso-completo_.jpg","type":"image\/jpeg"}],"twitter_card":"summary_large_image","schema":{"@context":"https:\/\/schema.org","@graph":[{"@type":"WebPage","@id":"https:\/\/www.gruppoliturgico.com\/fr\/produit\/creche-de-noel-soeurs-de-bethleem\/","url":"https:\/\/www.gruppoliturgico.com\/fr\/produit\/creche-de-noel-soeurs-de-bethleem\/","name":"Cr\u00e8che de N\u00f6el Soeurs de Bethleem - Cr\u00e8che Soeurs de Bethl\u00e9em et Laboratorio Gruppo Liturgico","isPartOf":{"@id":"https:\/\/www.gruppoliturgico.com\/es\/#website"},"datePublished":"2022-05-19T23:11:22+00:00","dateModified":"2022-11-08T09:47:03+00:00","description":"Cr\u00e8che compl\u00e8te en granit reconstitu\u00e9e r\u00e9alis\u00e9e par les religieuses de l'Ordre de Bethl\u00e9em en France. La d\u00e9coration est faite \u00e0 la main avec des finitions dor\u00e9es. Les statues peuvent avoir les v\u00eatements d\u00e9cor\u00e9s en blanc ou rouge de votre choix. Pour les hauteurs et les caract\u00e9ristiques, voir la description de chaque statuette individuelle. Nous proposons la cr\u00e8che compl\u00e8te des 14 statuettes pr\u00e9sentes sur la photo \u00e0 un prix sp\u00e9cial r\u00e9duit.","breadcrumb":{"@id":"https:\/\/www.gruppoliturgico.com\/fr\/produit\/creche-de-noel-soeurs-de-bethleem\/#breadcrumb"},"inLanguage":"fr-FR","potentialAction":[{"@type":"ReadAction","target":["https:\/\/www.gruppoliturgico.com\/fr\/produit\/creche-de-noel-soeurs-de-bethleem\/"]}]},{"@type":"BreadcrumbList","@id":"https:\/\/www.gruppoliturgico.com\/fr\/produit\/creche-de-noel-soeurs-de-bethleem\/#breadcrumb","itemListElement":[{"@type":"ListItem","position":1,"name":"Home","item":"https:\/\/www.gruppoliturgico.com\/fr\/"},{"@type":"ListItem","position":2,"name":"Boutique","item":"https:\/\/www.gruppoliturgico.com\/fr\/boutique\/"},{"@type":"ListItem","position":3,"name":"Cr\u00e8che de N\u00f6el Soeurs de Bethleem"}]},{"@type":"WebSite","@id":"https:\/\/www.gruppoliturgico.com\/es\/#website","url":"https:\/\/www.gruppoliturgico.com\/es\/","name":"Laboratorio Gruppo Liturgico","description":"Articoli Religiosi online","publisher":{"@id":"https:\/\/www.gruppoliturgico.com\/es\/#organization"},"potentialAction":[{"@type":"SearchAction","target":{"@type":"EntryPoint","urlTemplate":"https:\/\/www.gruppoliturgico.com\/es\/?s={search_term_string}"},"query-input":"required name=search_term_string"}],"inLanguage":"fr-FR"},{"@type":"Organization","@id":"https:\/\/www.gruppoliturgico.com\/es\/#organization","name":"Laboratorio Gruppo Liturgico","url":"https:\/\/www.gruppoliturgico.com\/es\/","logo":{"@type":"ImageObject","inLanguage":"fr-FR","@id":"https:\/\/www.gruppoliturgico.com\/es\/#\/schema\/logo\/image\/","url":"https:\/\/www.gruppoliturgico.com\/wp-content\/uploads\/2022\/02\/logo-laboratoriogruppoliturgico.png","contentUrl":"https:\/\/www.gruppoliturgico.com\/wp-content\/uploads\/2022\/02\/logo-laboratoriogruppoliturgico.png","width":400,"height":114,"caption":"Laboratorio Gruppo Liturgico"},"image":{"@id":"https:\/\/www.gruppoliturgico.com\/es\/#\/schema\/logo\/image\/"}}]}},"_links":{"self":[{"href":"https:\/\/www.gruppoliturgico.com\/fr\/wp-json\/wp\/v2\/product\/65731"}],"collection":[{"href":"https:\/\/www.gruppoliturgico.com\/fr\/wp-json\/wp\/v2\/product"}],"about":[{"href":"https:\/\/www.gruppoliturgico.com\/fr\/wp-json\/wp\/v2\/types\/product"}],"wp:featuredmedia":[{"embeddable":true,"href":"https:\/\/www.gruppoliturgico.com\/fr\/wp-json\/wp\/v2\/media\/123357"}],"wp:attachment":[{"href":"https:\/\/www.gruppoliturgico.com\/fr\/wp-json\/wp\/v2\/media?parent=65731"}],"wp:term":[{"taxonomy":"product_cat","embeddable":true,"href":"https:\/\/www.gruppoliturgico.com\/fr\/wp-json\/wp\/v2\/product_cat?post=65731"},{"taxonomy":"product_tag","embeddable":true,"href":"https:\/\/www.gruppoliturgico.com\/fr\/wp-json\/wp\/v2\/product_tag?post=65731"}],"curies":[{"name":"wp","href":"https:\/\/api.w.org\/{rel}","templated":true}]}}