{"id":65707,"date":"2022-05-20T01:09:35","date_gmt":"2022-05-19T23:09:40","guid":{"rendered":"https:\/\/www.gruppoliturgico.com\/prodotto\/marie-et-st-joseph\/"},"modified":"2022-11-05T15:38:28","modified_gmt":"2022-11-05T14:38:28","slug":"marie-et-st-joseph","status":"publish","type":"product","link":"https:\/\/www.gruppoliturgico.com\/fr\/produit\/marie-et-st-joseph\/","title":{"rendered":"Marie et St.Joseph"},"content":{"rendered":"<html><body><p>Les statues de Marie et Saint Joseph en fibre de verre et resine d\u00e9cor\u00e9e et avec yeux de cristal.<br>\nLes d\u00e9corations sont faites \u00e0 la main avec des couleurs ind\u00e9l\u00e9biles \u00e9galement adapt\u00e9es au placement en ext\u00e9rieur<br>\nDimensions<br>\nSaint Joseph cm 65<br>\nMarie agenouill\u00e9e cm 50<br>\nLe prix comprend les duex pi\u00e8ces.<\/p>\n<\/body><\/html>","protected":false},"excerpt":{"rendered":"<p>Les statues de Marie et Saint Joseph en fibre de verre et resine d\u00e9cor\u00e9e et avec yeux de cristal.<br \/>\nLes d\u00e9corations sont faites \u00e0 la main avec des couleurs ind\u00e9l\u00e9biles \u00e9galement adapt\u00e9es au placement en ext\u00e9rieur<br \/>\nDimensions<br \/>\nSaint Joseph cm 65<br \/>\nMarie agenouill\u00e9e cm 50<br \/>\nLe prix comprend les duex pi\u00e8ces.<\/p>\n","protected":false},"featured_media":76046,"template":"","meta":[],"product_cat":[12340],"product_tag":[],"yoast_head":"<!-- This site is optimized with the Yoast SEO plugin v20.4 - https:\/\/yoast.com\/wordpress\/plugins\/seo\/ -->\n<title>Marie et St.Joseph - ensemble de No\u00ebl cm 65 et Laboratorio Gruppo Liturgico<\/title>\n<meta name=\"description\" content=\"Les statues de Marie et Saint Joseph en fibre de verre et resine d\u00e9cor\u00e9e et avec yeux de cristal. Les d\u00e9corations sont faites \u00e0 la main avec des couleurs ind\u00e9l\u00e9biles \u00e9galement adapt\u00e9es au placement en ext\u00e9rieur Dimensions Saint Joseph cm 65  Marie agenouill\u00e9e cm 50 Le prix comprend les duex pi\u00e8ces.\" \/>\n<meta name=\"robots\" content=\"index, follow, max-snippet:-1, max-image-preview:large, max-video-preview:-1\" \/>\n<link rel=\"canonical\" href=\"https:\/\/www.gruppoliturgico.com\/fr\/produit\/marie-et-st-joseph\/\" \/>\n<meta property=\"og:locale\" content=\"fr_FR\" \/>\n<meta property=\"og:type\" content=\"article\" \/>\n<meta property=\"og:title\" content=\"Marie et St.Joseph - ensemble de No\u00ebl cm 65 et Laboratorio Gruppo Liturgico\" \/>\n<meta property=\"og:description\" content=\"Les statues de Marie et Saint Joseph en fibre de verre et resine d\u00e9cor\u00e9e et avec yeux de cristal. Les d\u00e9corations sont faites \u00e0 la main avec des couleurs ind\u00e9l\u00e9biles \u00e9galement adapt\u00e9es au placement en ext\u00e9rieur Dimensions Saint Joseph cm 65  Marie agenouill\u00e9e cm 50 Le prix comprend les duex pi\u00e8ces.\" \/>\n<meta property=\"og:url\" content=\"https:\/\/www.gruppoliturgico.com\/fr\/produit\/marie-et-st-joseph\/\" \/>\n<meta property=\"og:site_name\" content=\"Laboratorio Gruppo Liturgico\" \/>\n<meta property=\"article:modified_time\" content=\"2022-11-05T14:38:28+00:00\" \/>\n<meta property=\"og:image\" content=\"https:\/\/www.gruppoliturgico.com\/wp-content\/uploads\/2022\/05\/1711-b20_0.jpg\" \/>\n\t<meta property=\"og:image:width\" content=\"1362\" \/>\n\t<meta property=\"og:image:height\" content=\"1500\" \/>\n\t<meta property=\"og:image:type\" content=\"image\/jpeg\" \/>\n<meta name=\"twitter:card\" content=\"summary_large_image\" \/>\n<script type=\"application\/ld+json\" class=\"yoast-schema-graph\">{\"@context\":\"https:\/\/schema.org\",\"@graph\":[{\"@type\":\"WebPage\",\"@id\":\"https:\/\/www.gruppoliturgico.com\/fr\/produit\/marie-et-st-joseph\/\",\"url\":\"https:\/\/www.gruppoliturgico.com\/fr\/produit\/marie-et-st-joseph\/\",\"name\":\"Marie et St.Joseph - ensemble de No\u00ebl cm 65 et Laboratorio Gruppo Liturgico\",\"isPartOf\":{\"@id\":\"https:\/\/www.gruppoliturgico.com\/es\/#website\"},\"datePublished\":\"2022-05-19T23:09:40+00:00\",\"dateModified\":\"2022-11-05T14:38:28+00:00\",\"description\":\"Les statues de Marie et Saint Joseph en fibre de verre et resine d\u00e9cor\u00e9e et avec yeux de cristal. Les d\u00e9corations sont faites \u00e0 la main avec des couleurs ind\u00e9l\u00e9biles \u00e9galement adapt\u00e9es au placement en ext\u00e9rieur Dimensions Saint Joseph cm 65 Marie agenouill\u00e9e cm 50 Le prix comprend les duex pi\u00e8ces.\",\"breadcrumb\":{\"@id\":\"https:\/\/www.gruppoliturgico.com\/fr\/produit\/marie-et-st-joseph\/#breadcrumb\"},\"inLanguage\":\"fr-FR\",\"potentialAction\":[{\"@type\":\"ReadAction\",\"target\":[\"https:\/\/www.gruppoliturgico.com\/fr\/produit\/marie-et-st-joseph\/\"]}]},{\"@type\":\"BreadcrumbList\",\"@id\":\"https:\/\/www.gruppoliturgico.com\/fr\/produit\/marie-et-st-joseph\/#breadcrumb\",\"itemListElement\":[{\"@type\":\"ListItem\",\"position\":1,\"name\":\"Home\",\"item\":\"https:\/\/www.gruppoliturgico.com\/fr\/\"},{\"@type\":\"ListItem\",\"position\":2,\"name\":\"Boutique\",\"item\":\"https:\/\/www.gruppoliturgico.com\/fr\/boutique\/\"},{\"@type\":\"ListItem\",\"position\":3,\"name\":\"Marie et St.Joseph\"}]},{\"@type\":\"WebSite\",\"@id\":\"https:\/\/www.gruppoliturgico.com\/es\/#website\",\"url\":\"https:\/\/www.gruppoliturgico.com\/es\/\",\"name\":\"Laboratorio Gruppo Liturgico\",\"description\":\"Articoli Religiosi online\",\"publisher\":{\"@id\":\"https:\/\/www.gruppoliturgico.com\/es\/#organization\"},\"potentialAction\":[{\"@type\":\"SearchAction\",\"target\":{\"@type\":\"EntryPoint\",\"urlTemplate\":\"https:\/\/www.gruppoliturgico.com\/es\/?s={search_term_string}\"},\"query-input\":\"required name=search_term_string\"}],\"inLanguage\":\"fr-FR\"},{\"@type\":\"Organization\",\"@id\":\"https:\/\/www.gruppoliturgico.com\/es\/#organization\",\"name\":\"Laboratorio Gruppo Liturgico\",\"url\":\"https:\/\/www.gruppoliturgico.com\/es\/\",\"logo\":{\"@type\":\"ImageObject\",\"inLanguage\":\"fr-FR\",\"@id\":\"https:\/\/www.gruppoliturgico.com\/es\/#\/schema\/logo\/image\/\",\"url\":\"https:\/\/www.gruppoliturgico.com\/wp-content\/uploads\/2022\/02\/logo-laboratoriogruppoliturgico.png\",\"contentUrl\":\"https:\/\/www.gruppoliturgico.com\/wp-content\/uploads\/2022\/02\/logo-laboratoriogruppoliturgico.png\",\"width\":400,\"height\":114,\"caption\":\"Laboratorio Gruppo Liturgico\"},\"image\":{\"@id\":\"https:\/\/www.gruppoliturgico.com\/es\/#\/schema\/logo\/image\/\"}}]}<\/script>\n<!-- \/ Yoast SEO plugin. -->","yoast_head_json":{"title":"Marie et St.Joseph - ensemble de No\u00ebl cm 65 et Laboratorio Gruppo Liturgico","description":"Les statues de Marie et Saint Joseph en fibre de verre et resine d\u00e9cor\u00e9e et avec yeux de cristal. Les d\u00e9corations sont faites \u00e0 la main avec des couleurs ind\u00e9l\u00e9biles \u00e9galement adapt\u00e9es au placement en ext\u00e9rieur Dimensions Saint Joseph cm 65  Marie agenouill\u00e9e cm 50 Le prix comprend les duex pi\u00e8ces.","robots":{"index":"index","follow":"follow","max-snippet":"max-snippet:-1","max-image-preview":"max-image-preview:large","max-video-preview":"max-video-preview:-1"},"canonical":"https:\/\/www.gruppoliturgico.com\/fr\/produit\/marie-et-st-joseph\/","og_locale":"fr_FR","og_type":"article","og_title":"Marie et St.Joseph - ensemble de No\u00ebl cm 65 et Laboratorio Gruppo Liturgico","og_description":"Les statues de Marie et Saint Joseph en fibre de verre et resine d\u00e9cor\u00e9e et avec yeux de cristal. Les d\u00e9corations sont faites \u00e0 la main avec des couleurs ind\u00e9l\u00e9biles \u00e9galement adapt\u00e9es au placement en ext\u00e9rieur Dimensions Saint Joseph cm 65  Marie agenouill\u00e9e cm 50 Le prix comprend les duex pi\u00e8ces.","og_url":"https:\/\/www.gruppoliturgico.com\/fr\/produit\/marie-et-st-joseph\/","og_site_name":"Laboratorio Gruppo Liturgico","article_modified_time":"2022-11-05T14:38:28+00:00","og_image":[{"width":1362,"height":1500,"url":"https:\/\/www.gruppoliturgico.com\/wp-content\/uploads\/2022\/05\/1711-b20_0.jpg","type":"image\/jpeg"}],"twitter_card":"summary_large_image","schema":{"@context":"https:\/\/schema.org","@graph":[{"@type":"WebPage","@id":"https:\/\/www.gruppoliturgico.com\/fr\/produit\/marie-et-st-joseph\/","url":"https:\/\/www.gruppoliturgico.com\/fr\/produit\/marie-et-st-joseph\/","name":"Marie et St.Joseph - ensemble de No\u00ebl cm 65 et Laboratorio Gruppo Liturgico","isPartOf":{"@id":"https:\/\/www.gruppoliturgico.com\/es\/#website"},"datePublished":"2022-05-19T23:09:40+00:00","dateModified":"2022-11-05T14:38:28+00:00","description":"Les statues de Marie et Saint Joseph en fibre de verre et resine d\u00e9cor\u00e9e et avec yeux de cristal. Les d\u00e9corations sont faites \u00e0 la main avec des couleurs ind\u00e9l\u00e9biles \u00e9galement adapt\u00e9es au placement en ext\u00e9rieur Dimensions Saint Joseph cm 65 Marie agenouill\u00e9e cm 50 Le prix comprend les duex pi\u00e8ces.","breadcrumb":{"@id":"https:\/\/www.gruppoliturgico.com\/fr\/produit\/marie-et-st-joseph\/#breadcrumb"},"inLanguage":"fr-FR","potentialAction":[{"@type":"ReadAction","target":["https:\/\/www.gruppoliturgico.com\/fr\/produit\/marie-et-st-joseph\/"]}]},{"@type":"BreadcrumbList","@id":"https:\/\/www.gruppoliturgico.com\/fr\/produit\/marie-et-st-joseph\/#breadcrumb","itemListElement":[{"@type":"ListItem","position":1,"name":"Home","item":"https:\/\/www.gruppoliturgico.com\/fr\/"},{"@type":"ListItem","position":2,"name":"Boutique","item":"https:\/\/www.gruppoliturgico.com\/fr\/boutique\/"},{"@type":"ListItem","position":3,"name":"Marie et St.Joseph"}]},{"@type":"WebSite","@id":"https:\/\/www.gruppoliturgico.com\/es\/#website","url":"https:\/\/www.gruppoliturgico.com\/es\/","name":"Laboratorio Gruppo Liturgico","description":"Articoli Religiosi online","publisher":{"@id":"https:\/\/www.gruppoliturgico.com\/es\/#organization"},"potentialAction":[{"@type":"SearchAction","target":{"@type":"EntryPoint","urlTemplate":"https:\/\/www.gruppoliturgico.com\/es\/?s={search_term_string}"},"query-input":"required name=search_term_string"}],"inLanguage":"fr-FR"},{"@type":"Organization","@id":"https:\/\/www.gruppoliturgico.com\/es\/#organization","name":"Laboratorio Gruppo Liturgico","url":"https:\/\/www.gruppoliturgico.com\/es\/","logo":{"@type":"ImageObject","inLanguage":"fr-FR","@id":"https:\/\/www.gruppoliturgico.com\/es\/#\/schema\/logo\/image\/","url":"https:\/\/www.gruppoliturgico.com\/wp-content\/uploads\/2022\/02\/logo-laboratoriogruppoliturgico.png","contentUrl":"https:\/\/www.gruppoliturgico.com\/wp-content\/uploads\/2022\/02\/logo-laboratoriogruppoliturgico.png","width":400,"height":114,"caption":"Laboratorio Gruppo Liturgico"},"image":{"@id":"https:\/\/www.gruppoliturgico.com\/es\/#\/schema\/logo\/image\/"}}]}},"_links":{"self":[{"href":"https:\/\/www.gruppoliturgico.com\/fr\/wp-json\/wp\/v2\/product\/65707"}],"collection":[{"href":"https:\/\/www.gruppoliturgico.com\/fr\/wp-json\/wp\/v2\/product"}],"about":[{"href":"https:\/\/www.gruppoliturgico.com\/fr\/wp-json\/wp\/v2\/types\/product"}],"wp:featuredmedia":[{"embeddable":true,"href":"https:\/\/www.gruppoliturgico.com\/fr\/wp-json\/wp\/v2\/media\/76046"}],"wp:attachment":[{"href":"https:\/\/www.gruppoliturgico.com\/fr\/wp-json\/wp\/v2\/media?parent=65707"}],"wp:term":[{"taxonomy":"product_cat","embeddable":true,"href":"https:\/\/www.gruppoliturgico.com\/fr\/wp-json\/wp\/v2\/product_cat?post=65707"},{"taxonomy":"product_tag","embeddable":true,"href":"https:\/\/www.gruppoliturgico.com\/fr\/wp-json\/wp\/v2\/product_tag?post=65707"}],"curies":[{"name":"wp","href":"https:\/\/api.w.org\/{rel}","templated":true}]}}