{"id":65646,"date":"2022-05-20T01:06:10","date_gmt":"2022-05-19T23:06:15","guid":{"rendered":"https:\/\/www.gruppoliturgico.com\/prodotto\/trois-mages\/"},"modified":"2022-11-05T17:41:58","modified_gmt":"2022-11-05T16:41:58","slug":"trois-mages","status":"publish","type":"product","link":"https:\/\/www.gruppoliturgico.com\/fr\/produit\/trois-mages\/","title":{"rendered":"Trois Mages"},"content":{"rendered":"<html><body><p>Trois Mages en fibre de verre et resine avec yeux en cristal.<br>\nLa d\u00e9coration est faite \u00e0 la main avec des couleurs ind\u00e9l\u00e9biles \u00e9galement adapt\u00e9es au placement en ext\u00e9rieur.<br>\nHauteur cm 65 de haut<br>\n(les statues \u00e0 genoux de cm 50 sont en proportion)<br>\nLe prix comprend les trois pi\u00e8ces.<\/p>\n<\/body><\/html>","protected":false},"excerpt":{"rendered":"<p>Trois Mages en fibre de verre et resine avec yeux en cristal.<br \/>\nLa d\u00e9coration est faite \u00e0 la main avec des couleurs ind\u00e9l\u00e9biles \u00e9galement adapt\u00e9es au placement en ext\u00e9rieur.<br \/>\nHauteur cm 65 de haut<br \/>\n(les statues \u00e0 genoux de cm 50 sont en proportion)<br \/>\nLe prix comprend les trois pi\u00e8ces.<\/p>\n","protected":false},"featured_media":135063,"template":"","meta":[],"product_cat":[12340],"product_tag":[],"yoast_head":"<!-- This site is optimized with the Yoast SEO plugin v20.4 - https:\/\/yoast.com\/wordpress\/plugins\/seo\/ -->\n<title>Trois Mages - ensemble de No\u00ebl cm 65 et Laboratorio Gruppo Liturgico<\/title>\n<meta name=\"description\" content=\"Trois Mages en fibre de verre et resine avec yeux en cristal. La d\u00e9coration est faite \u00e0 la main avec des couleurs ind\u00e9l\u00e9biles \u00e9galement adapt\u00e9es au placement en ext\u00e9rieur. Hauteur cm 65 de haut (les statues \u00e0 genoux de cm 50 sont en proportion) Le prix comprend les trois pi\u00e8ces.\" \/>\n<meta name=\"robots\" content=\"index, follow, max-snippet:-1, max-image-preview:large, max-video-preview:-1\" \/>\n<link rel=\"canonical\" href=\"https:\/\/www.gruppoliturgico.com\/fr\/produit\/trois-mages\/\" \/>\n<meta property=\"og:locale\" content=\"fr_FR\" \/>\n<meta property=\"og:type\" content=\"article\" \/>\n<meta property=\"og:title\" content=\"Trois Mages - ensemble de No\u00ebl cm 65 et Laboratorio Gruppo Liturgico\" \/>\n<meta property=\"og:description\" content=\"Trois Mages en fibre de verre et resine avec yeux en cristal. La d\u00e9coration est faite \u00e0 la main avec des couleurs ind\u00e9l\u00e9biles \u00e9galement adapt\u00e9es au placement en ext\u00e9rieur. Hauteur cm 65 de haut (les statues \u00e0 genoux de cm 50 sont en proportion) Le prix comprend les trois pi\u00e8ces.\" \/>\n<meta property=\"og:url\" content=\"https:\/\/www.gruppoliturgico.com\/fr\/produit\/trois-mages\/\" \/>\n<meta property=\"og:site_name\" content=\"Laboratorio Gruppo Liturgico\" \/>\n<meta property=\"article:modified_time\" content=\"2022-11-05T16:41:58+00:00\" \/>\n<meta property=\"og:image\" content=\"https:\/\/www.gruppoliturgico.com\/wp-content\/uploads\/2022\/05\/1715_0.jpg\" \/>\n\t<meta property=\"og:image:width\" content=\"1500\" \/>\n\t<meta property=\"og:image:height\" content=\"970\" \/>\n\t<meta property=\"og:image:type\" content=\"image\/jpeg\" \/>\n<meta name=\"twitter:card\" content=\"summary_large_image\" \/>\n<script type=\"application\/ld+json\" class=\"yoast-schema-graph\">{\"@context\":\"https:\/\/schema.org\",\"@graph\":[{\"@type\":\"WebPage\",\"@id\":\"https:\/\/www.gruppoliturgico.com\/fr\/produit\/trois-mages\/\",\"url\":\"https:\/\/www.gruppoliturgico.com\/fr\/produit\/trois-mages\/\",\"name\":\"Trois Mages - ensemble de No\u00ebl cm 65 et Laboratorio Gruppo Liturgico\",\"isPartOf\":{\"@id\":\"https:\/\/www.gruppoliturgico.com\/es\/#website\"},\"datePublished\":\"2022-05-19T23:06:15+00:00\",\"dateModified\":\"2022-11-05T16:41:58+00:00\",\"description\":\"Trois Mages en fibre de verre et resine avec yeux en cristal. La d\u00e9coration est faite \u00e0 la main avec des couleurs ind\u00e9l\u00e9biles \u00e9galement adapt\u00e9es au placement en ext\u00e9rieur. Hauteur cm 65 de haut (les statues \u00e0 genoux de cm 50 sont en proportion) Le prix comprend les trois pi\u00e8ces.\",\"breadcrumb\":{\"@id\":\"https:\/\/www.gruppoliturgico.com\/fr\/produit\/trois-mages\/#breadcrumb\"},\"inLanguage\":\"fr-FR\",\"potentialAction\":[{\"@type\":\"ReadAction\",\"target\":[\"https:\/\/www.gruppoliturgico.com\/fr\/produit\/trois-mages\/\"]}]},{\"@type\":\"BreadcrumbList\",\"@id\":\"https:\/\/www.gruppoliturgico.com\/fr\/produit\/trois-mages\/#breadcrumb\",\"itemListElement\":[{\"@type\":\"ListItem\",\"position\":1,\"name\":\"Home\",\"item\":\"https:\/\/www.gruppoliturgico.com\/fr\/\"},{\"@type\":\"ListItem\",\"position\":2,\"name\":\"Boutique\",\"item\":\"https:\/\/www.gruppoliturgico.com\/fr\/boutique\/\"},{\"@type\":\"ListItem\",\"position\":3,\"name\":\"Trois Mages\"}]},{\"@type\":\"WebSite\",\"@id\":\"https:\/\/www.gruppoliturgico.com\/es\/#website\",\"url\":\"https:\/\/www.gruppoliturgico.com\/es\/\",\"name\":\"Laboratorio Gruppo Liturgico\",\"description\":\"Articoli Religiosi online\",\"publisher\":{\"@id\":\"https:\/\/www.gruppoliturgico.com\/es\/#organization\"},\"potentialAction\":[{\"@type\":\"SearchAction\",\"target\":{\"@type\":\"EntryPoint\",\"urlTemplate\":\"https:\/\/www.gruppoliturgico.com\/es\/?s={search_term_string}\"},\"query-input\":\"required name=search_term_string\"}],\"inLanguage\":\"fr-FR\"},{\"@type\":\"Organization\",\"@id\":\"https:\/\/www.gruppoliturgico.com\/es\/#organization\",\"name\":\"Laboratorio Gruppo Liturgico\",\"url\":\"https:\/\/www.gruppoliturgico.com\/es\/\",\"logo\":{\"@type\":\"ImageObject\",\"inLanguage\":\"fr-FR\",\"@id\":\"https:\/\/www.gruppoliturgico.com\/es\/#\/schema\/logo\/image\/\",\"url\":\"https:\/\/www.gruppoliturgico.com\/wp-content\/uploads\/2022\/02\/logo-laboratoriogruppoliturgico.png\",\"contentUrl\":\"https:\/\/www.gruppoliturgico.com\/wp-content\/uploads\/2022\/02\/logo-laboratoriogruppoliturgico.png\",\"width\":400,\"height\":114,\"caption\":\"Laboratorio Gruppo Liturgico\"},\"image\":{\"@id\":\"https:\/\/www.gruppoliturgico.com\/es\/#\/schema\/logo\/image\/\"}}]}<\/script>\n<!-- \/ Yoast SEO plugin. -->","yoast_head_json":{"title":"Trois Mages - ensemble de No\u00ebl cm 65 et Laboratorio Gruppo Liturgico","description":"Trois Mages en fibre de verre et resine avec yeux en cristal. La d\u00e9coration est faite \u00e0 la main avec des couleurs ind\u00e9l\u00e9biles \u00e9galement adapt\u00e9es au placement en ext\u00e9rieur. Hauteur cm 65 de haut (les statues \u00e0 genoux de cm 50 sont en proportion) Le prix comprend les trois pi\u00e8ces.","robots":{"index":"index","follow":"follow","max-snippet":"max-snippet:-1","max-image-preview":"max-image-preview:large","max-video-preview":"max-video-preview:-1"},"canonical":"https:\/\/www.gruppoliturgico.com\/fr\/produit\/trois-mages\/","og_locale":"fr_FR","og_type":"article","og_title":"Trois Mages - ensemble de No\u00ebl cm 65 et Laboratorio Gruppo Liturgico","og_description":"Trois Mages en fibre de verre et resine avec yeux en cristal. La d\u00e9coration est faite \u00e0 la main avec des couleurs ind\u00e9l\u00e9biles \u00e9galement adapt\u00e9es au placement en ext\u00e9rieur. Hauteur cm 65 de haut (les statues \u00e0 genoux de cm 50 sont en proportion) Le prix comprend les trois pi\u00e8ces.","og_url":"https:\/\/www.gruppoliturgico.com\/fr\/produit\/trois-mages\/","og_site_name":"Laboratorio Gruppo Liturgico","article_modified_time":"2022-11-05T16:41:58+00:00","og_image":[{"width":1500,"height":970,"url":"https:\/\/www.gruppoliturgico.com\/wp-content\/uploads\/2022\/05\/1715_0.jpg","type":"image\/jpeg"}],"twitter_card":"summary_large_image","schema":{"@context":"https:\/\/schema.org","@graph":[{"@type":"WebPage","@id":"https:\/\/www.gruppoliturgico.com\/fr\/produit\/trois-mages\/","url":"https:\/\/www.gruppoliturgico.com\/fr\/produit\/trois-mages\/","name":"Trois Mages - ensemble de No\u00ebl cm 65 et Laboratorio Gruppo Liturgico","isPartOf":{"@id":"https:\/\/www.gruppoliturgico.com\/es\/#website"},"datePublished":"2022-05-19T23:06:15+00:00","dateModified":"2022-11-05T16:41:58+00:00","description":"Trois Mages en fibre de verre et resine avec yeux en cristal. La d\u00e9coration est faite \u00e0 la main avec des couleurs ind\u00e9l\u00e9biles \u00e9galement adapt\u00e9es au placement en ext\u00e9rieur. Hauteur cm 65 de haut (les statues \u00e0 genoux de cm 50 sont en proportion) Le prix comprend les trois pi\u00e8ces.","breadcrumb":{"@id":"https:\/\/www.gruppoliturgico.com\/fr\/produit\/trois-mages\/#breadcrumb"},"inLanguage":"fr-FR","potentialAction":[{"@type":"ReadAction","target":["https:\/\/www.gruppoliturgico.com\/fr\/produit\/trois-mages\/"]}]},{"@type":"BreadcrumbList","@id":"https:\/\/www.gruppoliturgico.com\/fr\/produit\/trois-mages\/#breadcrumb","itemListElement":[{"@type":"ListItem","position":1,"name":"Home","item":"https:\/\/www.gruppoliturgico.com\/fr\/"},{"@type":"ListItem","position":2,"name":"Boutique","item":"https:\/\/www.gruppoliturgico.com\/fr\/boutique\/"},{"@type":"ListItem","position":3,"name":"Trois Mages"}]},{"@type":"WebSite","@id":"https:\/\/www.gruppoliturgico.com\/es\/#website","url":"https:\/\/www.gruppoliturgico.com\/es\/","name":"Laboratorio Gruppo Liturgico","description":"Articoli Religiosi online","publisher":{"@id":"https:\/\/www.gruppoliturgico.com\/es\/#organization"},"potentialAction":[{"@type":"SearchAction","target":{"@type":"EntryPoint","urlTemplate":"https:\/\/www.gruppoliturgico.com\/es\/?s={search_term_string}"},"query-input":"required name=search_term_string"}],"inLanguage":"fr-FR"},{"@type":"Organization","@id":"https:\/\/www.gruppoliturgico.com\/es\/#organization","name":"Laboratorio Gruppo Liturgico","url":"https:\/\/www.gruppoliturgico.com\/es\/","logo":{"@type":"ImageObject","inLanguage":"fr-FR","@id":"https:\/\/www.gruppoliturgico.com\/es\/#\/schema\/logo\/image\/","url":"https:\/\/www.gruppoliturgico.com\/wp-content\/uploads\/2022\/02\/logo-laboratoriogruppoliturgico.png","contentUrl":"https:\/\/www.gruppoliturgico.com\/wp-content\/uploads\/2022\/02\/logo-laboratoriogruppoliturgico.png","width":400,"height":114,"caption":"Laboratorio Gruppo Liturgico"},"image":{"@id":"https:\/\/www.gruppoliturgico.com\/es\/#\/schema\/logo\/image\/"}}]}},"_links":{"self":[{"href":"https:\/\/www.gruppoliturgico.com\/fr\/wp-json\/wp\/v2\/product\/65646"}],"collection":[{"href":"https:\/\/www.gruppoliturgico.com\/fr\/wp-json\/wp\/v2\/product"}],"about":[{"href":"https:\/\/www.gruppoliturgico.com\/fr\/wp-json\/wp\/v2\/types\/product"}],"wp:featuredmedia":[{"embeddable":true,"href":"https:\/\/www.gruppoliturgico.com\/fr\/wp-json\/wp\/v2\/media\/135063"}],"wp:attachment":[{"href":"https:\/\/www.gruppoliturgico.com\/fr\/wp-json\/wp\/v2\/media?parent=65646"}],"wp:term":[{"taxonomy":"product_cat","embeddable":true,"href":"https:\/\/www.gruppoliturgico.com\/fr\/wp-json\/wp\/v2\/product_cat?post=65646"},{"taxonomy":"product_tag","embeddable":true,"href":"https:\/\/www.gruppoliturgico.com\/fr\/wp-json\/wp\/v2\/product_tag?post=65646"}],"curies":[{"name":"wp","href":"https:\/\/api.w.org\/{rel}","templated":true}]}}