{"id":65582,"date":"2022-05-20T01:02:00","date_gmt":"2022-05-19T23:02:58","guid":{"rendered":"https:\/\/www.gruppoliturgico.com\/prodotto\/chasuble-31\/"},"modified":"2024-06-24T15:44:37","modified_gmt":"2024-06-24T13:44:37","slug":"chasuble-31","status":"publish","type":"product","link":"https:\/\/www.gruppoliturgico.com\/fr\/produit\/chasuble-31\/","title":{"rendered":"chasuble"},"content":{"rendered":"<html><body><p>Chasuble au scapulaire brod\u00e9 de croix stylis\u00e9es compos\u00e9 de deux stolons, identiques devant et derri\u00e8re, termin\u00e9 par des passementeries dor\u00e9es appliqu\u00e9es \u00e0 la main.<br>\nLe scapulaire peut simplement \u00eatre retir\u00e9 de la chasuble pour \u00eatre adapt\u00e9 \u00e0 un autre v\u00eatement.<br>\nDisponible dans les coloris Liturgiques.<\/p>\n<p>\u00a0<\/p>\n<p>Sur demande, nous pouvons \u00e9galement fournir le scapulaire seul sans la chasuble.<br>\nRenseignez-vous \u00e0 l\u2019adresse suivante : <a href=\"&#x6d;a&#x69;&#108;&#x74;&#111;:&#x69;&#110;&#x66;&#111;&#64;&#x67;&#114;&#x75;&#112;p&#x6f;l&#x69;&#116;&#x75;&#x72;g&#x69;&#99;&#x6f;&#46;c&#x6f;&#109;\">&#x69;&#x6e;&#102;&#111;&#64;g&#x72;&#x75;&#x70;&#112;ol&#x69;&#x74;&#x75;&#114;&#103;i&#x63;&#x6f;&#x2e;&#99;&#111;m<\/a><\/p>\n<\/body><\/html>","protected":false},"excerpt":{"rendered":"<p>Chasuble au scapulaire brod\u00e9 de croix stylis\u00e9es compos\u00e9 de deux stolons, identiques devant et derri\u00e8re, termin\u00e9 par des passementeries dor\u00e9es appliqu\u00e9es \u00e0 la main.<br \/>\nLe scapulaire peut simplement \u00eatre retir\u00e9 de la chasuble pour \u00eatre adapt\u00e9 \u00e0 un autre v\u00eatement.<br \/>\nDisponible dans les coloris Liturgiques.<\/p>\n<p>&nbsp;<\/p>\n<p>Sur demande, nous pouvons \u00e9galement fournir le scapulaire seul sans la chasuble.<br \/>\nRenseignez-vous \u00e0 l&rsquo;adresse suivante : <a href=\"&#x6d;&#x61;&#x69;&#108;&#116;o:&#x69;&#x6e;&#x66;&#x6f;&#64;&#103;ru&#x70;&#x70;&#x6f;&#108;&#105;&#116;ur&#x67;&#x69;&#x63;&#111;&#46;co&#x6d;\">&#x69;&#x6e;&#102;&#111;&#64;&#x67;&#x72;&#x75;&#112;&#112;o&#x6c;&#x69;&#x74;&#117;&#114;g&#x69;&#x63;&#x6f;&#46;&#99;o&#x6d;<\/a><\/p>\n","protected":false},"featured_media":129087,"template":"","meta":[],"product_cat":[12256],"product_tag":[],"yoast_head":"<!-- This site is optimized with the Yoast SEO plugin v20.4 - https:\/\/yoast.com\/wordpress\/plugins\/seo\/ -->\n<title>chasuble - broderie au m\u00e9tier et Laboratorio Gruppo Liturgico<\/title>\n<meta name=\"description\" content=\"Chasuble au scapulaire brod\u00e9 de croix stylis\u00e9es compos\u00e9 de deux stolons, identiques devant et derri\u00e8re, termin\u00e9 par des passementeries dor\u00e9es appliqu\u00e9es \u00e0 la main. Le scapulaire peut simplement \u00eatre retir\u00e9 de la chasuble pour \u00eatre adapt\u00e9 \u00e0 un autre v\u00eatement. Disponible dans les coloris Liturgiques.  &nbsp;  Sur demande, nous pouvons \u00e9galement fournir le scapulaire seul sans la chasuble. Renseignez-vous \u00e0 l&#039;adresse suivante : info@gruppoliturgico.com\" \/>\n<meta name=\"robots\" content=\"index, follow, max-snippet:-1, max-image-preview:large, max-video-preview:-1\" \/>\n<link rel=\"canonical\" href=\"https:\/\/www.gruppoliturgico.com\/fr\/produit\/chasuble-31\/\" \/>\n<meta property=\"og:locale\" content=\"fr_FR\" \/>\n<meta property=\"og:type\" content=\"article\" \/>\n<meta property=\"og:title\" content=\"chasuble - broderie au m\u00e9tier et Laboratorio Gruppo Liturgico\" \/>\n<meta property=\"og:description\" content=\"Chasuble au scapulaire brod\u00e9 de croix stylis\u00e9es compos\u00e9 de deux stolons, identiques devant et derri\u00e8re, termin\u00e9 par des passementeries dor\u00e9es appliqu\u00e9es \u00e0 la main. Le scapulaire peut simplement \u00eatre retir\u00e9 de la chasuble pour \u00eatre adapt\u00e9 \u00e0 un autre v\u00eatement. Disponible dans les coloris Liturgiques.  &nbsp;  Sur demande, nous pouvons \u00e9galement fournir le scapulaire seul sans la chasuble. Renseignez-vous \u00e0 l&#039;adresse suivante : info@gruppoliturgico.com\" \/>\n<meta property=\"og:url\" content=\"https:\/\/www.gruppoliturgico.com\/fr\/produit\/chasuble-31\/\" \/>\n<meta property=\"og:site_name\" content=\"Laboratorio Gruppo Liturgico\" \/>\n<meta property=\"article:modified_time\" content=\"2024-06-24T13:44:37+00:00\" \/>\n<meta property=\"og:image\" content=\"https:\/\/www.gruppoliturgico.com\/wp-content\/uploads\/2022\/05\/2073-BIANCA.jpg\" \/>\n\t<meta property=\"og:image:width\" content=\"1597\" \/>\n\t<meta property=\"og:image:height\" content=\"2000\" \/>\n\t<meta property=\"og:image:type\" content=\"image\/jpeg\" \/>\n<meta name=\"twitter:card\" content=\"summary_large_image\" \/>\n<script type=\"application\/ld+json\" class=\"yoast-schema-graph\">{\"@context\":\"https:\/\/schema.org\",\"@graph\":[{\"@type\":\"WebPage\",\"@id\":\"https:\/\/www.gruppoliturgico.com\/fr\/produit\/chasuble-31\/\",\"url\":\"https:\/\/www.gruppoliturgico.com\/fr\/produit\/chasuble-31\/\",\"name\":\"chasuble - broderie au m\u00e9tier et Laboratorio Gruppo Liturgico\",\"isPartOf\":{\"@id\":\"https:\/\/www.gruppoliturgico.com\/es\/#website\"},\"datePublished\":\"2022-05-19T23:02:58+00:00\",\"dateModified\":\"2024-06-24T13:44:37+00:00\",\"description\":\"Chasuble au scapulaire brod\u00e9 de croix stylis\u00e9es compos\u00e9 de deux stolons, identiques devant et derri\u00e8re, termin\u00e9 par des passementeries dor\u00e9es appliqu\u00e9es \u00e0 la main. Le scapulaire peut simplement \u00eatre retir\u00e9 de la chasuble pour \u00eatre adapt\u00e9 \u00e0 un autre v\u00eatement. Disponible dans les coloris Liturgiques. &nbsp; Sur demande, nous pouvons \u00e9galement fournir le scapulaire seul sans la chasuble. Renseignez-vous \u00e0 l'adresse suivante : info@gruppoliturgico.com\",\"breadcrumb\":{\"@id\":\"https:\/\/www.gruppoliturgico.com\/fr\/produit\/chasuble-31\/#breadcrumb\"},\"inLanguage\":\"fr-FR\",\"potentialAction\":[{\"@type\":\"ReadAction\",\"target\":[\"https:\/\/www.gruppoliturgico.com\/fr\/produit\/chasuble-31\/\"]}]},{\"@type\":\"BreadcrumbList\",\"@id\":\"https:\/\/www.gruppoliturgico.com\/fr\/produit\/chasuble-31\/#breadcrumb\",\"itemListElement\":[{\"@type\":\"ListItem\",\"position\":1,\"name\":\"Home\",\"item\":\"https:\/\/www.gruppoliturgico.com\/fr\/\"},{\"@type\":\"ListItem\",\"position\":2,\"name\":\"Boutique\",\"item\":\"https:\/\/www.gruppoliturgico.com\/fr\/boutique\/\"},{\"@type\":\"ListItem\",\"position\":3,\"name\":\"chasuble\"}]},{\"@type\":\"WebSite\",\"@id\":\"https:\/\/www.gruppoliturgico.com\/es\/#website\",\"url\":\"https:\/\/www.gruppoliturgico.com\/es\/\",\"name\":\"Laboratorio Gruppo Liturgico\",\"description\":\"Articoli Religiosi online\",\"publisher\":{\"@id\":\"https:\/\/www.gruppoliturgico.com\/es\/#organization\"},\"potentialAction\":[{\"@type\":\"SearchAction\",\"target\":{\"@type\":\"EntryPoint\",\"urlTemplate\":\"https:\/\/www.gruppoliturgico.com\/es\/?s={search_term_string}\"},\"query-input\":\"required name=search_term_string\"}],\"inLanguage\":\"fr-FR\"},{\"@type\":\"Organization\",\"@id\":\"https:\/\/www.gruppoliturgico.com\/es\/#organization\",\"name\":\"Laboratorio Gruppo Liturgico\",\"url\":\"https:\/\/www.gruppoliturgico.com\/es\/\",\"logo\":{\"@type\":\"ImageObject\",\"inLanguage\":\"fr-FR\",\"@id\":\"https:\/\/www.gruppoliturgico.com\/es\/#\/schema\/logo\/image\/\",\"url\":\"https:\/\/www.gruppoliturgico.com\/wp-content\/uploads\/2022\/02\/logo-laboratoriogruppoliturgico.png\",\"contentUrl\":\"https:\/\/www.gruppoliturgico.com\/wp-content\/uploads\/2022\/02\/logo-laboratoriogruppoliturgico.png\",\"width\":400,\"height\":114,\"caption\":\"Laboratorio Gruppo Liturgico\"},\"image\":{\"@id\":\"https:\/\/www.gruppoliturgico.com\/es\/#\/schema\/logo\/image\/\"}}]}<\/script>\n<!-- \/ Yoast SEO plugin. -->","yoast_head_json":{"title":"chasuble - broderie au m\u00e9tier et Laboratorio Gruppo Liturgico","description":"Chasuble au scapulaire brod\u00e9 de croix stylis\u00e9es compos\u00e9 de deux stolons, identiques devant et derri\u00e8re, termin\u00e9 par des passementeries dor\u00e9es appliqu\u00e9es \u00e0 la main. Le scapulaire peut simplement \u00eatre retir\u00e9 de la chasuble pour \u00eatre adapt\u00e9 \u00e0 un autre v\u00eatement. Disponible dans les coloris Liturgiques.  &nbsp;  Sur demande, nous pouvons \u00e9galement fournir le scapulaire seul sans la chasuble. Renseignez-vous \u00e0 l'adresse suivante : info@gruppoliturgico.com","robots":{"index":"index","follow":"follow","max-snippet":"max-snippet:-1","max-image-preview":"max-image-preview:large","max-video-preview":"max-video-preview:-1"},"canonical":"https:\/\/www.gruppoliturgico.com\/fr\/produit\/chasuble-31\/","og_locale":"fr_FR","og_type":"article","og_title":"chasuble - broderie au m\u00e9tier et Laboratorio Gruppo Liturgico","og_description":"Chasuble au scapulaire brod\u00e9 de croix stylis\u00e9es compos\u00e9 de deux stolons, identiques devant et derri\u00e8re, termin\u00e9 par des passementeries dor\u00e9es appliqu\u00e9es \u00e0 la main. Le scapulaire peut simplement \u00eatre retir\u00e9 de la chasuble pour \u00eatre adapt\u00e9 \u00e0 un autre v\u00eatement. Disponible dans les coloris Liturgiques.  &nbsp;  Sur demande, nous pouvons \u00e9galement fournir le scapulaire seul sans la chasuble. Renseignez-vous \u00e0 l'adresse suivante : info@gruppoliturgico.com","og_url":"https:\/\/www.gruppoliturgico.com\/fr\/produit\/chasuble-31\/","og_site_name":"Laboratorio Gruppo Liturgico","article_modified_time":"2024-06-24T13:44:37+00:00","og_image":[{"width":1597,"height":2000,"url":"https:\/\/www.gruppoliturgico.com\/wp-content\/uploads\/2022\/05\/2073-BIANCA.jpg","type":"image\/jpeg"}],"twitter_card":"summary_large_image","schema":{"@context":"https:\/\/schema.org","@graph":[{"@type":"WebPage","@id":"https:\/\/www.gruppoliturgico.com\/fr\/produit\/chasuble-31\/","url":"https:\/\/www.gruppoliturgico.com\/fr\/produit\/chasuble-31\/","name":"chasuble - broderie au m\u00e9tier et Laboratorio Gruppo Liturgico","isPartOf":{"@id":"https:\/\/www.gruppoliturgico.com\/es\/#website"},"datePublished":"2022-05-19T23:02:58+00:00","dateModified":"2024-06-24T13:44:37+00:00","description":"Chasuble au scapulaire brod\u00e9 de croix stylis\u00e9es compos\u00e9 de deux stolons, identiques devant et derri\u00e8re, termin\u00e9 par des passementeries dor\u00e9es appliqu\u00e9es \u00e0 la main. Le scapulaire peut simplement \u00eatre retir\u00e9 de la chasuble pour \u00eatre adapt\u00e9 \u00e0 un autre v\u00eatement. Disponible dans les coloris Liturgiques. &nbsp; Sur demande, nous pouvons \u00e9galement fournir le scapulaire seul sans la chasuble. Renseignez-vous \u00e0 l'adresse suivante : info@gruppoliturgico.com","breadcrumb":{"@id":"https:\/\/www.gruppoliturgico.com\/fr\/produit\/chasuble-31\/#breadcrumb"},"inLanguage":"fr-FR","potentialAction":[{"@type":"ReadAction","target":["https:\/\/www.gruppoliturgico.com\/fr\/produit\/chasuble-31\/"]}]},{"@type":"BreadcrumbList","@id":"https:\/\/www.gruppoliturgico.com\/fr\/produit\/chasuble-31\/#breadcrumb","itemListElement":[{"@type":"ListItem","position":1,"name":"Home","item":"https:\/\/www.gruppoliturgico.com\/fr\/"},{"@type":"ListItem","position":2,"name":"Boutique","item":"https:\/\/www.gruppoliturgico.com\/fr\/boutique\/"},{"@type":"ListItem","position":3,"name":"chasuble"}]},{"@type":"WebSite","@id":"https:\/\/www.gruppoliturgico.com\/es\/#website","url":"https:\/\/www.gruppoliturgico.com\/es\/","name":"Laboratorio Gruppo Liturgico","description":"Articoli Religiosi online","publisher":{"@id":"https:\/\/www.gruppoliturgico.com\/es\/#organization"},"potentialAction":[{"@type":"SearchAction","target":{"@type":"EntryPoint","urlTemplate":"https:\/\/www.gruppoliturgico.com\/es\/?s={search_term_string}"},"query-input":"required name=search_term_string"}],"inLanguage":"fr-FR"},{"@type":"Organization","@id":"https:\/\/www.gruppoliturgico.com\/es\/#organization","name":"Laboratorio Gruppo Liturgico","url":"https:\/\/www.gruppoliturgico.com\/es\/","logo":{"@type":"ImageObject","inLanguage":"fr-FR","@id":"https:\/\/www.gruppoliturgico.com\/es\/#\/schema\/logo\/image\/","url":"https:\/\/www.gruppoliturgico.com\/wp-content\/uploads\/2022\/02\/logo-laboratoriogruppoliturgico.png","contentUrl":"https:\/\/www.gruppoliturgico.com\/wp-content\/uploads\/2022\/02\/logo-laboratoriogruppoliturgico.png","width":400,"height":114,"caption":"Laboratorio Gruppo Liturgico"},"image":{"@id":"https:\/\/www.gruppoliturgico.com\/es\/#\/schema\/logo\/image\/"}}]}},"_links":{"self":[{"href":"https:\/\/www.gruppoliturgico.com\/fr\/wp-json\/wp\/v2\/product\/65582"}],"collection":[{"href":"https:\/\/www.gruppoliturgico.com\/fr\/wp-json\/wp\/v2\/product"}],"about":[{"href":"https:\/\/www.gruppoliturgico.com\/fr\/wp-json\/wp\/v2\/types\/product"}],"wp:featuredmedia":[{"embeddable":true,"href":"https:\/\/www.gruppoliturgico.com\/fr\/wp-json\/wp\/v2\/media\/129087"}],"wp:attachment":[{"href":"https:\/\/www.gruppoliturgico.com\/fr\/wp-json\/wp\/v2\/media?parent=65582"}],"wp:term":[{"taxonomy":"product_cat","embeddable":true,"href":"https:\/\/www.gruppoliturgico.com\/fr\/wp-json\/wp\/v2\/product_cat?post=65582"},{"taxonomy":"product_tag","embeddable":true,"href":"https:\/\/www.gruppoliturgico.com\/fr\/wp-json\/wp\/v2\/product_tag?post=65582"}],"curies":[{"name":"wp","href":"https:\/\/api.w.org\/{rel}","templated":true}]}}