{"id":65574,"date":"2022-05-20T01:02:28","date_gmt":"2022-05-19T23:02:33","guid":{"rendered":"https:\/\/www.gruppoliturgico.com\/prodotto\/chasuble-30\/"},"modified":"2022-05-20T01:02:33","modified_gmt":"2022-05-19T23:02:33","slug":"chasuble-30","status":"publish","type":"product","link":"https:\/\/www.gruppoliturgico.com\/fr\/produit\/chasuble-30\/","title":{"rendered":"chasuble"},"content":{"rendered":"<html><body><p>En shantung de pure soie.<br>\nDans la confection on remarque les d\u00e9tails de la riche broderie centrale, brod\u00e9e \u00e0 grand relief avec des fils dor\u00e9s et enrichie de pierres de couleur et l\u2019original col.<br>\nRemarquable l\u2019effet contrastant du tissu couleur ivoire ancien sur le devant et de tonalit\u00e9 plus claire \u00e0 l\u2019int\u00e9rieure de la chasuble. <\/p>\n<\/body><\/html>","protected":false},"excerpt":{"rendered":"<p>En shantung de pure soie.<br \/>\nDans la confection on remarque les d\u00e9tails de la riche broderie centrale, brod\u00e9e \u00e0 grand relief avec des fils dor\u00e9s et enrichie de pierres de couleur et l&rsquo;original col.<br \/>\nRemarquable l&rsquo;effet contrastant du tissu couleur ivoire ancien sur le devant et de tonalit\u00e9 plus claire \u00e0 l&rsquo;int\u00e9rieure de la chasuble. <\/p>\n","protected":false},"featured_media":128907,"template":"","meta":[],"product_cat":[12244],"product_tag":[],"yoast_head":"<!-- This site is optimized with the Yoast SEO plugin v20.4 - https:\/\/yoast.com\/wordpress\/plugins\/seo\/ -->\n<title>chasuble - solennelles et Laboratorio Gruppo Liturgico<\/title>\n<meta name=\"description\" content=\"En shantung de pure soie. Dans la confection on remarque les d\u00e9tails de la riche broderie centrale, brod\u00e9e \u00e0 grand relief avec des fils dor\u00e9s et enrichie de pierres de couleur et l&#039;original col.  Remarquable l&#039;effet contrastant du tissu couleur ivoire ancien sur le devant et de tonalit\u00e9 plus claire \u00e0 l&#039;int\u00e9rieure de la chasuble.\" \/>\n<meta name=\"robots\" content=\"index, follow, max-snippet:-1, max-image-preview:large, max-video-preview:-1\" \/>\n<link rel=\"canonical\" href=\"https:\/\/www.gruppoliturgico.com\/fr\/produit\/chasuble-30\/\" \/>\n<meta property=\"og:locale\" content=\"fr_FR\" \/>\n<meta property=\"og:type\" content=\"article\" \/>\n<meta property=\"og:title\" content=\"chasuble - solennelles et Laboratorio Gruppo Liturgico\" \/>\n<meta property=\"og:description\" content=\"En shantung de pure soie. Dans la confection on remarque les d\u00e9tails de la riche broderie centrale, brod\u00e9e \u00e0 grand relief avec des fils dor\u00e9s et enrichie de pierres de couleur et l&#039;original col.  Remarquable l&#039;effet contrastant du tissu couleur ivoire ancien sur le devant et de tonalit\u00e9 plus claire \u00e0 l&#039;int\u00e9rieure de la chasuble.\" \/>\n<meta property=\"og:url\" content=\"https:\/\/www.gruppoliturgico.com\/fr\/produit\/chasuble-30\/\" \/>\n<meta property=\"og:site_name\" content=\"Laboratorio Gruppo Liturgico\" \/>\n<meta property=\"og:image\" content=\"https:\/\/www.gruppoliturgico.com\/wp-content\/uploads\/2022\/05\/1501_1.jpg\" \/>\n\t<meta property=\"og:image:width\" content=\"1105\" \/>\n\t<meta property=\"og:image:height\" content=\"1500\" \/>\n\t<meta property=\"og:image:type\" content=\"image\/jpeg\" \/>\n<meta name=\"twitter:card\" content=\"summary_large_image\" \/>\n<script type=\"application\/ld+json\" class=\"yoast-schema-graph\">{\"@context\":\"https:\/\/schema.org\",\"@graph\":[{\"@type\":\"WebPage\",\"@id\":\"https:\/\/www.gruppoliturgico.com\/fr\/produit\/chasuble-30\/\",\"url\":\"https:\/\/www.gruppoliturgico.com\/fr\/produit\/chasuble-30\/\",\"name\":\"chasuble - solennelles et Laboratorio Gruppo Liturgico\",\"isPartOf\":{\"@id\":\"https:\/\/www.gruppoliturgico.com\/es\/#website\"},\"datePublished\":\"2022-05-19T23:02:33+00:00\",\"dateModified\":\"2022-05-19T23:02:33+00:00\",\"description\":\"En shantung de pure soie. Dans la confection on remarque les d\u00e9tails de la riche broderie centrale, brod\u00e9e \u00e0 grand relief avec des fils dor\u00e9s et enrichie de pierres de couleur et l'original col. Remarquable l'effet contrastant du tissu couleur ivoire ancien sur le devant et de tonalit\u00e9 plus claire \u00e0 l'int\u00e9rieure de la chasuble.\",\"breadcrumb\":{\"@id\":\"https:\/\/www.gruppoliturgico.com\/fr\/produit\/chasuble-30\/#breadcrumb\"},\"inLanguage\":\"fr-FR\",\"potentialAction\":[{\"@type\":\"ReadAction\",\"target\":[\"https:\/\/www.gruppoliturgico.com\/fr\/produit\/chasuble-30\/\"]}]},{\"@type\":\"BreadcrumbList\",\"@id\":\"https:\/\/www.gruppoliturgico.com\/fr\/produit\/chasuble-30\/#breadcrumb\",\"itemListElement\":[{\"@type\":\"ListItem\",\"position\":1,\"name\":\"Home\",\"item\":\"https:\/\/www.gruppoliturgico.com\/fr\/\"},{\"@type\":\"ListItem\",\"position\":2,\"name\":\"Boutique\",\"item\":\"https:\/\/www.gruppoliturgico.com\/fr\/boutique\/\"},{\"@type\":\"ListItem\",\"position\":3,\"name\":\"chasuble\"}]},{\"@type\":\"WebSite\",\"@id\":\"https:\/\/www.gruppoliturgico.com\/es\/#website\",\"url\":\"https:\/\/www.gruppoliturgico.com\/es\/\",\"name\":\"Laboratorio Gruppo Liturgico\",\"description\":\"Articoli Religiosi online\",\"publisher\":{\"@id\":\"https:\/\/www.gruppoliturgico.com\/es\/#organization\"},\"potentialAction\":[{\"@type\":\"SearchAction\",\"target\":{\"@type\":\"EntryPoint\",\"urlTemplate\":\"https:\/\/www.gruppoliturgico.com\/es\/?s={search_term_string}\"},\"query-input\":\"required name=search_term_string\"}],\"inLanguage\":\"fr-FR\"},{\"@type\":\"Organization\",\"@id\":\"https:\/\/www.gruppoliturgico.com\/es\/#organization\",\"name\":\"Laboratorio Gruppo Liturgico\",\"url\":\"https:\/\/www.gruppoliturgico.com\/es\/\",\"logo\":{\"@type\":\"ImageObject\",\"inLanguage\":\"fr-FR\",\"@id\":\"https:\/\/www.gruppoliturgico.com\/es\/#\/schema\/logo\/image\/\",\"url\":\"https:\/\/www.gruppoliturgico.com\/wp-content\/uploads\/2022\/02\/logo-laboratoriogruppoliturgico.png\",\"contentUrl\":\"https:\/\/www.gruppoliturgico.com\/wp-content\/uploads\/2022\/02\/logo-laboratoriogruppoliturgico.png\",\"width\":400,\"height\":114,\"caption\":\"Laboratorio Gruppo Liturgico\"},\"image\":{\"@id\":\"https:\/\/www.gruppoliturgico.com\/es\/#\/schema\/logo\/image\/\"}}]}<\/script>\n<!-- \/ Yoast SEO plugin. -->","yoast_head_json":{"title":"chasuble - solennelles et Laboratorio Gruppo Liturgico","description":"En shantung de pure soie. Dans la confection on remarque les d\u00e9tails de la riche broderie centrale, brod\u00e9e \u00e0 grand relief avec des fils dor\u00e9s et enrichie de pierres de couleur et l'original col.  Remarquable l'effet contrastant du tissu couleur ivoire ancien sur le devant et de tonalit\u00e9 plus claire \u00e0 l'int\u00e9rieure de la chasuble.","robots":{"index":"index","follow":"follow","max-snippet":"max-snippet:-1","max-image-preview":"max-image-preview:large","max-video-preview":"max-video-preview:-1"},"canonical":"https:\/\/www.gruppoliturgico.com\/fr\/produit\/chasuble-30\/","og_locale":"fr_FR","og_type":"article","og_title":"chasuble - solennelles et Laboratorio Gruppo Liturgico","og_description":"En shantung de pure soie. Dans la confection on remarque les d\u00e9tails de la riche broderie centrale, brod\u00e9e \u00e0 grand relief avec des fils dor\u00e9s et enrichie de pierres de couleur et l'original col.  Remarquable l'effet contrastant du tissu couleur ivoire ancien sur le devant et de tonalit\u00e9 plus claire \u00e0 l'int\u00e9rieure de la chasuble.","og_url":"https:\/\/www.gruppoliturgico.com\/fr\/produit\/chasuble-30\/","og_site_name":"Laboratorio Gruppo Liturgico","og_image":[{"width":1105,"height":1500,"url":"https:\/\/www.gruppoliturgico.com\/wp-content\/uploads\/2022\/05\/1501_1.jpg","type":"image\/jpeg"}],"twitter_card":"summary_large_image","schema":{"@context":"https:\/\/schema.org","@graph":[{"@type":"WebPage","@id":"https:\/\/www.gruppoliturgico.com\/fr\/produit\/chasuble-30\/","url":"https:\/\/www.gruppoliturgico.com\/fr\/produit\/chasuble-30\/","name":"chasuble - solennelles et Laboratorio Gruppo Liturgico","isPartOf":{"@id":"https:\/\/www.gruppoliturgico.com\/es\/#website"},"datePublished":"2022-05-19T23:02:33+00:00","dateModified":"2022-05-19T23:02:33+00:00","description":"En shantung de pure soie. Dans la confection on remarque les d\u00e9tails de la riche broderie centrale, brod\u00e9e \u00e0 grand relief avec des fils dor\u00e9s et enrichie de pierres de couleur et l'original col. Remarquable l'effet contrastant du tissu couleur ivoire ancien sur le devant et de tonalit\u00e9 plus claire \u00e0 l'int\u00e9rieure de la chasuble.","breadcrumb":{"@id":"https:\/\/www.gruppoliturgico.com\/fr\/produit\/chasuble-30\/#breadcrumb"},"inLanguage":"fr-FR","potentialAction":[{"@type":"ReadAction","target":["https:\/\/www.gruppoliturgico.com\/fr\/produit\/chasuble-30\/"]}]},{"@type":"BreadcrumbList","@id":"https:\/\/www.gruppoliturgico.com\/fr\/produit\/chasuble-30\/#breadcrumb","itemListElement":[{"@type":"ListItem","position":1,"name":"Home","item":"https:\/\/www.gruppoliturgico.com\/fr\/"},{"@type":"ListItem","position":2,"name":"Boutique","item":"https:\/\/www.gruppoliturgico.com\/fr\/boutique\/"},{"@type":"ListItem","position":3,"name":"chasuble"}]},{"@type":"WebSite","@id":"https:\/\/www.gruppoliturgico.com\/es\/#website","url":"https:\/\/www.gruppoliturgico.com\/es\/","name":"Laboratorio Gruppo Liturgico","description":"Articoli Religiosi online","publisher":{"@id":"https:\/\/www.gruppoliturgico.com\/es\/#organization"},"potentialAction":[{"@type":"SearchAction","target":{"@type":"EntryPoint","urlTemplate":"https:\/\/www.gruppoliturgico.com\/es\/?s={search_term_string}"},"query-input":"required name=search_term_string"}],"inLanguage":"fr-FR"},{"@type":"Organization","@id":"https:\/\/www.gruppoliturgico.com\/es\/#organization","name":"Laboratorio Gruppo Liturgico","url":"https:\/\/www.gruppoliturgico.com\/es\/","logo":{"@type":"ImageObject","inLanguage":"fr-FR","@id":"https:\/\/www.gruppoliturgico.com\/es\/#\/schema\/logo\/image\/","url":"https:\/\/www.gruppoliturgico.com\/wp-content\/uploads\/2022\/02\/logo-laboratoriogruppoliturgico.png","contentUrl":"https:\/\/www.gruppoliturgico.com\/wp-content\/uploads\/2022\/02\/logo-laboratoriogruppoliturgico.png","width":400,"height":114,"caption":"Laboratorio Gruppo Liturgico"},"image":{"@id":"https:\/\/www.gruppoliturgico.com\/es\/#\/schema\/logo\/image\/"}}]}},"_links":{"self":[{"href":"https:\/\/www.gruppoliturgico.com\/fr\/wp-json\/wp\/v2\/product\/65574"}],"collection":[{"href":"https:\/\/www.gruppoliturgico.com\/fr\/wp-json\/wp\/v2\/product"}],"about":[{"href":"https:\/\/www.gruppoliturgico.com\/fr\/wp-json\/wp\/v2\/types\/product"}],"wp:featuredmedia":[{"embeddable":true,"href":"https:\/\/www.gruppoliturgico.com\/fr\/wp-json\/wp\/v2\/media\/128907"}],"wp:attachment":[{"href":"https:\/\/www.gruppoliturgico.com\/fr\/wp-json\/wp\/v2\/media?parent=65574"}],"wp:term":[{"taxonomy":"product_cat","embeddable":true,"href":"https:\/\/www.gruppoliturgico.com\/fr\/wp-json\/wp\/v2\/product_cat?post=65574"},{"taxonomy":"product_tag","embeddable":true,"href":"https:\/\/www.gruppoliturgico.com\/fr\/wp-json\/wp\/v2\/product_tag?post=65574"}],"curies":[{"name":"wp","href":"https:\/\/api.w.org\/{rel}","templated":true}]}}