{"id":65570,"date":"2022-05-20T01:02:16","date_gmt":"2022-05-19T23:02:21","guid":{"rendered":"https:\/\/www.gruppoliturgico.com\/prodotto\/tabernacle-22\/"},"modified":"2022-10-21T11:00:14","modified_gmt":"2022-10-21T09:00:14","slug":"tabernacle-22","status":"publish","type":"product","link":"https:\/\/www.gruppoliturgico.com\/fr\/produit\/tabernacle-22\/","title":{"rendered":"tabernacle"},"content":{"rendered":"<html><body><p>Tabernacle avec structure en bois massif.<br>\nLa porte est en bois sculpt\u00e9 dor\u00e9 \u00e0 la feuille d\u2019or.<br>\nInt\u00e9rieur dor\u00e9 \u00e0 la feuille d\u2019or.<br>\nColonnes lat\u00e9rales \u00e0 cannelures dor\u00e9es \u00e0 la feuille d\u2019or ainsi que tous les cadres.<br>\nDimensions<br>\nExt\u00e9rieures cm 51 x 68 x 33<br>\nInt\u00e9rieures cm 41 x 45 x 24<\/p>\n<\/body><\/html>","protected":false},"excerpt":{"rendered":"<p>Tabernacle avec structure en bois massif.<br \/>\nLa porte est en bois sculpt\u00e9 dor\u00e9 \u00e0 la feuille d&rsquo;or.<br \/>\nInt\u00e9rieur dor\u00e9 \u00e0 la feuille d&rsquo;or.<br \/>\nColonnes lat\u00e9rales \u00e0 cannelures dor\u00e9es \u00e0 la feuille d&rsquo;or ainsi que tous les cadres.<br \/>\nDimensions<br \/>\nExt\u00e9rieures cm 51 x 68 x 33<br \/>\nInt\u00e9rieures cm 41 x 45 x 24<\/p>\n","protected":false},"featured_media":131424,"template":"","meta":[],"product_cat":[12076,12156],"product_tag":[],"yoast_head":"<!-- This site is optimized with the Yoast SEO plugin v20.4 - https:\/\/yoast.com\/wordpress\/plugins\/seo\/ -->\n<title>tabernacle - Tabernacles en bois, art 1670 et Laboratorio Gruppo Liturgico<\/title>\n<meta name=\"description\" content=\"Tabernacle avec structure en bois massif. La porte est en bois sculpt\u00e9 dor\u00e9 \u00e0 la feuille d&#039;or. Int\u00e9rieur dor\u00e9 \u00e0 la feuille d&#039;or. Colonnes lat\u00e9rales \u00e0 cannelures dor\u00e9es \u00e0 la feuille d&#039;or ainsi que tous les cadres. Dimensions Ext\u00e9rieures cm 51 x 68 x 33 Int\u00e9rieures cm 41 x 45 x 24\" \/>\n<meta name=\"robots\" content=\"index, follow, max-snippet:-1, max-image-preview:large, max-video-preview:-1\" \/>\n<link rel=\"canonical\" href=\"https:\/\/www.gruppoliturgico.com\/fr\/produit\/tabernacle-22\/\" \/>\n<meta property=\"og:locale\" content=\"fr_FR\" \/>\n<meta property=\"og:type\" content=\"article\" \/>\n<meta property=\"og:title\" content=\"tabernacle - Tabernacles en bois, art 1670 et Laboratorio Gruppo Liturgico\" \/>\n<meta property=\"og:description\" content=\"Tabernacle avec structure en bois massif. La porte est en bois sculpt\u00e9 dor\u00e9 \u00e0 la feuille d&#039;or. Int\u00e9rieur dor\u00e9 \u00e0 la feuille d&#039;or. Colonnes lat\u00e9rales \u00e0 cannelures dor\u00e9es \u00e0 la feuille d&#039;or ainsi que tous les cadres. Dimensions Ext\u00e9rieures cm 51 x 68 x 33 Int\u00e9rieures cm 41 x 45 x 24\" \/>\n<meta property=\"og:url\" content=\"https:\/\/www.gruppoliturgico.com\/fr\/produit\/tabernacle-22\/\" \/>\n<meta property=\"og:site_name\" content=\"Laboratorio Gruppo Liturgico\" \/>\n<meta property=\"article:modified_time\" content=\"2022-10-21T09:00:14+00:00\" \/>\n<meta property=\"og:image\" content=\"https:\/\/www.gruppoliturgico.com\/wp-content\/uploads\/2022\/05\/1673_nv2.jpg\" \/>\n\t<meta property=\"og:image:width\" content=\"1593\" \/>\n\t<meta property=\"og:image:height\" content=\"2000\" \/>\n\t<meta property=\"og:image:type\" content=\"image\/jpeg\" \/>\n<meta name=\"twitter:card\" content=\"summary_large_image\" \/>\n<script type=\"application\/ld+json\" class=\"yoast-schema-graph\">{\"@context\":\"https:\/\/schema.org\",\"@graph\":[{\"@type\":\"WebPage\",\"@id\":\"https:\/\/www.gruppoliturgico.com\/fr\/produit\/tabernacle-22\/\",\"url\":\"https:\/\/www.gruppoliturgico.com\/fr\/produit\/tabernacle-22\/\",\"name\":\"tabernacle - Tabernacles en bois, art 1670 et Laboratorio Gruppo Liturgico\",\"isPartOf\":{\"@id\":\"https:\/\/www.gruppoliturgico.com\/es\/#website\"},\"datePublished\":\"2022-05-19T23:02:21+00:00\",\"dateModified\":\"2022-10-21T09:00:14+00:00\",\"description\":\"Tabernacle avec structure en bois massif. La porte est en bois sculpt\u00e9 dor\u00e9 \u00e0 la feuille d'or. Int\u00e9rieur dor\u00e9 \u00e0 la feuille d'or. Colonnes lat\u00e9rales \u00e0 cannelures dor\u00e9es \u00e0 la feuille d'or ainsi que tous les cadres. Dimensions Ext\u00e9rieures cm 51 x 68 x 33 Int\u00e9rieures cm 41 x 45 x 24\",\"breadcrumb\":{\"@id\":\"https:\/\/www.gruppoliturgico.com\/fr\/produit\/tabernacle-22\/#breadcrumb\"},\"inLanguage\":\"fr-FR\",\"potentialAction\":[{\"@type\":\"ReadAction\",\"target\":[\"https:\/\/www.gruppoliturgico.com\/fr\/produit\/tabernacle-22\/\"]}]},{\"@type\":\"BreadcrumbList\",\"@id\":\"https:\/\/www.gruppoliturgico.com\/fr\/produit\/tabernacle-22\/#breadcrumb\",\"itemListElement\":[{\"@type\":\"ListItem\",\"position\":1,\"name\":\"Home\",\"item\":\"https:\/\/www.gruppoliturgico.com\/fr\/\"},{\"@type\":\"ListItem\",\"position\":2,\"name\":\"Boutique\",\"item\":\"https:\/\/www.gruppoliturgico.com\/fr\/boutique\/\"},{\"@type\":\"ListItem\",\"position\":3,\"name\":\"tabernacle\"}]},{\"@type\":\"WebSite\",\"@id\":\"https:\/\/www.gruppoliturgico.com\/es\/#website\",\"url\":\"https:\/\/www.gruppoliturgico.com\/es\/\",\"name\":\"Laboratorio Gruppo Liturgico\",\"description\":\"Articoli Religiosi online\",\"publisher\":{\"@id\":\"https:\/\/www.gruppoliturgico.com\/es\/#organization\"},\"potentialAction\":[{\"@type\":\"SearchAction\",\"target\":{\"@type\":\"EntryPoint\",\"urlTemplate\":\"https:\/\/www.gruppoliturgico.com\/es\/?s={search_term_string}\"},\"query-input\":\"required name=search_term_string\"}],\"inLanguage\":\"fr-FR\"},{\"@type\":\"Organization\",\"@id\":\"https:\/\/www.gruppoliturgico.com\/es\/#organization\",\"name\":\"Laboratorio Gruppo Liturgico\",\"url\":\"https:\/\/www.gruppoliturgico.com\/es\/\",\"logo\":{\"@type\":\"ImageObject\",\"inLanguage\":\"fr-FR\",\"@id\":\"https:\/\/www.gruppoliturgico.com\/es\/#\/schema\/logo\/image\/\",\"url\":\"https:\/\/www.gruppoliturgico.com\/wp-content\/uploads\/2022\/02\/logo-laboratoriogruppoliturgico.png\",\"contentUrl\":\"https:\/\/www.gruppoliturgico.com\/wp-content\/uploads\/2022\/02\/logo-laboratoriogruppoliturgico.png\",\"width\":400,\"height\":114,\"caption\":\"Laboratorio Gruppo Liturgico\"},\"image\":{\"@id\":\"https:\/\/www.gruppoliturgico.com\/es\/#\/schema\/logo\/image\/\"}}]}<\/script>\n<!-- \/ Yoast SEO plugin. -->","yoast_head_json":{"title":"tabernacle - Tabernacles en bois, art 1670 et Laboratorio Gruppo Liturgico","description":"Tabernacle avec structure en bois massif. La porte est en bois sculpt\u00e9 dor\u00e9 \u00e0 la feuille d'or. Int\u00e9rieur dor\u00e9 \u00e0 la feuille d'or. Colonnes lat\u00e9rales \u00e0 cannelures dor\u00e9es \u00e0 la feuille d'or ainsi que tous les cadres. Dimensions Ext\u00e9rieures cm 51 x 68 x 33 Int\u00e9rieures cm 41 x 45 x 24","robots":{"index":"index","follow":"follow","max-snippet":"max-snippet:-1","max-image-preview":"max-image-preview:large","max-video-preview":"max-video-preview:-1"},"canonical":"https:\/\/www.gruppoliturgico.com\/fr\/produit\/tabernacle-22\/","og_locale":"fr_FR","og_type":"article","og_title":"tabernacle - Tabernacles en bois, art 1670 et Laboratorio Gruppo Liturgico","og_description":"Tabernacle avec structure en bois massif. La porte est en bois sculpt\u00e9 dor\u00e9 \u00e0 la feuille d'or. Int\u00e9rieur dor\u00e9 \u00e0 la feuille d'or. Colonnes lat\u00e9rales \u00e0 cannelures dor\u00e9es \u00e0 la feuille d'or ainsi que tous les cadres. Dimensions Ext\u00e9rieures cm 51 x 68 x 33 Int\u00e9rieures cm 41 x 45 x 24","og_url":"https:\/\/www.gruppoliturgico.com\/fr\/produit\/tabernacle-22\/","og_site_name":"Laboratorio Gruppo Liturgico","article_modified_time":"2022-10-21T09:00:14+00:00","og_image":[{"width":1593,"height":2000,"url":"https:\/\/www.gruppoliturgico.com\/wp-content\/uploads\/2022\/05\/1673_nv2.jpg","type":"image\/jpeg"}],"twitter_card":"summary_large_image","schema":{"@context":"https:\/\/schema.org","@graph":[{"@type":"WebPage","@id":"https:\/\/www.gruppoliturgico.com\/fr\/produit\/tabernacle-22\/","url":"https:\/\/www.gruppoliturgico.com\/fr\/produit\/tabernacle-22\/","name":"tabernacle - Tabernacles en bois, art 1670 et Laboratorio Gruppo Liturgico","isPartOf":{"@id":"https:\/\/www.gruppoliturgico.com\/es\/#website"},"datePublished":"2022-05-19T23:02:21+00:00","dateModified":"2022-10-21T09:00:14+00:00","description":"Tabernacle avec structure en bois massif. La porte est en bois sculpt\u00e9 dor\u00e9 \u00e0 la feuille d'or. Int\u00e9rieur dor\u00e9 \u00e0 la feuille d'or. Colonnes lat\u00e9rales \u00e0 cannelures dor\u00e9es \u00e0 la feuille d'or ainsi que tous les cadres. Dimensions Ext\u00e9rieures cm 51 x 68 x 33 Int\u00e9rieures cm 41 x 45 x 24","breadcrumb":{"@id":"https:\/\/www.gruppoliturgico.com\/fr\/produit\/tabernacle-22\/#breadcrumb"},"inLanguage":"fr-FR","potentialAction":[{"@type":"ReadAction","target":["https:\/\/www.gruppoliturgico.com\/fr\/produit\/tabernacle-22\/"]}]},{"@type":"BreadcrumbList","@id":"https:\/\/www.gruppoliturgico.com\/fr\/produit\/tabernacle-22\/#breadcrumb","itemListElement":[{"@type":"ListItem","position":1,"name":"Home","item":"https:\/\/www.gruppoliturgico.com\/fr\/"},{"@type":"ListItem","position":2,"name":"Boutique","item":"https:\/\/www.gruppoliturgico.com\/fr\/boutique\/"},{"@type":"ListItem","position":3,"name":"tabernacle"}]},{"@type":"WebSite","@id":"https:\/\/www.gruppoliturgico.com\/es\/#website","url":"https:\/\/www.gruppoliturgico.com\/es\/","name":"Laboratorio Gruppo Liturgico","description":"Articoli Religiosi online","publisher":{"@id":"https:\/\/www.gruppoliturgico.com\/es\/#organization"},"potentialAction":[{"@type":"SearchAction","target":{"@type":"EntryPoint","urlTemplate":"https:\/\/www.gruppoliturgico.com\/es\/?s={search_term_string}"},"query-input":"required name=search_term_string"}],"inLanguage":"fr-FR"},{"@type":"Organization","@id":"https:\/\/www.gruppoliturgico.com\/es\/#organization","name":"Laboratorio Gruppo Liturgico","url":"https:\/\/www.gruppoliturgico.com\/es\/","logo":{"@type":"ImageObject","inLanguage":"fr-FR","@id":"https:\/\/www.gruppoliturgico.com\/es\/#\/schema\/logo\/image\/","url":"https:\/\/www.gruppoliturgico.com\/wp-content\/uploads\/2022\/02\/logo-laboratoriogruppoliturgico.png","contentUrl":"https:\/\/www.gruppoliturgico.com\/wp-content\/uploads\/2022\/02\/logo-laboratoriogruppoliturgico.png","width":400,"height":114,"caption":"Laboratorio Gruppo Liturgico"},"image":{"@id":"https:\/\/www.gruppoliturgico.com\/es\/#\/schema\/logo\/image\/"}}]}},"_links":{"self":[{"href":"https:\/\/www.gruppoliturgico.com\/fr\/wp-json\/wp\/v2\/product\/65570"}],"collection":[{"href":"https:\/\/www.gruppoliturgico.com\/fr\/wp-json\/wp\/v2\/product"}],"about":[{"href":"https:\/\/www.gruppoliturgico.com\/fr\/wp-json\/wp\/v2\/types\/product"}],"wp:featuredmedia":[{"embeddable":true,"href":"https:\/\/www.gruppoliturgico.com\/fr\/wp-json\/wp\/v2\/media\/131424"}],"wp:attachment":[{"href":"https:\/\/www.gruppoliturgico.com\/fr\/wp-json\/wp\/v2\/media?parent=65570"}],"wp:term":[{"taxonomy":"product_cat","embeddable":true,"href":"https:\/\/www.gruppoliturgico.com\/fr\/wp-json\/wp\/v2\/product_cat?post=65570"},{"taxonomy":"product_tag","embeddable":true,"href":"https:\/\/www.gruppoliturgico.com\/fr\/wp-json\/wp\/v2\/product_tag?post=65570"}],"curies":[{"name":"wp","href":"https:\/\/api.w.org\/{rel}","templated":true}]}}