{"id":65554,"date":"2022-05-20T01:01:17","date_gmt":"2022-05-19T23:01:24","guid":{"rendered":"https:\/\/www.gruppoliturgico.com\/prodotto\/chemin-de-croix-21\/"},"modified":"2022-10-13T16:58:38","modified_gmt":"2022-10-13T14:58:38","slug":"chemin-de-croix-21","status":"publish","type":"product","link":"https:\/\/www.gruppoliturgico.com\/fr\/produit\/chemin-de-croix-21\/","title":{"rendered":"chemin de croix"},"content":{"rendered":"<html><body><p>Chemin de croix artistique form\u00e9 de 15 stations.<br>\nSur un panneau en bois, prot\u00e9g\u00e9 par une plaque de verre, est fix\u00e9e la reconstruction d\u2019un fragment de fresque qui se pr\u00e9sente comme d\u00e9tachement de la couche picturale obtenu par le travail artisanal manuel du sable et du pl\u00e2tre.<br>\nDimensions du panneau cm 27 x 23.<br>\nSur demande seront envoy\u00e9es des photographies de toutes les stations<\/p>\n<\/body><\/html>","protected":false},"excerpt":{"rendered":"<p>Chemin de croix artistique form\u00e9 de 15 stations.<br \/>\nSur un panneau en bois, prot\u00e9g\u00e9 par une plaque de verre, est fix\u00e9e la reconstruction d&rsquo;un fragment de fresque qui se pr\u00e9sente comme d\u00e9tachement de la couche picturale obtenu par le travail artisanal manuel du sable et du pl\u00e2tre.<br \/>\nDimensions du panneau cm 27 x 23.<br \/>\nSur demande seront envoy\u00e9es des photographies de toutes les stations<\/p>\n","protected":false},"featured_media":124739,"template":"","meta":[],"product_cat":[11720],"product_tag":[],"yoast_head":"<!-- This site is optimized with the Yoast SEO plugin v20.4 - https:\/\/yoast.com\/wordpress\/plugins\/seo\/ -->\n<title>chemin de croix - chemins de croix et Laboratorio Gruppo Liturgico<\/title>\n<meta name=\"description\" content=\"Chemin de croix artistique form\u00e9 de 15 stations.  Sur un panneau en bois, prot\u00e9g\u00e9 par une plaque de verre, est fix\u00e9e la reconstruction d&#039;un fragment de fresque qui se pr\u00e9sente comme d\u00e9tachement de la couche picturale obtenu par le travail artisanal manuel du sable et du pl\u00e2tre.  Dimensions du panneau cm 27 x 23. Sur demande seront envoy\u00e9es des photographies de toutes les stations\" \/>\n<meta name=\"robots\" content=\"index, follow, max-snippet:-1, max-image-preview:large, max-video-preview:-1\" \/>\n<link rel=\"canonical\" href=\"https:\/\/www.gruppoliturgico.com\/fr\/produit\/chemin-de-croix-21\/\" \/>\n<meta property=\"og:locale\" content=\"fr_FR\" \/>\n<meta property=\"og:type\" content=\"article\" \/>\n<meta property=\"og:title\" content=\"chemin de croix - chemins de croix et Laboratorio Gruppo Liturgico\" \/>\n<meta property=\"og:description\" content=\"Chemin de croix artistique form\u00e9 de 15 stations.  Sur un panneau en bois, prot\u00e9g\u00e9 par une plaque de verre, est fix\u00e9e la reconstruction d&#039;un fragment de fresque qui se pr\u00e9sente comme d\u00e9tachement de la couche picturale obtenu par le travail artisanal manuel du sable et du pl\u00e2tre.  Dimensions du panneau cm 27 x 23. Sur demande seront envoy\u00e9es des photographies de toutes les stations\" \/>\n<meta property=\"og:url\" content=\"https:\/\/www.gruppoliturgico.com\/fr\/produit\/chemin-de-croix-21\/\" \/>\n<meta property=\"og:site_name\" content=\"Laboratorio Gruppo Liturgico\" \/>\n<meta property=\"article:modified_time\" content=\"2022-10-13T14:58:38+00:00\" \/>\n<meta property=\"og:image\" content=\"https:\/\/www.gruppoliturgico.com\/wp-content\/uploads\/2022\/05\/2827-4.jpg\" \/>\n\t<meta property=\"og:image:width\" content=\"1702\" \/>\n\t<meta property=\"og:image:height\" content=\"2000\" \/>\n\t<meta property=\"og:image:type\" content=\"image\/jpeg\" \/>\n<meta name=\"twitter:card\" content=\"summary_large_image\" \/>\n<script type=\"application\/ld+json\" class=\"yoast-schema-graph\">{\"@context\":\"https:\/\/schema.org\",\"@graph\":[{\"@type\":\"WebPage\",\"@id\":\"https:\/\/www.gruppoliturgico.com\/fr\/produit\/chemin-de-croix-21\/\",\"url\":\"https:\/\/www.gruppoliturgico.com\/fr\/produit\/chemin-de-croix-21\/\",\"name\":\"chemin de croix - chemins de croix et Laboratorio Gruppo Liturgico\",\"isPartOf\":{\"@id\":\"https:\/\/www.gruppoliturgico.com\/es\/#website\"},\"datePublished\":\"2022-05-19T23:01:24+00:00\",\"dateModified\":\"2022-10-13T14:58:38+00:00\",\"description\":\"Chemin de croix artistique form\u00e9 de 15 stations. Sur un panneau en bois, prot\u00e9g\u00e9 par une plaque de verre, est fix\u00e9e la reconstruction d'un fragment de fresque qui se pr\u00e9sente comme d\u00e9tachement de la couche picturale obtenu par le travail artisanal manuel du sable et du pl\u00e2tre. Dimensions du panneau cm 27 x 23. Sur demande seront envoy\u00e9es des photographies de toutes les stations\",\"breadcrumb\":{\"@id\":\"https:\/\/www.gruppoliturgico.com\/fr\/produit\/chemin-de-croix-21\/#breadcrumb\"},\"inLanguage\":\"fr-FR\",\"potentialAction\":[{\"@type\":\"ReadAction\",\"target\":[\"https:\/\/www.gruppoliturgico.com\/fr\/produit\/chemin-de-croix-21\/\"]}]},{\"@type\":\"BreadcrumbList\",\"@id\":\"https:\/\/www.gruppoliturgico.com\/fr\/produit\/chemin-de-croix-21\/#breadcrumb\",\"itemListElement\":[{\"@type\":\"ListItem\",\"position\":1,\"name\":\"Home\",\"item\":\"https:\/\/www.gruppoliturgico.com\/fr\/\"},{\"@type\":\"ListItem\",\"position\":2,\"name\":\"Boutique\",\"item\":\"https:\/\/www.gruppoliturgico.com\/fr\/boutique\/\"},{\"@type\":\"ListItem\",\"position\":3,\"name\":\"chemin de croix\"}]},{\"@type\":\"WebSite\",\"@id\":\"https:\/\/www.gruppoliturgico.com\/es\/#website\",\"url\":\"https:\/\/www.gruppoliturgico.com\/es\/\",\"name\":\"Laboratorio Gruppo Liturgico\",\"description\":\"Articoli Religiosi online\",\"publisher\":{\"@id\":\"https:\/\/www.gruppoliturgico.com\/es\/#organization\"},\"potentialAction\":[{\"@type\":\"SearchAction\",\"target\":{\"@type\":\"EntryPoint\",\"urlTemplate\":\"https:\/\/www.gruppoliturgico.com\/es\/?s={search_term_string}\"},\"query-input\":\"required name=search_term_string\"}],\"inLanguage\":\"fr-FR\"},{\"@type\":\"Organization\",\"@id\":\"https:\/\/www.gruppoliturgico.com\/es\/#organization\",\"name\":\"Laboratorio Gruppo Liturgico\",\"url\":\"https:\/\/www.gruppoliturgico.com\/es\/\",\"logo\":{\"@type\":\"ImageObject\",\"inLanguage\":\"fr-FR\",\"@id\":\"https:\/\/www.gruppoliturgico.com\/es\/#\/schema\/logo\/image\/\",\"url\":\"https:\/\/www.gruppoliturgico.com\/wp-content\/uploads\/2022\/02\/logo-laboratoriogruppoliturgico.png\",\"contentUrl\":\"https:\/\/www.gruppoliturgico.com\/wp-content\/uploads\/2022\/02\/logo-laboratoriogruppoliturgico.png\",\"width\":400,\"height\":114,\"caption\":\"Laboratorio Gruppo Liturgico\"},\"image\":{\"@id\":\"https:\/\/www.gruppoliturgico.com\/es\/#\/schema\/logo\/image\/\"}}]}<\/script>\n<!-- \/ Yoast SEO plugin. -->","yoast_head_json":{"title":"chemin de croix - chemins de croix et Laboratorio Gruppo Liturgico","description":"Chemin de croix artistique form\u00e9 de 15 stations.  Sur un panneau en bois, prot\u00e9g\u00e9 par une plaque de verre, est fix\u00e9e la reconstruction d'un fragment de fresque qui se pr\u00e9sente comme d\u00e9tachement de la couche picturale obtenu par le travail artisanal manuel du sable et du pl\u00e2tre.  Dimensions du panneau cm 27 x 23. Sur demande seront envoy\u00e9es des photographies de toutes les stations","robots":{"index":"index","follow":"follow","max-snippet":"max-snippet:-1","max-image-preview":"max-image-preview:large","max-video-preview":"max-video-preview:-1"},"canonical":"https:\/\/www.gruppoliturgico.com\/fr\/produit\/chemin-de-croix-21\/","og_locale":"fr_FR","og_type":"article","og_title":"chemin de croix - chemins de croix et Laboratorio Gruppo Liturgico","og_description":"Chemin de croix artistique form\u00e9 de 15 stations.  Sur un panneau en bois, prot\u00e9g\u00e9 par une plaque de verre, est fix\u00e9e la reconstruction d'un fragment de fresque qui se pr\u00e9sente comme d\u00e9tachement de la couche picturale obtenu par le travail artisanal manuel du sable et du pl\u00e2tre.  Dimensions du panneau cm 27 x 23. Sur demande seront envoy\u00e9es des photographies de toutes les stations","og_url":"https:\/\/www.gruppoliturgico.com\/fr\/produit\/chemin-de-croix-21\/","og_site_name":"Laboratorio Gruppo Liturgico","article_modified_time":"2022-10-13T14:58:38+00:00","og_image":[{"width":1702,"height":2000,"url":"https:\/\/www.gruppoliturgico.com\/wp-content\/uploads\/2022\/05\/2827-4.jpg","type":"image\/jpeg"}],"twitter_card":"summary_large_image","schema":{"@context":"https:\/\/schema.org","@graph":[{"@type":"WebPage","@id":"https:\/\/www.gruppoliturgico.com\/fr\/produit\/chemin-de-croix-21\/","url":"https:\/\/www.gruppoliturgico.com\/fr\/produit\/chemin-de-croix-21\/","name":"chemin de croix - chemins de croix et Laboratorio Gruppo Liturgico","isPartOf":{"@id":"https:\/\/www.gruppoliturgico.com\/es\/#website"},"datePublished":"2022-05-19T23:01:24+00:00","dateModified":"2022-10-13T14:58:38+00:00","description":"Chemin de croix artistique form\u00e9 de 15 stations. Sur un panneau en bois, prot\u00e9g\u00e9 par une plaque de verre, est fix\u00e9e la reconstruction d'un fragment de fresque qui se pr\u00e9sente comme d\u00e9tachement de la couche picturale obtenu par le travail artisanal manuel du sable et du pl\u00e2tre. Dimensions du panneau cm 27 x 23. Sur demande seront envoy\u00e9es des photographies de toutes les stations","breadcrumb":{"@id":"https:\/\/www.gruppoliturgico.com\/fr\/produit\/chemin-de-croix-21\/#breadcrumb"},"inLanguage":"fr-FR","potentialAction":[{"@type":"ReadAction","target":["https:\/\/www.gruppoliturgico.com\/fr\/produit\/chemin-de-croix-21\/"]}]},{"@type":"BreadcrumbList","@id":"https:\/\/www.gruppoliturgico.com\/fr\/produit\/chemin-de-croix-21\/#breadcrumb","itemListElement":[{"@type":"ListItem","position":1,"name":"Home","item":"https:\/\/www.gruppoliturgico.com\/fr\/"},{"@type":"ListItem","position":2,"name":"Boutique","item":"https:\/\/www.gruppoliturgico.com\/fr\/boutique\/"},{"@type":"ListItem","position":3,"name":"chemin de croix"}]},{"@type":"WebSite","@id":"https:\/\/www.gruppoliturgico.com\/es\/#website","url":"https:\/\/www.gruppoliturgico.com\/es\/","name":"Laboratorio Gruppo Liturgico","description":"Articoli Religiosi online","publisher":{"@id":"https:\/\/www.gruppoliturgico.com\/es\/#organization"},"potentialAction":[{"@type":"SearchAction","target":{"@type":"EntryPoint","urlTemplate":"https:\/\/www.gruppoliturgico.com\/es\/?s={search_term_string}"},"query-input":"required name=search_term_string"}],"inLanguage":"fr-FR"},{"@type":"Organization","@id":"https:\/\/www.gruppoliturgico.com\/es\/#organization","name":"Laboratorio Gruppo Liturgico","url":"https:\/\/www.gruppoliturgico.com\/es\/","logo":{"@type":"ImageObject","inLanguage":"fr-FR","@id":"https:\/\/www.gruppoliturgico.com\/es\/#\/schema\/logo\/image\/","url":"https:\/\/www.gruppoliturgico.com\/wp-content\/uploads\/2022\/02\/logo-laboratoriogruppoliturgico.png","contentUrl":"https:\/\/www.gruppoliturgico.com\/wp-content\/uploads\/2022\/02\/logo-laboratoriogruppoliturgico.png","width":400,"height":114,"caption":"Laboratorio Gruppo Liturgico"},"image":{"@id":"https:\/\/www.gruppoliturgico.com\/es\/#\/schema\/logo\/image\/"}}]}},"_links":{"self":[{"href":"https:\/\/www.gruppoliturgico.com\/fr\/wp-json\/wp\/v2\/product\/65554"}],"collection":[{"href":"https:\/\/www.gruppoliturgico.com\/fr\/wp-json\/wp\/v2\/product"}],"about":[{"href":"https:\/\/www.gruppoliturgico.com\/fr\/wp-json\/wp\/v2\/types\/product"}],"wp:featuredmedia":[{"embeddable":true,"href":"https:\/\/www.gruppoliturgico.com\/fr\/wp-json\/wp\/v2\/media\/124739"}],"wp:attachment":[{"href":"https:\/\/www.gruppoliturgico.com\/fr\/wp-json\/wp\/v2\/media?parent=65554"}],"wp:term":[{"taxonomy":"product_cat","embeddable":true,"href":"https:\/\/www.gruppoliturgico.com\/fr\/wp-json\/wp\/v2\/product_cat?post=65554"},{"taxonomy":"product_tag","embeddable":true,"href":"https:\/\/www.gruppoliturgico.com\/fr\/wp-json\/wp\/v2\/product_tag?post=65554"}],"curies":[{"name":"wp","href":"https:\/\/api.w.org\/{rel}","templated":true}]}}